{"id":951,"date":"2021-11-04T22:16:13","date_gmt":"2021-11-05T01:16:13","guid":{"rendered":"http:\/\/wisenergy.com.br\/?page_id=951"},"modified":"2021-11-04T23:02:08","modified_gmt":"2021-11-05T02:02:08","slug":"roberto-carlos-goncalves-de-oliveira-2","status":"publish","type":"page","link":"https:\/\/wisenergy.com.br\/pt_br\/roberto-carlos-goncalves-de-oliveira-2\/","title":{"rendered":"Roberto Carlos G. de Oliveira"},"content":{"rendered":"\n<p>Roberto Carlos tem 35 anos de experi\u00eancia na Ind\u00fastria de Petr\u00f3leo, G\u00e1s &amp; Energia, trabalhando no Centro de Pesquisa da Petrobras (CENPES), onde desenvolveu forte conhecimento nas \u00e1reas de garantia de escoamento, separa\u00e7\u00e3o e tratamento de fluidos (\u00e1gua, petr\u00f3leo e g\u00e1s natural).<\/p>\n\n\n\n<p><br>Sua forma\u00e7\u00e3o acad\u00eamica envolve gradua\u00e7\u00e3o em engenharia qu\u00edmica (UERJ, 1984), mestrado (COPPE\/UFRJ, 1988) e doutorado (COPPE\/UFRJ, 20030) em engenharia de materiais e metal\u00fargica, MBA em gest\u00e3o de P&amp;D (UNICAMP, 2004), e v\u00e1rios cursos de extens\u00e3o no Brasil e no exterior, incluindo treinamento avan\u00e7ado em nanotecnologia no Particle Engineering Research Center (PERC) da University of Florida (EUA).<br><\/p>\n\n\n\n<p>Apresentou cerca de 40 trabalhos em congressos internacionais, incluindo a Offshore Technology Conference (Houston), Rio Oil and Gas Expo and Conference (Brasil), Society of Petroleum Engineer Subsea Forum (It\u00e1lia) e SPE International Conference (Canad\u00e1).<\/p>\n","protected":false},"excerpt":{"rendered":"<p>Roberto Carlos tem 35 anos de experi\u00eancia na Ind\u00fastria de Petr\u00f3leo, G\u00e1s &amp; Energia, trabalhando no Centro de Pesquisa da Petrobras (CENPES), onde desenvolveu forte conhecimento nas \u00e1reas de garantia de escoamento, separa\u00e7\u00e3o e tratamento de fluidos (\u00e1gua, petr\u00f3leo e g\u00e1s natural)&#8230;.<\/p>\n","protected":false},"author":16,"featured_media":935,"parent":0,"menu_order":0,"comment_status":"closed","ping_status":"closed","template":"","meta":{"om_disable_all_campaigns":false,"_monsterinsights_skip_tracking":false,"_monsterinsights_sitenote_active":false,"_monsterinsights_sitenote_note":"","_monsterinsights_sitenote_category":0,"footnotes":"","_links_to":"","_links_to_target":""},"aioseo_notices":[],"_links":{"self":[{"href":"https:\/\/wisenergy.com.br\/pt_br\/wp-json\/wp\/v2\/pages\/951"}],"collection":[{"href":"https:\/\/wisenergy.com.br\/pt_br\/wp-json\/wp\/v2\/pages"}],"about":[{"href":"https:\/\/wisenergy.com.br\/pt_br\/wp-json\/wp\/v2\/types\/page"}],"author":[{"embeddable":true,"href":"https:\/\/wisenergy.com.br\/pt_br\/wp-json\/wp\/v2\/users\/16"}],"replies":[{"embeddable":true,"href":"https:\/\/wisenergy.com.br\/pt_br\/wp-json\/wp\/v2\/comments?post=951"}],"version-history":[{"count":2,"href":"https:\/\/wisenergy.com.br\/pt_br\/wp-json\/wp\/v2\/pages\/951\/revisions"}],"predecessor-version":[{"id":957,"href":"https:\/\/wisenergy.com.br\/pt_br\/wp-json\/wp\/v2\/pages\/951\/revisions\/957"}],"wp:featuredmedia":[{"embeddable":true,"href":"https:\/\/wisenergy.com.br\/pt_br\/wp-json\/wp\/v2\/media\/935"}],"wp:attachment":[{"href":"https:\/\/wisenergy.com.br\/pt_br\/wp-json\/wp\/v2\/media?parent=951"}],"curies":[{"name":"wp","href":"https:\/\/api.w.org\/{rel}","templated":true}]}}