{"id":949,"date":"2021-11-04T22:15:00","date_gmt":"2021-11-05T01:15:00","guid":{"rendered":"http:\/\/wisenergy.com.br\/?page_id=949"},"modified":"2021-11-04T22:15:02","modified_gmt":"2021-11-05T01:15:02","slug":"marco-antonio-haikal-leite","status":"publish","type":"page","link":"https:\/\/wisenergy.com.br\/pt_br\/marco-antonio-haikal-leite\/","title":{"rendered":"Marco Antonio Haikal Leite"},"content":{"rendered":"\n<p>Possui gradua\u00e7\u00e3o em Engenharia Mec\u00e2nica (UFRJ, 1980), mestrado em Engenharia Mec\u00e2nica (COPPE-UFRJ, 2008), doutorado em Engenharia Mec\u00e2nica (COPPE-UFRJ, em sandu\u00edche com a Universidade T\u00e9cnica de Delft, Holanda, 2014), MBA pela Funda\u00e7\u00e3o Get\u00falio Vargas \u2013 RJ (1998). Trabalhou no Centro de Pesquisas e Desenvolvimento Leopoldo Miguez de Mello \u2013 CENPES da PETROBRAS de 1987 a 2017, onde foi Gerente de El\u00e9trica e Utilidades e posteriormente pesquisador e Consultor S\u00eanior das Ger\u00eancias de G\u00e1s e Energia, Energias Renov\u00e1veis, de Biocombust\u00edveis e de Efici\u00eancia Energ\u00e9tica, atuando principalmente nos temas cogera\u00e7\u00e3o e gera\u00e7\u00e3o distribu\u00edda, gera\u00e7\u00e3o termel\u00e9trica e ciclos t\u00e9rmicos, energia e\u00f3lica, energia solar t\u00e9rmica e fotovoltaica, energia da biomassa, combust\u00e3o e gaseifica\u00e7\u00e3o, simula\u00e7\u00e3o e fluidodin\u00e2mica computacional.<\/p>\n\n\n\n<p>Trabalhou como engenheiro mec\u00e2nico na Diretoria de Engenharia Naval da Marinha do Brasil de 1980 a 1987, no projeto e constru\u00e7\u00e3o de sistemas de navios de guerra e de submarinos, com curso de \u201cSubmarine Design\u201d no Ingenieurkontor L\u00fcbeck (IKL) em L\u00fcbeck, Alemanha, em 1985.<\/p>\n\n\n\n<p>Ministrou cursos de forma\u00e7\u00e3o de Engenheiros de Equipamentos da Universidade PETROBRAS de 2000 a 2016, Foi professor de Engenharia Mec\u00e2nica da Associa\u00e7\u00e3o Universit\u00e1ria Santa \u00darsula (2006); do Curso de P\u00f3s-gradua\u00e7\u00e3o Lato Sensu da UERJ de Engenharia Energ\u00e9tica (2018, 2019 e 2020); dos Cursos de P\u00f3s-gradua\u00e7\u00e3o Lato Sensu da PUC-Rio de Engenharia Solar Fotovoltaica, de Gera\u00e7\u00e3o de Energia e MBE Energia (2020 e 2021). \u00c9 autor de duas patentes.<\/p>\n\n\n\n<p>Atualmente \u00e9 Pesquisador do Instituto de Energia da PUC-Rio em projeto de pesquisa de Energia Solar Fotovoltaica.<\/p>\n","protected":false},"excerpt":{"rendered":"<p>Possui gradua\u00e7\u00e3o em Engenharia Mec\u00e2nica (UFRJ, 1980), mestrado em Engenharia Mec\u00e2nica (COPPE-UFRJ, 2008), doutorado em Engenharia Mec\u00e2nica (COPPE-UFRJ, em sandu\u00edche com a Universidade T\u00e9cnica de Delft, Holanda, 2014), MBA pela Funda\u00e7\u00e3o Get\u00falio Vargas \u2013 RJ (1998). Trabalhou no Centro de Pesquisas e&#8230;<\/p>\n","protected":false},"author":16,"featured_media":938,"parent":0,"menu_order":0,"comment_status":"closed","ping_status":"closed","template":"","meta":{"om_disable_all_campaigns":false,"_monsterinsights_skip_tracking":false,"_monsterinsights_sitenote_active":false,"_monsterinsights_sitenote_note":"","_monsterinsights_sitenote_category":0,"footnotes":"","_links_to":"","_links_to_target":""},"aioseo_notices":[],"_links":{"self":[{"href":"https:\/\/wisenergy.com.br\/pt_br\/wp-json\/wp\/v2\/pages\/949"}],"collection":[{"href":"https:\/\/wisenergy.com.br\/pt_br\/wp-json\/wp\/v2\/pages"}],"about":[{"href":"https:\/\/wisenergy.com.br\/pt_br\/wp-json\/wp\/v2\/types\/page"}],"author":[{"embeddable":true,"href":"https:\/\/wisenergy.com.br\/pt_br\/wp-json\/wp\/v2\/users\/16"}],"replies":[{"embeddable":true,"href":"https:\/\/wisenergy.com.br\/pt_br\/wp-json\/wp\/v2\/comments?post=949"}],"version-history":[{"count":1,"href":"https:\/\/wisenergy.com.br\/pt_br\/wp-json\/wp\/v2\/pages\/949\/revisions"}],"predecessor-version":[{"id":950,"href":"https:\/\/wisenergy.com.br\/pt_br\/wp-json\/wp\/v2\/pages\/949\/revisions\/950"}],"wp:featuredmedia":[{"embeddable":true,"href":"https:\/\/wisenergy.com.br\/pt_br\/wp-json\/wp\/v2\/media\/938"}],"wp:attachment":[{"href":"https:\/\/wisenergy.com.br\/pt_br\/wp-json\/wp\/v2\/media?parent=949"}],"curies":[{"name":"wp","href":"https:\/\/api.w.org\/{rel}","templated":true}]}}