{"id":942,"date":"2021-11-04T21:51:55","date_gmt":"2021-11-05T00:51:55","guid":{"rendered":"http:\/\/wisenergy.com.br\/?page_id=942"},"modified":"2023-11-20T16:30:10","modified_gmt":"2023-11-20T19:30:10","slug":"aquecimento-global-e-mudancas-climaticas","status":"publish","type":"page","link":"https:\/\/wisenergy.com.br\/pt_br\/aquecimento-global-e-mudancas-climaticas\/","title":{"rendered":"AQUECIMENTO GLOBAL E MUDAN\u00c7AS CLIM\u00c1TICAS"},"content":{"rendered":"\n<div class=\"wp-block-columns is-layout-flex wp-container-core-columns-is-layout-1 wp-block-columns-is-layout-flex\">\n<div class=\"wp-block-column is-layout-flow wp-block-column-is-layout-flow\" style=\"flex-basis:65%\">\n<p><strong>\u00c1rea do Conhecimento: <\/strong>Meio Ambiente<\/p>\n\n\n\n<p><strong>Professor: <\/strong>Gustavo Torres Moure, M. Sc.<\/p>\n\n\n\n<p><strong>N\u00edvel:<\/strong> Introdut\u00f3rio<\/p>\n\n\n\n<p><strong>Requisito B\u00e1sico: <\/strong>N\u00e3o requerido<\/p>\n<\/div>\n\n\n\n<div class=\"wp-block-column has-white-background-color has-text-color has-background is-layout-flow wp-block-column-is-layout-flow\" style=\"color:#0f5c93;flex-basis:35%\">\n<figure class=\"wp-block-table is-style-stripes\"><table><tbody><tr><td><strong>Dura\u00e7\u00e3o: <\/strong><\/td><td><strong>8 horas<\/strong><\/td><\/tr><tr><td><\/td><td><\/td><\/tr><tr><td><strong>Promo\u00e7\u00e3o de lan\u00e7amento: <\/strong><\/td><td><strong>R$ 6 x 198,00<\/strong><\/td><\/tr><\/tbody><\/table><\/figure>\n\n\n\n<div class=\"wp-block-buttons is-horizontal is-content-justification-center is-layout-flex wp-container-core-buttons-is-layout-1 wp-block-buttons-is-layout-flex\">\n<div class=\"wp-block-button has-custom-width wp-block-button__width-75 is-style-fill\"><a class=\"wp-block-button__link has-background wp-element-button\" href=\"https:\/\/go.hotmart.com\/Y69022665F\" style=\"background-color:#f7941d\">Inscreva-se<\/a><\/div>\n<\/div>\n<\/div>\n<\/div>\n\n\n\n<div style=\"height:40px\" aria-hidden=\"true\" class=\"wp-block-spacer\"><\/div>\n\n\n\n<p class=\"has-white-color has-text-color has-background\" style=\"background-color:#00b6b5\"><strong>OBJETIVO<\/strong><\/p>\n\n\n\n<p>Transmitir ao aluno conhecimentos sobre aquecimento global e mudan\u00e7as clim\u00e1ticas, tanto no aspecto t\u00e9cnico como nos aspectos de neg\u00f3cios e institucional. O curso discute quais as rotas para o sequestro de carbono e o impacto das mudan\u00e7as no futuro da humanidade.<\/p>\n\n\n\n<div style=\"height:40px\" aria-hidden=\"true\" class=\"wp-block-spacer\"><\/div>\n\n\n\n<p class=\"has-white-color has-text-color has-background\" style=\"background-color:#00b6b5\"><strong>PUBLICO-ALVO<\/strong><\/p>\n\n\n\n<p>O curso \u00e9 destinado a advogados, administradores de empresas, contadores, engenheiros, ge\u00f3logos e outros profissionais que desejem adquirir sobre aquecimento global e mudan\u00e7as clim\u00e1ticas<\/p>\n\n\n\n<div style=\"height:40px\" aria-hidden=\"true\" class=\"wp-block-spacer\"><\/div>\n\n\n\n<p class=\"has-white-color has-text-color has-background\" style=\"background-color:#00b6b5\"><strong>EMENTA<\/strong><\/p>\n\n\n\n<div class=\"wp-block-columns is-layout-flex wp-container-core-columns-is-layout-2 wp-block-columns-is-layout-flex\">\n<div class=\"wp-block-column is-layout-flow wp-block-column-is-layout-flow\" style=\"flex-basis:66.66%\">\n<p>\u2981 Introdu\u00e7\u00e3o \u00e0 ci\u00eancia das mudan\u00e7as clim\u00e1ticas<br>\u2981 Fontes de gases de efeito estufa<br>\u2981 Impactos das mudan\u00e7as clim\u00e1ticas<br>\u2981 Hist\u00f3ria do aquecimento global e o Acordo de Paris<br>\u2981 Op\u00e7\u00f5es tecnol\u00f3gicas de redu\u00e7\u00e3o das emiss\u00f5es de gases de efeito estufa<br>\u2981 Captura de CO2<br>\u2981 Armazenamento geol\u00f3gico de CO2<br>\u2981 Outras op\u00e7\u00f5es para armazenamento de CO2<br>\u2981 Utiliza\u00e7\u00e3o de CO2<br>\u2981 Custos e potencial econ\u00f4mico do sequestro de CO2<br>\u2981 Introdu\u00e7\u00e3o \u00e0 adapta\u00e7\u00e3o \u00e0s mudan\u00e7as clim\u00e1ticas<\/p>\n<\/div>\n\n\n\n<div class=\"wp-block-column is-layout-flow wp-block-column-is-layout-flow\" style=\"flex-basis:33.33%\">\n<figure class=\"wp-block-image size-large\"><img loading=\"lazy\" decoding=\"async\" width=\"1024\" height=\"576\" src=\"https:\/\/wisenergy.com.br\/wp-content\/uploads\/2021\/11\/Mudancas-climaticas-1024x576.png\" alt=\"\" class=\"wp-image-1064\" srcset=\"https:\/\/wisenergy.com.br\/wp-content\/uploads\/2021\/11\/Mudancas-climaticas-1024x576.png 1024w, https:\/\/wisenergy.com.br\/wp-content\/uploads\/2021\/11\/Mudancas-climaticas-300x169.png 300w, https:\/\/wisenergy.com.br\/wp-content\/uploads\/2021\/11\/Mudancas-climaticas-768x432.png 768w, https:\/\/wisenergy.com.br\/wp-content\/uploads\/2021\/11\/Mudancas-climaticas-1536x864.png 1536w, https:\/\/wisenergy.com.br\/wp-content\/uploads\/2021\/11\/Mudancas-climaticas.png 1920w\" sizes=\"(max-width: 1024px) 100vw, 1024px\" \/><\/figure>\n<\/div>\n<\/div>\n\n\n\n<div style=\"height:40px\" aria-hidden=\"true\" class=\"wp-block-spacer\"><\/div>\n\n\n\n<p class=\"has-white-color has-text-color has-background\" style=\"background-color:#00b6b5\"><strong>CERTIFICADO<\/strong><\/p>\n\n\n\n<p>Certificado emitido na conclus\u00e3o do curso.<\/p>\n\n\n\n<div style=\"height:40px\" aria-hidden=\"true\" class=\"wp-block-spacer\"><\/div>\n\n\n\n<p class=\"has-white-color has-text-color has-background\" style=\"background-color:#00b6b5\">PROFESSOR<\/p>\n\n\n\n<div class=\"wp-block-columns is-layout-flex wp-container-core-columns-is-layout-3 wp-block-columns-is-layout-flex\">\n<div class=\"wp-block-column is-layout-flow wp-block-column-is-layout-flow\" style=\"flex-basis:33.33%\">\n<figure class=\"wp-block-image size-full\"><img decoding=\"async\" src=\"http:\/\/wisenergy.com.br\/wp-content\/uploads\/2021\/11\/Professor_GustavoMoure.jpg\" alt=\"\" class=\"wp-image-944\"\/><figcaption class=\"wp-element-caption\">Gustavo Torres Moure, M. Sc.<\/figcaption><\/figure>\n<\/div>\n\n\n\n<div class=\"wp-block-column is-layout-flow wp-block-column-is-layout-flow\" style=\"flex-basis:66.66%\">\n<p>Gustavo Torres Moure \u00e9 engenheiro qu\u00edmico com mestrado em Cat\u00e1lise Heterog\u00eanea pela USP e MBA pela Funda\u00e7\u00e3o Get\u00falio Vargas. Em 1984, foi contratado pela Petrobras para atuar na \u00e1rea de Catalisadores no Centro de Pesquisas da Petrobras, onde exerceu cargos de gest\u00e3o de P&amp;D. A partir de 2000, tem atuado na Petrobras na \u00e1rea de tecnologias para mitiga\u00e7\u00e3o de mudan\u00e7as clim\u00e1ticas, tendo sido nomeado Consultor T\u00e9cnico. Ap\u00f3s 35 anos nessa empresa, em setembro de 2020 Gustavo deixou a companhia, mas continua atuar na \u00e1rea de mudan\u00e7as clim\u00e1ticas, intelig\u00eancia competitiva e inova\u00e7\u00e3o aberta.<\/p>\n<\/div>\n<\/div>\n","protected":false},"excerpt":{"rendered":"<p>\u00c1rea do Conhecimento: Meio Ambiente Professor: Gustavo Torres Moure, M. Sc. N\u00edvel: Introdut\u00f3rio Requisito B\u00e1sico: N\u00e3o requerido Dura\u00e7\u00e3o: 8 horas Promo\u00e7\u00e3o de lan\u00e7amento: R$ 6 x 198,00 OBJETIVO Transmitir ao aluno conhecimentos sobre aquecimento global e mudan\u00e7as clim\u00e1ticas, tanto no aspecto t\u00e9cnico&#8230;<\/p>\n","protected":false},"author":16,"featured_media":1091,"parent":0,"menu_order":0,"comment_status":"closed","ping_status":"closed","template":"","meta":{"om_disable_all_campaigns":false,"_monsterinsights_skip_tracking":false,"_monsterinsights_sitenote_active":false,"_monsterinsights_sitenote_note":"","_monsterinsights_sitenote_category":0,"footnotes":"","_links_to":"","_links_to_target":""},"aioseo_notices":[],"_links":{"self":[{"href":"https:\/\/wisenergy.com.br\/pt_br\/wp-json\/wp\/v2\/pages\/942"}],"collection":[{"href":"https:\/\/wisenergy.com.br\/pt_br\/wp-json\/wp\/v2\/pages"}],"about":[{"href":"https:\/\/wisenergy.com.br\/pt_br\/wp-json\/wp\/v2\/types\/page"}],"author":[{"embeddable":true,"href":"https:\/\/wisenergy.com.br\/pt_br\/wp-json\/wp\/v2\/users\/16"}],"replies":[{"embeddable":true,"href":"https:\/\/wisenergy.com.br\/pt_br\/wp-json\/wp\/v2\/comments?post=942"}],"version-history":[{"count":8,"href":"https:\/\/wisenergy.com.br\/pt_br\/wp-json\/wp\/v2\/pages\/942\/revisions"}],"predecessor-version":[{"id":10158,"href":"https:\/\/wisenergy.com.br\/pt_br\/wp-json\/wp\/v2\/pages\/942\/revisions\/10158"}],"wp:featuredmedia":[{"embeddable":true,"href":"https:\/\/wisenergy.com.br\/pt_br\/wp-json\/wp\/v2\/media\/1091"}],"wp:attachment":[{"href":"https:\/\/wisenergy.com.br\/pt_br\/wp-json\/wp\/v2\/media?parent=942"}],"curies":[{"name":"wp","href":"https:\/\/api.w.org\/{rel}","templated":true}]}}