{"id":937,"date":"2021-11-04T21:41:29","date_gmt":"2021-11-05T00:41:29","guid":{"rendered":"http:\/\/wisenergy.com.br\/?page_id=937"},"modified":"2022-12-14T19:17:35","modified_gmt":"2022-12-14T22:17:35","slug":"visao-sistemica-de-energias-renovaveis","status":"publish","type":"page","link":"https:\/\/wisenergy.com.br\/pt_br\/visao-sistemica-de-energias-renovaveis\/","title":{"rendered":"VIS\u00c3O SIST\u00caMICA DE ENERGIAS RENOV\u00c1VEIS"},"content":{"rendered":"\n<div class=\"wp-block-columns is-layout-flex wp-container-core-columns-is-layout-1 wp-block-columns-is-layout-flex\">\n<div class=\"wp-block-column is-layout-flow wp-block-column-is-layout-flow\" style=\"flex-basis:65%\">\n<p><strong>\u00c1rea do Conhecimento: <\/strong>Energias Renov\u00e1veis<\/p>\n\n\n\n<p><strong>Professor: <\/strong>Marco Antonio Haikal Leite, Ph.D.<\/p>\n\n\n\n<p><strong>N\u00edvel:<\/strong> Introdut\u00f3rio<\/p>\n\n\n\n<p><strong>Requisito B\u00e1sico: <\/strong>N\u00e3o requerido<\/p>\n<\/div>\n\n\n\n<div class=\"wp-block-column has-white-background-color has-text-color has-background is-layout-flow wp-block-column-is-layout-flow\" style=\"color:#0f5c93;flex-basis:35%\">\n<figure class=\"wp-block-table is-style-stripes\"><table><tbody><tr><td><strong>Dura\u00e7\u00e3o: <\/strong><\/td><td><strong>12 horas<\/strong><\/td><\/tr><tr><td><strong> <\/strong><\/td><td><\/td><\/tr><tr><td><strong>Promo\u00e7\u00e3o de lan\u00e7amento: <\/strong><\/td><td><strong>R$ 780,00<\/strong><\/td><\/tr><\/tbody><\/table><\/figure>\n\n\n\n<div class=\"wp-block-buttons is-horizontal is-content-justification-center is-layout-flex wp-container-core-buttons-is-layout-1 wp-block-buttons-is-layout-flex\">\n<div class=\"wp-block-button has-custom-width wp-block-button__width-75 is-style-fill\"><a class=\"wp-block-button__link has-luminous-vivid-orange-background-color has-background wp-element-button\">Em breve<\/a><\/div>\n<\/div>\n<\/div>\n<\/div>\n\n\n\n<div style=\"height:40px\" aria-hidden=\"true\" class=\"wp-block-spacer\"><\/div>\n\n\n\n<p class=\"has-white-color has-text-color has-background\" style=\"background-color:#00b6b5\"><strong>OBJETIVO<\/strong><\/p>\n\n\n\n<p>Proporcionar ao aluno uma vis\u00e3o abrangente sobre energias renov\u00e1veis com foco em energia solar, e\u00f3lica e biomassa. A abordagem principal reside nas caracter\u00edsticas de engenharia e nos riscos do empreendimento.<\/p>\n\n\n\n<div style=\"height:40px\" aria-hidden=\"true\" class=\"wp-block-spacer\"><\/div>\n\n\n\n<p class=\"has-white-color has-text-color has-background\" style=\"background-color:#00b6b5\"><strong>PUBLICO-ALVO<\/strong><\/p>\n\n\n\n<p>O curso \u00e9 destinado a engenheiros, ge\u00f3logos, administradores, economistas e demais profissionais que estejam trabalhando ou desejem trabalhar na ind\u00fastria de energia.<\/p>\n\n\n\n<div style=\"height:40px\" aria-hidden=\"true\" class=\"wp-block-spacer\"><\/div>\n\n\n\n<p class=\"has-white-color has-text-color has-background\" style=\"background-color:#00b6b5\"><strong>EMENTA<\/strong><\/p>\n\n\n\n<div class=\"wp-block-columns is-layout-flex wp-container-core-columns-is-layout-2 wp-block-columns-is-layout-flex\">\n<div class=\"wp-block-column is-layout-flow wp-block-column-is-layout-flow\" style=\"flex-basis:66.66%\">\n<p>\u2981 Introdu\u00e7\u00e3o<br>    \u2981 Energias Renov\u00e1veis no Brasil<br>    \u2981 Energias Renov\u00e1veis no Mundo<br>    \u2981 Perspectivas Futuras<br>\u2981 Sistemas de Gera\u00e7\u00e3o Fotovoltaica<br>    \u2981 Introdu\u00e7\u00e3o<br>    \u2981 Recurso Solar<br>    \u2981 Panorama da Energia Solar Fotovoltaica<br>    \u2981 Sistemas Fotovoltaicos<br>    \u2981 C\u00e9lulas e M\u00f3dulos Fotovoltaicos<br>    \u2981 Armazenamento<br>    \u2981 Sistemas Flutuantes<br>    \u2981 Riscos dos Empreendimentos em Energia Solar Fotovoltaica<br>\u2981 Sistemas de Gera\u00e7\u00e3o Solar T\u00e9rmica<br>    \u2981 Introdu\u00e7\u00e3o<br>    \u2981 Sistemas de Gera\u00e7\u00e3o Solar T\u00e9rmica<br>    \u2981 Sistemas de Cilindro Parab\u00f3lico<br>    \u2981 Sistemas Lineares Fresnel<br>    \u2981 Sistemas de Torre Central<br>    \u2981 Sistemas de Disco Parab\u00f3lico<br>    \u2981 Exemplos de Usinas Solares T\u00e9rmicas<br>    \u2981 Riscos dos Empreendimentos em Energia Solar Fotovoltaica<br>\u2981 Sistemas de Gera\u00e7\u00e3o E\u00f3lica<br>    \u2981 Introdu\u00e7\u00e3o<br>    \u2981 Potencial E\u00f3lico<br>    \u2981 Panorama da Energia E\u00f3lica<br>    \u2981 Classifica\u00e7\u00e3o das Turbinas E\u00f3licas de Grande Porte<br>    \u2981 Principais Componentes de uma Turbina E\u00f3lica<br>    \u2981 Sistemas Offshore<br>    \u2981 Riscos dos Empreendimentos em Energia E\u00f3lica<\/p>\n\n\n\n<p>\u2981 Sistemas de Gera\u00e7\u00e3o a partir de Biomassa (3 horas)<br>    \u2981 Introdu\u00e7\u00e3o<br>    \u2981 Tipos de Biomassa<br>    \u2981 Ciclo T\u00e9rmico e Cogera\u00e7\u00e3o<br>    \u2981 Principais Tecnologias<br>    \u2981 Combust\u00e3o de S\u00f3lidos em Grelhas<br>    \u2981 Combust\u00e3o em Leito Fluidizado<br>    \u2981 Gaseifica\u00e7\u00e3o<br>    \u2981 Exemplos de Usinas<br>\u2981 Riscos dos Empreendimentos em Energia de Biomassa<\/p>\n<\/div>\n\n\n\n<div class=\"wp-block-column is-layout-flow wp-block-column-is-layout-flow\" style=\"flex-basis:33.33%\"><\/div>\n<\/div>\n\n\n\n<div style=\"height:40px\" aria-hidden=\"true\" class=\"wp-block-spacer\"><\/div>\n\n\n\n<p class=\"has-white-color has-text-color has-background\" style=\"background-color:#00b6b5\"><strong>CERTIFICADO<\/strong><\/p>\n\n\n\n<p>Certificado emitido na conclus\u00e3o do curso.<\/p>\n\n\n\n<div style=\"height:40px\" aria-hidden=\"true\" class=\"wp-block-spacer\"><\/div>\n\n\n\n<p class=\"has-white-color has-text-color has-background\" style=\"background-color:#00b6b5\">PROFESSOR<\/p>\n\n\n\n<div class=\"wp-block-columns is-layout-flex wp-container-core-columns-is-layout-3 wp-block-columns-is-layout-flex\">\n<div class=\"wp-block-column is-layout-flow wp-block-column-is-layout-flow\" style=\"flex-basis:33.33%\">\n<figure class=\"wp-block-image size-full\"><img decoding=\"async\" src=\"http:\/\/wisenergy.com.br\/wp-content\/uploads\/2021\/11\/Professor_MarcoLeite.jpg\" alt=\"\" class=\"wp-image-938\"\/><figcaption class=\"wp-element-caption\">Marco Antonio Haikal Leite, Ph.D.<\/figcaption><\/figure>\n<\/div>\n\n\n\n<div class=\"wp-block-column is-layout-flow wp-block-column-is-layout-flow\" style=\"flex-basis:66.66%\">\n<p>Possui gradua\u00e7\u00e3o em Engenharia Mec\u00e2nica (UFRJ, 1980), mestrado em Engenharia Mec\u00e2nica (COPPE-UFRJ, 2008), doutorado em Engenharia Mec\u00e2nica (COPPE-UFRJ, em sandu\u00edche com a Universidade T\u00e9cnica de Delft, Holanda, 2014), MBA pela Funda\u00e7\u00e3o Get\u00falio Vargas \u2013 RJ (1998). Trabalhou no Centro de Pesquisas e Desenvolvimento Leopoldo Miguez de Mello \u2013 CENPES da PETROBRAS de 1987 a 2017, onde foi Gerente de El\u00e9trica e Utilidades e posteriormente pesquisador e Consultor S\u00eanior das Ger\u00eancias de G\u00e1s e Energia, Energias Renov\u00e1veis, de Biocombust\u00edveis e de Efici\u00eancia Energ\u00e9tica, atuando principalmente nos temas cogera\u00e7\u00e3o e gera\u00e7\u00e3o distribu\u00edda, gera\u00e7\u00e3o termel\u00e9trica e ciclos t\u00e9rmicos, energia e\u00f3lica, energia solar t\u00e9rmica e fotovoltaica, energia da biomassa, combust\u00e3o e gaseifica\u00e7\u00e3o, simula\u00e7\u00e3o e fluidodin\u00e2mica computacional.<\/p>\n\n\n\n<p>Trabalhou como engenheiro mec\u00e2nico na Diretoria de Engenharia Naval da Marinha do Brasil de 1980 a 1987, no projeto e constru\u00e7\u00e3o de sistemas de navios de guerra e de submarinos, com curso de \u201cSubmarine Design\u201d no Ingenieurkontor L\u00fcbeck (IKL) em L\u00fcbeck, Alemanha, em 1985.<\/p>\n\n\n\n<p>Ministrou cursos de forma\u00e7\u00e3o de Engenheiros de Equipamentos da Universidade PETROBRAS de 2000 a 2016, Foi professor de Engenharia Mec\u00e2nica da Associa\u00e7\u00e3o Universit\u00e1ria Santa \u00darsula (2006); do Curso de P\u00f3s-gradua\u00e7\u00e3o Lato Sensu da UERJ de Engenharia Energ\u00e9tica (2018, 2019 e 2020); dos Cursos de P\u00f3s-gradua\u00e7\u00e3o Lato Sensu da PUC-Rio de Engenharia Solar Fotovoltaica, de Gera\u00e7\u00e3o de Energia e MBE Energia (2020 e 2021). \u00c9 autor de duas patentes.<\/p>\n\n\n\n<p>Atualmente \u00e9 Pesquisador do Instituto de Energia da PUC-Rio em projeto de pesquisa de Energia Solar Fotovoltaica.<\/p>\n<\/div>\n<\/div>\n","protected":false},"excerpt":{"rendered":"<p>\u00c1rea do Conhecimento: Energias Renov\u00e1veis Professor: Marco Antonio Haikal Leite, Ph.D. N\u00edvel: Introdut\u00f3rio Requisito B\u00e1sico: N\u00e3o requerido Dura\u00e7\u00e3o: 12 horas Promo\u00e7\u00e3o de lan\u00e7amento: R$ 780,00 OBJETIVO Proporcionar ao aluno uma vis\u00e3o abrangente sobre energias renov\u00e1veis com foco em energia solar, e\u00f3lica e&#8230;<\/p>\n","protected":false},"author":16,"featured_media":1092,"parent":0,"menu_order":0,"comment_status":"closed","ping_status":"closed","template":"","meta":{"om_disable_all_campaigns":false,"_monsterinsights_skip_tracking":false,"_monsterinsights_sitenote_active":false,"_monsterinsights_sitenote_note":"","_monsterinsights_sitenote_category":0,"footnotes":"","_links_to":"","_links_to_target":""},"aioseo_notices":[],"_links":{"self":[{"href":"https:\/\/wisenergy.com.br\/pt_br\/wp-json\/wp\/v2\/pages\/937"}],"collection":[{"href":"https:\/\/wisenergy.com.br\/pt_br\/wp-json\/wp\/v2\/pages"}],"about":[{"href":"https:\/\/wisenergy.com.br\/pt_br\/wp-json\/wp\/v2\/types\/page"}],"author":[{"embeddable":true,"href":"https:\/\/wisenergy.com.br\/pt_br\/wp-json\/wp\/v2\/users\/16"}],"replies":[{"embeddable":true,"href":"https:\/\/wisenergy.com.br\/pt_br\/wp-json\/wp\/v2\/comments?post=937"}],"version-history":[{"count":5,"href":"https:\/\/wisenergy.com.br\/pt_br\/wp-json\/wp\/v2\/pages\/937\/revisions"}],"predecessor-version":[{"id":10120,"href":"https:\/\/wisenergy.com.br\/pt_br\/wp-json\/wp\/v2\/pages\/937\/revisions\/10120"}],"wp:featuredmedia":[{"embeddable":true,"href":"https:\/\/wisenergy.com.br\/pt_br\/wp-json\/wp\/v2\/media\/1092"}],"wp:attachment":[{"href":"https:\/\/wisenergy.com.br\/pt_br\/wp-json\/wp\/v2\/media?parent=937"}],"curies":[{"name":"wp","href":"https:\/\/api.w.org\/{rel}","templated":true}]}}