{"id":934,"date":"2021-11-04T21:20:56","date_gmt":"2021-11-05T00:20:56","guid":{"rendered":"http:\/\/wisenergy.com.br\/?page_id=934"},"modified":"2023-08-24T14:00:45","modified_gmt":"2023-08-24T17:00:45","slug":"garantia-de-escoamento","status":"publish","type":"page","link":"https:\/\/wisenergy.com.br\/pt_br\/garantia-de-escoamento\/","title":{"rendered":"Garantia de Escoamento"},"content":{"rendered":"\n<div class=\"wp-block-columns is-layout-flex wp-container-core-columns-is-layout-1 wp-block-columns-is-layout-flex\">\n<div class=\"wp-block-column is-layout-flow wp-block-column-is-layout-flow\" style=\"flex-basis:65%\">\n<p><strong>\u00c1rea do Conhecimento: <\/strong>Engenharia de Produ\u00e7\u00e3o de Petr\u00f3leo<\/p>\n\n\n\n<p><strong>Professor: <\/strong>Roberto Carlos Gon\u00e7alves de Oliveira<\/p>\n\n\n\n<p><strong>N\u00edvel:<\/strong> Introdut\u00f3rio<\/p>\n\n\n\n<p><strong>Requisito B\u00e1sico: <\/strong>N\u00e3o requerido<\/p>\n<\/div>\n\n\n\n<div class=\"wp-block-column has-white-background-color has-text-color has-background is-layout-flow wp-block-column-is-layout-flow\" style=\"color:#0f5c93;flex-basis:35%\">\n<figure class=\"wp-block-table is-style-stripes\"><table><tbody><tr><td><strong>Dura\u00e7\u00e3o: <\/strong><\/td><td class=\"has-text-align-center\" data-align=\"center\"><strong>6 horas<\/strong><\/td><\/tr><tr><td><\/td><td class=\"has-text-align-center\" data-align=\"center\"><\/td><\/tr><tr><td><strong>Investimento: <\/strong><\/td><td class=\"has-text-align-center\" data-align=\"center\">6x<br><strong>R$ 189,00<\/strong><\/td><\/tr><\/tbody><\/table><\/figure>\n\n\n\n<div class=\"wp-block-buttons is-horizontal is-content-justification-center is-layout-flex wp-container-core-buttons-is-layout-1 wp-block-buttons-is-layout-flex\">\n<div class=\"wp-block-button has-custom-width wp-block-button__width-75 is-style-fill\"><a class=\"wp-block-button__link has-luminous-vivid-orange-background-color has-background wp-element-button\" href=\"https:\/\/go.hotmart.com\/I66437811G\" target=\"_blank\" rel=\"noreferrer noopener\">Quero me Inscrever<\/a><\/div>\n<\/div>\n<\/div>\n<\/div>\n\n\n\n<div style=\"height:40px\" aria-hidden=\"true\" class=\"wp-block-spacer\"><\/div>\n\n\n\n<p class=\"has-white-color has-text-color has-background\" style=\"background-color:#00b6b5\"><strong>OBJETIVO<\/strong><\/p>\n\n\n\n<p>Transmitir conhecimentos b\u00e1sicos sobre os problemas de garantia de escoamento e de forma\u00e7\u00e3o de dep\u00f3sitos em facilidades e equipamentos durante a produ\u00e7\u00e3o e o processamento de petr\u00f3leo e g\u00e1s natural em terra e no mar. Esse curso permitir\u00e1 aos profissionais respons\u00e1veis pelo acompanhamento e opera\u00e7\u00e3o de sistemas de produ\u00e7\u00e3o uma vis\u00e3o clara dos riscos associados e dos procedimentos operacionais capazes de prevenir ou remediar os problemas de forma\u00e7\u00e3o de dep\u00f3sitos e de garantia de escoamento (emuls\u00f5es viscosas, hidratos, parafinas, asfaltenos, naftenatos e incrusta\u00e7\u00f5es salinas).<\/p>\n\n\n\n<div style=\"height:40px\" aria-hidden=\"true\" class=\"wp-block-spacer\"><\/div>\n\n\n\n<p class=\"has-white-color has-text-color has-background\" style=\"background-color:#00b6b5\"><strong>PUBLICO-ALVO<\/strong><\/p>\n\n\n\n<p>O curso \u00e9 destinado a engenheiros, qu\u00edmicos, t\u00e9cnicos em geral, e profissionais de qualquer \u00e1rea que desejem adquirir conhecimento sobre os mecanismos de forma\u00e7\u00e3o, combate e mitiga\u00e7\u00e3o da forma\u00e7\u00e3o de dep\u00f3sitos e obstru\u00e7\u00e3o de linhas e equipamentos durante o processo de produ\u00e7\u00e3o de petr\u00f3leo e g\u00e1s natural.<\/p>\n\n\n\n<div style=\"height:40px\" aria-hidden=\"true\" class=\"wp-block-spacer\"><\/div>\n\n\n\n<p class=\"has-white-color has-text-color has-background\" style=\"background-color:#00b6b5\"><strong>EMENTA<\/strong><\/p>\n\n\n\n<div class=\"wp-block-columns is-layout-flex wp-container-core-columns-is-layout-2 wp-block-columns-is-layout-flex\">\n<div class=\"wp-block-column is-layout-flow wp-block-column-is-layout-flow\" style=\"flex-basis:66.66%\">\n<p>\u2981 <strong>Aspectos Gerais<\/strong><br>    \u2981 Composi\u00e7\u00e3o dos fluidos produzidos (salmoura, petr\u00f3leo e do g\u00e1s natural)<br>\u2981 <strong>Emuls\u00f5es<\/strong><br>    \u2981 Fundamentos te\u00f3ricos sobre emuls\u00f5es e reologia associada<br>\u2981 <strong>Hidratos<\/strong><br>    \u2981 Fundamentos te\u00f3ricos sobre forma\u00e7\u00e3o de hidratos, cin\u00e9tica e problemas associados<br>    \u2981 Estrat\u00e9gia e m\u00e9todos de preven\u00e7\u00e3o<br>    \u2981 M\u00e9todos de dissocia\u00e7\u00e3o de plugue de hidrato<br>\u2981 <strong>Parafinas<\/strong><br>    \u2981 Fundamentos te\u00f3ricos sobre deposi\u00e7\u00e3o de parafinas<br>    \u2981 M\u00e9todos de preven\u00e7\u00e3o da deposi\u00e7\u00e3o de parafinas<br>    \u2981 M\u00e9todos de remo\u00e7\u00e3o de dep\u00f3sitos paraf\u00ednicos<br>\u2981 <strong>Asfaltenos<\/strong><br>    \u2981 Fundamentos te\u00f3ricos sobre precipita\u00e7\u00e3o de asfaltenos<br>    \u2981 M\u00e9todos de preven\u00e7\u00e3o e de remo\u00e7\u00e3o de dep\u00f3sitos asfalt\u00eanicos<br>\u2981 <strong>Naftenatos<\/strong><br>    \u2981 Fundamentos te\u00f3ricos sobre \u00e1cidos naft\u00eanicos e forma\u00e7\u00e3o de naftenatos<br>    \u2981 Ocorr\u00eancias de deposi\u00e7\u00e3o de naftenatos na produ\u00e7\u00e3o de petr\u00f3leo<br>    \u2981 M\u00e9todos de preven\u00e7\u00e3o e mitiga\u00e7\u00e3o da forma\u00e7\u00e3o de naftenatos. Estudo de caso.<br>\u2981 <strong>Incrusta\u00e7\u00f5es salinas<\/strong><br>    \u2981 Fundamentos te\u00f3ricos sobre incrusta\u00e7\u00f5es salinas na produ\u00e7\u00e3o de petr\u00f3leo<br>    \u2981 Causas, ocorr\u00eancias e problemas operacionais<br>    \u2981 M\u00e9todos de preven\u00e7\u00e3o da incrusta\u00e7\u00e3o<br>    \u2981 Inibidores de incrusta\u00e7\u00e3o de dosagem cont\u00ednua ou por squeeze<br>    \u2981 Unidade de Remo\u00e7\u00e3o de Sulfato (URS)<br>    \u2981 T\u00e9cnicas alternativas (magnetismo e ultrassom)<br>    \u2981 M\u00e9todo qu\u00edmico de remo\u00e7\u00e3o de incrusta\u00e7\u00e3o salina<\/p>\n<\/div>\n\n\n\n<div class=\"wp-block-column is-layout-flow wp-block-column-is-layout-flow\" style=\"flex-basis:33.33%\">\n<figure class=\"wp-block-image size-full\"><img loading=\"lazy\" decoding=\"async\" width=\"395\" height=\"265\" src=\"http:\/\/wisenergy.com.br\/wp-content\/uploads\/2021\/11\/GarantiaEscoamento.jpg\" alt=\"\" class=\"wp-image-1058\" srcset=\"https:\/\/wisenergy.com.br\/wp-content\/uploads\/2021\/11\/GarantiaEscoamento.jpg 395w, https:\/\/wisenergy.com.br\/wp-content\/uploads\/2021\/11\/GarantiaEscoamento-300x201.jpg 300w\" sizes=\"(max-width: 395px) 100vw, 395px\" \/><\/figure>\n<\/div>\n<\/div>\n\n\n\n<div style=\"height:40px\" aria-hidden=\"true\" class=\"wp-block-spacer\"><\/div>\n\n\n\n<p class=\"has-white-color has-text-color has-background\" style=\"background-color:#00b6b5\"><strong>CERTIFICADO<\/strong><\/p>\n\n\n\n<p>Certificado emitido na conclus\u00e3o do curso.<\/p>\n\n\n\n<div style=\"height:40px\" aria-hidden=\"true\" class=\"wp-block-spacer\"><\/div>\n\n\n\n<p class=\"has-white-color has-text-color has-background\" style=\"background-color:#00b6b5\">PROFESSOR<\/p>\n\n\n\n<div class=\"wp-block-columns is-layout-flex wp-container-core-columns-is-layout-3 wp-block-columns-is-layout-flex\">\n<div class=\"wp-block-column is-layout-flow wp-block-column-is-layout-flow\" style=\"flex-basis:33.33%\">\n<figure class=\"wp-block-image size-full\"><img loading=\"lazy\" decoding=\"async\" width=\"480\" height=\"339\" src=\"http:\/\/wisenergy.com.br\/wp-content\/uploads\/2021\/11\/Professor_RobertoOliveira.jpg\" alt=\"\" class=\"wp-image-935\" srcset=\"https:\/\/wisenergy.com.br\/wp-content\/uploads\/2021\/11\/Professor_RobertoOliveira.jpg 480w, https:\/\/wisenergy.com.br\/wp-content\/uploads\/2021\/11\/Professor_RobertoOliveira-300x212.jpg 300w\" sizes=\"(max-width: 480px) 100vw, 480px\" \/><figcaption class=\"wp-element-caption\">Roberto Carlos Gon\u00e7alves de Oliveira<\/figcaption><\/figure>\n<\/div>\n\n\n\n<div class=\"wp-block-column is-layout-flow wp-block-column-is-layout-flow\" style=\"flex-basis:66.66%\">\n<p>Roberto Carlos tem 35 anos de experi\u00eancia na Ind\u00fastria de Petr\u00f3leo, G\u00e1s &amp; Energia, trabalhando no Centro de Pesquisa da Petrobras (CENPES), onde desenvolveu forte conhecimento nas \u00e1reas de garantia de escoamento, separa\u00e7\u00e3o e tratamento de fluidos (\u00e1gua, petr\u00f3leo e g\u00e1s natural).<\/p>\n\n\n\n<p><br>Sua forma\u00e7\u00e3o acad\u00eamica envolve gradua\u00e7\u00e3o em engenharia qu\u00edmica (UERJ, 1984), mestrado (COPPE\/UFRJ, 1988) e doutorado (COPPE\/UFRJ, 20030) em engenharia de materiais e metal\u00fargica, MBA em gest\u00e3o de P&amp;D (UNICAMP, 2004), e v\u00e1rios cursos de extens\u00e3o no Brasil e no exterior, incluindo treinamento avan\u00e7ado em nanotecnologia no Particle Engineering Research Center (PERC) da University of Florida (EUA).<\/p>\n\n\n\n<p><br>Apresentou cerca de 40 trabalhos em congressos internacionais, incluindo a Offshore Technology Conference (Houston), Rio Oil and Gas Expo and Conference (Brasil), Society of Petroleum Engineer Subsea Forum (It\u00e1lia) e SPE International Conference (Canad\u00e1).<\/p>\n<\/div>\n<\/div>\n","protected":false},"excerpt":{"rendered":"<p>\u00c1rea do Conhecimento: Engenharia de Produ\u00e7\u00e3o de Petr\u00f3leo Professor: Roberto Carlos Gon\u00e7alves de Oliveira N\u00edvel: Introdut\u00f3rio Requisito B\u00e1sico: N\u00e3o requerido Dura\u00e7\u00e3o: 6 horas Investimento: 6xR$ 189,00 OBJETIVO Transmitir conhecimentos b\u00e1sicos sobre os problemas de garantia de escoamento e de forma\u00e7\u00e3o de dep\u00f3sitos&#8230;<\/p>\n","protected":false},"author":16,"featured_media":1058,"parent":0,"menu_order":0,"comment_status":"closed","ping_status":"closed","template":"","meta":{"om_disable_all_campaigns":false,"_monsterinsights_skip_tracking":false,"_monsterinsights_sitenote_active":false,"_monsterinsights_sitenote_note":"","_monsterinsights_sitenote_category":0,"footnotes":"","_links_to":"","_links_to_target":""},"aioseo_notices":[],"_links":{"self":[{"href":"https:\/\/wisenergy.com.br\/pt_br\/wp-json\/wp\/v2\/pages\/934"}],"collection":[{"href":"https:\/\/wisenergy.com.br\/pt_br\/wp-json\/wp\/v2\/pages"}],"about":[{"href":"https:\/\/wisenergy.com.br\/pt_br\/wp-json\/wp\/v2\/types\/page"}],"author":[{"embeddable":true,"href":"https:\/\/wisenergy.com.br\/pt_br\/wp-json\/wp\/v2\/users\/16"}],"replies":[{"embeddable":true,"href":"https:\/\/wisenergy.com.br\/pt_br\/wp-json\/wp\/v2\/comments?post=934"}],"version-history":[{"count":14,"href":"https:\/\/wisenergy.com.br\/pt_br\/wp-json\/wp\/v2\/pages\/934\/revisions"}],"predecessor-version":[{"id":10142,"href":"https:\/\/wisenergy.com.br\/pt_br\/wp-json\/wp\/v2\/pages\/934\/revisions\/10142"}],"wp:featuredmedia":[{"embeddable":true,"href":"https:\/\/wisenergy.com.br\/pt_br\/wp-json\/wp\/v2\/media\/1058"}],"wp:attachment":[{"href":"https:\/\/wisenergy.com.br\/pt_br\/wp-json\/wp\/v2\/media?parent=934"}],"curies":[{"name":"wp","href":"https:\/\/api.w.org\/{rel}","templated":true}]}}