{"id":927,"date":"2021-11-04T20:00:44","date_gmt":"2021-11-04T23:00:44","guid":{"rendered":"http:\/\/wisenergy.com.br\/?page_id=927"},"modified":"2023-08-24T13:51:32","modified_gmt":"2023-08-24T16:51:32","slug":"emissoes-atmosfericas-na-industria-do-petroleo","status":"publish","type":"page","link":"https:\/\/wisenergy.com.br\/pt_br\/emissoes-atmosfericas-na-industria-do-petroleo\/","title":{"rendered":"EMISS\u00d5ES ATMOSF\u00c9RICAS NA IND\u00daSTRIA DO PETR\u00d3LEO"},"content":{"rendered":"\n<div class=\"wp-block-columns is-layout-flex wp-container-core-columns-is-layout-1 wp-block-columns-is-layout-flex\">\n<div class=\"wp-block-column is-layout-flow wp-block-column-is-layout-flow\" style=\"flex-basis:66.66%\">\n<p><strong>\u00c1rea do Conhecimento: <\/strong>Emiss\u00f5es Atmosf\u00e9ricas<\/p>\n\n\n\n<p><strong>Professor: <\/strong>Glenda Rangel Rodrigues, M.Sc<\/p>\n\n\n\n<p><strong>N\u00edvel:<\/strong> Introdut\u00f3rio<\/p>\n\n\n\n<p><strong>Requisito B\u00e1sico: <\/strong>: \u00c9 recomend\u00e1vel, por\u00e9m n\u00e3o obrigat\u00f3rios ter feito o curso de An\u00e1lise dos Diferentes Esquemas de Refino para melhor entendimento das emiss\u00f5es na \u00e1rea de refino<\/p>\n<\/div>\n\n\n\n<div class=\"wp-block-column is-layout-flow wp-block-column-is-layout-flow\" style=\"flex-basis:33.33%\">\n<figure class=\"wp-block-table is-style-stripes\"><table class=\"has-text-color\" style=\"color:#0071a1\"><tbody><tr><td><strong>Dura\u00e7\u00e3o:<\/strong><\/td><td><strong>5 horas<\/strong><\/td><\/tr><tr><td><\/td><td><\/td><\/tr><tr><td><strong>Investimento:<\/strong><\/td><td>6 x de<br><strong>R$ <\/strong>149,00<\/td><\/tr><\/tbody><\/table><\/figure>\n\n\n\n<div class=\"wp-block-buttons is-horizontal is-content-justification-center is-layout-flex wp-container-core-buttons-is-layout-1 wp-block-buttons-is-layout-flex\">\n<div class=\"wp-block-button has-custom-width wp-block-button__width-75 is-style-fill\"><a class=\"wp-block-button__link has-luminous-vivid-orange-background-color has-background wp-element-button\" href=\"https:\/\/go.hotmart.com\/C63145889L\" target=\"_blank\" rel=\"noreferrer noopener\">Inscreva-se<\/a><\/div>\n<\/div>\n<\/div>\n<\/div>\n\n\n\n<p class=\"has-white-color has-text-color has-background\" id=\"block-40c2ef80-be13-4ca8-a388-a9e50795a570\" style=\"background-color:#00b6b5\"><strong>OBJETIVO<\/strong><\/p>\n\n\n\n<p>Transmitir ao aluno conhecimentos b\u00e1sicos sobre polui\u00e7\u00e3o atmosf\u00e9rica que permitam compreender os principais fen\u00f4menos que afetam tanto a qualidade do ar das regi\u00f5es quanto o Clima.<br>O curso tamb\u00e9m discute os impactos do refino de petr\u00f3leo, bem como das plataformas e Explora\u00e7\u00e3o e Produ\u00e7\u00e3o; as principais fontes emissoras, a legisla\u00e7\u00e3o aplic\u00e1vel, e transmite ao aluno as principais formas de mitiga\u00e7\u00e3o e controle.<\/p>\n\n\n\n<div style=\"height:40px\" aria-hidden=\"true\" class=\"wp-block-spacer\"><\/div>\n\n\n\n<p class=\"has-white-color has-text-color has-background\" id=\"block-e8cbbafa-8651-4d3d-880a-93384d78772b\" style=\"background-color:#00b6b5\"><strong>PUBLICO-ALVO<\/strong><\/p>\n\n\n\n<p id=\"block-1238d455-8be2-4875-b3ba-02c653d8dcff\">O curso \u00e9 destinado a engenheiros, administradores, jornalistas, advogados, outros profissionais que desejem adquirir conhecimento para compreender os fen\u00f4menos relacionados a polui\u00e7\u00e3o atmosf\u00e9rica, assim como as principais fontes de emiss\u00f5es no Refino de Petr\u00f3leo e as ferramentas de gest\u00e3o aplic\u00e1vel.<\/p>\n\n\n\n<div style=\"height:40px\" aria-hidden=\"true\" class=\"wp-block-spacer\"><\/div>\n\n\n\n<p class=\"has-white-color has-text-color has-background\" id=\"block-6db3c66c-dc20-48c3-9cc2-f0f784f302eb\" style=\"background-color:#00b6b5\"><strong>EMENTA<\/strong><\/p>\n\n\n\n<div class=\"wp-block-columns is-layout-flex wp-container-core-columns-is-layout-2 wp-block-columns-is-layout-flex\">\n<div class=\"wp-block-column is-layout-flow wp-block-column-is-layout-flow\" style=\"flex-basis:66.66%\">\n<p>\u2981 Contextualiza\u00e7\u00e3o<br>    \u2981 A atmosfera<br>    \u2981 Polui\u00e7\u00e3o Atmosf\u00e9rica<br>\u2981 Impactos da Polui\u00e7\u00e3o Atmosf\u00e9rica<br>    \u2981 Diversos Impactos<br>    \u2981 Efeito Estufa<br>\u2981 Poluentes Atmosf\u00e9ricos<br>    \u2981 Qualidade do Ar \u2013 Poluentes<br>    \u2981 Qualidade do Ar \u2013 Gest\u00e3o<br>    \u2981 Gases de Efeito Estufa<br>\u2981 Industria de Petr\u00f3leo<br>    \u2981 Explora\u00e7\u00e3o e Produ\u00e7\u00e3o<br>    \u2981 Terminais<br>    \u2981 Refino<br>\u2981 Ferramentas de Gest\u00e3o<br>    \u2981 Monitoramento<br>    \u2981 Invent\u00e1rios<br>    \u2981 Modelagem de dispers\u00e3o<br>\u2981 Medidas de Controle de Emiss\u00f5es<br>\u2981 Desafios da Gest\u00e3o de Gases de Efeito Estufa<\/p>\n<\/div>\n\n\n\n<div class=\"wp-block-column is-layout-flow wp-block-column-is-layout-flow\" style=\"flex-basis:33.33%\">\n<figure class=\"wp-block-image size-full\"><img loading=\"lazy\" decoding=\"async\" width=\"1024\" height=\"716\" src=\"https:\/\/wisenergy.com.br\/wp-content\/uploads\/2021\/11\/Emissoes_mini.jpg\" alt=\"\" class=\"wp-image-1093\" srcset=\"https:\/\/wisenergy.com.br\/wp-content\/uploads\/2021\/11\/Emissoes_mini.jpg 1024w, https:\/\/wisenergy.com.br\/wp-content\/uploads\/2021\/11\/Emissoes_mini-300x210.jpg 300w, https:\/\/wisenergy.com.br\/wp-content\/uploads\/2021\/11\/Emissoes_mini-768x537.jpg 768w\" sizes=\"(max-width: 1024px) 100vw, 1024px\" \/><\/figure>\n<\/div>\n<\/div>\n\n\n\n<div style=\"height:40px\" aria-hidden=\"true\" class=\"wp-block-spacer\"><\/div>\n\n\n\n<p class=\"has-white-color has-text-color has-background\" id=\"block-18db9568-9f76-408a-9009-7a7ab831a94c\" style=\"background-color:#00b6b5\"><strong>CERTIFICADO<\/strong><\/p>\n\n\n\n<p id=\"block-e1402e42-8867-416c-b701-012000b8a428\">Certificado emitido na conclus\u00e3o do curso.<\/p>\n\n\n\n<div style=\"height:40px\" aria-hidden=\"true\" class=\"wp-block-spacer\"><\/div>\n\n\n\n<p class=\"has-white-color has-text-color has-background\" id=\"block-788a693b-78c4-43ce-a4be-0e9921da45a4\" style=\"background-color:#00b6b5\">PROFESSOR<\/p>\n\n\n\n<div class=\"wp-block-columns is-layout-flex wp-container-core-columns-is-layout-3 wp-block-columns-is-layout-flex\">\n<div class=\"wp-block-column is-layout-flow wp-block-column-is-layout-flow\" style=\"flex-basis:33.33%\">\n<figure class=\"wp-block-image size-full\" id=\"block-ebb2653c-1c8c-401e-804a-d915656d88e7\"><img decoding=\"async\" src=\"http:\/\/wisenergy.com.br\/wp-content\/uploads\/2021\/11\/Professora_GlendaRangel.jpg\" alt=\"\" class=\"wp-image-932\"\/><figcaption class=\"wp-element-caption\">Glenda Rangel Rodrigues, M. Sc.<\/figcaption><\/figure>\n<\/div>\n\n\n\n<div class=\"wp-block-column is-layout-flow wp-block-column-is-layout-flow\" style=\"flex-basis:66.66%\">\n<p>A professora Glenda Rangel Rodrigues \u00e9 engenheira qu\u00edmica, formada na UFRJ, com especializa\u00e7\u00e3o em processamento de petr\u00f3leo pela Petrobras, MBE p\u00f3s-gradua\u00e7\u00e3o executiva em meio ambiente pela COPPE, mestrado em Gest\u00e3o Ambiental pela UFF. Ingressou na Petrobras em 1987, trabalhando na Refinaria Duque de Caxias por 13 anos, desempenhando fun\u00e7\u00f5es t\u00e9cnicas e gerenciais voltadas para a \u00e1rea de energia, utilidades e tratamento de efluentes.<\/p>\n\n\n\n<p>A partir de 2001, trabalhando na \u00e1rea de Refino da Petrobras, desenvolveu trabalhos na \u00e1rea Energia e Emiss\u00f5es atuando na implementa\u00e7\u00e3o da gest\u00e3o de emiss\u00f5es atmosf\u00e9ricas no segmento, chegando a Consultoria Master em 2013. Atuava tanto com poluentes regulados, focada em qualidade do ar, quanto em descarboniza\u00e7\u00e3o.<\/p>\n\n\n\n<p>Participou como representante do Refino, dos grupos de trabalho de elabora\u00e7\u00e3o das Resolu\u00e7\u00f5es CONAMA que estabeleceram os limites de emiss\u00f5es para fontes fixas e atuou por 20 anos no suporte a opera\u00e7\u00e3o, projetos, licenciamento e planos de gest\u00e3o.<\/p>\n\n\n\n<p>Atualmente, \u00e9 consultora especialista em qualidade do ar e descarboniza\u00e7\u00e3o na Ramboll, empresa de engenharia e consultoria.<\/p>\n<\/div>\n<\/div>\n","protected":false},"excerpt":{"rendered":"<p>\u00c1rea do Conhecimento: Emiss\u00f5es Atmosf\u00e9ricas Professor: Glenda Rangel Rodrigues, M.Sc N\u00edvel: Introdut\u00f3rio Requisito B\u00e1sico: : \u00c9 recomend\u00e1vel, por\u00e9m n\u00e3o obrigat\u00f3rios ter feito o curso de An\u00e1lise dos Diferentes Esquemas de Refino para melhor entendimento das emiss\u00f5es na \u00e1rea de refino Dura\u00e7\u00e3o: 5&#8230;<\/p>\n","protected":false},"author":16,"featured_media":1093,"parent":0,"menu_order":0,"comment_status":"closed","ping_status":"closed","template":"","meta":{"om_disable_all_campaigns":false,"_monsterinsights_skip_tracking":false,"_monsterinsights_sitenote_active":false,"_monsterinsights_sitenote_note":"","_monsterinsights_sitenote_category":0,"footnotes":"","_links_to":"","_links_to_target":""},"aioseo_notices":[],"_links":{"self":[{"href":"https:\/\/wisenergy.com.br\/pt_br\/wp-json\/wp\/v2\/pages\/927"}],"collection":[{"href":"https:\/\/wisenergy.com.br\/pt_br\/wp-json\/wp\/v2\/pages"}],"about":[{"href":"https:\/\/wisenergy.com.br\/pt_br\/wp-json\/wp\/v2\/types\/page"}],"author":[{"embeddable":true,"href":"https:\/\/wisenergy.com.br\/pt_br\/wp-json\/wp\/v2\/users\/16"}],"replies":[{"embeddable":true,"href":"https:\/\/wisenergy.com.br\/pt_br\/wp-json\/wp\/v2\/comments?post=927"}],"version-history":[{"count":9,"href":"https:\/\/wisenergy.com.br\/pt_br\/wp-json\/wp\/v2\/pages\/927\/revisions"}],"predecessor-version":[{"id":10139,"href":"https:\/\/wisenergy.com.br\/pt_br\/wp-json\/wp\/v2\/pages\/927\/revisions\/10139"}],"wp:featuredmedia":[{"embeddable":true,"href":"https:\/\/wisenergy.com.br\/pt_br\/wp-json\/wp\/v2\/media\/1093"}],"wp:attachment":[{"href":"https:\/\/wisenergy.com.br\/pt_br\/wp-json\/wp\/v2\/media?parent=927"}],"curies":[{"name":"wp","href":"https:\/\/api.w.org\/{rel}","templated":true}]}}