{"id":815,"date":"2021-10-24T15:23:57","date_gmt":"2021-10-24T18:23:57","guid":{"rendered":"http:\/\/wisenergy.com.br\/?page_id=815"},"modified":"2023-08-24T13:54:05","modified_gmt":"2023-08-24T16:54:05","slug":"fundamentos-de-energia-eolica","status":"publish","type":"page","link":"https:\/\/wisenergy.com.br\/pt_br\/fundamentos-de-energia-eolica\/","title":{"rendered":"FUNDAMENTOS DE ENERGIA E\u00d3LICA"},"content":{"rendered":"\n<div class=\"wp-block-columns is-layout-flex wp-container-core-columns-is-layout-1 wp-block-columns-is-layout-flex\">\n<div class=\"wp-block-column is-layout-flow wp-block-column-is-layout-flow\" style=\"flex-basis:65%\">\n<p><strong>\u00c1rea do Conhecimento: <\/strong>Energias Renov\u00e1veis<\/p>\n\n\n\n<p><strong>Professor: <\/strong> Ezequiel Costa Malateaux da Silva, M.Sc <\/p>\n\n\n\n<p><strong>N\u00edvel:<\/strong> Introdut\u00f3rio<\/p>\n\n\n\n<p><strong>Requisito B\u00e1sico: <\/strong>N\u00e3o requerido<\/p>\n<\/div>\n\n\n\n<div class=\"wp-block-column has-white-background-color has-text-color has-background is-layout-flow wp-block-column-is-layout-flow\" style=\"color:#0f5c93;flex-basis:35%\">\n<figure class=\"wp-block-table is-style-stripes\"><table><tbody><tr><td><strong>Dura\u00e7\u00e3o: <\/strong><\/td><td><strong>3 horas<\/strong><\/td><\/tr><tr><td><\/td><td><\/td><\/tr><tr><td><strong>Investimento: <\/strong><\/td><td><strong>6x de R$ 90,00<\/strong><\/td><\/tr><\/tbody><\/table><\/figure>\n\n\n\n<div class=\"wp-block-buttons is-layout-flex wp-block-buttons-is-layout-flex\">\n<div class=\"wp-block-button has-custom-width wp-block-button__width-75 is-style-fill\"><a class=\"wp-block-button__link has-luminous-vivid-orange-background-color has-background wp-element-button\" href=\"https:\/\/go.hotmart.com\/J69023203E\" target=\"_blank\" rel=\"noreferrer noopener\">Inscreva-se<\/a><\/div>\n<\/div>\n<\/div>\n<\/div>\n\n\n\n<p class=\"has-white-color has-text-color has-background\" style=\"background-color:#00b6b5\"><strong>OBJETIVO<\/strong><\/p>\n\n\n\n<p>Transmitir conhecimentos sobre: a evolu\u00e7\u00e3o da gera\u00e7\u00e3o e\u00f3lica no Brasil e no mundo; os diversos fatores que influenciam o vento; fundamentos sobre medi\u00e7\u00e3o anemom\u00e9trica; modelos e componentes de aerogeradores; procedimentos para estimar a gera\u00e7\u00e3o de energia por fonte e\u00f3lica e compara\u00e7\u00e3o entre a gera\u00e7\u00e3o e\u00f3lica onshore e offshore.<\/p>\n\n\n\n<div style=\"height:40px\" aria-hidden=\"true\" class=\"wp-block-spacer\"><\/div>\n\n\n\n<p class=\"has-white-color has-text-color has-background\" style=\"background-color:#00b6b5\"><strong>PUBLICO-ALVO<\/strong><\/p>\n\n\n\n<p>O curso \u00e9 destinado a engenheiros e profissionais que desejam ingressar no setor de gera\u00e7\u00e3o e\u00f3lica ou aprofundar seus conhecimentos sobre tal forma de gera\u00e7\u00e3o de energia.<\/p>\n\n\n\n<div style=\"height:40px\" aria-hidden=\"true\" class=\"wp-block-spacer\"><\/div>\n\n\n\n<p class=\"has-white-color has-text-color has-background\" style=\"background-color:#00b6b5\"><strong>EMENTA<\/strong><\/p>\n\n\n\n<div class=\"wp-block-columns is-layout-flex wp-container-core-columns-is-layout-2 wp-block-columns-is-layout-flex\">\n<div class=\"wp-block-column is-layout-flow wp-block-column-is-layout-flow\" style=\"flex-basis:66.66%\">\n<p>\u2981 Hist\u00f3rico e evolu\u00e7\u00e3o no mundo;<\/p>\n\n\n\n<p>\u2981 Vento: potencial e\u00f3lico, efeitos do terreno, da estabilidade e da altura;<\/p>\n\n\n\n<p>\u2981 Energia E\u00f3lica no Brasil: passado, presente e futuro;<\/p>\n\n\n\n<p>\u2981 Variabilidade e distribui\u00e7\u00e3o de probabilidade do vento;<\/p>\n\n\n\n<p>\u2981 Medi\u00e7\u00e3o anemom\u00e9trica: torres, LiDARs e requisitos;<\/p>\n\n\n\n<p>\u2981 Modelos de aerogeradores;<\/p>\n\n\n\n<p>\u2981 Aerogeradores comerciais \u2013 Parte I: elementos, controle e impactos ambientais;<\/p>\n\n\n\n<p>\u2981 Aerogeradores comerciais \u2013 Parte II: c\u00e1lculo da gera\u00e7\u00e3o de energia e curva de pot\u00eancia;<\/p>\n\n\n\n<p>\u2981 Gera\u00e7\u00e3o E\u00f3lica Offshore: evolu\u00e7\u00e3o e diferen\u00e7as com rela\u00e7\u00e3o \u00e0 gera\u00e7\u00e3o e\u00f3lica onshore.<\/p>\n<\/div>\n\n\n\n<div class=\"wp-block-column is-layout-flow wp-block-column-is-layout-flow\" style=\"flex-basis:33.33%\">\n<figure class=\"wp-block-image size-full\"><img loading=\"lazy\" decoding=\"async\" width=\"1024\" height=\"716\" src=\"http:\/\/wisenergy.com.br\/wp-content\/uploads\/2021\/11\/eolica0.jpg\" alt=\"\" class=\"wp-image-922\" srcset=\"https:\/\/wisenergy.com.br\/wp-content\/uploads\/2021\/11\/eolica0.jpg 1024w, https:\/\/wisenergy.com.br\/wp-content\/uploads\/2021\/11\/eolica0-300x210.jpg 300w, https:\/\/wisenergy.com.br\/wp-content\/uploads\/2021\/11\/eolica0-768x537.jpg 768w\" sizes=\"(max-width: 1024px) 100vw, 1024px\" \/><\/figure>\n<\/div>\n<\/div>\n\n\n\n<div style=\"height:40px\" aria-hidden=\"true\" class=\"wp-block-spacer\"><\/div>\n\n\n\n<p class=\"has-white-color has-text-color has-background\" style=\"background-color:#00b6b5\"><strong>CERTIFICADO<\/strong><\/p>\n\n\n\n<p>Certificado emitido na conclus\u00e3o do curso.<\/p>\n\n\n\n<div style=\"height:40px\" aria-hidden=\"true\" class=\"wp-block-spacer\"><\/div>\n\n\n\n<p class=\"has-white-color has-text-color has-background\" style=\"background-color:#00b6b5\">PROFESSOR<\/p>\n\n\n\n<div class=\"wp-block-columns is-layout-flex wp-container-core-columns-is-layout-3 wp-block-columns-is-layout-flex\">\n<div class=\"wp-block-column is-layout-flow wp-block-column-is-layout-flow\" style=\"flex-basis:33.33%\">\n<figure class=\"wp-block-image size-full\"><img loading=\"lazy\" decoding=\"async\" width=\"384\" height=\"270\" src=\"http:\/\/wisenergy.com.br\/wp-content\/uploads\/2021\/10\/Professor_EzequieldaSilva.jpg\" alt=\"\" class=\"wp-image-808\" srcset=\"https:\/\/wisenergy.com.br\/wp-content\/uploads\/2021\/10\/Professor_EzequieldaSilva.jpg 384w, https:\/\/wisenergy.com.br\/wp-content\/uploads\/2021\/10\/Professor_EzequieldaSilva-300x211.jpg 300w\" sizes=\"(max-width: 384px) 100vw, 384px\" \/><figcaption class=\"wp-element-caption\">Ezequiel Costa Malateaux da Silva, M.Sc<\/figcaption><\/figure>\n<\/div>\n\n\n\n<div class=\"wp-block-column is-layout-flow wp-block-column-is-layout-flow\" style=\"flex-basis:66.66%\">\n<p>Ezequiel Costa Malateaux da Silva \u00e9 Engenheiro Mec\u00e2nico, formado pela<br>Universidade Estadual de Campinas (2012), com duplo diploma pela \u00c9cole Centrale de Lille (Fran\u00e7a). Possui Mestrado em Engenharia Mec\u00e2nica na \u00e1rea de T\u00e9rmica e Fluidos pela Universidade Estadual de Campinas (2013) e \u00e9 doutorando em Engenharia Mec\u00e2nica pela Universidade Federal do Rio de Janeiro. Trabalha desde 2014 com projetos de pesquisa e desenvolvimento na \u00e1rea de gera\u00e7\u00e3o de energia el\u00e9trica na PETROBRAS, com foco na gera\u00e7\u00e3o e\u00f3lica, tendo participado inclusive de projetos de P&amp;D no tema de gera\u00e7\u00e3o e\u00f3lica offshore.<\/p>\n<\/div>\n<\/div>\n","protected":false},"excerpt":{"rendered":"<p>\u00c1rea do Conhecimento: Energias Renov\u00e1veis Professor: Ezequiel Costa Malateaux da Silva, M.Sc N\u00edvel: Introdut\u00f3rio Requisito B\u00e1sico: N\u00e3o requerido Dura\u00e7\u00e3o: 3 horas Investimento: 6x de R$ 90,00 OBJETIVO Transmitir conhecimentos sobre: a evolu\u00e7\u00e3o da gera\u00e7\u00e3o e\u00f3lica no Brasil e no mundo; os diversos&#8230;<\/p>\n","protected":false},"author":16,"featured_media":922,"parent":0,"menu_order":0,"comment_status":"closed","ping_status":"closed","template":"","meta":{"om_disable_all_campaigns":false,"_monsterinsights_skip_tracking":false,"_monsterinsights_sitenote_active":false,"_monsterinsights_sitenote_note":"","_monsterinsights_sitenote_category":0,"footnotes":"","_links_to":"","_links_to_target":""},"aioseo_notices":[],"_links":{"self":[{"href":"https:\/\/wisenergy.com.br\/pt_br\/wp-json\/wp\/v2\/pages\/815"}],"collection":[{"href":"https:\/\/wisenergy.com.br\/pt_br\/wp-json\/wp\/v2\/pages"}],"about":[{"href":"https:\/\/wisenergy.com.br\/pt_br\/wp-json\/wp\/v2\/types\/page"}],"author":[{"embeddable":true,"href":"https:\/\/wisenergy.com.br\/pt_br\/wp-json\/wp\/v2\/users\/16"}],"replies":[{"embeddable":true,"href":"https:\/\/wisenergy.com.br\/pt_br\/wp-json\/wp\/v2\/comments?post=815"}],"version-history":[{"count":11,"href":"https:\/\/wisenergy.com.br\/pt_br\/wp-json\/wp\/v2\/pages\/815\/revisions"}],"predecessor-version":[{"id":10140,"href":"https:\/\/wisenergy.com.br\/pt_br\/wp-json\/wp\/v2\/pages\/815\/revisions\/10140"}],"wp:featuredmedia":[{"embeddable":true,"href":"https:\/\/wisenergy.com.br\/pt_br\/wp-json\/wp\/v2\/media\/922"}],"wp:attachment":[{"href":"https:\/\/wisenergy.com.br\/pt_br\/wp-json\/wp\/v2\/media?parent=815"}],"curies":[{"name":"wp","href":"https:\/\/api.w.org\/{rel}","templated":true}]}}