{"id":807,"date":"2021-10-24T14:48:17","date_gmt":"2021-10-24T17:48:17","guid":{"rendered":"http:\/\/wisenergy.com.br\/?page_id=807"},"modified":"2021-11-12T23:26:48","modified_gmt":"2021-11-13T02:26:48","slug":"ezequiel-costa-malateaux-da-silva","status":"publish","type":"page","link":"https:\/\/wisenergy.com.br\/pt_br\/ezequiel-costa-malateaux-da-silva\/","title":{"rendered":"Ezequiel C. Malateaux da Silva"},"content":{"rendered":"\n<p>Ezequiel Costa Malateaux da Silva \u00e9 Engenheiro Mec\u00e2nico, formado pela<br>Universidade Estadual de Campinas (2012), com duplo diploma pela \u00c9cole Centrale<br>de Lille (Fran\u00e7a). Possui Mestrado em Engenharia Mec\u00e2nica na \u00e1rea de T\u00e9rmica e<br>Fluidos pela Universidade Estadual de Campinas (2013) e \u00e9 doutorando em<br>Engenharia Mec\u00e2nica pela Universidade Federal do Rio de Janeiro. Trabalha desde<br>2014 com projetos de pesquisa e desenvolvimento na \u00e1rea de gera\u00e7\u00e3o de energia<br>el\u00e9trica na PETROBRAS, com foco na gera\u00e7\u00e3o e\u00f3lica, tendo participado inclusive de<br>projetos de P&amp;D no tema de gera\u00e7\u00e3o e\u00f3lica offshore.<\/p>\n","protected":false},"excerpt":{"rendered":"<p>Ezequiel Costa Malateaux da Silva \u00e9 Engenheiro Mec\u00e2nico, formado pelaUniversidade Estadual de Campinas (2012), com duplo diploma pela \u00c9cole Centralede Lille (Fran\u00e7a). Possui Mestrado em Engenharia Mec\u00e2nica na \u00e1rea de T\u00e9rmica eFluidos pela Universidade Estadual de Campinas (2013) e \u00e9 doutorando emEngenharia&#8230;<\/p>\n","protected":false},"author":16,"featured_media":808,"parent":0,"menu_order":0,"comment_status":"closed","ping_status":"closed","template":"","meta":{"om_disable_all_campaigns":false,"_monsterinsights_skip_tracking":false,"_monsterinsights_sitenote_active":false,"_monsterinsights_sitenote_note":"","_monsterinsights_sitenote_category":0,"footnotes":"","_links_to":"","_links_to_target":""},"aioseo_notices":[],"_links":{"self":[{"href":"https:\/\/wisenergy.com.br\/pt_br\/wp-json\/wp\/v2\/pages\/807"}],"collection":[{"href":"https:\/\/wisenergy.com.br\/pt_br\/wp-json\/wp\/v2\/pages"}],"about":[{"href":"https:\/\/wisenergy.com.br\/pt_br\/wp-json\/wp\/v2\/types\/page"}],"author":[{"embeddable":true,"href":"https:\/\/wisenergy.com.br\/pt_br\/wp-json\/wp\/v2\/users\/16"}],"replies":[{"embeddable":true,"href":"https:\/\/wisenergy.com.br\/pt_br\/wp-json\/wp\/v2\/comments?post=807"}],"version-history":[{"count":2,"href":"https:\/\/wisenergy.com.br\/pt_br\/wp-json\/wp\/v2\/pages\/807\/revisions"}],"predecessor-version":[{"id":812,"href":"https:\/\/wisenergy.com.br\/pt_br\/wp-json\/wp\/v2\/pages\/807\/revisions\/812"}],"wp:featuredmedia":[{"embeddable":true,"href":"https:\/\/wisenergy.com.br\/pt_br\/wp-json\/wp\/v2\/media\/808"}],"wp:attachment":[{"href":"https:\/\/wisenergy.com.br\/pt_br\/wp-json\/wp\/v2\/media?parent=807"}],"curies":[{"name":"wp","href":"https:\/\/api.w.org\/{rel}","templated":true}]}}