{"id":6,"date":"2021-07-03T18:59:45","date_gmt":"2021-07-03T21:59:45","guid":{"rendered":"http:\/\/wisenergy.com.br\/?page_id=6"},"modified":"2021-12-05T22:20:27","modified_gmt":"2021-12-06T01:20:27","slug":"quem-somos","status":"publish","type":"page","link":"https:\/\/wisenergy.com.br\/pt_br\/quem-somos\/","title":{"rendered":"Quem Somos"},"content":{"rendered":"\n<p>A WisEnergy \u00e9 a primeira empresa nacional voltada ao ensino em Petr\u00f3leo, G\u00e1s e Energias Renov\u00e1veis, alinhada com uma vis\u00e3o de sustentabilidade e mitiga\u00e7\u00e3o das mudan\u00e7as clim\u00e1ticas.<\/p>\n\n\n\n<p>As imensas vantagens log\u00edsticas e de custo devem prolongar a predomin\u00e2ncia do petr\u00f3leo na matriz energ\u00e9tica mundial, mas a ascens\u00e3o de formas de energia renov\u00e1veis \u00e9 algo definitivo! O petr\u00f3leo e o g\u00e1s continuar\u00e3o por algum tempo, mas caminhar\u00e3o para uma pegada de carbono neutra. As energias renov\u00e1veis est\u00e3o presentes hoje na gera\u00e7\u00e3o de energia el\u00e9trica e no transporte, e ter\u00e3o uma participa\u00e7\u00e3o ainda mais relevante no futuro.<\/p>\n\n\n\n<p>Nossa miss\u00e3o \u00e9 colaborar com o esfor\u00e7o brasileiro na transi\u00e7\u00e3o energ\u00e9tica, disponibilizando uma ampla gama de cursos sobre a Ind\u00fastria de Energia, <strong>contando com os melhores professores do Brasil<\/strong>, todos eles com ampla experi\u00eancia pr\u00e1tica. Nossos cursos podem coloc\u00e1-lo de forma vantajosa no mercado de trabalho, aliando qualidade acad\u00eamica e a vis\u00e3o pr\u00e1tica de quem faz!<\/p>\n\n\n\n<p><\/p>\n\n\n\n<p><\/p>\n\n\n\n<h2 class=\"wp-block-heading\"><strong>Os Fundadores<\/strong><\/h2>\n\n\n\n<div class=\"wp-block-columns is-layout-flex wp-container-core-columns-is-layout-1 wp-block-columns-is-layout-flex\">\n<div class=\"wp-block-column is-layout-flow wp-block-column-is-layout-flow\" style=\"flex-basis:33.33%\">\n<div class=\"wp-block-image is-style-default\"><figure class=\"aligncenter size-full\"><img loading=\"lazy\" decoding=\"async\" width=\"216\" height=\"287\" src=\"http:\/\/wisenergy.com.br\/wp-content\/uploads\/2021\/07\/Fundador-Farid-Shecaira.jpg\" alt=\"Farid Shecaira \u2013 S\u00f3cio-Diretor\" class=\"wp-image-111\"\/><figcaption><span class=\"has-inline-color has-cyan-bluish-gray-color\"><sub>Farid Shecaira \u2013 S\u00f3cio-Diretor<\/sub><\/span><\/figcaption><\/figure><\/div>\n<\/div>\n\n\n\n<div class=\"wp-block-column is-vertically-aligned-top is-layout-flow wp-block-column-is-layout-flow\" style=\"flex-basis:66.66%\">\n<p>Meu nome \u00e9 Farid Shecaira. Sou Engenheiro Civil, com extens\u00e3o em Engenharia de Petr\u00f3leo pela Petrobras, mestre pela Universidade Federal de Ouro Preto e doutor em Engenharia de Petr\u00f3leo pela Universidade do Texas em Austin. Trabalhei no Centro de Pesquisa da Petrobras; na Petrobras Am\u00e9rica em Houston; na \u00e1rea Internacional da Petrobras e no Pr\u00e9-Sal, gerenciando as fases iniciais de desenvolvimento do complexo de Iara. Curso atualmente P\u00f3s-Gradua\u00e7\u00e3o em &nbsp;BI &#8211; Data Science pela PUC-RIO.<\/p>\n\n\n\n<p>Depois de 41 anos trabalhando na \u00e1rea de Explora\u00e7\u00e3o e Produ\u00e7\u00e3o de Petr\u00f3leo e G\u00e1s e em atividades de Pesquisa e Desenvolvimento, quero aprender mais e dividir com voc\u00eas o nosso aprendizado ao longo destes anos todos!<\/p>\n<\/div>\n<\/div>\n\n\n\n<div class=\"wp-block-columns is-layout-flex wp-container-core-columns-is-layout-2 wp-block-columns-is-layout-flex\">\n<div class=\"wp-block-column is-vertically-aligned-top is-layout-flow wp-block-column-is-layout-flow\" style=\"flex-basis:33.33%\">\n<div class=\"wp-block-image\"><figure class=\"aligncenter size-full is-resized\"><img loading=\"lazy\" decoding=\"async\" src=\"http:\/\/wisenergy.com.br\/wp-content\/uploads\/2021\/07\/Fundador-Oscar-Chamberlain.jpg\" alt=\"\" class=\"wp-image-112\" width=\"216\" height=\"287\"\/><figcaption><sub><span class=\"has-inline-color has-cyan-bluish-gray-color\">Oscar Chamberlain &#8211; S\u00f3cio Diretor<\/span><\/sub><\/figcaption><\/figure><\/div>\n<\/div>\n\n\n\n<div class=\"wp-block-column is-vertically-aligned-center is-layout-flow wp-block-column-is-layout-flow\" style=\"flex-basis:66.66%\">\n<p>Meu nome \u00e9 Oscar Chamberlain. Sou Engenheiro Qu\u00edmico pela UFRN. Possuo MBA em Administra\u00e7\u00e3o pela FVG e COPPEAD UFRJ, com forma\u00e7\u00e3o na Advanced Strategic Management pela IMD Laussane (Su\u00ed\u00e7a) e Executive Development Program na KELLOGG &#8211; NorthWestern,<\/p>\n\n\n\n<p>Com mais de 35 anos de experi\u00eancia na Petrobras, recentemente me aventurei na de Ci\u00eancias de Dados, com especializa\u00e7\u00e3o em BI &#8211; Data Science pela PUC-RIO e atuo como S\u00f3cio e consultor da CS Consulting, nas \u00e1reas de petr\u00f3leo e energia, com forte dom\u00ednio em P&amp;D e Implanta\u00e7\u00e3o de Tecnologias. Possuo largos conhecimentos e experi\u00eancia em Petr\u00f3leo e G\u00e1s, Refino, Renov\u00e1veis, Planejamento de Neg\u00f3cios, Gest\u00e3o de Inova\u00e7\u00e3o e Empreendedorismo.<\/p>\n\n\n\n<p>A jornada de sustentabilidade no futuro demanda seguran\u00e7a energ\u00e9tica de forma sustent\u00e1vel, assim estamos juntos nessa jornada de aprendizado e ensino por um futuro melhor profissional para nossos clientes e energia para a sociedade.<\/p>\n<\/div>\n<\/div>\n","protected":false},"excerpt":{"rendered":"<p>A WisEnergy \u00e9 a primeira empresa nacional voltada ao ensino em Petr\u00f3leo, G\u00e1s e Energias Renov\u00e1veis, alinhada com uma vis\u00e3o de sustentabilidade e mitiga\u00e7\u00e3o das mudan\u00e7as clim\u00e1ticas. As imensas vantagens log\u00edsticas e de custo devem prolongar a predomin\u00e2ncia do petr\u00f3leo na matriz&#8230;<\/p>\n","protected":false},"author":16,"featured_media":0,"parent":0,"menu_order":0,"comment_status":"closed","ping_status":"closed","template":"","meta":{"om_disable_all_campaigns":false,"_monsterinsights_skip_tracking":false,"_monsterinsights_sitenote_active":false,"_monsterinsights_sitenote_note":"","_monsterinsights_sitenote_category":0,"footnotes":"","_links_to":"","_links_to_target":""},"aioseo_notices":[],"_links":{"self":[{"href":"https:\/\/wisenergy.com.br\/pt_br\/wp-json\/wp\/v2\/pages\/6"}],"collection":[{"href":"https:\/\/wisenergy.com.br\/pt_br\/wp-json\/wp\/v2\/pages"}],"about":[{"href":"https:\/\/wisenergy.com.br\/pt_br\/wp-json\/wp\/v2\/types\/page"}],"author":[{"embeddable":true,"href":"https:\/\/wisenergy.com.br\/pt_br\/wp-json\/wp\/v2\/users\/16"}],"replies":[{"embeddable":true,"href":"https:\/\/wisenergy.com.br\/pt_br\/wp-json\/wp\/v2\/comments?post=6"}],"version-history":[{"count":19,"href":"https:\/\/wisenergy.com.br\/pt_br\/wp-json\/wp\/v2\/pages\/6\/revisions"}],"predecessor-version":[{"id":1545,"href":"https:\/\/wisenergy.com.br\/pt_br\/wp-json\/wp\/v2\/pages\/6\/revisions\/1545"}],"wp:attachment":[{"href":"https:\/\/wisenergy.com.br\/pt_br\/wp-json\/wp\/v2\/media?parent=6"}],"curies":[{"name":"wp","href":"https:\/\/api.w.org\/{rel}","templated":true}]}}