{"id":558,"date":"2021-09-06T14:52:55","date_gmt":"2021-09-06T17:52:55","guid":{"rendered":"http:\/\/wisenergy.com.br\/?page_id=558"},"modified":"2023-08-30T17:55:50","modified_gmt":"2023-08-30T20:55:50","slug":"propriedades-de-rochas-reservatorio-de-petroleo","status":"publish","type":"page","link":"https:\/\/wisenergy.com.br\/pt_br\/propriedades-de-rochas-reservatorio-de-petroleo\/","title":{"rendered":"Propriedades de Rochas-Reservat\u00f3rio de Petr\u00f3leo"},"content":{"rendered":"\n<div class=\"wp-block-columns is-layout-flex wp-container-core-columns-is-layout-1 wp-block-columns-is-layout-flex\">\n<div class=\"wp-block-column is-layout-flow wp-block-column-is-layout-flow\" style=\"flex-basis:65%\">\n<p><strong>\u00c1rea do Conhecimento: <\/strong>Engenharia de Reservat\u00f3rios<\/p>\n\n\n\n<p><strong>Professor: <\/strong>Farid Shecaira Ph.D<\/p>\n\n\n\n<p><strong>N\u00edvel:<\/strong> Introdut\u00f3rio<\/p>\n\n\n\n<p><strong>Requisito B\u00e1sico: <\/strong>N\u00e3o requerido<\/p>\n<\/div>\n\n\n\n<div class=\"wp-block-column has-white-background-color has-text-color has-background is-layout-flow wp-block-column-is-layout-flow\" style=\"color:#0f5c93;flex-basis:35%\">\n<figure class=\"wp-block-table is-style-stripes\"><table><tbody><tr><td><strong>Dura\u00e7\u00e3o: <\/strong><\/td><td>6<strong> horas<\/strong><\/td><\/tr><tr><td><\/td><td><\/td><\/tr><tr><td><strong>Investimento: <\/strong><\/td><td>6 x de<br><strong>R$ 198,00<\/strong><\/td><\/tr><\/tbody><\/table><\/figure>\n\n\n\n<div class=\"wp-block-buttons is-horizontal is-content-justification-center is-layout-flex wp-container-core-buttons-is-layout-1 wp-block-buttons-is-layout-flex\">\n<div class=\"wp-block-button has-custom-width wp-block-button__width-75 is-style-fill\"><a class=\"wp-block-button__link has-background wp-element-button\" href=\"https:\/\/go.hotmart.com\/M62788072L\" style=\"background-color:#f7941d\">Quero me inscrever<\/a><\/div>\n<\/div>\n<\/div>\n<\/div>\n\n\n\n<p class=\"has-white-color has-text-color has-background\" style=\"background-color:#00b6b5\"><strong>OBJETIVO<\/strong><\/p>\n\n\n\n<p>Transmitir ao aluno os conceitos relativos \u00e0s principais propriedades de rochas-reservat\u00f3rio (tamb\u00e9m chamadas propriedades petrof\u00edsicas). Com a base conceitual adquirida o aluno poder\u00e1 realizar ou participar de estudos de reservat\u00f3rios, utilizando os conceitos de forma correta, diminuindo as incertezas t\u00edpica deste estudos realizados durante as fases de explora\u00e7\u00e3o, desenvolvimento de produ\u00e7\u00e3o e de produ\u00e7\u00e3o de campos de petr\u00f3leo.<\/p>\n\n\n\n<div style=\"height:40px\" aria-hidden=\"true\" class=\"wp-block-spacer\"><\/div>\n\n\n\n<p class=\"has-white-color has-text-color has-background\" style=\"background-color:#00b6b5\"><strong>PUBLICO-ALVO<\/strong><\/p>\n\n\n\n<p>O curso \u00e9 destinado a engenheiros, ge\u00f3logos e tamb\u00e9m aos profissionais da \u00e1reas t\u00e9cnicas que desejem adquirir conhecimento sobre a propriedades petrof\u00edsicas e utiliz\u00e1-lo em estudos de reservat\u00f3rios de petr\u00f3leo.<\/p>\n\n\n\n<div style=\"height:40px\" aria-hidden=\"true\" class=\"wp-block-spacer\"><\/div>\n\n\n\n<p class=\"has-white-color has-text-color has-background\" style=\"background-color:#00b6b5\"><strong>EMENTA<\/strong><\/p>\n\n\n\n<div class=\"wp-block-columns is-layout-flex wp-container-core-columns-is-layout-2 wp-block-columns-is-layout-flex\">\n<div class=\"wp-block-column is-layout-flow wp-block-column-is-layout-flow\" style=\"flex-basis:66.66%\">\n<p>\u2981 O que s\u00e3o reservat\u00f3rios de petr\u00f3leo<br>\u2981 Satura\u00e7\u00e3o<br>\u2981 Porosidade<br>\u2981 Permeabilidade Absoluta<br>\u2981 Press\u00e3o Capilar<br>\u2981 Molhabilidade<br>\u2981 Permeabilidade Relativa<br>\u2981 Compressibilidade do Volume Poroso<br>\u2981 Propriedades el\u00e9tricas de rochas<\/p>\n<\/div>\n\n\n\n<div class=\"wp-block-column is-layout-flow wp-block-column-is-layout-flow\" style=\"flex-basis:33.33%\">\n<figure class=\"wp-block-image size-full\"><img loading=\"lazy\" decoding=\"async\" width=\"851\" height=\"690\" src=\"http:\/\/wisenergy.com.br\/wp-content\/uploads\/2021\/09\/Propriedades_de_Rochas_Reservatorio_de_Petroleo.jpg\" alt=\"\" class=\"wp-image-559\" srcset=\"https:\/\/wisenergy.com.br\/wp-content\/uploads\/2021\/09\/Propriedades_de_Rochas_Reservatorio_de_Petroleo.jpg 851w, https:\/\/wisenergy.com.br\/wp-content\/uploads\/2021\/09\/Propriedades_de_Rochas_Reservatorio_de_Petroleo-300x243.jpg 300w, https:\/\/wisenergy.com.br\/wp-content\/uploads\/2021\/09\/Propriedades_de_Rochas_Reservatorio_de_Petroleo-768x623.jpg 768w\" sizes=\"(max-width: 851px) 100vw, 851px\" \/><\/figure>\n<\/div>\n<\/div>\n\n\n\n<div style=\"height:40px\" aria-hidden=\"true\" class=\"wp-block-spacer\"><\/div>\n\n\n\n<p class=\"has-white-color has-text-color has-background\" style=\"background-color:#00b6b5\"><strong>CERTIFICADO<\/strong><\/p>\n\n\n\n<p>Certificado emitido na conclus\u00e3o do curso.<\/p>\n\n\n\n<div style=\"height:40px\" aria-hidden=\"true\" class=\"wp-block-spacer\"><\/div>\n\n\n\n<p class=\"has-white-color has-text-color has-background\" style=\"background-color:#00b6b5\">PROFESSOR<\/p>\n\n\n\n<div class=\"wp-block-columns is-layout-flex wp-container-core-columns-is-layout-3 wp-block-columns-is-layout-flex\">\n<div class=\"wp-block-column is-layout-flow wp-block-column-is-layout-flow\" style=\"flex-basis:33.33%\">\n<figure class=\"wp-block-image size-full is-resized\"><img loading=\"lazy\" decoding=\"async\" src=\"http:\/\/wisenergy.com.br\/wp-content\/uploads\/2021\/07\/Fundador-Farid-Shecaira.jpg\" alt=\"\" class=\"wp-image-111\" width=\"268\" height=\"356\"\/><figcaption class=\"wp-element-caption\">Farid Shecaira, Ph.D<\/figcaption><\/figure>\n<\/div>\n\n\n\n<div class=\"wp-block-column is-layout-flow wp-block-column-is-layout-flow\" style=\"flex-basis:66.66%\">\n<p>Farid Shecaira \u00e9 Engenheiro de Petr\u00f3leo. Trabalhou na Petrobras de 1980 a 2021. Possui forma\u00e7\u00e3o em Engenharia Civil pela USP (1979), Curso de extens\u00e3o em Engenharia de Petr\u00f3leo pela Petrobras (1981), Mestrado em Engenharia de Petr\u00f3leo pela Universidade Federal de Ouro Preto (1988) e Doutorado em Engenharia de Petr\u00f3leo pela Universidade do Texas em Austin (1998). Cursa atualmente Business Inteligence &#8211; BI &#8211; Data Science pela PUC do Rio de Janeiro.<\/p>\n\n\n\n<p>Na Petrobras ocupou os seguintes cargos: Pesquisador do Centro de Pesquisas da Petrobras (CENPES), Chefe da Divis\u00e3o de Geologia e Engenharia de Reservat\u00f3rios do CENPES; Consultor T\u00e9cnico; Coordenador do Programa de Recupera\u00e7\u00e3o Avan\u00e7ada de &nbsp;Petr\u00f3leo; Gerente de Desenvolvimento da Produ\u00e7\u00e3o da Petrobras Am\u00e9rica; Gerente de Produ\u00e7\u00e3o, Reservas e Reservat\u00f3rios da \u00c1rea Internacional da Petrobras, Gerente dos mega-projetos do Pr\u00e9-Sal Iara e Atapu e Gerente Geral de Pesquisa e Desenvolvimento em Explora\u00e7\u00e3o e Produ\u00e7\u00e3o do CENPES.<\/p>\n\n\n\n<p>Foi professor da P\u00f3s-Gradua\u00e7\u00e3o em Engenharia de Petr\u00f3leo na PUC-Rio (2000-2014). Na Society of Petroleum Engineers, foi Presidente da SPE Se\u00e7\u00e3o Brasil (2012-2014) e diretor desta institui\u00e7\u00e3o em v\u00e1rios mandatos. Sua principal contribui\u00e7\u00e3o na SPE foi coordenar a elabora\u00e7\u00e3o e publica\u00e7\u00e3o da \u201cProposta Curricular para os Cursos de Bacharelado em Engenharia de Petr\u00f3leo\u201d.<\/p>\n<\/div>\n<\/div>\n","protected":false},"excerpt":{"rendered":"<p>\u00c1rea do Conhecimento: Engenharia de Reservat\u00f3rios Professor: Farid Shecaira Ph.D N\u00edvel: Introdut\u00f3rio Requisito B\u00e1sico: N\u00e3o requerido Dura\u00e7\u00e3o: 6 horas Investimento: 6 x deR$ 198,00 OBJETIVO Transmitir ao aluno os conceitos relativos \u00e0s principais propriedades de rochas-reservat\u00f3rio (tamb\u00e9m chamadas propriedades petrof\u00edsicas). Com a&#8230;<\/p>\n","protected":false},"author":16,"featured_media":559,"parent":0,"menu_order":0,"comment_status":"closed","ping_status":"closed","template":"","meta":{"om_disable_all_campaigns":false,"_monsterinsights_skip_tracking":false,"_monsterinsights_sitenote_active":false,"_monsterinsights_sitenote_note":"","_monsterinsights_sitenote_category":0,"footnotes":"","_links_to":"","_links_to_target":""},"aioseo_notices":[],"_links":{"self":[{"href":"https:\/\/wisenergy.com.br\/pt_br\/wp-json\/wp\/v2\/pages\/558"}],"collection":[{"href":"https:\/\/wisenergy.com.br\/pt_br\/wp-json\/wp\/v2\/pages"}],"about":[{"href":"https:\/\/wisenergy.com.br\/pt_br\/wp-json\/wp\/v2\/types\/page"}],"author":[{"embeddable":true,"href":"https:\/\/wisenergy.com.br\/pt_br\/wp-json\/wp\/v2\/users\/16"}],"replies":[{"embeddable":true,"href":"https:\/\/wisenergy.com.br\/pt_br\/wp-json\/wp\/v2\/comments?post=558"}],"version-history":[{"count":16,"href":"https:\/\/wisenergy.com.br\/pt_br\/wp-json\/wp\/v2\/pages\/558\/revisions"}],"predecessor-version":[{"id":10147,"href":"https:\/\/wisenergy.com.br\/pt_br\/wp-json\/wp\/v2\/pages\/558\/revisions\/10147"}],"wp:featuredmedia":[{"embeddable":true,"href":"https:\/\/wisenergy.com.br\/pt_br\/wp-json\/wp\/v2\/media\/559"}],"wp:attachment":[{"href":"https:\/\/wisenergy.com.br\/pt_br\/wp-json\/wp\/v2\/media?parent=558"}],"curies":[{"name":"wp","href":"https:\/\/api.w.org\/{rel}","templated":true}]}}