{"id":366,"date":"2021-08-08T15:59:48","date_gmt":"2021-08-08T18:59:48","guid":{"rendered":"http:\/\/wisenergy.com.br\/?page_id=366"},"modified":"2021-09-13T11:00:25","modified_gmt":"2021-09-13T14:00:25","slug":"certificado","status":"publish","type":"page","link":"https:\/\/wisenergy.com.br\/pt_br\/certificado\/","title":{"rendered":"Certificado"},"content":{"rendered":"\n<h2 class=\"wp-block-heading\" id=\"qual-e-o-tempo-de-duracao-dos-programas-nanodegree\">Qual \u00e9 o tempo de dura\u00e7\u00e3o dos cursos WisEnergy?<\/h2>\n\n\n\n<p>A dura\u00e7\u00e3o e dedica\u00e7\u00e3o de tempo para exigir nossos cursos variam de acordo com os requisitos de cada programa espec\u00edfico.\u00a0Alguns exigir\u00e3o per\u00edodos de tempo mais longos do que outros, mas voc\u00ea deve concluir cada programa dentro do prazo para se graduar e receber a certifica\u00e7\u00e3o do curso.\u00a0Al\u00e9m disso, programas podem exigir mais dedica\u00e7\u00e3o de tempo, dependendo da complexidade do tema e de seu n\u00edvel de qualifica\u00e7\u00e3o.\u00a0Consulte os &#8220;Detalhes do Programa&#8221; para informa\u00e7\u00f5es sobre sua dura\u00e7\u00e3o e dedica\u00e7\u00e3o semanal estimada (em horas).<\/p>\n\n\n\n<h2 class=\"wp-block-heading\" id=\"vou-obter-um-certificado-ao-cumprir-os-requisitos-de-um-programa-nanodegree\">Vou obter um certificado ao cumprir os requisitos do curso?<\/h2>\n\n\n\n<p>Sim.\u00a0Ap\u00f3s concluir com sucesso um curso, desde que tenha seguido todas as nossas pol\u00edticas e apresentada a documenta\u00e7\u00e3o de verifica\u00e7\u00e3o de identidade por meio de nossa plataforma, voc\u00ea receber\u00e1 um certificado de conclus\u00e3o do programa aplic\u00e1vel.\u00a0Lembre-se de que alguns cursos s\u00e3o oferecidos em diversos m\u00f3dulos e que voc\u00ea deve cumprir todos eles a fim de se tornar eleg\u00edvel para receber um certificado de conclus\u00e3o desses programas.<\/p>\n\n\n\n<h2 class=\"wp-block-heading\" id=\"h_01F5NBJTNMRT8PN7CK72Q2AXYG\"><strong>A WisEnergy \u00e9 uma institui\u00e7\u00e3o credenciada?\u00a0Vou receber algo depois que concluir um curso?<\/strong><\/h2>\n\n\n\n<p>Embora a WisEnergy n\u00e3o seja uma institui\u00e7\u00e3o credenciada, oferecemos cursos baseados em habilidades, ministrados por\u00a0especialistas reais\u00a0em suas \u00e1reas, e todos os cursos\u00a0<em>pagos<\/em>\u00a0e aprovados apresentam um\u00a0<em>certificado de conclus\u00e3o<\/em>\u00a0para documentar sua conquista.<\/p>\n","protected":false},"excerpt":{"rendered":"<p>Qual \u00e9 o tempo de dura\u00e7\u00e3o dos cursos WisEnergy? A dura\u00e7\u00e3o e dedica\u00e7\u00e3o de tempo para exigir nossos cursos variam de acordo com os requisitos de cada programa espec\u00edfico.\u00a0Alguns exigir\u00e3o per\u00edodos de tempo mais longos do que outros, mas voc\u00ea deve concluir&#8230;<\/p>\n","protected":false},"author":16,"featured_media":0,"parent":0,"menu_order":0,"comment_status":"closed","ping_status":"closed","template":"","meta":{"om_disable_all_campaigns":false,"_monsterinsights_skip_tracking":false,"_monsterinsights_sitenote_active":false,"_monsterinsights_sitenote_note":"","_monsterinsights_sitenote_category":0,"footnotes":"","_links_to":"","_links_to_target":""},"aioseo_notices":[],"_links":{"self":[{"href":"https:\/\/wisenergy.com.br\/pt_br\/wp-json\/wp\/v2\/pages\/366"}],"collection":[{"href":"https:\/\/wisenergy.com.br\/pt_br\/wp-json\/wp\/v2\/pages"}],"about":[{"href":"https:\/\/wisenergy.com.br\/pt_br\/wp-json\/wp\/v2\/types\/page"}],"author":[{"embeddable":true,"href":"https:\/\/wisenergy.com.br\/pt_br\/wp-json\/wp\/v2\/users\/16"}],"replies":[{"embeddable":true,"href":"https:\/\/wisenergy.com.br\/pt_br\/wp-json\/wp\/v2\/comments?post=366"}],"version-history":[{"count":6,"href":"https:\/\/wisenergy.com.br\/pt_br\/wp-json\/wp\/v2\/pages\/366\/revisions"}],"predecessor-version":[{"id":611,"href":"https:\/\/wisenergy.com.br\/pt_br\/wp-json\/wp\/v2\/pages\/366\/revisions\/611"}],"wp:attachment":[{"href":"https:\/\/wisenergy.com.br\/pt_br\/wp-json\/wp\/v2\/media?parent=366"}],"curies":[{"name":"wp","href":"https:\/\/api.w.org\/{rel}","templated":true}]}}