{"id":363,"date":"2021-08-08T15:57:32","date_gmt":"2021-08-08T18:57:32","guid":{"rendered":"http:\/\/wisenergy.com.br\/?page_id=363"},"modified":"2021-10-15T10:09:30","modified_gmt":"2021-10-15T13:09:30","slug":"qualificacao-profissional","status":"publish","type":"page","link":"https:\/\/wisenergy.com.br\/pt_br\/qualificacao-profissional\/","title":{"rendered":"Os melhores e mais experientes professores do Brasil"},"content":{"rendered":"\n<p>Qualquer que seja o ambiente de aprendizado, o papel do professor \u00e9 muito importante. Muita gente pode achar que no ensino a dist\u00e2ncia n\u00e3o h\u00e1 um professor (ou tutor) ou at\u00e9 mesmo que n\u00e3o existe a necessidade de ter, mas isso est\u00e1 muito longe da realidade. No ensino a dist\u00e2ncia, \u00e9 claro, n\u00e3o h\u00e1 uma intera\u00e7\u00e3o face a face, mas, ainda assim, o professor EAD \u00e9 uma figura important\u00edssima nas aulas, assim como na educa\u00e7\u00e3o tradicional.<\/p>\n\n\n\n<p>Nesse caso, nossos professores s\u00e3o aqueles que ir\u00e3o montar seus cursos, planejar todo o conte\u00fado que ser\u00e1 ensinado, fazer o&nbsp;plano de aula&nbsp;e, efetivamente, gravar as videoaulas. Al\u00e9m disso, nossos professores ainda pode planejar materiais e atividades extra, bolar exerc\u00edcios avaliativos e pensar em diversas outras maneiras de auxiliar o aprendizado dos alunos. Ent\u00e3o, podemos dizer que, de certo modo, nossos professores cumpre praticamente as mesmas fun\u00e7\u00f5es que um professor presencial, ainda que de uma forma um pouco diferente.<\/p>\n\n\n\n<p>Nossos professores na modalidade a dist\u00e2ncia se assemelha a ser um professor presencial, afinal, ambos possuem os mesmos objetivos: contribuir de forma positiva no aprendizado dos alunos. Por\u00e9m, entre as duas modalidades, as formas de alcan\u00e7ar esses objetivos ser\u00e3o um pouco distintas.<\/p>\n\n\n\n<p><a href=\"\/site\/#edu-team-section\" data-type=\"URL\" data-id=\"\/site\/#edu-team-section\">Conhe\u00e7a os professores<\/a><\/p>\n","protected":false},"excerpt":{"rendered":"<p>Qualquer que seja o ambiente de aprendizado, o papel do professor \u00e9 muito importante. Muita gente pode achar que no ensino a dist\u00e2ncia n\u00e3o h\u00e1 um professor (ou tutor) ou at\u00e9 mesmo que n\u00e3o existe a necessidade de ter, mas isso est\u00e1&#8230;<\/p>\n","protected":false},"author":16,"featured_media":0,"parent":0,"menu_order":0,"comment_status":"closed","ping_status":"closed","template":"","meta":{"om_disable_all_campaigns":false,"_monsterinsights_skip_tracking":false,"_monsterinsights_sitenote_active":false,"_monsterinsights_sitenote_note":"","_monsterinsights_sitenote_category":0,"footnotes":"","_links_to":"","_links_to_target":""},"aioseo_notices":[],"_links":{"self":[{"href":"https:\/\/wisenergy.com.br\/pt_br\/wp-json\/wp\/v2\/pages\/363"}],"collection":[{"href":"https:\/\/wisenergy.com.br\/pt_br\/wp-json\/wp\/v2\/pages"}],"about":[{"href":"https:\/\/wisenergy.com.br\/pt_br\/wp-json\/wp\/v2\/types\/page"}],"author":[{"embeddable":true,"href":"https:\/\/wisenergy.com.br\/pt_br\/wp-json\/wp\/v2\/users\/16"}],"replies":[{"embeddable":true,"href":"https:\/\/wisenergy.com.br\/pt_br\/wp-json\/wp\/v2\/comments?post=363"}],"version-history":[{"count":6,"href":"https:\/\/wisenergy.com.br\/pt_br\/wp-json\/wp\/v2\/pages\/363\/revisions"}],"predecessor-version":[{"id":683,"href":"https:\/\/wisenergy.com.br\/pt_br\/wp-json\/wp\/v2\/pages\/363\/revisions\/683"}],"wp:attachment":[{"href":"https:\/\/wisenergy.com.br\/pt_br\/wp-json\/wp\/v2\/media?parent=363"}],"curies":[{"name":"wp","href":"https:\/\/api.w.org\/{rel}","templated":true}]}}