{"id":355,"date":"2021-08-08T00:13:45","date_gmt":"2021-08-08T03:13:45","guid":{"rendered":"http:\/\/wisenergy.com.br\/?page_id=355"},"modified":"2022-03-28T16:34:50","modified_gmt":"2022-03-28T19:34:50","slug":"quimica-do-petroleo-classificacao-e-avaliacao-de-petroleos","status":"publish","type":"page","link":"https:\/\/wisenergy.com.br\/pt_br\/quimica-do-petroleo-classificacao-e-avaliacao-de-petroleos\/","title":{"rendered":"Qu\u00edmica do Petr\u00f3leo \u2013 Classifica\u00e7\u00e3o e Avalia\u00e7\u00e3o de Petr\u00f3leos"},"content":{"rendered":"\n<div class=\"wp-block-columns is-layout-flex wp-container-core-columns-is-layout-1 wp-block-columns-is-layout-flex\">\n<div class=\"wp-block-column is-layout-flow wp-block-column-is-layout-flow\" style=\"flex-basis:65%\">\n<p><strong>\u00c1rea do Conhecimento: <\/strong>Qu\u00edmica de Petr\u00f3leo<\/p>\n\n\n\n<p><strong>Professor: <\/strong>Sonia Maria Cabral de Menezes , Ph.D <\/p>\n\n\n\n<p><strong>N\u00edvel:<\/strong> Introdut\u00f3rio<\/p>\n\n\n\n<p><strong>Requisito B\u00e1sico: <\/strong>N\u00e3o requerido. Recomenda-se ser precedido pelo curso Qu\u00edmica do Petr\u00f3leo \u2013 Origem e Composi\u00e7\u00e3o do Petr\u00f3leo<\/p>\n<\/div>\n\n\n\n<div class=\"wp-block-column has-white-background-color has-text-color has-background is-layout-flow wp-block-column-is-layout-flow\" style=\"color:#0f5c93;flex-basis:35%\">\n<figure class=\"wp-block-table is-style-stripes\"><table><tbody><tr><td><strong>Dura\u00e7\u00e3o: <\/strong><\/td><td class=\"has-text-align-center\" data-align=\"center\"><strong>4 horas<\/strong><\/td><\/tr><tr><td><\/td><td class=\"has-text-align-center\" data-align=\"center\"><\/td><\/tr><tr><td><strong>Promo\u00e7\u00e3o de lan\u00e7amento: <\/strong><\/td><td class=\"has-text-align-center\" data-align=\"center\"> 6x <br><strong>R$ 40,00<\/strong><\/td><\/tr><\/tbody><\/table><\/figure>\n\n\n\n<div class=\"wp-block-buttons is-horizontal is-content-justification-center is-layout-flex wp-container-core-buttons-is-layout-1 wp-block-buttons-is-layout-flex\">\n<div class=\"wp-block-button has-custom-width wp-block-button__width-75 is-style-fill\"><a class=\"wp-block-button__link has-background\" style=\"background-color:#f7941d\">Em breve<\/a><\/div>\n<\/div>\n<\/div>\n<\/div>\n\n\n\n<p class=\"has-white-color has-text-color has-background\" style=\"background-color:#00b6b5\"><strong>OBJETIVO<\/strong><\/p>\n\n\n\n<p>Transmitir conhecimentos b\u00e1sicos sobre os qu\u00edmica do petr\u00f3leo, com \u00eanfase na nas suas propriedades qu\u00edmicas, f\u00edsicas e f\u00edsico-qu\u00edmicas que impactam no refino e na comercializa\u00e7\u00e3o<\/p>\n\n\n\n<div style=\"height:40px\" aria-hidden=\"true\" class=\"wp-block-spacer\"><\/div>\n\n\n\n<p class=\"has-white-color has-text-color has-background\" style=\"background-color:#00b6b5\"><strong>PUBLICO-ALVO<\/strong><\/p>\n\n\n\n<p>O curso \u00e9 destinado a qu\u00edmicos, engenheiros ou profissionais de qualquer \u00e1rea que desejem adquirir conhecimento sobre a qu\u00edmica do petr\u00f3leo e sua rela\u00e7\u00e3o com as aplica\u00e7\u00f5es comerciais.<\/p>\n\n\n\n<div style=\"height:40px\" aria-hidden=\"true\" class=\"wp-block-spacer\"><\/div>\n\n\n\n<p class=\"has-white-color has-text-color has-background\" style=\"background-color:#00b6b5\"><strong>EMENTA<\/strong><\/p>\n\n\n\n<div class=\"wp-block-columns is-layout-flex wp-container-core-columns-is-layout-2 wp-block-columns-is-layout-flex\">\n<div class=\"wp-block-column is-layout-flow wp-block-column-is-layout-flow\" style=\"flex-basis:66.66%\">\n<p>\u2981 Curvas de destila\u00e7\u00e3o<br>\u2981 equil\u00edbrio l\u00edquido-vapor<br>\u2981 propriedades caracter\u00edsticas:<br>    \u2981 \u00baAPI<br>    \u2981 K de Watson<br>    \u2981 viscosidade<br>    \u2981 ponto de fluidez<br>    \u2981 peso molecular m\u00e9dio<br>    \u2981 teor de S e N<br>    \u2981 presen\u00e7a de \u00e1gua e sal<br>    \u2981 n\u00famero de acidez total<br>    \u2981 res\u00edduo de carbono<br>    \u2981 determina\u00e7\u00e3o das diferentes classes de compostos<br>\u2981 Estabilidade de Petr\u00f3leos<br>\u2981 Valor comercial dos diferentes petr\u00f3leos<\/p>\n<\/div>\n\n\n\n<div class=\"wp-block-column is-layout-flow wp-block-column-is-layout-flow\" style=\"flex-basis:33.33%\">\n<figure class=\"wp-block-image size-large\"><img loading=\"lazy\" decoding=\"async\" width=\"1024\" height=\"682\" src=\"http:\/\/wisenergy.com.br\/wp-content\/uploads\/2021\/09\/Louis-Reed-on-Unsplash-1024x682.jpg\" alt=\"\" class=\"wp-image-592\" srcset=\"https:\/\/wisenergy.com.br\/wp-content\/uploads\/2021\/09\/Louis-Reed-on-Unsplash-1024x682.jpg 1024w, https:\/\/wisenergy.com.br\/wp-content\/uploads\/2021\/09\/Louis-Reed-on-Unsplash-300x200.jpg 300w, https:\/\/wisenergy.com.br\/wp-content\/uploads\/2021\/09\/Louis-Reed-on-Unsplash-768x512.jpg 768w, https:\/\/wisenergy.com.br\/wp-content\/uploads\/2021\/09\/Louis-Reed-on-Unsplash.jpg 1280w\" sizes=\"(max-width: 1024px) 100vw, 1024px\" \/><\/figure>\n<\/div>\n<\/div>\n\n\n\n<div style=\"height:40px\" aria-hidden=\"true\" class=\"wp-block-spacer\"><\/div>\n\n\n\n<p class=\"has-white-color has-text-color has-background\" style=\"background-color:#00b6b5\"><strong>CERTIFICADO<\/strong><\/p>\n\n\n\n<p>Certificado emitido na conclus\u00e3o do curso.<\/p>\n\n\n\n<div style=\"height:40px\" aria-hidden=\"true\" class=\"wp-block-spacer\"><\/div>\n\n\n\n<p class=\"has-white-color has-text-color has-background\" style=\"background-color:#00b6b5\"><strong>PROFESSOR<\/strong><\/p>\n\n\n\n<div class=\"wp-block-columns is-layout-flex wp-container-core-columns-is-layout-3 wp-block-columns-is-layout-flex\">\n<div class=\"wp-block-column is-layout-flow wp-block-column-is-layout-flow\" style=\"flex-basis:33.33%\">\n<figure class=\"wp-block-image size-full\"><img decoding=\"async\" src=\"http:\/\/wisenergy.com.br\/wp-content\/uploads\/2021\/08\/Professor_SoniaMariaCabraldeMenezes.jpg\" alt=\"\" class=\"wp-image-254\"\/><figcaption>Sonia Maria Cabral de Menezes, Ph.D <\/figcaption><\/figure>\n<\/div>\n\n\n\n<div class=\"wp-block-column is-layout-flow wp-block-column-is-layout-flow\" style=\"flex-basis:66.66%\">\n<p>Sonia Maria Cabral de Menezes foi durante quase 46 anos Consultora S\u00eanior em Qu\u00edmica Anal\u00edtica com especialidade em Resson\u00e2ncia Magn\u00e9tica Nuclear aplicada \u00e0 Industria de \u00d3leo e G\u00e1s da Ger\u00eancia de Qu\u00edmica do Centro de Pesquisas e Desenvolvimento (CENPES) da PETROBRAS (1975 \u00e0 fevereiro de 2021). Por ser a Qu\u00edmica uma disciplina matricial, trabalhou em centenas de projetos de pesquisa, dos quais coordenou 17, sempre atuando em solu\u00e7\u00f5es em Qu\u00edmica para a Ind\u00fastria de Petr\u00f3leo, desde a Explora\u00e7\u00e3o at\u00e9 a qualifica\u00e7\u00e3o de produtos e bioprodutos passando pela Perfura\u00e7\u00e3o, Produ\u00e7\u00e3o, Transporte, Refino, Materiais etc..<\/p>\n\n\n\n<p>Sonia graduou -se em Engenharia Qu\u00edmica pela Escola de Qu\u00edmica da UFRJ em 1974 e obteve seu Mestrado e Doutorado em Qu\u00edmica Org\u00e2nica pelo Instituto de Qu\u00edmica da UFRJ em 1978 e 2003 respectivamente. Fez especializa\u00e7\u00e3o em Resson\u00e2ncia Magn\u00e9tica Nuclear (RMN) na City of London Polythecnic , Londres, UK, de 1978 a 1979<\/p>\n\n\n\n<p>Foi um dos doze membros fundadores da Associa\u00e7\u00e3o de Usu\u00e1rios de Resson\u00e2ncia Magn\u00e9tica Nuclear (AUREMN) em 1988, ap\u00f3s ter instalado em 1987 no CENPES, o primeiro equipamento de RMN de nova gera\u00e7\u00e3o do pa\u00eds. Na AUREMN foi Presidente por doze anos e \u00e9 ativa na Associa\u00e7\u00e3o at\u00e9 hoje.<\/p>\n\n\n\n<p>Foi representante Brasileira na Commiss\u00e3o: \u201cMolecular Structure and Spectroscopy\u201d da International Union of Pure and Applied Chemistry (IUPAC) de 1991- 2006.<\/p>\n<\/div>\n<\/div>\n","protected":false},"excerpt":{"rendered":"<p>\u00c1rea do Conhecimento: Qu\u00edmica de Petr\u00f3leo Professor: Sonia Maria Cabral de Menezes , Ph.D N\u00edvel: Introdut\u00f3rio Requisito B\u00e1sico: N\u00e3o requerido. Recomenda-se ser precedido pelo curso Qu\u00edmica do Petr\u00f3leo \u2013 Origem e Composi\u00e7\u00e3o do Petr\u00f3leo Dura\u00e7\u00e3o: 4 horas Promo\u00e7\u00e3o de lan\u00e7amento: 6x R$&#8230;<\/p>\n","protected":false},"author":16,"featured_media":591,"parent":0,"menu_order":0,"comment_status":"closed","ping_status":"closed","template":"","meta":{"om_disable_all_campaigns":false,"_monsterinsights_skip_tracking":false,"_monsterinsights_sitenote_active":false,"_monsterinsights_sitenote_note":"","_monsterinsights_sitenote_category":0,"footnotes":"","_links_to":"","_links_to_target":""},"aioseo_notices":[],"_links":{"self":[{"href":"https:\/\/wisenergy.com.br\/pt_br\/wp-json\/wp\/v2\/pages\/355"}],"collection":[{"href":"https:\/\/wisenergy.com.br\/pt_br\/wp-json\/wp\/v2\/pages"}],"about":[{"href":"https:\/\/wisenergy.com.br\/pt_br\/wp-json\/wp\/v2\/types\/page"}],"author":[{"embeddable":true,"href":"https:\/\/wisenergy.com.br\/pt_br\/wp-json\/wp\/v2\/users\/16"}],"replies":[{"embeddable":true,"href":"https:\/\/wisenergy.com.br\/pt_br\/wp-json\/wp\/v2\/comments?post=355"}],"version-history":[{"count":13,"href":"https:\/\/wisenergy.com.br\/pt_br\/wp-json\/wp\/v2\/pages\/355\/revisions"}],"predecessor-version":[{"id":1712,"href":"https:\/\/wisenergy.com.br\/pt_br\/wp-json\/wp\/v2\/pages\/355\/revisions\/1712"}],"wp:featuredmedia":[{"embeddable":true,"href":"https:\/\/wisenergy.com.br\/pt_br\/wp-json\/wp\/v2\/media\/591"}],"wp:attachment":[{"href":"https:\/\/wisenergy.com.br\/pt_br\/wp-json\/wp\/v2\/media?parent=355"}],"curies":[{"name":"wp","href":"https:\/\/api.w.org\/{rel}","templated":true}]}}