{"id":353,"date":"2021-08-08T00:09:38","date_gmt":"2021-08-08T03:09:38","guid":{"rendered":"http:\/\/wisenergy.com.br\/?page_id=353"},"modified":"2022-07-07T13:51:32","modified_gmt":"2022-07-07T16:51:32","slug":"quimica-do-petroleo-origem-e-composicao-do-petroleo-e-gas-naturalarea-do-conhecimento-aplicacoes-da-quimica-na-industria-de-oleo-e-gas","status":"publish","type":"page","link":"https:\/\/wisenergy.com.br\/pt_br\/quimica-do-petroleo-origem-e-composicao-do-petroleo-e-gas-naturalarea-do-conhecimento-aplicacoes-da-quimica-na-industria-de-oleo-e-gas\/","title":{"rendered":"Qu\u00edmica do Petr\u00f3leo &#8211; Origem e Composi\u00e7\u00e3o do Petr\u00f3leo e G\u00e1s Natural"},"content":{"rendered":"\n<div class=\"wp-block-columns is-layout-flex wp-container-core-columns-is-layout-1 wp-block-columns-is-layout-flex\">\n<div class=\"wp-block-column is-layout-flow wp-block-column-is-layout-flow\" style=\"flex-basis:65%\">\n<p><strong>\u00c1rea do Conhecimento: <\/strong>Qu\u00edmica do Petr\u00f3leo<\/p>\n\n\n\n<p><strong>Professor: <\/strong>Sonia Maria Cabral de Menezes, Ph.D<\/p>\n\n\n\n<p><strong>N\u00edvel:<\/strong> Introdut\u00f3rio<\/p>\n\n\n\n<p><strong>Requisito B\u00e1sico: <\/strong>N\u00e3o requerido<\/p>\n<\/div>\n\n\n\n<div class=\"wp-block-column has-white-background-color has-text-color has-background is-layout-flow wp-block-column-is-layout-flow\" style=\"color:#0f5c93;flex-basis:35%\">\n<figure class=\"wp-block-table is-style-stripes\"><table><tbody><tr><td><strong>Dura\u00e7\u00e3o: <\/strong><\/td><td><strong>3 horas<\/strong><\/td><\/tr><tr><td><\/td><td><\/td><\/tr><tr><td><strong>Investimento: <\/strong><\/td><td>3 x de <br><strong>R$ 60,00<\/strong><\/td><\/tr><\/tbody><\/table><\/figure>\n\n\n\n<div class=\"wp-block-buttons is-horizontal is-content-justification-center is-layout-flex wp-container-core-buttons-is-layout-1 wp-block-buttons-is-layout-flex\">\n<div class=\"wp-block-button has-custom-width wp-block-button__width-75 is-style-fill\"><a class=\"wp-block-button__link has-background\" href=\"https:\/\/go.hotmart.com\/P63147756W\" style=\"background-color:#f7941d\">Quero me inscrever<\/a><\/div>\n<\/div>\n<\/div>\n<\/div>\n\n\n\n<p class=\"has-white-color has-text-color has-background\" style=\"background-color:#00b6b5\"><strong>OBJETIVO<\/strong><\/p>\n\n\n\n<p>Transmitir conhecimentos b\u00e1sicos sobre a qu\u00edmica do petr\u00f3leo, com \u00eanfase na forma\u00e7\u00e3o do petr\u00f3leo e na sua composi\u00e7\u00e3o qu\u00edmica, assim como nas suas propriedades qu\u00edmicas, f\u00edsicas e f\u00edsico-qu\u00edmicas.<\/p>\n\n\n\n<div style=\"height:40px\" aria-hidden=\"true\" class=\"wp-block-spacer\"><\/div>\n\n\n\n<p class=\"has-white-color has-text-color has-background\" style=\"background-color:#00b6b5\"><strong>PUBLICO-ALVO<\/strong><\/p>\n\n\n\n<p>O curso \u00e9 destinado a qu\u00edmicos, engenheiros ou profissionais de qualquer \u00e1rea que desejem adquirir conhecimento sobre a qu\u00edmica do petr\u00f3leo.<\/p>\n\n\n\n<div style=\"height:40px\" aria-hidden=\"true\" class=\"wp-block-spacer\"><\/div>\n\n\n\n<p class=\"has-white-color has-text-color has-background\" style=\"background-color:#00b6b5\"><strong>EMENTA<\/strong><\/p>\n\n\n\n<div class=\"wp-block-columns is-layout-flex wp-container-core-columns-is-layout-2 wp-block-columns-is-layout-flex\">\n<div class=\"wp-block-column is-layout-flow wp-block-column-is-layout-flow\" style=\"flex-basis:66.66%\">\n<p>\u2981 Revis\u00e3o de Conceitos<br>\u2981 Origem do Petr\u00f3leo<br>\u2981 Mat\u00e9ria Org\u00e2nica Precursora<br>\u2981 Querog\u00eanios<br>\u2981 Acumula\u00e7\u00e3o de Petr\u00f3leos<br>\u2981 Altera\u00e7\u00f5es Qu\u00edmicas Poss\u00edveis no Reservat\u00f3rio<br>\u2981 Origem versus Propriedades<br>\u2981 Composi\u00e7\u00e3o do Petr\u00f3leo<br>\u2981 Classifica\u00e7\u00e3o e Correla\u00e7\u00e3o entre Composi\u00e7\u00e3o e Propriedades dos Petr\u00f3leos<\/p>\n<\/div>\n\n\n\n<div class=\"wp-block-column is-layout-flow wp-block-column-is-layout-flow\" style=\"flex-basis:33.33%\">\n<figure class=\"wp-block-image size-large\"><img loading=\"lazy\" decoding=\"async\" width=\"701\" height=\"1024\" src=\"http:\/\/wisenergy.com.br\/wp-content\/uploads\/2021\/09\/Fulvio-Ciccolo-on-Unsplash-701x1024.jpg\" alt=\"\" class=\"wp-image-590\" srcset=\"https:\/\/wisenergy.com.br\/wp-content\/uploads\/2021\/09\/Fulvio-Ciccolo-on-Unsplash-701x1024.jpg 701w, https:\/\/wisenergy.com.br\/wp-content\/uploads\/2021\/09\/Fulvio-Ciccolo-on-Unsplash-205x300.jpg 205w, https:\/\/wisenergy.com.br\/wp-content\/uploads\/2021\/09\/Fulvio-Ciccolo-on-Unsplash-768x1122.jpg 768w, https:\/\/wisenergy.com.br\/wp-content\/uploads\/2021\/09\/Fulvio-Ciccolo-on-Unsplash.jpg 876w\" sizes=\"(max-width: 701px) 100vw, 701px\" \/><\/figure>\n<\/div>\n<\/div>\n\n\n\n<div style=\"height:40px\" aria-hidden=\"true\" class=\"wp-block-spacer\"><\/div>\n\n\n\n<p class=\"has-white-color has-text-color has-background\" style=\"background-color:#00b6b5\"><strong>CERTIFICADO<\/strong><\/p>\n\n\n\n<p>Certificado emitido na conclus\u00e3o do curso.<\/p>\n\n\n\n<div style=\"height:40px\" aria-hidden=\"true\" class=\"wp-block-spacer\"><\/div>\n\n\n\n<p class=\"has-white-color has-text-color has-background\" style=\"background-color:#00b6b5\"><strong>PROFESSOR<\/strong><\/p>\n\n\n\n<div class=\"wp-block-columns is-layout-flex wp-container-core-columns-is-layout-3 wp-block-columns-is-layout-flex\">\n<div class=\"wp-block-column is-layout-flow wp-block-column-is-layout-flow\" style=\"flex-basis:33.33%\">\n<figure class=\"wp-block-image size-full\"><img decoding=\"async\" src=\"http:\/\/wisenergy.com.br\/wp-content\/uploads\/2021\/08\/Professor_SoniaMariaCabraldeMenezes.jpg\" alt=\"\" class=\"wp-image-254\"\/><figcaption> Sonia Maria Cabral de Menezes, Ph.D<\/figcaption><\/figure>\n<\/div>\n\n\n\n<div class=\"wp-block-column is-layout-flow wp-block-column-is-layout-flow\" style=\"flex-basis:66.66%\">\n<p>Sonia Maria Cabral de Menezes foi durante quase 46 anos Consultora S\u00eanior em Qu\u00edmica Anal\u00edtica com especialidade em Resson\u00e2ncia Magn\u00e9tica Nuclear aplicada \u00e0 Industria de \u00d3leo e G\u00e1s da Ger\u00eancia de Qu\u00edmica do Centro de Pesquisas e Desenvolvimento (CENPES) da PETROBRAS (1975 \u00e0 fevereiro de 2021). Por ser a Qu\u00edmica uma disciplina matricial, trabalhou em centenas de projetos de pesquisa, dos quais coordenou 17, sempre atuando em solu\u00e7\u00f5es em Qu\u00edmica para a Ind\u00fastria de Petr\u00f3leo, desde a Explora\u00e7\u00e3o at\u00e9 a qualifica\u00e7\u00e3o de produtos e bioprodutos passando pela Perfura\u00e7\u00e3o, Produ\u00e7\u00e3o, Transporte, Refino, Materiais etc..<\/p>\n\n\n\n<p>Sonia graduou -se em Engenharia Qu\u00edmica pela Escola de Qu\u00edmica da UFRJ em 1974 e obteve seu Mestrado e Doutorado em Qu\u00edmica Org\u00e2nica pelo Instituto de Qu\u00edmica da UFRJ em 1978 e 2003 respectivamente. Fez especializa\u00e7\u00e3o em Resson\u00e2ncia Magn\u00e9tica Nuclear (RMN) na City of London Polythecnic , Londres, UK, de 1978 a 1979<\/p>\n\n\n\n<p>Foi um dos doze membros fundadores da Associa\u00e7\u00e3o de Usu\u00e1rios de Resson\u00e2ncia Magn\u00e9tica Nuclear (AUREMN) em 1988, ap\u00f3s ter instalado em 1987 no CENPES, o primeiro equipamento de RMN de nova gera\u00e7\u00e3o do pa\u00eds. Na AUREMN foi Presidente por doze anos e \u00e9 ativa na Associa\u00e7\u00e3o at\u00e9 hoje.<\/p>\n\n\n\n<p>Foi representante Brasileira na Commiss\u00e3o: \u201cMolecular Structure and Spectroscopy\u201d da International Union of Pure and Applied Chemistry (IUPAC) de 1991- 2006.<\/p>\n<\/div>\n<\/div>\n","protected":false},"excerpt":{"rendered":"<p>\u00c1rea do Conhecimento: Qu\u00edmica do Petr\u00f3leo Professor: Sonia Maria Cabral de Menezes, Ph.D N\u00edvel: Introdut\u00f3rio Requisito B\u00e1sico: N\u00e3o requerido Dura\u00e7\u00e3o: 3 horas Investimento: 3 x de R$ 60,00 OBJETIVO Transmitir conhecimentos b\u00e1sicos sobre a qu\u00edmica do petr\u00f3leo, com \u00eanfase na forma\u00e7\u00e3o do&#8230;<\/p>\n","protected":false},"author":16,"featured_media":593,"parent":0,"menu_order":0,"comment_status":"closed","ping_status":"closed","template":"","meta":{"om_disable_all_campaigns":false,"_monsterinsights_skip_tracking":false,"_monsterinsights_sitenote_active":false,"_monsterinsights_sitenote_note":"","_monsterinsights_sitenote_category":0,"footnotes":"","_links_to":"","_links_to_target":""},"aioseo_notices":[],"_links":{"self":[{"href":"https:\/\/wisenergy.com.br\/pt_br\/wp-json\/wp\/v2\/pages\/353"}],"collection":[{"href":"https:\/\/wisenergy.com.br\/pt_br\/wp-json\/wp\/v2\/pages"}],"about":[{"href":"https:\/\/wisenergy.com.br\/pt_br\/wp-json\/wp\/v2\/types\/page"}],"author":[{"embeddable":true,"href":"https:\/\/wisenergy.com.br\/pt_br\/wp-json\/wp\/v2\/users\/16"}],"replies":[{"embeddable":true,"href":"https:\/\/wisenergy.com.br\/pt_br\/wp-json\/wp\/v2\/comments?post=353"}],"version-history":[{"count":16,"href":"https:\/\/wisenergy.com.br\/pt_br\/wp-json\/wp\/v2\/pages\/353\/revisions"}],"predecessor-version":[{"id":1884,"href":"https:\/\/wisenergy.com.br\/pt_br\/wp-json\/wp\/v2\/pages\/353\/revisions\/1884"}],"wp:featuredmedia":[{"embeddable":true,"href":"https:\/\/wisenergy.com.br\/pt_br\/wp-json\/wp\/v2\/media\/593"}],"wp:attachment":[{"href":"https:\/\/wisenergy.com.br\/pt_br\/wp-json\/wp\/v2\/media?parent=353"}],"curies":[{"name":"wp","href":"https:\/\/api.w.org\/{rel}","templated":true}]}}