{"id":339,"date":"2021-08-06T17:20:33","date_gmt":"2021-08-06T20:20:33","guid":{"rendered":"http:\/\/wisenergy.com.br\/?page_id=339"},"modified":"2022-07-14T09:42:53","modified_gmt":"2022-07-14T12:42:53","slug":"selecao-de-materiais-para-a-industria-de-energia-no-brasil","status":"publish","type":"page","link":"https:\/\/wisenergy.com.br\/pt_br\/selecao-de-materiais-para-a-industria-de-energia-no-brasil\/","title":{"rendered":"Sele\u00e7\u00e3o de Materiais para a Ind\u00fastria de Energia no Brasil"},"content":{"rendered":"\n<div class=\"wp-block-columns is-layout-flex wp-container-core-columns-is-layout-1 wp-block-columns-is-layout-flex\">\n<div class=\"wp-block-column is-layout-flow wp-block-column-is-layout-flow\" style=\"flex-basis:65%\">\n<p><strong>\u00c1rea do Conhecimento: <\/strong>Ci\u00eancias dos Materiais<\/p>\n\n\n\n<p><strong>Professor: <\/strong>Byron Souza Filho, M.Sc<\/p>\n\n\n\n<p><strong>N\u00edvel: <\/strong>Introdut\u00f3rio<\/p>\n\n\n\n<p><strong>Requisito B\u00e1sico: <\/strong>N\u00e3o requerido<\/p>\n\n\n\n<p><\/p>\n<\/div>\n\n\n\n<div class=\"wp-block-column has-white-background-color has-text-color has-background is-layout-flow wp-block-column-is-layout-flow\" style=\"color:#0f5c93;flex-basis:35%\">\n<figure class=\"wp-block-table LegendaValor is-style-stripes\"><table><tbody><tr><td>Dura\u00e7\u00e3o: <\/td><td>8 horas<\/td><\/tr><tr><td> <\/td><td><\/td><\/tr><tr><td>Investimento:<\/td><td>6 x 89,90<\/td><\/tr><\/tbody><\/table><\/figure>\n\n\n\n<div class=\"wp-block-buttons is-horizontal is-content-justification-center is-layout-flex wp-container-core-buttons-is-layout-1 wp-block-buttons-is-layout-flex\">\n<div class=\"wp-block-button has-custom-width wp-block-button__width-75 is-style-fill\"><a class=\"wp-block-button__link has-background\" href=\"https:\/\/go.hotmart.com\/B60265870M\" style=\"background-color:#f7941d\" target=\"_blank\" rel=\"noreferrer noopener\">Quero me Inscrever<\/a><\/div>\n<\/div>\n<\/div>\n<\/div>\n\n\n\n<p class=\"has-white-color has-text-color has-background\" style=\"background-color:#00b6b5\"><strong>OBJETIVO<\/strong><\/p>\n\n\n\n<p>Transmitir os conhecimentos b\u00e1sicos sobre os materiais utilizados nos diversos segmentos da ind\u00fastria de energia, sua natureza, propriedades f\u00edsicas e qu\u00edmicas, processos de fabrica\u00e7\u00e3o, especifica\u00e7\u00f5es t\u00e9cnicas, condi\u00e7\u00f5es de utiliza\u00e7\u00e3o&nbsp;e processos de degrada\u00e7\u00e3o.<\/p>\n\n\n\n<p><\/p>\n\n\n\n<p><\/p>\n\n\n\n<div style=\"height:40px\" aria-hidden=\"true\" class=\"wp-block-spacer\"><\/div>\n\n\n\n<p class=\"has-white-color has-text-color has-background\" style=\"background-color:#00b6b5\"><strong>PUBLICO-ALVO<\/strong><\/p>\n\n\n\n<p>O curso \u00e9 destinado a engenheiros ou profissionais de qualquer \u00e1rea que desejem adquirir conhecimento sobre o uso e import\u00e2ncia de materiais utilizados na ind\u00fastria de energia.<\/p>\n\n\n\n<div style=\"height:40px\" aria-hidden=\"true\" class=\"wp-block-spacer\"><\/div>\n\n\n\n<p class=\"has-white-color has-text-color has-background\" style=\"background-color:#00b6b5\"><strong>EMENTA<\/strong><\/p>\n\n\n\n<div class=\"wp-block-columns is-layout-flex wp-container-core-columns-is-layout-2 wp-block-columns-is-layout-flex\">\n<div class=\"wp-block-column is-layout-flow wp-block-column-is-layout-flow\" style=\"flex-basis:66.66%\">\n<p>\u2981 Panorama do Setor Energ\u00e9tico no Brasil e no Mundo, foco nos Materiais<br>\u2981 Conceito de Engenharia dos Materiais<br>\u2981 Fatores importantes na Sele\u00e7\u00e3o de Materiais<br>\u2981 Propriedades dos Materiais<br>\u2981 Agrupamentos At\u00f4micas<br>\u2981 Processos de Fabrica\u00e7\u00e3o<br>\u2981 Uni\u00e3o dos Materiais<br>\u2981 Ensaios Mec\u00e2nicos e Controle de Qualidade<br>\u2981 Especifica\u00e7\u00f5es T\u00e9cnicas para Emprego de Materiais<br>\u2981 Estado da Arte nas aplica\u00e7\u00f5es de materiais na ind\u00fastria de Energia no Mundo<br>\u2981 Mecanismos de Deteriora\u00e7\u00e3o<br>\u2981 Monitoramento da Integridade do Material: Inspe\u00e7\u00e3o em Servi\u00e7o<br>\u2981 Reciclagem de Materiais<br>\u2981 Casos de Sucesso na Sele\u00e7\u00e3o de Materiais<br>\u2981 Estudos de Casos: Li\u00e7\u00f5es aprendidas<\/p>\n<\/div>\n\n\n\n<div class=\"wp-block-column is-layout-flow wp-block-column-is-layout-flow\" style=\"flex-basis:33.33%\">\n<figure class=\"wp-block-image size-large is-style-default\"><img loading=\"lazy\" decoding=\"async\" width=\"1024\" height=\"768\" src=\"http:\/\/wisenergy.com.br\/wp-content\/uploads\/2021\/09\/tabelaPer-1024x768.jpg\" alt=\"\" class=\"wp-image-573\" srcset=\"https:\/\/wisenergy.com.br\/wp-content\/uploads\/2021\/09\/tabelaPer-1024x768.jpg 1024w, https:\/\/wisenergy.com.br\/wp-content\/uploads\/2021\/09\/tabelaPer-300x225.jpg 300w, https:\/\/wisenergy.com.br\/wp-content\/uploads\/2021\/09\/tabelaPer-768x576.jpg 768w, https:\/\/wisenergy.com.br\/wp-content\/uploads\/2021\/09\/tabelaPer.jpg 1280w\" sizes=\"(max-width: 1024px) 100vw, 1024px\" \/><\/figure>\n<\/div>\n<\/div>\n\n\n\n<div style=\"height:40px\" aria-hidden=\"true\" class=\"wp-block-spacer\"><\/div>\n\n\n\n<p class=\"has-white-color has-text-color has-background\" style=\"background-color:#00b6b5\"><strong>CERTIFICADO<\/strong><\/p>\n\n\n\n<p>Certificado emitido na conclus\u00e3o do curso.<\/p>\n\n\n\n<div style=\"height:40px\" aria-hidden=\"true\" class=\"wp-block-spacer\"><\/div>\n\n\n\n<p class=\"has-white-color has-text-color has-background\" style=\"background-color:#00b6b5\"><strong>PROFESSOR<\/strong><\/p>\n\n\n\n<div class=\"wp-block-columns is-layout-flex wp-container-core-columns-is-layout-3 wp-block-columns-is-layout-flex\">\n<div class=\"wp-block-column is-layout-flow wp-block-column-is-layout-flow\" style=\"flex-basis:33.33%\">\n<figure class=\"wp-block-image size-full\"><img loading=\"lazy\" decoding=\"async\" width=\"384\" height=\"270\" src=\"http:\/\/wisenergy.com.br\/wp-content\/uploads\/2021\/08\/Professor-ByronSouzaFilho-1.jpg\" alt=\"\" class=\"wp-image-234\" srcset=\"https:\/\/wisenergy.com.br\/wp-content\/uploads\/2021\/08\/Professor-ByronSouzaFilho-1.jpg 384w, https:\/\/wisenergy.com.br\/wp-content\/uploads\/2021\/08\/Professor-ByronSouzaFilho-1-300x211.jpg 300w\" sizes=\"(max-width: 384px) 100vw, 384px\" \/><figcaption> Byron Souza Filho, M.Sc<\/figcaption><\/figure>\n<\/div>\n\n\n\n<div class=\"wp-block-column is-layout-flow wp-block-column-is-layout-flow\" style=\"flex-basis:66.66%\">\n<p>Byron Souza Filho \u00e9 Engenheiro Metal\u00fargico, pela UFRJ em 1986; Especialista em Engenharia de Equipamentos de O&amp;G pela Petrobras em 1988; Mestre em Ci\u00eancias pela Coppe\/UFRJ em 2001, na \u00e1rea de Engenharia de Materiais; Especialista em Tecnologias do G\u00e1s Natural, pela UFRN-UNP; Especialista em Tecnologias de Biog\u00e1s e Biometano, pelo CIBiogas em 2020.<\/p>\n\n\n\n<p>Trabalhou por 33 anos na Petrobras tendo atuado com Engenheiro de Manuten\u00e7\u00e3o e Inspe\u00e7\u00e3o de equipamentos e estruturas de Unidade de Petr\u00f3leo e G\u00e1s; Consultor S\u00eanior em Manuten\u00e7\u00e3o e Inspe\u00e7\u00e3o de dutos; Gerente de Tecnologias de Constru\u00e7\u00e3o e Montagem; Gerente de Tecnologias de Inspe\u00e7\u00e3o de Equipamentos.<\/p>\n\n\n\n<p>Ainda pela Petrobras, atuou como instrutor interno em disciplinas de Sele\u00e7\u00e3o de Materiais, Soldagem, Manuten\u00e7\u00e3o e Inspe\u00e7\u00e3o de Equipamentos, e como docente visitante, em algumas entidades de ensino, entre elas: UFF, PUC-Rio, IBP, Senai-RJ CTSolda e FAETEC, nas mesmas disciplinas.<\/p>\n\n\n\n<p>Desde a aposentadoria na Petrobras, em Jan\/2020, atua como Consultor independente em implanta\u00e7\u00e3o de tecnologias da cadeia produtiva de Petr\u00f3leo e G\u00e1s, e em estudos de viabilidade econ\u00f4mica de implanta\u00e7\u00e3o de sistemas de gera\u00e7\u00e3o de energia alternativa, com foco no Biog\u00e1s.<\/p>\n\n\n\n<p>Desde Jul\/2021 atua como professor visitante da UCP\/IPETEC, na disciplina de Inspe\u00e7\u00e3o de Equipamentos.<\/p>\n<\/div>\n<\/div>\n\n\n\n<p><\/p>\n","protected":false},"excerpt":{"rendered":"<p>\u00c1rea do Conhecimento: Ci\u00eancias dos Materiais Professor: Byron Souza Filho, M.Sc N\u00edvel: Introdut\u00f3rio Requisito B\u00e1sico: N\u00e3o requerido Dura\u00e7\u00e3o: 8 horas Investimento: 6 x 89,90 OBJETIVO Transmitir os conhecimentos b\u00e1sicos sobre os materiais utilizados nos diversos segmentos da ind\u00fastria de energia, sua natureza,&#8230;<\/p>\n","protected":false},"author":16,"featured_media":573,"parent":0,"menu_order":0,"comment_status":"closed","ping_status":"closed","template":"","meta":{"om_disable_all_campaigns":false,"_monsterinsights_skip_tracking":false,"_monsterinsights_sitenote_active":false,"_monsterinsights_sitenote_note":"","_monsterinsights_sitenote_category":0,"footnotes":"","_links_to":"","_links_to_target":""},"aioseo_notices":[],"_links":{"self":[{"href":"https:\/\/wisenergy.com.br\/pt_br\/wp-json\/wp\/v2\/pages\/339"}],"collection":[{"href":"https:\/\/wisenergy.com.br\/pt_br\/wp-json\/wp\/v2\/pages"}],"about":[{"href":"https:\/\/wisenergy.com.br\/pt_br\/wp-json\/wp\/v2\/types\/page"}],"author":[{"embeddable":true,"href":"https:\/\/wisenergy.com.br\/pt_br\/wp-json\/wp\/v2\/users\/16"}],"replies":[{"embeddable":true,"href":"https:\/\/wisenergy.com.br\/pt_br\/wp-json\/wp\/v2\/comments?post=339"}],"version-history":[{"count":48,"href":"https:\/\/wisenergy.com.br\/pt_br\/wp-json\/wp\/v2\/pages\/339\/revisions"}],"predecessor-version":[{"id":1918,"href":"https:\/\/wisenergy.com.br\/pt_br\/wp-json\/wp\/v2\/pages\/339\/revisions\/1918"}],"wp:featuredmedia":[{"embeddable":true,"href":"https:\/\/wisenergy.com.br\/pt_br\/wp-json\/wp\/v2\/media\/573"}],"wp:attachment":[{"href":"https:\/\/wisenergy.com.br\/pt_br\/wp-json\/wp\/v2\/media?parent=339"}],"curies":[{"name":"wp","href":"https:\/\/api.w.org\/{rel}","templated":true}]}}