{"id":335,"date":"2021-08-06T16:44:00","date_gmt":"2021-08-06T19:44:00","guid":{"rendered":"http:\/\/wisenergy.com.br\/?page_id=335"},"modified":"2023-08-30T17:44:55","modified_gmt":"2023-08-30T20:44:55","slug":"direito-do-petroleo-a-regulacao-das-atividades-de-ep-no-brasil","status":"publish","type":"page","link":"https:\/\/wisenergy.com.br\/pt_br\/direito-do-petroleo-a-regulacao-das-atividades-de-ep-no-brasil\/","title":{"rendered":"Gest\u00e3o de Parcerias (Joint Ventures) e de Assuntos Regulat\u00f3rios de E&#038;P"},"content":{"rendered":"\n<div class=\"wp-block-columns is-layout-flex wp-container-core-columns-is-layout-2 wp-block-columns-is-layout-flex\">\n<div class=\"wp-block-column is-layout-flow wp-block-column-is-layout-flow\" style=\"flex-basis:65%\">\n<p><strong>\u00c1rea do Conhecimento: <\/strong>Neg\u00f3cios na \u00c1rea de Energia<\/p>\n\n\n\n<p><strong>Professor: <\/strong>Jos\u00e9 Alberto Bucheb, D. Sc. <\/p>\n\n\n\n<p><strong>N\u00edvel:<\/strong> Introdut\u00f3rio\/Intermedi\u00e1rio<\/p>\n\n\n\n<p><strong>Requisito B\u00e1sico: <\/strong>N\u00e3o requerido<\/p>\n<\/div>\n\n\n\n<div class=\"wp-block-column has-white-background-color has-text-color has-background is-layout-flow wp-block-column-is-layout-flow\" style=\"color:#0f5c93;flex-basis:35%\">\n<div class=\"wp-block-columns is-layout-flex wp-container-core-columns-is-layout-1 wp-block-columns-is-layout-flex\">\n<div class=\"wp-block-column is-layout-flow wp-block-column-is-layout-flow\" style=\"flex-basis:100%\">\n<figure class=\"wp-block-table is-style-stripes\"><table class=\"has-fixed-layout\"><tbody><tr><td><strong>Dura\u00e7\u00e3o:       <\/strong><\/td><td><strong>6 horas<\/strong><\/td><\/tr><tr><td><strong> <\/strong><\/td><td><\/td><\/tr><tr><td><strong>Investimento: <\/strong><\/td><td><strong>6 x de R$ 188,00<\/strong><\/td><\/tr><\/tbody><\/table><\/figure>\n<\/div>\n<\/div>\n\n\n\n<div class=\"wp-block-buttons is-horizontal is-content-justification-center is-layout-flex wp-container-core-buttons-is-layout-1 wp-block-buttons-is-layout-flex\">\n<div class=\"wp-block-button has-custom-width wp-block-button__width-75 is-style-fill\"><a class=\"wp-block-button__link has-background wp-element-button\" href=\"https:\/\/go.hotmart.com\/E69021709Y\" style=\"background-color:#f7941d\" target=\"_blank\" rel=\"noreferrer noopener\">Inscreva-se<\/a><\/div>\n<\/div>\n<\/div>\n<\/div>\n\n\n\n<div style=\"height:40px\" aria-hidden=\"true\" class=\"wp-block-spacer\"><\/div>\n\n\n\n<p class=\"has-white-color has-text-color has-background\" style=\"background-color:#00b6b5\"><strong>OBJETIVO<\/strong><\/p>\n\n\n\n<p>Transmitir ao aluno conhecimentos sobre a regula\u00e7\u00e3o das atividades de Explora\u00e7\u00e3o e Produ\u00e7\u00e3o de Petr\u00f3leo e G\u00e1s no Brasil (E&amp;P), com \u00eanfase nos marcos legais, na constitui\u00e7\u00e3o de parcerias, nos mecanismos de resolu\u00e7\u00e3o de controv\u00e9rsias comerciais e\/ou empresariais, nos processos de Unitiza\u00e7\u00e3o e nos demais contratos de uso corrente na ind\u00fastria.<\/p>\n\n\n\n<div style=\"height:40px\" aria-hidden=\"true\" class=\"wp-block-spacer\"><\/div>\n\n\n\n<p class=\"has-white-color has-text-color has-background\" style=\"background-color:#00b6b5\"><strong>PUBLICO-ALVO<\/strong><\/p>\n\n\n\n<p>O curso \u00e9 destinado a advogados, administradores de empresas, contadores, engenheiros, ge\u00f3logos e outros profissionais que desejem adquirir conhecimento sobre a ambi\u00eancia legal dos neg\u00f3cios da ind\u00fastria de petr\u00f3leo no Brasil, com foco no segmento E&amp;P<\/p>\n\n\n\n<div style=\"height:40px\" aria-hidden=\"true\" class=\"wp-block-spacer\"><\/div>\n\n\n\n<p class=\"has-white-color has-text-color has-background\" style=\"background-color:#00b6b5\"><strong>EMENTA<\/strong><\/p>\n\n\n\n<div class=\"wp-block-columns is-layout-flex wp-container-core-columns-is-layout-3 wp-block-columns-is-layout-flex\">\n<div class=\"wp-block-column is-layout-flow wp-block-column-is-layout-flow\" style=\"flex-basis:66.66%\">\n<ul>\n<li>Vis\u00e3o Geral da Atividade de E&amp;P<\/li>\n\n\n\n<li>Os Regimes Jur\u00eddicos Aplic\u00e1veis \u00e0s Atividades de E&amp;P<\/li>\n\n\n\n<li>O Marco Regulat\u00f3rio vigente no Brasil: Concess\u00e3o. Partilha de Produ\u00e7\u00e3o e Cess\u00e3o Onerosa<\/li>\n\n\n\n<li>Parcerias (Joint Ventures) nas atividades de E&amp;P<\/li>\n\n\n\n<li>Contratos Privados: Joint Bidding Agreement, Farmout Agreement, Contrato de Cons\u00f3rcio<\/li>\n\n\n\n<li>Principais dispositivos do Joint Operating Agreement e do Accounting Procedure<\/li>\n\n\n\n<li>Mecanismos de Solu\u00e7\u00f5es de Controv\u00e9rsias<\/li>\n\n\n\n<li>Unitiza\u00e7\u00e3o<\/li>\n<\/ul>\n<\/div>\n\n\n\n<div class=\"wp-block-column is-layout-flow wp-block-column-is-layout-flow\" style=\"flex-basis:33.33%\">\n<figure class=\"wp-block-image size-full\"><img loading=\"lazy\" decoding=\"async\" width=\"360\" height=\"240\" src=\"http:\/\/wisenergy.com.br\/wp-content\/uploads\/2021\/08\/ep.jpg\" alt=\"\" class=\"wp-image-337\" srcset=\"https:\/\/wisenergy.com.br\/wp-content\/uploads\/2021\/08\/ep.jpg 360w, https:\/\/wisenergy.com.br\/wp-content\/uploads\/2021\/08\/ep-300x200.jpg 300w\" sizes=\"(max-width: 360px) 100vw, 360px\" \/><\/figure>\n<\/div>\n<\/div>\n\n\n\n<div style=\"height:40px\" aria-hidden=\"true\" class=\"wp-block-spacer\"><\/div>\n\n\n\n<p class=\"has-white-color has-text-color has-background\" style=\"background-color:#00b6b5\"><strong>CERTIFICADO<\/strong><\/p>\n\n\n\n<p>Certificado emitido na conclus\u00e3o do curso.<\/p>\n\n\n\n<div style=\"height:40px\" aria-hidden=\"true\" class=\"wp-block-spacer\"><\/div>\n\n\n\n<p class=\"has-white-color has-text-color has-background\" style=\"background-color:#00b6b5\">PROFESSOR<\/p>\n\n\n\n<div class=\"wp-block-columns is-layout-flex wp-container-core-columns-is-layout-4 wp-block-columns-is-layout-flex\">\n<div class=\"wp-block-column is-layout-flow wp-block-column-is-layout-flow\" style=\"flex-basis:33.33%\">\n<figure class=\"wp-block-image size-full\"><img loading=\"lazy\" decoding=\"async\" width=\"384\" height=\"270\" src=\"http:\/\/wisenergy.com.br\/wp-content\/uploads\/2021\/08\/Professor_Jose_Alberto_Bucheb-1.jpg\" alt=\"\" class=\"wp-image-229\" srcset=\"https:\/\/wisenergy.com.br\/wp-content\/uploads\/2021\/08\/Professor_Jose_Alberto_Bucheb-1.jpg 384w, https:\/\/wisenergy.com.br\/wp-content\/uploads\/2021\/08\/Professor_Jose_Alberto_Bucheb-1-300x211.jpg 300w\" sizes=\"(max-width: 384px) 100vw, 384px\" \/><figcaption class=\"wp-element-caption\">Jos\u00e9 Alberto Bucheb, D. Sc.<\/figcaption><\/figure>\n<\/div>\n\n\n\n<div class=\"wp-block-column is-layout-flow wp-block-column-is-layout-flow\" style=\"flex-basis:66.66%\">\n<p>Jos\u00e9 Alberto Bucheb&nbsp;\u00e9 ge\u00f3logo, advogado e bacharel em administra\u00e7\u00e3o. Graduou-se em Geologia na Universidade de S\u00e3o Paulo &#8211; USP, em Direito na Universidade do Estado do Rio de Janeiro &#8211; UERJ e em Administra\u00e7\u00e3o na Universidade Federal Rural do Rio de Janeiro &#8211; UFRRJ. &nbsp;<br>&nbsp;<br>Obteve os t\u00edtulos de Mestre em Geof\u00edsica pela Universidade Federal do Par\u00e1 &#8211;&nbsp;UFPA, Mestre em Direito Internacional pela UERJ e Doutor em Ci\u00eancias pela UERJ. &nbsp;<br>&nbsp;<br>\u00c9 autor dos livros: \u201cA Arbitragem Internacional na Ind\u00fastria do Petr\u00f3leo\u201d, \u201cDireito do Petr\u00f3leo \u2013 a Regula\u00e7\u00e3o das Atividades de Explora\u00e7\u00e3o e Produ\u00e7\u00e3o de Petr\u00f3leo e G\u00e1s Natural no Brasil\u201d e de artigos t\u00e9cnicos nas \u00e1reas de Direito e de Geologia voltadas para o segmento de E&amp;P. &nbsp;<br>&nbsp;<br>Na Petrobras atuou nas \u00e1reas de Explora\u00e7\u00e3o e de Novos Neg\u00f3cios e exerceu as fun\u00e7\u00f5es de Gerente de Parcerias do Pr\u00e9-Sal e de Gerente Geral da Universidade Petrobras, entre outras.&nbsp;<br>&nbsp;<br>Desempenhou a fun\u00e7\u00e3o de docente na Petrobras e nas seguintes institui\u00e7\u00f5es: Universidade Santa \u00darsula, Universidade C\u00e2ndido Mendes, COPPE-UFRJ, FGV, FUNCEFET e IBP (Instituto Brasileiro de Petr\u00f3leo e G\u00e1s). &nbsp;<br>&nbsp;<br>Atualmente, \u00e9 s\u00f3cio da Geolagos Geologia e Engenharia Ambiental e da J. Bucheb Sociedade Ind. de Advocacia.&nbsp;<\/p>\n<\/div>\n<\/div>\n","protected":false},"excerpt":{"rendered":"<p>\u00c1rea do Conhecimento: Neg\u00f3cios na \u00c1rea de Energia Professor: Jos\u00e9 Alberto Bucheb, D. Sc. N\u00edvel: Introdut\u00f3rio\/Intermedi\u00e1rio Requisito B\u00e1sico: N\u00e3o requerido Dura\u00e7\u00e3o: 6 horas Investimento: 6 x de R$ 188,00 OBJETIVO Transmitir ao aluno conhecimentos sobre a regula\u00e7\u00e3o das atividades de Explora\u00e7\u00e3o e&#8230;<\/p>\n","protected":false},"author":16,"featured_media":337,"parent":0,"menu_order":0,"comment_status":"closed","ping_status":"closed","template":"","meta":{"om_disable_all_campaigns":false,"_monsterinsights_skip_tracking":false,"_monsterinsights_sitenote_active":false,"_monsterinsights_sitenote_note":"","_monsterinsights_sitenote_category":0,"footnotes":"","_links_to":"","_links_to_target":""},"aioseo_notices":[],"_links":{"self":[{"href":"https:\/\/wisenergy.com.br\/pt_br\/wp-json\/wp\/v2\/pages\/335"}],"collection":[{"href":"https:\/\/wisenergy.com.br\/pt_br\/wp-json\/wp\/v2\/pages"}],"about":[{"href":"https:\/\/wisenergy.com.br\/pt_br\/wp-json\/wp\/v2\/types\/page"}],"author":[{"embeddable":true,"href":"https:\/\/wisenergy.com.br\/pt_br\/wp-json\/wp\/v2\/users\/16"}],"replies":[{"embeddable":true,"href":"https:\/\/wisenergy.com.br\/pt_br\/wp-json\/wp\/v2\/comments?post=335"}],"version-history":[{"count":18,"href":"https:\/\/wisenergy.com.br\/pt_br\/wp-json\/wp\/v2\/pages\/335\/revisions"}],"predecessor-version":[{"id":10145,"href":"https:\/\/wisenergy.com.br\/pt_br\/wp-json\/wp\/v2\/pages\/335\/revisions\/10145"}],"wp:featuredmedia":[{"embeddable":true,"href":"https:\/\/wisenergy.com.br\/pt_br\/wp-json\/wp\/v2\/media\/337"}],"wp:attachment":[{"href":"https:\/\/wisenergy.com.br\/pt_br\/wp-json\/wp\/v2\/media?parent=335"}],"curies":[{"name":"wp","href":"https:\/\/api.w.org\/{rel}","templated":true}]}}