{"id":332,"date":"2021-08-06T15:47:20","date_gmt":"2021-08-06T18:47:20","guid":{"rendered":"http:\/\/wisenergy.com.br\/?page_id=332"},"modified":"2021-11-12T12:49:47","modified_gmt":"2021-11-12T15:49:47","slug":"previsao-de-producao-de-reservatorios","status":"publish","type":"page","link":"https:\/\/wisenergy.com.br\/pt_br\/previsao-de-producao-de-reservatorios\/","title":{"rendered":"Previs\u00e3o de Produ\u00e7\u00e3o de Reservat\u00f3rios"},"content":{"rendered":"\n<div class=\"wp-block-columns is-layout-flex wp-container-core-columns-is-layout-1 wp-block-columns-is-layout-flex\">\n<div class=\"wp-block-column is-layout-flow wp-block-column-is-layout-flow\" style=\"flex-basis:65%\">\n<p><strong>\u00c1rea do Conhecimento: <\/strong>Engenharia de Reservat\u00f3rios<\/p>\n\n\n\n<p><strong>Professor: <\/strong>Manoel Leopoldino Rocha de Farias, Dr.<\/p>\n\n\n\n<p><strong>N\u00edvel:<\/strong> Introdut\u00f3rio\/Intermedi\u00e1rio<\/p>\n\n\n\n<p><strong>Requisito B\u00e1sico: <\/strong>N\u00e3o requerido<\/p>\n<\/div>\n\n\n\n<div class=\"wp-block-column has-white-background-color has-text-color has-background is-layout-flow wp-block-column-is-layout-flow\" style=\"color:#0f5c93;flex-basis:35%\">\n<figure class=\"wp-block-table is-style-stripes\"><table><tbody><tr><td><strong>Dura\u00e7\u00e3o: <\/strong><\/td><td><strong>4 horas<\/strong><\/td><\/tr><tr><td><strong>Valor do Investimento: <\/strong><\/td><td>R$ <s>780,00<\/s><\/td><\/tr><tr><td><strong>Promo\u00e7\u00e3o de lan\u00e7amento: <\/strong><\/td><td><strong>R$ 580,00<\/strong><\/td><\/tr><\/tbody><\/table><\/figure>\n\n\n\n<div class=\"wp-block-buttons is-content-justification-center is-layout-flex wp-block-buttons-is-layout-flex\">\n<div class=\"wp-block-button has-custom-width wp-block-button__width-75 is-style-fill\"><a class=\"wp-block-button__link has-background\" style=\"background-color:#f7941d\">Em breve<\/a><\/div>\n<\/div>\n<\/div>\n<\/div>\n\n\n\n<p class=\"has-white-color has-text-color has-background\" style=\"background-color:#00b6b5\"><strong>OBJETIVO<\/strong><\/p>\n\n\n\n<p>Transmitir conhecimentos sobre o processo de previs\u00e3o de produ\u00e7\u00e3o, fundamental nas fases de desenvolvimento de produ\u00e7\u00e3o do campo e durante a pr\u00f3pria produ\u00e7\u00e3o. &nbsp;O curso fornece uma excelente vis\u00e3o geral do processo de trabalho do engenheiro de reservat\u00f3rios.<\/p>\n\n\n\n<div style=\"height:40px\" aria-hidden=\"true\" class=\"wp-block-spacer\"><\/div>\n\n\n\n<p class=\"has-white-color has-text-color has-background\" style=\"background-color:#00b6b5\"><strong>PUBLICO-ALVO<\/strong><\/p>\n\n\n\n<p>O curso \u00e9 destinado a engenheiros, ge\u00f3logos, qu\u00edmicos ou profissionais de qualquer \u00e1rea que desejem adquirir conhecimento sobre a engenharia de reservat\u00f3rios.<\/p>\n\n\n\n<div style=\"height:40px\" aria-hidden=\"true\" class=\"wp-block-spacer\"><\/div>\n\n\n\n<p class=\"has-white-color has-text-color has-background\" style=\"background-color:#00b6b5\"><strong>EMENTA<\/strong><\/p>\n\n\n\n<div class=\"wp-block-columns is-layout-flex wp-container-core-columns-is-layout-2 wp-block-columns-is-layout-flex\">\n<div class=\"wp-block-column is-layout-flow wp-block-column-is-layout-flow\" style=\"flex-basis:66.66%\">\n<ul><li>Fases de um projeto de E&amp;P<\/li><li>Papel do Geof\u00edsico<\/li><li>Papel do Ge\u00f3logo<\/li><li>Papel do Engenheiro de Reservat\u00f3rios<\/li><li>Previs\u00e3o de produ\u00e7\u00e3o por analogia<\/li><li>Previs\u00e3o de produ\u00e7\u00e3o por decl\u00ednio<\/li><li>Equa\u00e7\u00e3o de Balan\u00e7o de Materiais<\/li><li>Uso da Simula\u00e7\u00e3o Num\u00e9rica na Previs\u00e3o de Produ\u00e7\u00e3o<\/li><li>Incorpora\u00e7\u00e3o de dados de rocha, fluidos, testes e hist\u00f3rico de produ\u00e7\u00e3o na montagem e calibra\u00e7\u00e3o de um modelo de simula\u00e7\u00e3o<\/li><li>Softwares para pr\u00e9 e p\u00f3s-processamento de simula\u00e7\u00e3o \u2013 plataformas comerciais e freeware<\/li><li>Papel da Engenharia de Reservat\u00f3rios no ciclo de reservas<\/li><\/ul>\n<\/div>\n\n\n\n<div class=\"wp-block-column is-layout-flow wp-block-column-is-layout-flow\" style=\"flex-basis:33.33%\">\n<figure class=\"wp-block-image size-full\"><img loading=\"lazy\" decoding=\"async\" width=\"994\" height=\"674\" src=\"http:\/\/wisenergy.com.br\/wp-content\/uploads\/2021\/09\/revisaoReservatorio2.jpg\" alt=\"\" class=\"wp-image-645\" srcset=\"https:\/\/wisenergy.com.br\/wp-content\/uploads\/2021\/09\/revisaoReservatorio2.jpg 994w, https:\/\/wisenergy.com.br\/wp-content\/uploads\/2021\/09\/revisaoReservatorio2-300x203.jpg 300w, https:\/\/wisenergy.com.br\/wp-content\/uploads\/2021\/09\/revisaoReservatorio2-768x521.jpg 768w\" sizes=\"(max-width: 994px) 100vw, 994px\" \/><\/figure>\n<\/div>\n<\/div>\n\n\n\n<div style=\"height:40px\" aria-hidden=\"true\" class=\"wp-block-spacer\"><\/div>\n\n\n\n<p class=\"has-white-color has-text-color has-background\" style=\"background-color:#00b6b5\"><strong>CERTIFICADO<\/strong><\/p>\n\n\n\n<p>Certificado emitido na conclus\u00e3o do curso.<\/p>\n\n\n\n<div style=\"height:40px\" aria-hidden=\"true\" class=\"wp-block-spacer\"><\/div>\n\n\n\n<p class=\"has-white-color has-text-color has-background\" style=\"background-color:#00b6b5\">PROFESSOR<\/p>\n\n\n\n<div class=\"wp-block-columns is-layout-flex wp-container-core-columns-is-layout-3 wp-block-columns-is-layout-flex\">\n<div class=\"wp-block-column is-layout-flow wp-block-column-is-layout-flow\" style=\"flex-basis:33.33%\">\n<figure class=\"wp-block-image size-full\"><img loading=\"lazy\" decoding=\"async\" width=\"384\" height=\"270\" src=\"http:\/\/wisenergy.com.br\/wp-content\/uploads\/2021\/08\/Professor_Manoel_Leopoldino_RochadeFarias-1.jpg\" alt=\"\" class=\"wp-image-224\" srcset=\"https:\/\/wisenergy.com.br\/wp-content\/uploads\/2021\/08\/Professor_Manoel_Leopoldino_RochadeFarias-1.jpg 384w, https:\/\/wisenergy.com.br\/wp-content\/uploads\/2021\/08\/Professor_Manoel_Leopoldino_RochadeFarias-1-300x211.jpg 300w\" sizes=\"(max-width: 384px) 100vw, 384px\" \/><figcaption> Manoel Leopoldino Rocha de Farias, Dr.<\/figcaption><\/figure>\n<\/div>\n\n\n\n<div class=\"wp-block-column is-layout-flow wp-block-column-is-layout-flow\" style=\"flex-basis:66.66%\">\n<p>Manoel Leopoldino \u00e9 Engenheiro Civil formado pela UFJF (1989). Cursou Especializa\u00e7\u00e3o em Engenharia Econ\u00f4mica na Faculdade Machado Sobrinho e na FGV (1991). Possui Mestrado em Engenharia Civil, na \u00e1rea de Estruturas, pela UFF (1995); cursou Especializa\u00e7\u00e3o em Engenharia de Petr\u00f3leo na Universidade Petrobras (2003) e \u00e9 Doutor em Engenharia Mec\u00e2nica \u2013 Petr\u00f3leo e Energia pela PUC-Rio (2013), incluindo est\u00e1gio t\u00e9cnico de um ano no Departamento de Engenharia Qu\u00edmica e Biomolecular na Rice University, em Houston (2010-11).<\/p>\n\n\n\n<p>Trabalhou como Engenheiro de Reservat\u00f3rios, com foco em campos offshores de \u00e1guas profundas, durante 17 anos na Petrobras, na Shell, na Pr\u00e9Sal Petr\u00f3leo (PPSA) e na PetroRio. Atualmente encontra-se na Eneva dedicado ao redesenvolvimento de campos maduros onshore. Tem atua\u00e7\u00e3o destacada nas \u00e1reas de gerenciamento e simula\u00e7\u00e3o de reservat\u00f3rios e reservas; em projetos de coopera\u00e7\u00e3o tecnol\u00f3gica com empresas e universidades e na coordena\u00e7\u00e3o de grupos multidisciplinares de trabalho.<\/p>\n\n\n\n<p>\u00c9 tamb\u00e9m professor de Engenharia de Reservat\u00f3rios e Simula\u00e7\u00e3o de Reservat\u00f3rios na Universidade Veiga de Almeida, desde 2014.<\/p>\n<\/div>\n<\/div>\n","protected":false},"excerpt":{"rendered":"<p>\u00c1rea do Conhecimento: Engenharia de Reservat\u00f3rios Professor: Manoel Leopoldino Rocha de Farias, Dr. N\u00edvel: Introdut\u00f3rio\/Intermedi\u00e1rio Requisito B\u00e1sico: N\u00e3o requerido Dura\u00e7\u00e3o: 4 horas Valor do Investimento: R$ 780,00 Promo\u00e7\u00e3o de lan\u00e7amento: R$ 580,00 OBJETIVO Transmitir conhecimentos sobre o processo de previs\u00e3o de produ\u00e7\u00e3o,&#8230;<\/p>\n","protected":false},"author":16,"featured_media":645,"parent":0,"menu_order":0,"comment_status":"closed","ping_status":"closed","template":"","meta":{"om_disable_all_campaigns":false,"_monsterinsights_skip_tracking":false,"_monsterinsights_sitenote_active":false,"_monsterinsights_sitenote_note":"","_monsterinsights_sitenote_category":0,"footnotes":"","_links_to":"","_links_to_target":""},"aioseo_notices":[],"_links":{"self":[{"href":"https:\/\/wisenergy.com.br\/pt_br\/wp-json\/wp\/v2\/pages\/332"}],"collection":[{"href":"https:\/\/wisenergy.com.br\/pt_br\/wp-json\/wp\/v2\/pages"}],"about":[{"href":"https:\/\/wisenergy.com.br\/pt_br\/wp-json\/wp\/v2\/types\/page"}],"author":[{"embeddable":true,"href":"https:\/\/wisenergy.com.br\/pt_br\/wp-json\/wp\/v2\/users\/16"}],"replies":[{"embeddable":true,"href":"https:\/\/wisenergy.com.br\/pt_br\/wp-json\/wp\/v2\/comments?post=332"}],"version-history":[{"count":11,"href":"https:\/\/wisenergy.com.br\/pt_br\/wp-json\/wp\/v2\/pages\/332\/revisions"}],"predecessor-version":[{"id":1089,"href":"https:\/\/wisenergy.com.br\/pt_br\/wp-json\/wp\/v2\/pages\/332\/revisions\/1089"}],"wp:featuredmedia":[{"embeddable":true,"href":"https:\/\/wisenergy.com.br\/pt_br\/wp-json\/wp\/v2\/media\/645"}],"wp:attachment":[{"href":"https:\/\/wisenergy.com.br\/pt_br\/wp-json\/wp\/v2\/media?parent=332"}],"curies":[{"name":"wp","href":"https:\/\/api.w.org\/{rel}","templated":true}]}}