{"id":253,"date":"2021-08-04T22:14:25","date_gmt":"2021-08-05T01:14:25","guid":{"rendered":"http:\/\/wisenergy.com.br\/?page_id=253"},"modified":"2021-10-07T22:21:32","modified_gmt":"2021-10-08T01:21:32","slug":"sonia-maria-cabral-de-menezes","status":"publish","type":"page","link":"https:\/\/wisenergy.com.br\/pt_br\/sonia-maria-cabral-de-menezes\/","title":{"rendered":"Sonia Maria C. de Menezes"},"content":{"rendered":"\n<p>Sonia Maria Cabral de Menezes foi durante quase 46 anos Consultora S\u00eanior em Qu\u00edmica Anal\u00edtica com especialidade em Resson\u00e2ncia Magn\u00e9tica Nuclear aplicada \u00e0 Industria de \u00d3leo e G\u00e1s da Ger\u00eancia de Qu\u00edmica do Centro de Pesquisas e Desenvolvimento (CENPES) da PETROBRAS (1975 \u00e0 fevereiro de 2021). Por ser a Qu\u00edmica uma disciplina matricial, trabalhou em centenas de projetos de pesquisa, dos quais coordenou 17, sempre atuando em solu\u00e7\u00f5es em Qu\u00edmica para a Ind\u00fastria de Petr\u00f3leo, desde a Explora\u00e7\u00e3o at\u00e9 a qualifica\u00e7\u00e3o de produtos e bioprodutos passando pela Perfura\u00e7\u00e3o, Produ\u00e7\u00e3o, Transporte, Refino, Materiais etc..<\/p>\n\n\n\n<p>Sonia graduou -se em Engenharia Qu\u00edmica pela Escola de Qu\u00edmica da UFRJ em 1974 e obteve seu Mestrado e Doutorado em Qu\u00edmica Org\u00e2nica pelo Instituto de Qu\u00edmica da UFRJ em 1978 e 2003 respectivamente. Fez especializa\u00e7\u00e3o em Resson\u00e2ncia Magn\u00e9tica Nuclear (RMN) na City of London Polythecnic , Londres, UK, de 1978 a 1979<\/p>\n\n\n\n<p>Foi um dos doze membros fundadores da Associa\u00e7\u00e3o de Usu\u00e1rios de Resson\u00e2ncia Magn\u00e9tica Nuclear (AUREMN) em 1988, ap\u00f3s ter instalado em 1987 no CENPES, o primeiro equipamento de RMN de nova gera\u00e7\u00e3o do pa\u00eds. Na AUREMN foi Presidente por doze anos e \u00e9 ativa na Associa\u00e7\u00e3o at\u00e9 hoje.<\/p>\n\n\n\n<p>Foi representante Brasileira na Commiss\u00e3o: \u201cMolecular Structure and Spectroscopy\u201d da International Union of Pure and Applied Chemistry (IUPAC) de 1991- 2006.<\/p>\n","protected":false},"excerpt":{"rendered":"<p>Sonia Maria Cabral de Menezes foi durante quase 46 anos Consultora S\u00eanior em Qu\u00edmica Anal\u00edtica com especialidade em Resson\u00e2ncia Magn\u00e9tica Nuclear aplicada \u00e0 Industria de \u00d3leo e G\u00e1s da Ger\u00eancia de Qu\u00edmica do Centro de Pesquisas e Desenvolvimento (CENPES) da PETROBRAS (1975&#8230;<\/p>\n","protected":false},"author":16,"featured_media":254,"parent":0,"menu_order":0,"comment_status":"closed","ping_status":"closed","template":"","meta":{"om_disable_all_campaigns":false,"_monsterinsights_skip_tracking":false,"_monsterinsights_sitenote_active":false,"_monsterinsights_sitenote_note":"","_monsterinsights_sitenote_category":0,"footnotes":"","_links_to":"","_links_to_target":""},"aioseo_notices":[],"_links":{"self":[{"href":"https:\/\/wisenergy.com.br\/pt_br\/wp-json\/wp\/v2\/pages\/253"}],"collection":[{"href":"https:\/\/wisenergy.com.br\/pt_br\/wp-json\/wp\/v2\/pages"}],"about":[{"href":"https:\/\/wisenergy.com.br\/pt_br\/wp-json\/wp\/v2\/types\/page"}],"author":[{"embeddable":true,"href":"https:\/\/wisenergy.com.br\/pt_br\/wp-json\/wp\/v2\/users\/16"}],"replies":[{"embeddable":true,"href":"https:\/\/wisenergy.com.br\/pt_br\/wp-json\/wp\/v2\/comments?post=253"}],"version-history":[{"count":3,"href":"https:\/\/wisenergy.com.br\/pt_br\/wp-json\/wp\/v2\/pages\/253\/revisions"}],"predecessor-version":[{"id":649,"href":"https:\/\/wisenergy.com.br\/pt_br\/wp-json\/wp\/v2\/pages\/253\/revisions\/649"}],"wp:featuredmedia":[{"embeddable":true,"href":"https:\/\/wisenergy.com.br\/pt_br\/wp-json\/wp\/v2\/media\/254"}],"wp:attachment":[{"href":"https:\/\/wisenergy.com.br\/pt_br\/wp-json\/wp\/v2\/media?parent=253"}],"curies":[{"name":"wp","href":"https:\/\/api.w.org\/{rel}","templated":true}]}}