{"id":244,"date":"2021-08-04T22:05:24","date_gmt":"2021-08-05T01:05:24","guid":{"rendered":"http:\/\/wisenergy.com.br\/?page_id=244"},"modified":"2021-08-05T10:09:26","modified_gmt":"2021-08-05T13:09:26","slug":"juarez-barbosa-perisse","status":"publish","type":"page","link":"https:\/\/wisenergy.com.br\/pt_br\/juarez-barbosa-perisse\/","title":{"rendered":"Juarez Barbosa Periss\u00e9"},"content":{"rendered":"\n<p><strong>Juarez Barbosa Periss\u00e9 \u00e9 engenheiro qu\u00edmico, formado na UFRJ, com mestrado em Engenharia Qu\u00edmica pela UERJ e MBA em Gest\u00e3o Empresarial pelo IBMEC. Ingressou na Petrobras em 1985, trabalhando na Refinaria Duque de Caxias por 16 anos, desempenhando fun\u00e7\u00f5es t\u00e9cnicas e gerenciais.<\/strong><\/p>\n\n\n\n<p><strong>A partir de 2002 desempenhou a fun\u00e7\u00e3o de Consultor S\u00eanior na \u00e1rea de Planejamento do Parque de Refino sendo respons\u00e1vel pela constru\u00e7\u00e3o e aprova\u00e7\u00e3o da Carteira de Qualidade de Gasolina, compreendendo 11 Unidades de hidrodessulfuriza\u00e7\u00e3o de nafta craqueada, 6 Unidades de hidrotratamento de nafta de coque, e 4 de Reforma Catal\u00edtica , assim como na constru\u00e7\u00e3o e aprova\u00e7\u00e3o da Carteira de Qualidade de \u00d3leo Diesel, compreendendo 10 Unidades de hidrotratamento com diferentes severidades de acordo com o esquema de refino.<\/strong><\/p>\n\n\n\n<p><strong>Atuou tamb\u00e9m na elabora\u00e7\u00e3o dos Planos Diretores de Refino das Unidades Operacionais do Parque de Refino brasileiro, compreendendo novas unidades de convers\u00e3o, aumento de capacidade de destila\u00e7\u00e3o, al\u00e9m de unidades de tratamento.<\/strong><\/p>\n\n\n\n<p><strong>Atualmente tem se dedicado a consultorias na \u00e1rea de Downstream.<\/strong><\/p>\n","protected":false},"excerpt":{"rendered":"<p>Juarez Barbosa Periss\u00e9 \u00e9 engenheiro qu\u00edmico, formado na UFRJ, com mestrado em Engenharia Qu\u00edmica pela UERJ e MBA em Gest\u00e3o Empresarial pelo IBMEC. Ingressou na Petrobras em 1985, trabalhando na Refinaria Duque de Caxias por 16 anos, desempenhando fun\u00e7\u00f5es t\u00e9cnicas e gerenciais&#8230;.<\/p>\n","protected":false},"author":16,"featured_media":245,"parent":0,"menu_order":0,"comment_status":"closed","ping_status":"closed","template":"","meta":{"om_disable_all_campaigns":false,"_monsterinsights_skip_tracking":false,"_monsterinsights_sitenote_active":false,"_monsterinsights_sitenote_note":"","_monsterinsights_sitenote_category":0,"footnotes":"","_links_to":"","_links_to_target":""},"aioseo_notices":[],"_links":{"self":[{"href":"https:\/\/wisenergy.com.br\/pt_br\/wp-json\/wp\/v2\/pages\/244"}],"collection":[{"href":"https:\/\/wisenergy.com.br\/pt_br\/wp-json\/wp\/v2\/pages"}],"about":[{"href":"https:\/\/wisenergy.com.br\/pt_br\/wp-json\/wp\/v2\/types\/page"}],"author":[{"embeddable":true,"href":"https:\/\/wisenergy.com.br\/pt_br\/wp-json\/wp\/v2\/users\/16"}],"replies":[{"embeddable":true,"href":"https:\/\/wisenergy.com.br\/pt_br\/wp-json\/wp\/v2\/comments?post=244"}],"version-history":[{"count":2,"href":"https:\/\/wisenergy.com.br\/pt_br\/wp-json\/wp\/v2\/pages\/244\/revisions"}],"predecessor-version":[{"id":283,"href":"https:\/\/wisenergy.com.br\/pt_br\/wp-json\/wp\/v2\/pages\/244\/revisions\/283"}],"wp:featuredmedia":[{"embeddable":true,"href":"https:\/\/wisenergy.com.br\/pt_br\/wp-json\/wp\/v2\/media\/245"}],"wp:attachment":[{"href":"https:\/\/wisenergy.com.br\/pt_br\/wp-json\/wp\/v2\/media?parent=244"}],"curies":[{"name":"wp","href":"https:\/\/api.w.org\/{rel}","templated":true}]}}