{"id":240,"date":"2021-08-04T22:00:33","date_gmt":"2021-08-05T01:00:33","guid":{"rendered":"http:\/\/wisenergy.com.br\/?page_id=240"},"modified":"2021-08-05T10:05:09","modified_gmt":"2021-08-05T13:05:09","slug":"marcio-herve","status":"publish","type":"page","link":"https:\/\/wisenergy.com.br\/pt_br\/marcio-herve\/","title":{"rendered":"M\u00e1rcio Herv\u00e9"},"content":{"rendered":"\n<p><strong>M\u00e1rcio \u00e9 Engenheiro eletricista (UFRGS \u2013 1975) e Mestre em Gest\u00e3o Ambiental (UFRJ \u2013 2020).<\/strong><\/p>\n\n\n\n<p><strong>Trabalhou na Petrobras de 1976 at\u00e9 2014, sendo os \u00faltimos 20 anos na fun\u00e7\u00e3o de coordenador de projetos de Engenharia B\u00e1sica.<\/strong><\/p>\n\n\n\n<p><strong>Desde 2003 exerce a fun\u00e7\u00e3o de instrutor em cursos de MBA na \u00e1rea de gest\u00e3o de projetos em diversas institui\u00e7\u00f5es, tais como; UFRJ, FGV, UVA, al\u00e9m de ministrar workshops para empresas como Engevix e Dinsmore-Compass entre outras. Foi um dos oito Indicados para o pr\u00eamio de \u201cMelhor professor na \u00e1rea de gest\u00e3o de projetos\u201d pelo PMI-Rio, em 2019.<\/strong><\/p>\n\n\n\n<p><strong>Como palestrante, apresentou trabalhos em v\u00e1rios semin\u00e1rios, sendo \u201ckeynote speaker\u201d no Encontro Nacional de Gest\u00e3o de Projetos na FIRJAN (RJ) em 2007. Tamb\u00e9m publica artigos periodicamente em sua p\u00e1gina no Linkedin.<\/strong><strong>Autor do livro \u201cSurfando a Terceira Onda em Gerenciamento de Projetos\u201d (Editora Brasport \u2013 2017), e co-autor em diversos outros entre os quais se destaca o t\u00edtulo \u201cComo se tornar um Profissional em Gerenciamento de Projetos\u201d, o famoso \u201clivro marrom\u201d, lan\u00e7ado em 2003 pela Qualitymark e considerado uma esp\u00e9cie de \u201cmarco zero\u201d na literatura sobre gerenciamento de projetos no Brasil. Nesta equipe esteve ao lado de nomes como Paul Dinsmore e Ricardo Vargas, refer\u00eancias mundiais na \u00e1rea.<\/strong><\/p>\n","protected":false},"excerpt":{"rendered":"<p>M\u00e1rcio \u00e9 Engenheiro eletricista (UFRGS \u2013 1975) e Mestre em Gest\u00e3o Ambiental (UFRJ \u2013 2020). Trabalhou na Petrobras de 1976 at\u00e9 2014, sendo os \u00faltimos 20 anos na fun\u00e7\u00e3o de coordenador de projetos de Engenharia B\u00e1sica. Desde 2003 exerce a fun\u00e7\u00e3o de&#8230;<\/p>\n","protected":false},"author":16,"featured_media":241,"parent":0,"menu_order":0,"comment_status":"closed","ping_status":"closed","template":"","meta":{"om_disable_all_campaigns":false,"_monsterinsights_skip_tracking":false,"_monsterinsights_sitenote_active":false,"_monsterinsights_sitenote_note":"","_monsterinsights_sitenote_category":0,"footnotes":"","_links_to":"","_links_to_target":""},"aioseo_notices":[],"_links":{"self":[{"href":"https:\/\/wisenergy.com.br\/pt_br\/wp-json\/wp\/v2\/pages\/240"}],"collection":[{"href":"https:\/\/wisenergy.com.br\/pt_br\/wp-json\/wp\/v2\/pages"}],"about":[{"href":"https:\/\/wisenergy.com.br\/pt_br\/wp-json\/wp\/v2\/types\/page"}],"author":[{"embeddable":true,"href":"https:\/\/wisenergy.com.br\/pt_br\/wp-json\/wp\/v2\/users\/16"}],"replies":[{"embeddable":true,"href":"https:\/\/wisenergy.com.br\/pt_br\/wp-json\/wp\/v2\/comments?post=240"}],"version-history":[{"count":2,"href":"https:\/\/wisenergy.com.br\/pt_br\/wp-json\/wp\/v2\/pages\/240\/revisions"}],"predecessor-version":[{"id":281,"href":"https:\/\/wisenergy.com.br\/pt_br\/wp-json\/wp\/v2\/pages\/240\/revisions\/281"}],"wp:featuredmedia":[{"embeddable":true,"href":"https:\/\/wisenergy.com.br\/pt_br\/wp-json\/wp\/v2\/media\/241"}],"wp:attachment":[{"href":"https:\/\/wisenergy.com.br\/pt_br\/wp-json\/wp\/v2\/media?parent=240"}],"curies":[{"name":"wp","href":"https:\/\/api.w.org\/{rel}","templated":true}]}}