{"id":233,"date":"2021-08-04T21:52:04","date_gmt":"2021-08-05T00:52:04","guid":{"rendered":"http:\/\/wisenergy.com.br\/?page_id=233"},"modified":"2021-08-05T10:00:52","modified_gmt":"2021-08-05T13:00:52","slug":"byron-souza-filho","status":"publish","type":"page","link":"https:\/\/wisenergy.com.br\/pt_br\/byron-souza-filho\/","title":{"rendered":"Byron Souza Filho"},"content":{"rendered":"\n<p>Byron Souza Filho \u00e9 Engenheiro Metal\u00fargico, pela UFRJ em 1986; Especialista em Engenharia de Equipamentos de O&amp;G pela Petrobras em 1988; Mestre em Ci\u00eancias pela Coppe\/UFRJ em 2001, na \u00e1rea de Engenharia de Materiais; Especialista em Tecnologias do G\u00e1s Natural, pela UFRN-UNP; Especialista em Tecnologias de Biog\u00e1s e Biometano, pelo CIBiogas em 2020.<\/p>\n\n\n\n<p>Trabalhou por 33 anos na Petrobras tendo atuado com Engenheiro de Manuten\u00e7\u00e3o e Inspe\u00e7\u00e3o de equipamentos e estruturas de Unidade de Petr\u00f3leo e G\u00e1s; Consultor S\u00eanior em Manuten\u00e7\u00e3o e Inspe\u00e7\u00e3o de dutos; Gerente de Tecnologias de Constru\u00e7\u00e3o e Montagem; Gerente de Tecnologias de Inspe\u00e7\u00e3o de Equipamentos.<\/p>\n\n\n\n<p>Ainda pela Petrobras, atuou como instrutor interno em disciplinas de Sele\u00e7\u00e3o de Materiais, Soldagem, Manuten\u00e7\u00e3o e Inspe\u00e7\u00e3o de Equipamentos, e como docente visitante, em algumas entidades de ensino, entre elas: UFF, PUC-Rio, IBP, Senai-RJ CTSolda e FAETEC, nas mesmas disciplinas.<\/p>\n\n\n\n<p>Desde a aposentadoria na Petrobras, em Jan\/2020, atua como Consultor independente em implanta\u00e7\u00e3o de tecnologias da cadeia produtiva de Petr\u00f3leo e G\u00e1s, e em estudos de viabilidade econ\u00f4mica de implanta\u00e7\u00e3o de sistemas de gera\u00e7\u00e3o de energia alternativa, com foco no Biog\u00e1s.<\/p>\n\n\n\n<p>Desde Jul\/2021 atua como professor visitante da UCP\/IPETEC, na disciplina de Inspe\u00e7\u00e3o de Equipamentos.<\/p>\n","protected":false},"excerpt":{"rendered":"<p>Byron Souza Filho \u00e9 Engenheiro Metal\u00fargico, pela UFRJ em 1986; Especialista em Engenharia de Equipamentos de O&amp;G pela Petrobras em 1988; Mestre em Ci\u00eancias pela Coppe\/UFRJ em 2001, na \u00e1rea de Engenharia de Materiais; Especialista em Tecnologias do G\u00e1s Natural, pela UFRN-UNP;&#8230;<\/p>\n","protected":false},"author":16,"featured_media":234,"parent":0,"menu_order":0,"comment_status":"closed","ping_status":"closed","template":"","meta":{"om_disable_all_campaigns":false,"_monsterinsights_skip_tracking":false,"_monsterinsights_sitenote_active":false,"_monsterinsights_sitenote_note":"","_monsterinsights_sitenote_category":0,"footnotes":"","_links_to":"","_links_to_target":""},"aioseo_notices":[],"_links":{"self":[{"href":"https:\/\/wisenergy.com.br\/pt_br\/wp-json\/wp\/v2\/pages\/233"}],"collection":[{"href":"https:\/\/wisenergy.com.br\/pt_br\/wp-json\/wp\/v2\/pages"}],"about":[{"href":"https:\/\/wisenergy.com.br\/pt_br\/wp-json\/wp\/v2\/types\/page"}],"author":[{"embeddable":true,"href":"https:\/\/wisenergy.com.br\/pt_br\/wp-json\/wp\/v2\/users\/16"}],"replies":[{"embeddable":true,"href":"https:\/\/wisenergy.com.br\/pt_br\/wp-json\/wp\/v2\/comments?post=233"}],"version-history":[{"count":2,"href":"https:\/\/wisenergy.com.br\/pt_br\/wp-json\/wp\/v2\/pages\/233\/revisions"}],"predecessor-version":[{"id":277,"href":"https:\/\/wisenergy.com.br\/pt_br\/wp-json\/wp\/v2\/pages\/233\/revisions\/277"}],"wp:featuredmedia":[{"embeddable":true,"href":"https:\/\/wisenergy.com.br\/pt_br\/wp-json\/wp\/v2\/media\/234"}],"wp:attachment":[{"href":"https:\/\/wisenergy.com.br\/pt_br\/wp-json\/wp\/v2\/media?parent=233"}],"curies":[{"name":"wp","href":"https:\/\/api.w.org\/{rel}","templated":true}]}}