{"id":228,"date":"2021-08-04T21:46:10","date_gmt":"2021-08-05T00:46:10","guid":{"rendered":"http:\/\/wisenergy.com.br\/?page_id=228"},"modified":"2021-08-05T10:05:32","modified_gmt":"2021-08-05T13:05:32","slug":"jose-alberto-bucheb","status":"publish","type":"page","link":"https:\/\/wisenergy.com.br\/pt_br\/jose-alberto-bucheb\/","title":{"rendered":"Jos\u00e9 Alberto Bucheb"},"content":{"rendered":"\n<p><strong>Jos\u00e9 Alberto Bucheb&nbsp;\u00e9 ge\u00f3logo, advogado e bacharel em administra\u00e7\u00e3o. Graduou-se em Geologia na Universidade de S\u00e3o Paulo &#8211; USP, em Direito na Universidade do Estado do Rio de Janeiro &#8211; UERJ e em Administra\u00e7\u00e3o na Universidade Federal Rural do Rio de Janeiro &#8211; UFRRJ. &nbsp;<\/strong><\/p>\n\n\n\n<p><strong>Obteve os t\u00edtulos de Mestre em Geof\u00edsica pela Universidade Federal do Par\u00e1 &#8211;&nbsp;UFPA, Mestre em Direito Internacional pela UERJ e Doutor em Ci\u00eancias pela UERJ. &nbsp;<\/strong><\/p>\n\n\n\n<p><strong>\u00c9 autor dos livros: \u201cA Arbitragem Internacional na Ind\u00fastria do Petr\u00f3leo\u201d, \u201cDireito do Petr\u00f3leo \u2013 a Regula\u00e7\u00e3o das Atividades de Explora\u00e7\u00e3o e Produ\u00e7\u00e3o de Petr\u00f3leo e G\u00e1s Natural no Brasil\u201d e de artigos t\u00e9cnicos nas \u00e1reas de Direito e de Geologia voltadas para o segmento de E&amp;P. &nbsp;<\/strong><\/p>\n\n\n\n<p><strong>Na Petrobras atuou nas \u00e1reas de Explora\u00e7\u00e3o e de Novos Neg\u00f3cios e exerceu as fun\u00e7\u00f5es de Gerente de Parcerias do Pr\u00e9-Sal e de Gerente Geral da Universidade Petrobras, entre outras.&nbsp;<\/strong><\/p>\n\n\n\n<p><strong>Desempenhou a fun\u00e7\u00e3o de docente na Petrobras e nas seguintes institui\u00e7\u00f5es: Universidade Santa \u00darsula, Universidade C\u00e2ndido Mendes, COPPE-UFRJ, FGV, FUNCEFET e IBP (Instituto Brasileiro de Petr\u00f3leo e G\u00e1s). &nbsp;<\/strong><\/p>\n\n\n\n<p><strong>Atualmente, \u00e9 s\u00f3cio da Geolagos Geologia e Engenharia Ambiental e da J. Bucheb Sociedade Ind. de Advocacia.&nbsp;<\/strong><\/p>\n","protected":false},"excerpt":{"rendered":"<p>Jos\u00e9 Alberto Bucheb&nbsp;\u00e9 ge\u00f3logo, advogado e bacharel em administra\u00e7\u00e3o. Graduou-se em Geologia na Universidade de S\u00e3o Paulo &#8211; USP, em Direito na Universidade do Estado do Rio de Janeiro &#8211; UERJ e em Administra\u00e7\u00e3o na Universidade Federal Rural do Rio de Janeiro&#8230;<\/p>\n","protected":false},"author":16,"featured_media":229,"parent":0,"menu_order":0,"comment_status":"closed","ping_status":"closed","template":"","meta":{"om_disable_all_campaigns":false,"_monsterinsights_skip_tracking":false,"_monsterinsights_sitenote_active":false,"_monsterinsights_sitenote_note":"","_monsterinsights_sitenote_category":0,"footnotes":"","_links_to":"","_links_to_target":""},"aioseo_notices":[],"_links":{"self":[{"href":"https:\/\/wisenergy.com.br\/pt_br\/wp-json\/wp\/v2\/pages\/228"}],"collection":[{"href":"https:\/\/wisenergy.com.br\/pt_br\/wp-json\/wp\/v2\/pages"}],"about":[{"href":"https:\/\/wisenergy.com.br\/pt_br\/wp-json\/wp\/v2\/types\/page"}],"author":[{"embeddable":true,"href":"https:\/\/wisenergy.com.br\/pt_br\/wp-json\/wp\/v2\/users\/16"}],"replies":[{"embeddable":true,"href":"https:\/\/wisenergy.com.br\/pt_br\/wp-json\/wp\/v2\/comments?post=228"}],"version-history":[{"count":3,"href":"https:\/\/wisenergy.com.br\/pt_br\/wp-json\/wp\/v2\/pages\/228\/revisions"}],"predecessor-version":[{"id":282,"href":"https:\/\/wisenergy.com.br\/pt_br\/wp-json\/wp\/v2\/pages\/228\/revisions\/282"}],"wp:featuredmedia":[{"embeddable":true,"href":"https:\/\/wisenergy.com.br\/pt_br\/wp-json\/wp\/v2\/media\/229"}],"wp:attachment":[{"href":"https:\/\/wisenergy.com.br\/pt_br\/wp-json\/wp\/v2\/media?parent=228"}],"curies":[{"name":"wp","href":"https:\/\/api.w.org\/{rel}","templated":true}]}}