{"id":223,"date":"2021-08-04T21:31:21","date_gmt":"2021-08-05T00:31:21","guid":{"rendered":"http:\/\/wisenergy.com.br\/?page_id=223"},"modified":"2021-10-08T17:56:42","modified_gmt":"2021-10-08T20:56:42","slug":"manoel-leopoldino-rocha-de-farias","status":"publish","type":"page","link":"https:\/\/wisenergy.com.br\/pt_br\/manoel-leopoldino-rocha-de-farias\/","title":{"rendered":"Manoel Leopoldino de Farias"},"content":{"rendered":"\n<p>Manoel Leopoldino \u00e9 Engenheiro Civil formado pela UFJF (1989). Cursou Especializa\u00e7\u00e3o em Engenharia Econ\u00f4mica na Faculdade Machado Sobrinho e na FGV (1991). Possui Mestrado em Engenharia Civil, na \u00e1rea de Estruturas, pela UFF (1995); cursou Especializa\u00e7\u00e3o em Engenharia de Petr\u00f3leo na Universidade Petrobras (2003) e \u00e9 Doutor em Engenharia Mec\u00e2nica \u2013 Petr\u00f3leo e Energia pela PUC-Rio (2013), incluindo est\u00e1gio t\u00e9cnico de um ano no Departamento de Engenharia Qu\u00edmica e Biomolecular na Rice University, em Houston (2010-11).<\/p>\n\n\n\n<p>Trabalhou como Engenheiro de Reservat\u00f3rios, com foco em campos offshores de \u00e1guas profundas, durante 17 anos na Petrobras, na Shell, na Pr\u00e9Sal Petr\u00f3leo (PPSA) e na PetroRio. Atualmente encontra-se na Eneva dedicado ao redesenvolvimento de campos maduros onshore. Tem atua\u00e7\u00e3o destacada nas \u00e1reas de gerenciamento e simula\u00e7\u00e3o de reservat\u00f3rios e reservas; em projetos de coopera\u00e7\u00e3o tecnol\u00f3gica com empresas e universidades e na coordena\u00e7\u00e3o de grupos multidisciplinares de trabalho.<\/p>\n\n\n\n<p>\u00c9 tamb\u00e9m professor de Engenharia de Reservat\u00f3rios e Simula\u00e7\u00e3o de Reservat\u00f3rios na Universidade Veiga de Almeida, desde 2014.<\/p>\n","protected":false},"excerpt":{"rendered":"<p>Manoel Leopoldino \u00e9 Engenheiro Civil formado pela UFJF (1989). Cursou Especializa\u00e7\u00e3o em Engenharia Econ\u00f4mica na Faculdade Machado Sobrinho e na FGV (1991). Possui Mestrado em Engenharia Civil, na \u00e1rea de Estruturas, pela UFF (1995); cursou Especializa\u00e7\u00e3o em Engenharia de Petr\u00f3leo na Universidade&#8230;<\/p>\n","protected":false},"author":16,"featured_media":224,"parent":0,"menu_order":0,"comment_status":"closed","ping_status":"closed","template":"","meta":{"om_disable_all_campaigns":false,"_monsterinsights_skip_tracking":false,"_monsterinsights_sitenote_active":false,"_monsterinsights_sitenote_note":"","_monsterinsights_sitenote_category":0,"footnotes":"","_links_to":"","_links_to_target":""},"aioseo_notices":[],"_links":{"self":[{"href":"https:\/\/wisenergy.com.br\/pt_br\/wp-json\/wp\/v2\/pages\/223"}],"collection":[{"href":"https:\/\/wisenergy.com.br\/pt_br\/wp-json\/wp\/v2\/pages"}],"about":[{"href":"https:\/\/wisenergy.com.br\/pt_br\/wp-json\/wp\/v2\/types\/page"}],"author":[{"embeddable":true,"href":"https:\/\/wisenergy.com.br\/pt_br\/wp-json\/wp\/v2\/users\/16"}],"replies":[{"embeddable":true,"href":"https:\/\/wisenergy.com.br\/pt_br\/wp-json\/wp\/v2\/comments?post=223"}],"version-history":[{"count":4,"href":"https:\/\/wisenergy.com.br\/pt_br\/wp-json\/wp\/v2\/pages\/223\/revisions"}],"predecessor-version":[{"id":660,"href":"https:\/\/wisenergy.com.br\/pt_br\/wp-json\/wp\/v2\/pages\/223\/revisions\/660"}],"wp:featuredmedia":[{"embeddable":true,"href":"https:\/\/wisenergy.com.br\/pt_br\/wp-json\/wp\/v2\/media\/224"}],"wp:attachment":[{"href":"https:\/\/wisenergy.com.br\/pt_br\/wp-json\/wp\/v2\/media?parent=223"}],"curies":[{"name":"wp","href":"https:\/\/api.w.org\/{rel}","templated":true}]}}