{"id":1892,"date":"2022-07-08T09:17:57","date_gmt":"2022-07-08T12:17:57","guid":{"rendered":"https:\/\/wisenergy.com.br\/?page_id=1892"},"modified":"2022-07-09T18:09:28","modified_gmt":"2022-07-09T21:09:28","slug":"luiz-fernando-almeida-fontenele","status":"publish","type":"page","link":"https:\/\/wisenergy.com.br\/pt_br\/luiz-fernando-almeida-fontenele\/","title":{"rendered":"Luiz Fernando Almeida Fontenele"},"content":{"rendered":"\n<p>Luiz Fernando Almeida Fontenele&nbsp;possui gradua\u00e7\u00e3o em Engenharia El\u00e9trica pela Universidade Federal do Cear\u00e1 (UFC, 2010), com distin\u00e7\u00e3o acad\u00eamica Magna Cum Laude, e fez gradua\u00e7\u00e3o sandu\u00edche em G\u00e9nie Electrique no Institut National des Sciences Appliqu\u00e9es de Lyon (INSA Lyon, 2010). Possui mestrado na \u00e1rea de Energia Solar Fotovoltaica, pela Universidade de S\u00e3o Paulo (USP, 2018). Desde 2013, trabalha com projetos de Pesquisa, Desenvolvimento e Inova\u00e7\u00e3o no Centro de Pesquisas da Petrobras, na \u00e1rea de gera\u00e7\u00e3o de energia el\u00e9trica, com foco em gera\u00e7\u00e3o fotovoltaica.&nbsp;<\/p>\n","protected":false},"excerpt":{"rendered":"<p>Luiz Fernando Almeida Fontenele&nbsp;possui gradua\u00e7\u00e3o em Engenharia El\u00e9trica pela Universidade Federal do Cear\u00e1 (UFC, 2010), com distin\u00e7\u00e3o acad\u00eamica Magna Cum Laude, e fez gradua\u00e7\u00e3o sandu\u00edche em G\u00e9nie Electrique no Institut National des Sciences Appliqu\u00e9es de Lyon (INSA Lyon, 2010). Possui mestrado na&#8230;<\/p>\n","protected":false},"author":16,"featured_media":1911,"parent":0,"menu_order":0,"comment_status":"closed","ping_status":"closed","template":"","meta":{"om_disable_all_campaigns":false,"_monsterinsights_skip_tracking":false,"_monsterinsights_sitenote_active":false,"_monsterinsights_sitenote_note":"","_monsterinsights_sitenote_category":0,"footnotes":"","_links_to":"","_links_to_target":""},"aioseo_notices":[],"_links":{"self":[{"href":"https:\/\/wisenergy.com.br\/pt_br\/wp-json\/wp\/v2\/pages\/1892"}],"collection":[{"href":"https:\/\/wisenergy.com.br\/pt_br\/wp-json\/wp\/v2\/pages"}],"about":[{"href":"https:\/\/wisenergy.com.br\/pt_br\/wp-json\/wp\/v2\/types\/page"}],"author":[{"embeddable":true,"href":"https:\/\/wisenergy.com.br\/pt_br\/wp-json\/wp\/v2\/users\/16"}],"replies":[{"embeddable":true,"href":"https:\/\/wisenergy.com.br\/pt_br\/wp-json\/wp\/v2\/comments?post=1892"}],"version-history":[{"count":2,"href":"https:\/\/wisenergy.com.br\/pt_br\/wp-json\/wp\/v2\/pages\/1892\/revisions"}],"predecessor-version":[{"id":1894,"href":"https:\/\/wisenergy.com.br\/pt_br\/wp-json\/wp\/v2\/pages\/1892\/revisions\/1894"}],"wp:featuredmedia":[{"embeddable":true,"href":"https:\/\/wisenergy.com.br\/pt_br\/wp-json\/wp\/v2\/media\/1911"}],"wp:attachment":[{"href":"https:\/\/wisenergy.com.br\/pt_br\/wp-json\/wp\/v2\/media?parent=1892"}],"curies":[{"name":"wp","href":"https:\/\/api.w.org\/{rel}","templated":true}]}}