{"id":1886,"date":"2022-07-08T09:14:08","date_gmt":"2022-07-08T12:14:08","guid":{"rendered":"https:\/\/wisenergy.com.br\/?page_id=1886"},"modified":"2022-12-14T19:11:46","modified_gmt":"2022-12-14T22:11:46","slug":"fundamentos-de-energia-solar","status":"publish","type":"page","link":"https:\/\/wisenergy.com.br\/pt_br\/fundamentos-de-energia-solar\/","title":{"rendered":"FUNDAMENTOS DE ENERGIA SOLAR"},"content":{"rendered":"\n<div class=\"wp-block-columns is-layout-flex wp-container-core-columns-is-layout-1 wp-block-columns-is-layout-flex\">\n<div class=\"wp-block-column is-layout-flow wp-block-column-is-layout-flow\" style=\"flex-basis:65%\">\n<p><strong>\u00c1rea do Conhecimento: <\/strong>Energias Renov\u00e1veis<\/p>\n\n\n\n<p><strong>Professor: <\/strong> &nbsp;Luiz Fernando Almeida Fontenele, M.Sc <\/p>\n\n\n\n<p><strong>N\u00edvel:<\/strong> Introdut\u00f3rio<\/p>\n\n\n\n<p><strong>Requisito B\u00e1sico: <\/strong>N\u00e3o requerido<\/p>\n<\/div>\n\n\n\n<div class=\"wp-block-column has-white-background-color has-text-color has-background is-layout-flow wp-block-column-is-layout-flow\" style=\"color:#0f5c93;flex-basis:35%\">\n<figure class=\"wp-block-table is-style-stripes\"><table><tbody><tr><td><strong>Dura\u00e7\u00e3o: <\/strong><\/td><td><strong>3 horas<\/strong><\/td><\/tr><tr><td><\/td><td><\/td><\/tr><tr><td><\/td><td><\/td><\/tr><\/tbody><\/table><\/figure>\n\n\n\n<div class=\"wp-block-buttons is-layout-flex wp-block-buttons-is-layout-flex\">\n<div class=\"wp-block-button has-custom-width wp-block-button__width-75 is-style-fill\"><a class=\"wp-block-button__link has-luminous-vivid-orange-background-color has-background wp-element-button\" href=\"https:\/\/wisenergy.com.br\/pre-inscricao-para-o-curso-de-fundamentos-de-energia-solar\/\" target=\"_blank\" rel=\"noreferrer noopener\">Fa\u00e7a sua pr\u00e9-inscri\u00e7\u00e3o gr\u00e1tis<\/a><\/div>\n<\/div>\n<\/div>\n<\/div>\n\n\n\n<p class=\"has-white-color has-text-color has-background\" style=\"background-color:#00b6b5\"><strong>OBJETIVO<\/strong><\/p>\n\n\n\n<p>Transmitir conhecimentos sobre: a evolu\u00e7\u00e3o da gera\u00e7\u00e3o de energia solar no Brasil e no mundo; apreendendo sobre os sistemas quanto \u00e0 sua estrutura b\u00e1sica e componentes, c\u00e9lulas e inversores fotovoltaicos e estruturas de suporte;  procedimentos para estimar de forma simplificada a gera\u00e7\u00e3o de energia por fonte solar.<\/p>\n\n\n\n<div style=\"height:40px\" aria-hidden=\"true\" class=\"wp-block-spacer\"><\/div>\n\n\n\n<p class=\"has-white-color has-text-color has-background\" style=\"background-color:#00b6b5\"><strong>PUBLICO-ALVO<\/strong><\/p>\n\n\n\n<p>O curso \u00e9 destinado a engenheiros e profissionais que desejam ingressar no setor energias renov\u00e1veis, em especial na gera\u00e7\u00e3o de energia ou aprofundar seus conhecimentos sobre tal forma de gera\u00e7\u00e3o de energia.<\/p>\n\n\n\n<div style=\"height:40px\" aria-hidden=\"true\" class=\"wp-block-spacer\"><\/div>\n\n\n\n<p class=\"has-white-color has-text-color has-background\" style=\"background-color:#00b6b5\"><strong>EMENTA<\/strong><\/p>\n\n\n\n<div class=\"wp-block-columns is-layout-flex wp-container-core-columns-is-layout-2 wp-block-columns-is-layout-flex\">\n<div class=\"wp-block-column is-layout-flow wp-block-column-is-layout-flow\" style=\"flex-basis:66.66%\">\n<ul>\n<li>Recurso solar\n<ul>\n<li>Radia\u00e7\u00e3o solar<\/li>\n\n\n\n<li>Distribui\u00e7\u00e3o geogr\u00e1fica<\/li>\n\n\n\n<li>Geometria solar<\/li>\n\n\n\n<li>Cartas solares<\/li>\n\n\n\n<li>Aplicativos<\/li>\n<\/ul>\n<\/li>\n\n\n\n<li>Panorama da energia solar fotovoltaica\n<ul>\n<li>Hist\u00f3rico no mundo e no Brasil<\/li>\n\n\n\n<li>Evolu\u00e7\u00e3o da tecnologia<\/li>\n\n\n\n<li>Evolu\u00e7\u00e3o dos pre\u00e7os<\/li>\n\n\n\n<li>Gera\u00e7\u00e3o Centralizada (GC) e Gera\u00e7\u00e3o Distribu\u00edda (GD) no Brasil<\/li>\n<\/ul>\n<\/li>\n\n\n\n<li>Sistemas fotovoltaicos\n<ul>\n<li>Classifica\u00e7\u00e3o<\/li>\n\n\n\n<li>Estrutura b\u00e1sica<\/li>\n\n\n\n<li>Componentes<\/li>\n\n\n\n<li>C\u00e9lulas fotovoltaicas<\/li>\n\n\n\n<li>M\u00f3dulos fotovoltaicos<\/li>\n\n\n\n<li>Estruturas de suporte<\/li>\n\n\n\n<li>Inversores fotovoltaicos<\/li>\n<\/ul>\n<\/li>\n\n\n\n<li>Metodologia simplificada de estimativa de produ\u00e7\u00e3o de energia\n<ul>\n<li>Teoria<\/li>\n\n\n\n<li>Exemplos<\/li>\n<\/ul>\n<\/li>\n<\/ul>\n<\/div>\n\n\n\n<div class=\"wp-block-column is-layout-flow wp-block-column-is-layout-flow\" style=\"flex-basis:33.33%\">\n<figure class=\"wp-block-image size-large\"><img loading=\"lazy\" decoding=\"async\" width=\"1024\" height=\"1024\" src=\"https:\/\/wisenergy.com.br\/wp-content\/uploads\/2022\/07\/Capa-do-curso-1024x1024.png\" alt=\"\" class=\"wp-image-1887\" srcset=\"https:\/\/wisenergy.com.br\/wp-content\/uploads\/2022\/07\/Capa-do-curso-1024x1024.png 1024w, https:\/\/wisenergy.com.br\/wp-content\/uploads\/2022\/07\/Capa-do-curso-300x300.png 300w, https:\/\/wisenergy.com.br\/wp-content\/uploads\/2022\/07\/Capa-do-curso-150x150.png 150w, https:\/\/wisenergy.com.br\/wp-content\/uploads\/2022\/07\/Capa-do-curso-768x768.png 768w, https:\/\/wisenergy.com.br\/wp-content\/uploads\/2022\/07\/Capa-do-curso-12x12.png 12w, https:\/\/wisenergy.com.br\/wp-content\/uploads\/2022\/07\/Capa-do-curso.png 1080w\" sizes=\"(max-width: 1024px) 100vw, 1024px\" \/><\/figure>\n<\/div>\n<\/div>\n\n\n\n<div style=\"height:40px\" aria-hidden=\"true\" class=\"wp-block-spacer\"><\/div>\n\n\n\n<p class=\"has-white-color has-text-color has-background\" style=\"background-color:#00b6b5\"><strong>CERTIFICADO<\/strong><\/p>\n\n\n\n<p>Certificado emitido na conclus\u00e3o do curso.<\/p>\n\n\n\n<div style=\"height:40px\" aria-hidden=\"true\" class=\"wp-block-spacer\"><\/div>\n\n\n\n<p class=\"has-white-color has-text-color has-background\" style=\"background-color:#00b6b5\">PROFESSOR<\/p>\n\n\n\n<div class=\"wp-block-columns is-layout-flex wp-container-core-columns-is-layout-3 wp-block-columns-is-layout-flex\">\n<div class=\"wp-block-column is-layout-flow wp-block-column-is-layout-flow\" style=\"flex-basis:33.33%\">\n<figure class=\"wp-block-image size-large\"><img decoding=\"async\" src=\"https:\/\/wisenergy.com.br\/wp-content\/uploads\/2022\/07\/2-1024x1024.png\" alt=\"\" class=\"wp-image-1888\"\/><\/figure>\n<\/div>\n\n\n\n<div class=\"wp-block-column is-layout-flow wp-block-column-is-layout-flow\" style=\"flex-basis:66.66%\">\n<p>Luiz Fernando Almeida Fontenele, M.Sc, possui gradua\u00e7\u00e3o em Engenharia El\u00e9trica pela Universidade Federal do Cear\u00e1 (UFC, 2010), com distin\u00e7\u00e3o acad\u00eamica Magna Cum Laude, e fez gradua\u00e7\u00e3o sandu\u00edche em G\u00e9nie Electrique no Institut National des Sciences Appliqu\u00e9es de Lyon (INSA Lyon, 2010). Possui mestrado na \u00e1rea de Energia Solar Fotovoltaica, pela Universidade de S\u00e3o Paulo (USP, 2018). Desde 2013, trabalha com projetos de Pesquisa, Desenvolvimento e Inova\u00e7\u00e3o no Centro de Pesquisas da Petrobras, na \u00e1rea de gera\u00e7\u00e3o de energia el\u00e9trica, com foco em gera\u00e7\u00e3o fotovoltaica.&nbsp;<\/p>\n<\/div>\n<\/div>\n","protected":false},"excerpt":{"rendered":"<p>\u00c1rea do Conhecimento: Energias Renov\u00e1veis Professor: &nbsp;Luiz Fernando Almeida Fontenele, M.Sc N\u00edvel: Introdut\u00f3rio Requisito B\u00e1sico: N\u00e3o requerido Dura\u00e7\u00e3o: 3 horas OBJETIVO Transmitir conhecimentos sobre: a evolu\u00e7\u00e3o da gera\u00e7\u00e3o de energia solar no Brasil e no mundo; apreendendo sobre os sistemas quanto \u00e0&#8230;<\/p>\n","protected":false},"author":16,"featured_media":1887,"parent":0,"menu_order":0,"comment_status":"closed","ping_status":"closed","template":"","meta":{"om_disable_all_campaigns":false,"_monsterinsights_skip_tracking":false,"_monsterinsights_sitenote_active":false,"_monsterinsights_sitenote_note":"","_monsterinsights_sitenote_category":0,"footnotes":"","_links_to":"","_links_to_target":""},"aioseo_notices":[],"_links":{"self":[{"href":"https:\/\/wisenergy.com.br\/pt_br\/wp-json\/wp\/v2\/pages\/1886"}],"collection":[{"href":"https:\/\/wisenergy.com.br\/pt_br\/wp-json\/wp\/v2\/pages"}],"about":[{"href":"https:\/\/wisenergy.com.br\/pt_br\/wp-json\/wp\/v2\/types\/page"}],"author":[{"embeddable":true,"href":"https:\/\/wisenergy.com.br\/pt_br\/wp-json\/wp\/v2\/users\/16"}],"replies":[{"embeddable":true,"href":"https:\/\/wisenergy.com.br\/pt_br\/wp-json\/wp\/v2\/comments?post=1886"}],"version-history":[{"count":5,"href":"https:\/\/wisenergy.com.br\/pt_br\/wp-json\/wp\/v2\/pages\/1886\/revisions"}],"predecessor-version":[{"id":10117,"href":"https:\/\/wisenergy.com.br\/pt_br\/wp-json\/wp\/v2\/pages\/1886\/revisions\/10117"}],"wp:featuredmedia":[{"embeddable":true,"href":"https:\/\/wisenergy.com.br\/pt_br\/wp-json\/wp\/v2\/media\/1887"}],"wp:attachment":[{"href":"https:\/\/wisenergy.com.br\/pt_br\/wp-json\/wp\/v2\/media?parent=1886"}],"curies":[{"name":"wp","href":"https:\/\/api.w.org\/{rel}","templated":true}]}}