{"id":1837,"date":"2022-06-20T15:16:18","date_gmt":"2022-06-20T18:16:18","guid":{"rendered":"https:\/\/wisenergy.com.br\/?page_id=1837"},"modified":"2022-09-28T10:02:20","modified_gmt":"2022-09-28T13:02:20","slug":"inspecao-industrial-com-uso-de-drones","status":"publish","type":"page","link":"https:\/\/wisenergy.com.br\/pt_br\/inspecao-industrial-com-uso-de-drones\/","title":{"rendered":"Inspe\u00e7\u00e3o Industrial com uso de Drones"},"content":{"rendered":"\n<div class=\"wp-block-columns is-layout-flex wp-container-core-columns-is-layout-1 wp-block-columns-is-layout-flex\">\n<div class=\"wp-block-column is-layout-flow wp-block-column-is-layout-flow\" style=\"flex-basis:65%\">\n<p><strong>\u00c1rea do Conhecimento: <\/strong>Temas Transversais<\/p>\n\n\n\n<p><strong>Professor: <\/strong>Byron Souza Filho e Felipe Calixto Reis<\/p>\n\n\n\n<p><strong>N\u00edvel:<\/strong> Introdut\u00f3rio para Operadores, T\u00e9cnicos, Engenheiros e Estudantes<\/p>\n\n\n\n<p><strong>Modalidade:<\/strong> Online<\/p>\n\n\n\n<p><strong>Requisito B\u00e1sico: <\/strong>N\u00e3o requerido<\/p>\n\n\n\n<p><strong>Faturamento para empresas<\/strong>: contato@wisenergy.com.br<\/p>\n<\/div>\n\n\n\n<div class=\"wp-block-column has-white-background-color has-text-color has-background is-layout-flow wp-block-column-is-layout-flow\" style=\"color:#0f5c93;flex-basis:35%\">\n<figure class=\"wp-block-table is-style-stripes\"><table><tbody><tr><td><strong>Dura\u00e7\u00e3o: <\/strong><\/td><td><strong>8 horas<\/strong><\/td><\/tr><tr><td><strong>Data:<\/strong><\/td><td><strong>03 de outubro de 2022 <\/strong><\/td><\/tr><tr><td><strong>Promo\u00e7\u00e3o de lan\u00e7amento: <\/strong><\/td><td><strong>3 x de R$ 299,67<\/strong><\/td><\/tr><\/tbody><\/table><\/figure>\n\n\n\n<div class=\"wp-block-buttons is-horizontal is-content-justification-center is-layout-flex wp-container-core-buttons-is-layout-1 wp-block-buttons-is-layout-flex\">\n<div class=\"wp-block-button has-custom-width wp-block-button__width-75 is-style-fill\"><a class=\"wp-block-button__link has-background\" href=\"https:\/\/pag.ae\/7YBQM62CR\" style=\"background-color:#f7941d\" target=\"_blank\" rel=\"noreferrer noopener\">Fa\u00e7a sua inscri\u00e7\u00e3o<\/a><\/div>\n<\/div>\n<\/div>\n<\/div>\n\n\n\n<p class=\"has-white-color has-text-color has-background\" style=\"background-color:#00b6b5\"><strong>OBJETIVO<\/strong><\/p>\n\n\n\n<p>Transmitir os conhecimentos b\u00e1sicos sobre as t\u00e9cnicas de inspe\u00e7\u00e3o industrial que podem ser executadas com aux\u00edlio de Drones, ou VANTs (Ve\u00edculos a\u00e9reos n\u00e3o tripulados), ou ainda RPAs (Remotely Piloted Aircraft). Identificar que tipos de danos em que tipo de equipamento ou estrutura essa metodologia pode ser empregada. Capacitar o aluno a planejar uma opera\u00e7\u00e3o de inspe\u00e7\u00e3o por Drone em \u00e1reas industriais.<\/p>\n\n\n\n<div style=\"height:40px\" aria-hidden=\"true\" class=\"wp-block-spacer\"><\/div>\n\n\n\n<p class=\"has-white-color has-text-color has-background\" style=\"background-color:#00b6b5\"><strong>PUBLICO-ALVO<\/strong><\/p>\n\n\n\n<p>Inspetores de equipamentos, ou seja, t\u00e9cnicos e engenheiros ligados a atividade de inspe\u00e7\u00e3o de equipamentos, al\u00e9m de Engenheiros e T\u00e9cnicos de Seguran\u00e7a com envolvimento na atividade de Inspe\u00e7\u00e3o por drones.<\/p>\n\n\n\n<div style=\"height:40px\" aria-hidden=\"true\" class=\"wp-block-spacer\"><\/div>\n\n\n\n<p class=\"has-white-color has-text-color has-background\" style=\"background-color:#00b6b5\"><strong>EMENTA<\/strong><\/p>\n\n\n\n<div class=\"wp-block-columns is-layout-flex wp-container-core-columns-is-layout-2 wp-block-columns-is-layout-flex\">\n<div class=\"wp-block-column is-layout-flow wp-block-column-is-layout-flow\" style=\"flex-basis:66.66%\">\n<p>\u2022 <strong>Revis\u00e3o de Mecanismos de Deteriora\u00e7\u00e3o de Materiais:<\/strong> vamos recapitular os principais processos de degrada\u00e7\u00e3o dos materiais empregados nos equipamentos e estruturas de unidades industriais, com o foco na integridade estrutural dos componentes analisados;<\/p>\n\n\n\n<p>\u2022 <strong>T\u00e9cnicas de Ensaios N\u00e3o Destrutivos e monitoramento de danos:<\/strong> Vamos abordar sobre as principais t\u00e9cnicas de ensaios n\u00e3o destrutivos empregadas na detec\u00e7\u00e3o e dimensionamento de defeitos nos componentes analisados, que v\u00e3o permitir uma avalia\u00e7\u00e3o de vida remanescente e o estabelecimento de a\u00e7\u00f5es de corre\u00e7\u00e3o ou preven\u00e7\u00e3o de danos;<\/p>\n\n\n\n<p>\u2022 <strong>T\u00e9cnicas de Ensaios N\u00e3o Destrutivos e digitaliza\u00e7\u00e3o de dados aplic\u00e1veis a drones<\/strong>: Focaremos as t\u00e9cnicas de Ensaios N\u00e3o Destrutivos aplic\u00e1veis a ve\u00edculos a\u00e9reos n\u00e3o tripulados (VANTS), com direcionamento para as t\u00e9cnicas que possam ser embarcadas em ve\u00edculos acess\u00edveis no mercado nacional, e habilitados para as tarefas de inspe\u00e7\u00e3o;<\/p>\n\n\n\n<p>\u2022 <strong>Tratamento dos dados das inspe\u00e7\u00f5es e gera\u00e7\u00e3o de relat\u00f3rios: <\/strong>Abordaremos o processo de coleta, interpreta\u00e7\u00e3o, an\u00e1lise e sele\u00e7\u00e3o dos dados relevantes para o diagnostico preciso da inspe\u00e7\u00e3o do componente a ser avaliado atendendo aos requisitos de projeto para cada unidade industrial;<\/p>\n\n\n\n<p>\u2022 <strong>Aspectos normativos da Inspe\u00e7\u00e3o industrial por Drones: <\/strong>faremos uma verifica\u00e7\u00e3o de enquadramento das Normas empregadas nos processos de ENDs usuais e suas particularidades quando aplic\u00e1veis na inspe\u00e7\u00e3o por drones;<\/p>\n\n\n\n<p>\u2022 <strong>Processo de Certifica\u00e7\u00e3o de Inspetores que utilizam drones:<\/strong> por fim falaremos do processo de certifica\u00e7\u00e3o de pessoal para Ensaios N\u00e3o Destrutivos convencional e as especificidades quando as inspe\u00e7\u00f5es forem realizadas com emprego de drones.<\/p>\n<\/div>\n\n\n\n<div class=\"wp-block-column is-layout-flow wp-block-column-is-layout-flow\" style=\"flex-basis:33.33%\">\n<figure class=\"wp-block-image size-large\"><img loading=\"lazy\" decoding=\"async\" width=\"1024\" height=\"1024\" src=\"https:\/\/wisenergy.com.br\/wp-content\/uploads\/2022\/06\/drone-1024x1024.png\" alt=\"\" class=\"wp-image-1838\" srcset=\"https:\/\/wisenergy.com.br\/wp-content\/uploads\/2022\/06\/drone-1024x1024.png 1024w, https:\/\/wisenergy.com.br\/wp-content\/uploads\/2022\/06\/drone-300x300.png 300w, https:\/\/wisenergy.com.br\/wp-content\/uploads\/2022\/06\/drone-150x150.png 150w, https:\/\/wisenergy.com.br\/wp-content\/uploads\/2022\/06\/drone-768x768.png 768w, https:\/\/wisenergy.com.br\/wp-content\/uploads\/2022\/06\/drone.png 1080w\" sizes=\"(max-width: 1024px) 100vw, 1024px\" \/><\/figure>\n<\/div>\n<\/div>\n\n\n\n<div style=\"height:40px\" aria-hidden=\"true\" class=\"wp-block-spacer\"><\/div>\n\n\n\n<p class=\"has-white-color has-text-color has-background\" style=\"background-color:#00b6b5\"><strong>CERTIFICADO<\/strong><\/p>\n\n\n\n<p>Certificado emitido na conclus\u00e3o do curso.<\/p>\n\n\n\n<div style=\"height:40px\" aria-hidden=\"true\" class=\"wp-block-spacer\"><\/div>\n\n\n\n<p class=\"has-white-color has-text-color has-background\" style=\"background-color:#00b6b5\">PROFESSOR<\/p>\n\n\n\n<div class=\"wp-block-columns is-layout-flex wp-container-core-columns-is-layout-3 wp-block-columns-is-layout-flex\">\n<div class=\"wp-block-column is-layout-flow wp-block-column-is-layout-flow\" style=\"flex-basis:33.33%\">\n<figure class=\"wp-block-image size-large\"><img loading=\"lazy\" decoding=\"async\" width=\"1024\" height=\"1024\" src=\"https:\/\/wisenergy.com.br\/wp-content\/uploads\/2022\/06\/Byron-fundo-transparente-1024x1024.png\" alt=\"\" class=\"wp-image-1856\" srcset=\"https:\/\/wisenergy.com.br\/wp-content\/uploads\/2022\/06\/Byron-fundo-transparente-1024x1024.png 1024w, https:\/\/wisenergy.com.br\/wp-content\/uploads\/2022\/06\/Byron-fundo-transparente-300x300.png 300w, https:\/\/wisenergy.com.br\/wp-content\/uploads\/2022\/06\/Byron-fundo-transparente-150x150.png 150w, https:\/\/wisenergy.com.br\/wp-content\/uploads\/2022\/06\/Byron-fundo-transparente-768x768.png 768w, https:\/\/wisenergy.com.br\/wp-content\/uploads\/2022\/06\/Byron-fundo-transparente.png 1080w\" sizes=\"(max-width: 1024px) 100vw, 1024px\" \/><\/figure>\n<\/div>\n\n\n\n<div class=\"wp-block-column is-layout-flow wp-block-column-is-layout-flow\" style=\"flex-basis:66.66%\">\n<p><strong>Byron Souza Filho, Ms.C.<\/strong><\/p>\n\n\n\n<p>Byron Souza Filho \u00e9 Engenheiro Metal\u00fargico, pela UFRJ em 1986; Especialista em Engenharia de Equipamentos de O&amp;G, pela Petrobras em 1988; Mestre em Ci\u00eancias pela UFRJ\/COPPE\/PEMM em 2001, na \u00e1rea de Mecanica da Fratura; Especialista em Tecnologias do G\u00e1s Natural, pela UFRN e UNP; Especialista em Tecnologias de Biog\u00e1s e Biometano, pelo CIBiogas em 2020; atualmente cursando Doutorado na UFRJ\/COPPE\/PEMM, na \u00e1rea de ENDs eletromagn\u00e9ticos.<\/p>\n\n\n\n<p>Trabalhou por 33 anos na Petrobras tendo atuado com Engenheiro de Manuten\u00e7\u00e3o e Inspe\u00e7\u00e3o de equipamentos e estruturas de Unidade de Petr\u00f3leo e G\u00e1s; por 15 anos atuou como Consultor S\u00eanior em Manuten\u00e7\u00e3o e Inspe\u00e7\u00e3o de dutos; e se aposentou quando estava na posi\u00e7\u00e3o de Gerente de Tecnologias de Inspe\u00e7\u00e3o de Equipamentos.<\/p>\n\n\n\n<p>Ainda pela Petrobras, atuou como instrutor interno em disciplinas de Sele\u00e7\u00e3o de Materiais, Soldagem, Manuten\u00e7\u00e3o e Inspe\u00e7\u00e3o de Equipamentos, e como docente visitante, em algumas entidades de ensino, entre elas: UFF, PUC-Rio, IBP, Senai-RJ CTSolda e FAETEC, nas mesmas disciplinas.<\/p>\n\n\n\n<p>Desde a aposentadoria na Petrobras, em Jan\/2020, atua como Consultor independente em Inspe\u00e7\u00e3o de equipamentos e estudos de integridade estrutural de equipamentos e estruturas para a ind\u00fastria em geral.<\/p>\n<\/div>\n<\/div>\n\n\n\n<div class=\"wp-block-columns is-layout-flex wp-container-core-columns-is-layout-4 wp-block-columns-is-layout-flex\">\n<div class=\"wp-block-column is-layout-flow wp-block-column-is-layout-flow\" style=\"flex-basis:33.33%\">\n<figure class=\"wp-block-image size-large\"><img loading=\"lazy\" decoding=\"async\" width=\"1024\" height=\"1024\" src=\"https:\/\/wisenergy.com.br\/wp-content\/uploads\/2022\/07\/Design-sem-nome-12-1024x1024.png\" alt=\"\" class=\"wp-image-1923\" srcset=\"https:\/\/wisenergy.com.br\/wp-content\/uploads\/2022\/07\/Design-sem-nome-12-1024x1024.png 1024w, https:\/\/wisenergy.com.br\/wp-content\/uploads\/2022\/07\/Design-sem-nome-12-300x300.png 300w, https:\/\/wisenergy.com.br\/wp-content\/uploads\/2022\/07\/Design-sem-nome-12-150x150.png 150w, https:\/\/wisenergy.com.br\/wp-content\/uploads\/2022\/07\/Design-sem-nome-12-768x768.png 768w, https:\/\/wisenergy.com.br\/wp-content\/uploads\/2022\/07\/Design-sem-nome-12-12x12.png 12w, https:\/\/wisenergy.com.br\/wp-content\/uploads\/2022\/07\/Design-sem-nome-12.png 1080w\" sizes=\"(max-width: 1024px) 100vw, 1024px\" \/><\/figure>\n<\/div>\n\n\n\n<div class=\"wp-block-column is-layout-flow wp-block-column-is-layout-flow\" style=\"flex-basis:66.66%\">\n<p><strong>Felipe Calixto Reis<\/strong><\/p>\n\n\n\n<p>\u00c9 Oficial do Ex\u00e9rcito Brasileiro, empres\u00e1rio e fundador do ITARC, formado na Universidade Gama Filho em 2012 em automa\u00e7\u00e3o industrial; e Especialista em Gest\u00e3o de Projetos de Sistemas A\u00e9reos n\u00e3o Tripulados, pela Unmanned Vehicle University em 2014.<\/p>\n\n\n\n<p>Ap\u00f3s 9 anos nas For\u00e7as Armadas, iniciou o projeto que originou o Instituto de Tecnologia Aeron\u00e1utica Remotamente Controlada \u2013 ITARC, no qual vem atuando j\u00e1 h\u00e1 10 anos como CEO, desenvolvendo metodologias e conte\u00fados de capacita\u00e7\u00e3o para o mercado profissional de Sistemas A\u00e9reos n\u00e3o Tripulados. Juntamente com as miss\u00f5es do Instituto, atuou por 03 anos como docente na PUC\/ PR no Curso de Especializa\u00e7\u00e3o, Drones e RPAS em Aplica\u00e7\u00f5es Civis e Comerciais, primeira p\u00f3s gradua\u00e7\u00e3o no pa\u00eds que tratou do tema, sendo respons\u00e1vel pelas disciplinas de Opera\u00e7\u00f5es de drones e Sistemas Embarcados.<\/p>\n\n\n\n<p>Desde 2013, al\u00e9m de conduzir o desenvolvimento dos processos pedag\u00f3gicos pelo ITARC, tamb\u00e9m coordena os cursos de Opera\u00e7\u00e3o de seguran\u00e7a com RPAS, Manuten\u00e7\u00e3o, Pilotagem e Opera\u00e7\u00e3o, Legisla\u00e7\u00e3o (ICA , Empreendedorismo, Sistemas embarcados e Fundamentos da telemetria).<\/p>\n<\/div>\n<\/div>\n","protected":false},"excerpt":{"rendered":"<p>\u00c1rea do Conhecimento: Temas Transversais Professor: Byron Souza Filho e Felipe Calixto Reis N\u00edvel: Introdut\u00f3rio para Operadores, T\u00e9cnicos, Engenheiros e Estudantes Modalidade: Online Requisito B\u00e1sico: N\u00e3o requerido Faturamento para empresas: contato@wisenergy.com.br Dura\u00e7\u00e3o: 8 horas Data: 03 de outubro de 2022 Promo\u00e7\u00e3o de&#8230;<\/p>\n","protected":false},"author":16,"featured_media":1838,"parent":0,"menu_order":0,"comment_status":"closed","ping_status":"closed","template":"","meta":{"om_disable_all_campaigns":false,"_monsterinsights_skip_tracking":false,"_monsterinsights_sitenote_active":false,"_monsterinsights_sitenote_note":"","_monsterinsights_sitenote_category":0,"footnotes":"","_links_to":"","_links_to_target":""},"aioseo_notices":[],"_links":{"self":[{"href":"https:\/\/wisenergy.com.br\/pt_br\/wp-json\/wp\/v2\/pages\/1837"}],"collection":[{"href":"https:\/\/wisenergy.com.br\/pt_br\/wp-json\/wp\/v2\/pages"}],"about":[{"href":"https:\/\/wisenergy.com.br\/pt_br\/wp-json\/wp\/v2\/types\/page"}],"author":[{"embeddable":true,"href":"https:\/\/wisenergy.com.br\/pt_br\/wp-json\/wp\/v2\/users\/16"}],"replies":[{"embeddable":true,"href":"https:\/\/wisenergy.com.br\/pt_br\/wp-json\/wp\/v2\/comments?post=1837"}],"version-history":[{"count":13,"href":"https:\/\/wisenergy.com.br\/pt_br\/wp-json\/wp\/v2\/pages\/1837\/revisions"}],"predecessor-version":[{"id":4979,"href":"https:\/\/wisenergy.com.br\/pt_br\/wp-json\/wp\/v2\/pages\/1837\/revisions\/4979"}],"wp:featuredmedia":[{"embeddable":true,"href":"https:\/\/wisenergy.com.br\/pt_br\/wp-json\/wp\/v2\/media\/1838"}],"wp:attachment":[{"href":"https:\/\/wisenergy.com.br\/pt_br\/wp-json\/wp\/v2\/media?parent=1837"}],"curies":[{"name":"wp","href":"https:\/\/api.w.org\/{rel}","templated":true}]}}