{"id":1744,"date":"2022-03-30T11:44:24","date_gmt":"2022-03-30T14:44:24","guid":{"rendered":"https:\/\/wisenergy.com.br\/?page_id=1744"},"modified":"2022-03-30T14:19:14","modified_gmt":"2022-03-30T17:19:14","slug":"turbina-a-gas","status":"publish","type":"page","link":"https:\/\/wisenergy.com.br\/pt_br\/turbina-a-gas\/","title":{"rendered":"Turbina a G\u00e1s"},"content":{"rendered":"\n<div class=\"wp-block-columns is-layout-flex wp-container-core-columns-is-layout-1 wp-block-columns-is-layout-flex\">\n<div class=\"wp-block-column is-layout-flow wp-block-column-is-layout-flow\" style=\"flex-basis:65%\">\n<p><strong>\u00c1rea do Conhecimento: <\/strong>Energia<\/p>\n\n\n\n<p><strong>Professor: <\/strong> Jos\u00e9 Biruel Jr <\/p>\n\n\n\n<p><strong>N\u00edvel:<\/strong> Intermedi\u00e1rio<\/p>\n\n\n\n<p><strong>Requisito B\u00e1sico: <\/strong>N\u00e3o requerido<\/p>\n<\/div>\n\n\n\n<div class=\"wp-block-column has-white-background-color has-text-color has-background is-layout-flow wp-block-column-is-layout-flow\" style=\"color:#0f5c93;flex-basis:35%\">\n<figure class=\"wp-block-table is-style-stripes\"><table><tbody><tr><td><strong>Dura\u00e7\u00e3o: <\/strong><\/td><td><strong>4 horas<\/strong><\/td><\/tr><tr><td><strong> <\/strong><\/td><td><\/td><\/tr><tr><td><strong>Promo\u00e7\u00e3o de lan\u00e7amento: <\/strong><\/td><td>4 x de<br><strong>R$ 75,00<\/strong><\/td><\/tr><\/tbody><\/table><\/figure>\n\n\n\n<div class=\"wp-block-buttons is-layout-flex wp-block-buttons-is-layout-flex\">\n<div class=\"wp-block-button has-custom-width wp-block-button__width-75 is-style-fill\"><a class=\"wp-block-button__link has-luminous-vivid-orange-background-color has-background\">Em breve<\/a><\/div>\n<\/div>\n<\/div>\n<\/div>\n\n\n\n<p class=\"has-white-color has-text-color has-background\" style=\"background-color:#00b6b5\"><strong>OBJETIVO<\/strong><\/p>\n\n\n\n<p>Transmitir conhecimentos sobre turbinas a g\u00e1s, seus princ\u00edpios f\u00edsicos, os diversos compressores utilizados, detalhando a c\u00e2mara de combust\u00e3o, a turbina e o processo de igni\u00e7\u00e3o e desempenho da m\u00e1quina. <\/p>\n\n\n\n<div style=\"height:40px\" aria-hidden=\"true\" class=\"wp-block-spacer\"><\/div>\n\n\n\n<p class=\"has-white-color has-text-color has-background\" style=\"background-color:#00b6b5\"><strong>PUBLICO-ALVO<\/strong><\/p>\n\n\n\n<p>O curso \u00e9 destinado a engenheiros e profissionais que desejam ingressar no setor de gera\u00e7\u00e3o de energia com turbinas \u00e1 g\u00e1s.<\/p>\n\n\n\n<div style=\"height:40px\" aria-hidden=\"true\" class=\"wp-block-spacer\"><\/div>\n\n\n\n<p class=\"has-white-color has-text-color has-background\" style=\"background-color:#00b6b5\"><strong>EMENTA<\/strong><\/p>\n\n\n\n<div class=\"wp-block-columns is-layout-flex wp-container-core-columns-is-layout-2 wp-block-columns-is-layout-flex\">\n<div class=\"wp-block-column is-layout-flow wp-block-column-is-layout-flow\" style=\"flex-basis:66.66%\">\n<p>\u2981 Hist\u00f3rico de Desenvolvimento;<\/p>\n\n\n\n<p>\u2981 Princ\u00edpios F\u00edsicos;<\/p>\n\n\n\n<p>\u2981 Compressores;<\/p>\n\n\n\n<p>\u2981 C\u00e2mara de Combust\u00e3o;<\/p>\n\n\n\n<p>\u2981 Igni\u00e7\u00e3o;<\/p>\n\n\n\n<p>\u2981 Turbina;<\/p>\n\n\n\n<p>\u2981 Materiais;<\/p>\n\n\n\n<p>\u2981 Performance;<\/p>\n\n\n\n<p><\/p>\n<\/div>\n\n\n\n<div class=\"wp-block-column is-layout-flow wp-block-column-is-layout-flow\" style=\"flex-basis:33.33%\">\n<figure class=\"wp-block-image size-large\"><img loading=\"lazy\" decoding=\"async\" width=\"1024\" height=\"1024\" src=\"https:\/\/wisenergy.com.br\/wp-content\/uploads\/2022\/03\/Design-sem-nome-1024x1024.jpg\" alt=\"\" class=\"wp-image-1745\" srcset=\"https:\/\/wisenergy.com.br\/wp-content\/uploads\/2022\/03\/Design-sem-nome-1024x1024.jpg 1024w, https:\/\/wisenergy.com.br\/wp-content\/uploads\/2022\/03\/Design-sem-nome-300x300.jpg 300w, https:\/\/wisenergy.com.br\/wp-content\/uploads\/2022\/03\/Design-sem-nome-150x150.jpg 150w, https:\/\/wisenergy.com.br\/wp-content\/uploads\/2022\/03\/Design-sem-nome-768x768.jpg 768w, https:\/\/wisenergy.com.br\/wp-content\/uploads\/2022\/03\/Design-sem-nome.jpg 1080w\" sizes=\"(max-width: 1024px) 100vw, 1024px\" \/><\/figure>\n<\/div>\n<\/div>\n\n\n\n<div style=\"height:40px\" aria-hidden=\"true\" class=\"wp-block-spacer\"><\/div>\n\n\n\n<p class=\"has-white-color has-text-color has-background\" style=\"background-color:#00b6b5\"><strong>CERTIFICADO<\/strong><\/p>\n\n\n\n<p>Certificado emitido na conclus\u00e3o do curso.<\/p>\n\n\n\n<div style=\"height:40px\" aria-hidden=\"true\" class=\"wp-block-spacer\"><\/div>\n\n\n\n<p class=\"has-white-color has-text-color has-background\" style=\"background-color:#00b6b5\">PROFESSOR<\/p>\n\n\n\n<div class=\"wp-block-columns is-layout-flex wp-container-core-columns-is-layout-3 wp-block-columns-is-layout-flex\">\n<div class=\"wp-block-column is-layout-flow wp-block-column-is-layout-flow\" style=\"flex-basis:33.33%\">\n<figure class=\"wp-block-image size-full\"><img loading=\"lazy\" decoding=\"async\" width=\"400\" height=\"339\" src=\"https:\/\/wisenergy.com.br\/wp-content\/uploads\/2022\/03\/Biruel-400x339-1.png\" alt=\"\" class=\"wp-image-1642\" srcset=\"https:\/\/wisenergy.com.br\/wp-content\/uploads\/2022\/03\/Biruel-400x339-1.png 400w, https:\/\/wisenergy.com.br\/wp-content\/uploads\/2022\/03\/Biruel-400x339-1-300x254.png 300w\" sizes=\"(max-width: 400px) 100vw, 400px\" \/><figcaption>Jos\u00e9 Biruel Jr,. D.Sc<\/figcaption><\/figure>\n<\/div>\n\n\n\n<div class=\"wp-block-column is-layout-flow wp-block-column-is-layout-flow\" style=\"flex-basis:66.66%\">\n<p>Jos\u00e9 biruel Junior possui gradua\u00e7\u00e3o em Engenharia Mec\u00e2nica (UNIFEI, 1999), mestrado em Planejamento Energ\u00e9tico (COPPE-UFRJ, 2008), mestrado em Tecnologia de Turbina a G\u00e1s (Cranfield University, Inglaterra, 2012), doutorado em Engenharia Mec\u00e2nica (UNIFEI, em sandu\u00edche com a Universidade de Cranfield, Inglaterra, 2016), MBA pela Funda\u00e7\u00e3o Get\u00falio Vargas \u2013 RJ (2001) e est\u00e1 cursando Business Intelligence Master \u2013 Sistemas Inteligentes de Apoio \u00e0 Decis\u00e3o em Neg\u00f3cios (PUC-Rio).Trabalhou como pesquisador no Centro de Pesquisas e Desenvolvimento Leopoldo Miguez de Mello \u2013 CENPES da PETROBRAS de 2002 a 2012, nas \u00e1reas de G\u00e1s e Energia, Energias Renov\u00e1veis e Efici\u00eancia Energ\u00e9tica, atuando principalmente nos temas gera\u00e7\u00e3o termel\u00e9trica, turbina a g\u00e1s e transporte e utiliza\u00e7\u00e3o de g\u00e1s natural.<\/p>\n\n\n\n<p>Trabalhou como gerente na gest\u00e3o da implanta\u00e7\u00e3o de grandes obras da Diretoria de G\u00e1s e Energia da PETROBRAS de 2012 a 2016, destacando a coordena\u00e7\u00e3o programa de capacita\u00e7\u00e3o profissional da ind\u00fastria e a estrutura\u00e7\u00e3o das m\u00e9tricas de gest\u00e3o da implanta\u00e7\u00e3o de empreendimentos.<\/p>\n\n\n\n<p>.<\/p>\n<\/div>\n<\/div>\n","protected":false},"excerpt":{"rendered":"<p>\u00c1rea do Conhecimento: Energia Professor: Jos\u00e9 Biruel Jr N\u00edvel: Intermedi\u00e1rio Requisito B\u00e1sico: N\u00e3o requerido Dura\u00e7\u00e3o: 4 horas Promo\u00e7\u00e3o de lan\u00e7amento: 4 x deR$ 75,00 OBJETIVO Transmitir conhecimentos sobre turbinas a g\u00e1s, seus princ\u00edpios f\u00edsicos, os diversos compressores utilizados, detalhando a c\u00e2mara de&#8230;<\/p>\n","protected":false},"author":16,"featured_media":1745,"parent":0,"menu_order":0,"comment_status":"closed","ping_status":"closed","template":"","meta":{"om_disable_all_campaigns":false,"_monsterinsights_skip_tracking":false,"_monsterinsights_sitenote_active":false,"_monsterinsights_sitenote_note":"","_monsterinsights_sitenote_category":0,"footnotes":"","_links_to":"","_links_to_target":""},"aioseo_notices":[],"_links":{"self":[{"href":"https:\/\/wisenergy.com.br\/pt_br\/wp-json\/wp\/v2\/pages\/1744"}],"collection":[{"href":"https:\/\/wisenergy.com.br\/pt_br\/wp-json\/wp\/v2\/pages"}],"about":[{"href":"https:\/\/wisenergy.com.br\/pt_br\/wp-json\/wp\/v2\/types\/page"}],"author":[{"embeddable":true,"href":"https:\/\/wisenergy.com.br\/pt_br\/wp-json\/wp\/v2\/users\/16"}],"replies":[{"embeddable":true,"href":"https:\/\/wisenergy.com.br\/pt_br\/wp-json\/wp\/v2\/comments?post=1744"}],"version-history":[{"count":3,"href":"https:\/\/wisenergy.com.br\/pt_br\/wp-json\/wp\/v2\/pages\/1744\/revisions"}],"predecessor-version":[{"id":1750,"href":"https:\/\/wisenergy.com.br\/pt_br\/wp-json\/wp\/v2\/pages\/1744\/revisions\/1750"}],"wp:featuredmedia":[{"embeddable":true,"href":"https:\/\/wisenergy.com.br\/pt_br\/wp-json\/wp\/v2\/media\/1745"}],"wp:attachment":[{"href":"https:\/\/wisenergy.com.br\/pt_br\/wp-json\/wp\/v2\/media?parent=1744"}],"curies":[{"name":"wp","href":"https:\/\/api.w.org\/{rel}","templated":true}]}}