{"id":1632,"date":"2022-03-07T17:51:09","date_gmt":"2022-03-07T20:51:09","guid":{"rendered":"https:\/\/wisenergy.com.br\/?page_id=1632"},"modified":"2022-03-07T18:44:43","modified_gmt":"2022-03-07T21:44:43","slug":"jose-biruel-jr","status":"publish","type":"page","link":"https:\/\/wisenergy.com.br\/pt_br\/jose-biruel-jr\/","title":{"rendered":"Jos\u00e9 Biruel Jr."},"content":{"rendered":"\n<p>Possui gradua\u00e7\u00e3o em Engenharia Mec\u00e2nica (UNIFEI, 1999), mestrado em Planejamento Energ\u00e9tico (COPPE-UFRJ, 2008), mestrado em Tecnologia de Turbina a G\u00e1s (Cranfield University, Inglaterra, 2012), doutorado em Engenharia Mec\u00e2nica (UNIFEI, em sandu\u00edche com a Universidade de Cranfield, Inglaterra, 2016), MBA pela Funda\u00e7\u00e3o Get\u00falio Vargas \u2013 RJ (2001) e est\u00e1 cursando Business Intelligence Master \u2013 Sistemas Inteligentes de Apoio \u00e0 Decis\u00e3o em Neg\u00f3cios (PUC-Rio).<\/p>\n\n\n\n<p>Trabalhou como pesquisador no Centro de Pesquisas e Desenvolvimento Leopoldo Miguez de Mello \u2013 CENPES da PETROBRAS de 2002 a 2012, nas \u00e1reas de G\u00e1s e Energia, Energias Renov\u00e1veis e Efici\u00eancia Energ\u00e9tica, atuando principalmente nos temas gera\u00e7\u00e3o termel\u00e9trica, turbina a g\u00e1s e transporte e utiliza\u00e7\u00e3o de g\u00e1s natural.<\/p>\n\n\n\n<p>Trabalhou como gerente na gest\u00e3o da implanta\u00e7\u00e3o de grandes obras da Diretoria de G\u00e1s e Energia da PETROBRAS de 2012 a 2016, destacando a coordena\u00e7\u00e3o programa de capacita\u00e7\u00e3o profissional da ind\u00fastria e a estrutura\u00e7\u00e3o das m\u00e9tricas de gest\u00e3o da implanta\u00e7\u00e3o de empreendimentos.<\/p>\n","protected":false},"excerpt":{"rendered":"<p>Possui gradua\u00e7\u00e3o em Engenharia Mec\u00e2nica (UNIFEI, 1999), mestrado em Planejamento Energ\u00e9tico (COPPE-UFRJ, 2008), mestrado em Tecnologia de Turbina a G\u00e1s (Cranfield University, Inglaterra, 2012), doutorado em Engenharia Mec\u00e2nica (UNIFEI, em sandu\u00edche com a Universidade de Cranfield, Inglaterra, 2016), MBA pela Funda\u00e7\u00e3o Get\u00falio&#8230;<\/p>\n","protected":false},"author":16,"featured_media":1642,"parent":0,"menu_order":0,"comment_status":"closed","ping_status":"closed","template":"","meta":{"om_disable_all_campaigns":false,"_monsterinsights_skip_tracking":false,"_monsterinsights_sitenote_active":false,"_monsterinsights_sitenote_note":"","_monsterinsights_sitenote_category":0,"footnotes":"","_links_to":"","_links_to_target":""},"aioseo_notices":[],"_links":{"self":[{"href":"https:\/\/wisenergy.com.br\/pt_br\/wp-json\/wp\/v2\/pages\/1632"}],"collection":[{"href":"https:\/\/wisenergy.com.br\/pt_br\/wp-json\/wp\/v2\/pages"}],"about":[{"href":"https:\/\/wisenergy.com.br\/pt_br\/wp-json\/wp\/v2\/types\/page"}],"author":[{"embeddable":true,"href":"https:\/\/wisenergy.com.br\/pt_br\/wp-json\/wp\/v2\/users\/16"}],"replies":[{"embeddable":true,"href":"https:\/\/wisenergy.com.br\/pt_br\/wp-json\/wp\/v2\/comments?post=1632"}],"version-history":[{"count":3,"href":"https:\/\/wisenergy.com.br\/pt_br\/wp-json\/wp\/v2\/pages\/1632\/revisions"}],"predecessor-version":[{"id":1635,"href":"https:\/\/wisenergy.com.br\/pt_br\/wp-json\/wp\/v2\/pages\/1632\/revisions\/1635"}],"wp:featuredmedia":[{"embeddable":true,"href":"https:\/\/wisenergy.com.br\/pt_br\/wp-json\/wp\/v2\/media\/1642"}],"wp:attachment":[{"href":"https:\/\/wisenergy.com.br\/pt_br\/wp-json\/wp\/v2\/media?parent=1632"}],"curies":[{"name":"wp","href":"https:\/\/api.w.org\/{rel}","templated":true}]}}