{"id":1100,"date":"2021-11-12T23:05:02","date_gmt":"2021-11-13T02:05:02","guid":{"rendered":"http:\/\/wisenergy.com.br\/?page_id=1100"},"modified":"2021-11-12T23:05:04","modified_gmt":"2021-11-13T02:05:04","slug":"jose-perez","status":"publish","type":"page","link":"https:\/\/wisenergy.com.br\/pt_br\/jose-perez\/","title":{"rendered":"Jos\u00e9 Perez"},"content":{"rendered":"\n<p>Doutorado na \u00e1rea de Engenharia e trabalhou no Centro de Pesquisa e na \u00e1rea de Engenharia da PETROBRAS durante mais de 35 anos, tendo participado de diversos projetos de P&amp;D, Engenharia B\u00e1sica, implanta\u00e7\u00f5es e partidas assistidas de sistemas de automa\u00e7\u00e3o, controle regulat\u00f3rio e avan\u00e7ado e otimiza\u00e7\u00e3o para plantas da ind\u00fastria de petr\u00f3leo.<\/p>\n\n\n\n<p>Professor convidado dos cursos de instrumenta\u00e7\u00e3o industrial, instrumenta\u00e7\u00e3o de seguran\u00e7a conforme N-2595, IEC-61508 e IEC-61511, configura\u00e7\u00e3o de PLC e SDCD, PI (Plant Information), automa\u00e7\u00e3o de fornos e caldeiras industriais, seguran\u00e7a de turbom\u00e1quinas e controle de processo regulat\u00f3rio e preditivo multivari\u00e1vel da Universidade Corporativa da PETROBRAS. Participou da partida e prestou assist\u00eancia para turbinas e compressores das plataformas na Bacia de Campos. Projetou e impantou uma nova estrat\u00e9gia para o controle de antissurge do sistema de refrigera\u00e7\u00e3o e de carga da Petroqu\u00edmica Uni\u00e3o (PQU). &#8211;<\/p>\n\n\n\n<p>Atualmente \u00e9 S\u00f3cio-fundador da Empresa <em>SmartAutomation<\/em> (<a href=\"http:\/\/www.smartpilot.com.br\/\">www.smartpilot.com.br<\/a>) que busca desenvolver e implantar sistemas de automa\u00e7\u00e3o, controle, monitora\u00e7\u00e3o, diagn\u00f3stico e otimiza\u00e7\u00e3o de processos e equipamentos para a Ind\u00fastria buscando o aumento da rentabilidade, disponibilidade e seguran\u00e7a das plantas industriais.<\/p>\n","protected":false},"excerpt":{"rendered":"<p>Doutorado na \u00e1rea de Engenharia e trabalhou no Centro de Pesquisa e na \u00e1rea de Engenharia da PETROBRAS durante mais de 35 anos, tendo participado de diversos projetos de P&amp;D, Engenharia B\u00e1sica, implanta\u00e7\u00f5es e partidas assistidas de sistemas de automa\u00e7\u00e3o, controle regulat\u00f3rio&#8230;<\/p>\n","protected":false},"author":16,"featured_media":1101,"parent":0,"menu_order":0,"comment_status":"closed","ping_status":"closed","template":"","meta":{"om_disable_all_campaigns":false,"_monsterinsights_skip_tracking":false,"_monsterinsights_sitenote_active":false,"_monsterinsights_sitenote_note":"","_monsterinsights_sitenote_category":0,"footnotes":"","_links_to":"","_links_to_target":""},"aioseo_notices":[],"_links":{"self":[{"href":"https:\/\/wisenergy.com.br\/pt_br\/wp-json\/wp\/v2\/pages\/1100"}],"collection":[{"href":"https:\/\/wisenergy.com.br\/pt_br\/wp-json\/wp\/v2\/pages"}],"about":[{"href":"https:\/\/wisenergy.com.br\/pt_br\/wp-json\/wp\/v2\/types\/page"}],"author":[{"embeddable":true,"href":"https:\/\/wisenergy.com.br\/pt_br\/wp-json\/wp\/v2\/users\/16"}],"replies":[{"embeddable":true,"href":"https:\/\/wisenergy.com.br\/pt_br\/wp-json\/wp\/v2\/comments?post=1100"}],"version-history":[{"count":1,"href":"https:\/\/wisenergy.com.br\/pt_br\/wp-json\/wp\/v2\/pages\/1100\/revisions"}],"predecessor-version":[{"id":1102,"href":"https:\/\/wisenergy.com.br\/pt_br\/wp-json\/wp\/v2\/pages\/1100\/revisions\/1102"}],"wp:featuredmedia":[{"embeddable":true,"href":"https:\/\/wisenergy.com.br\/pt_br\/wp-json\/wp\/v2\/media\/1101"}],"wp:attachment":[{"href":"https:\/\/wisenergy.com.br\/pt_br\/wp-json\/wp\/v2\/media?parent=1100"}],"curies":[{"name":"wp","href":"https:\/\/api.w.org\/{rel}","templated":true}]}}