{"id":1034,"date":"2021-11-08T15:14:02","date_gmt":"2021-11-08T18:14:02","guid":{"rendered":"http:\/\/wisenergy.com.br\/?page_id=1034"},"modified":"2022-05-16T16:28:52","modified_gmt":"2022-05-16T19:28:52","slug":"sistemas-inteligentes-para-a-otimizacao-da-producao-de-petroleo-e-gas","status":"publish","type":"page","link":"https:\/\/wisenergy.com.br\/pt_br\/sistemas-inteligentes-para-a-otimizacao-da-producao-de-petroleo-e-gas\/","title":{"rendered":"Sistemas Inteligentes para a Produ\u00e7\u00e3o de Petr\u00f3leo e G\u00e1s"},"content":{"rendered":"\n<div class=\"wp-block-columns is-layout-flex wp-container-core-columns-is-layout-1 wp-block-columns-is-layout-flex\">\n<div class=\"wp-block-column is-layout-flow wp-block-column-is-layout-flow\" style=\"flex-basis:65%\">\n<p><strong>\u00c1rea do Conhecimento: <\/strong>Intelig\u00eancia Artificial e Otimiza\u00e7\u00e3o<\/p>\n\n\n\n<p><strong>Professor: <\/strong>Mario Campos e Jose Perez<\/p>\n\n\n\n<p><strong>N\u00edvel:<\/strong> Introdut\u00f3rio para Operadores, T\u00e9cnicos, Engenheiros e Estudantes<\/p>\n\n\n\n<p><strong>Requisito B\u00e1sico: <\/strong>N\u00e3o requerido<\/p>\n<\/div>\n\n\n\n<div class=\"wp-block-column has-white-background-color has-text-color has-background is-layout-flow wp-block-column-is-layout-flow\" style=\"color:#0f5c93;flex-basis:35%\">\n<figure class=\"wp-block-table is-style-stripes\"><table><tbody><tr><td><strong>Dura\u00e7\u00e3o: <\/strong><\/td><td>7<strong> horas<\/strong><\/td><\/tr><tr><td><strong> <\/strong><\/td><td><\/td><\/tr><tr><td><strong>Promo\u00e7\u00e3o de lan\u00e7amento: <\/strong><\/td><td>6 x de <strong>R$ 79,97<\/strong><\/td><\/tr><\/tbody><\/table><\/figure>\n\n\n\n<div class=\"wp-block-buttons is-horizontal is-content-justification-center is-layout-flex wp-container-core-buttons-is-layout-1 wp-block-buttons-is-layout-flex\">\n<div class=\"wp-block-button has-custom-width wp-block-button__width-75 is-style-fill\"><a class=\"wp-block-button__link has-background\" href=\"https:\/\/go.hotmart.com\/D63146722N\" style=\"background-color:#f7941d\" target=\"_blank\" rel=\"noreferrer noopener\">Inscreva-se<\/a><\/div>\n<\/div>\n<\/div>\n<\/div>\n\n\n\n<p class=\"has-white-color has-text-color has-background\" style=\"background-color:#00b6b5\"><strong>OBJETIVO<\/strong><\/p>\n\n\n\n<p>O curso descreve e discute a aplica\u00e7\u00e3o de diferentes t\u00e9cnicas de sistemas de intelig\u00eancia artificial, como os baseados em redes neuronais, l\u00f3gica fuzzy, predi\u00e7\u00e3o em tempo real, etc., para apoiar os operadores e engenheiros na monitora\u00e7\u00e3o, controle e otimiza\u00e7\u00e3o dos processos e equipamentos da produ\u00e7\u00e3o de petr\u00f3leo e g\u00e1s. Tamb\u00e9m analisa diferentes estudos de casos de aplica\u00e7\u00e3o dessas t\u00e9cnicas nos principais subsistemas de uma unidade de produ\u00e7\u00e3o de petr\u00f3leo e g\u00e1s, mostrando os impactos na confiabilidade, rentabilidade e seguran\u00e7a das unidades.<\/p>\n\n\n\n<div style=\"height:40px\" aria-hidden=\"true\" class=\"wp-block-spacer\"><\/div>\n\n\n\n<p class=\"has-white-color has-text-color has-background\" style=\"background-color:#00b6b5\"><strong>PUBLICO-ALVO<\/strong><\/p>\n\n\n\n<p>Engenheiros, tecn\u00f3logos e estudantes de engenharia e \u00e1reas afins. T\u00e9cnicos de instrumenta\u00e7\u00e3o, eletr\u00f4nica, el\u00e9trica, mec\u00e2nica e operadores de processos.<\/p>\n\n\n\n<div style=\"height:40px\" aria-hidden=\"true\" class=\"wp-block-spacer\"><\/div>\n\n\n\n<p class=\"has-white-color has-text-color has-background\" style=\"background-color:#00b6b5\"><strong>EMENTA<\/strong><\/p>\n\n\n\n<div class=\"wp-block-columns is-layout-flex wp-container-core-columns-is-layout-2 wp-block-columns-is-layout-flex\">\n<div class=\"wp-block-column is-layout-flow wp-block-column-is-layout-flow\" style=\"flex-basis:66.66%\">\n<p>\u2981 Introdu\u00e7\u00e3o aos sistemas inteligentes: L\u00f3gica fuzzy, redes neuronais e controle preditivo multivari\u00e1vel    <\/p>\n\n\n\n<p>\u2981 Controles t\u00edpicos dos sistemas de produ\u00e7\u00e3o de petr\u00f3leo e g\u00e1s<br>    \u2981 Controle da planta de tratamento de \u00f3leo<br>    \u2981 Controle da planta de tratamento de g\u00e1s<br>    \u2981 Controle da planta de tratamento de \u00e1gua<br>\u2981 Estudo de casos \u2013 Apresenta\u00e7\u00e3o das diferentes exemplos e t\u00e9cnicas e suas aplica\u00e7\u00f5es a sistemas de \u00f3leo e g\u00e1s<\/p>\n\n\n\n<p>\u2981 An\u00e1lise de benef\u00edcios e conclus\u00f5es<\/p>\n<\/div>\n\n\n\n<div class=\"wp-block-column is-layout-flow wp-block-column-is-layout-flow\" style=\"flex-basis:33.33%\">\n<figure class=\"wp-block-image size-full\"><img loading=\"lazy\" decoding=\"async\" width=\"1024\" height=\"716\" src=\"http:\/\/wisenergy.com.br\/wp-content\/uploads\/2021\/11\/SistemasInteligentes_mini.jpg\" alt=\"\" class=\"wp-image-1090\" srcset=\"https:\/\/wisenergy.com.br\/wp-content\/uploads\/2021\/11\/SistemasInteligentes_mini.jpg 1024w, https:\/\/wisenergy.com.br\/wp-content\/uploads\/2021\/11\/SistemasInteligentes_mini-300x210.jpg 300w, https:\/\/wisenergy.com.br\/wp-content\/uploads\/2021\/11\/SistemasInteligentes_mini-768x537.jpg 768w\" sizes=\"(max-width: 1024px) 100vw, 1024px\" \/><\/figure>\n<\/div>\n<\/div>\n\n\n\n<div style=\"height:40px\" aria-hidden=\"true\" class=\"wp-block-spacer\"><\/div>\n\n\n\n<p class=\"has-white-color has-text-color has-background\" style=\"background-color:#00b6b5\"><strong>CERTIFICADO<\/strong><\/p>\n\n\n\n<p>Certificado emitido na conclus\u00e3o do curso.<\/p>\n\n\n\n<div style=\"height:40px\" aria-hidden=\"true\" class=\"wp-block-spacer\"><\/div>\n\n\n\n<p class=\"has-white-color has-text-color has-background\" style=\"background-color:#00b6b5\">PROFESSOR<\/p>\n\n\n\n<div class=\"wp-block-columns is-layout-flex wp-container-core-columns-is-layout-3 wp-block-columns-is-layout-flex\">\n<div class=\"wp-block-column is-layout-flow wp-block-column-is-layout-flow\" style=\"flex-basis:33.33%\">\n<figure class=\"wp-block-image size-full\"><img loading=\"lazy\" decoding=\"async\" width=\"384\" height=\"270\" src=\"http:\/\/wisenergy.com.br\/wp-content\/uploads\/2021\/11\/Professor_MarioCampos.jpg\" alt=\"\" class=\"wp-image-1098\" srcset=\"https:\/\/wisenergy.com.br\/wp-content\/uploads\/2021\/11\/Professor_MarioCampos.jpg 384w, https:\/\/wisenergy.com.br\/wp-content\/uploads\/2021\/11\/Professor_MarioCampos-300x211.jpg 300w\" sizes=\"(max-width: 384px) 100vw, 384px\" \/><figcaption>Dr. Mario Cesar Mello Massa de Campos<\/figcaption><\/figure>\n<\/div>\n\n\n\n<div class=\"wp-block-column is-layout-flow wp-block-column-is-layout-flow\" style=\"flex-basis:66.66%\">\n<p><strong>Forma\u00e7\u00e3o Acad\u00eamica<\/strong><\/p>\n\n\n\n<p>Instituto Militar de Engenharia (IME) &#8211; 1984<br> \u2981 An\u00e1lise de benef\u00edcios e conclus\u00f5es Engenheiro eletricista (B.Sc.).<br>Petrobras SA 1985 &#8211; 1986<br> \u2981 An\u00e1lise de benef\u00edcios e conclus\u00f5es P\u00f3s-gradua\u00e7\u00e3o em engenharia de equipamentos da ind\u00fastria petroqu\u00edmica (Ceneq &#8211; 85).<br>Universidade Federal do Rio de Janeiro 1990<br> \u2981 Mestrado em engenharia qu\u00edmica na \u00e1rea de controle e automa\u00e7\u00e3o de processos (M.Sc.).<br>Ecole Centrale Paris &#8211; Fran\u00e7a 1997<br> \u2981Doutorado em engenharia qu\u00edmica na \u00e1rea de intelig\u00eancia artificial e sistemas inteligentes<\/p>\n\n\n\n<p><\/p>\n\n\n\n<p><strong>Experi\u00eancia Profissional<\/strong><\/p>\n\n\n\n<p>PETROBRAS SA De 1985 at\u00e9 Fev\/2021<br>Consultor S\u00eanior do CENPES (Centro de pesquisa e desenvolvimento da PETROBRAS) na \u00e1rea de Instrumenta\u00e7\u00e3o, Controle, Otimiza\u00e7\u00e3o e Automa\u00e7\u00e3o de processos. Participa\u00e7\u00e3o em mais de 30 projetos b\u00e1sicos de sistemas de automa\u00e7\u00e3o e controle de unidades de processamento para a ind\u00fastria de petr\u00f3leo e petroqu\u00edmica. Professor convidado dos cursos de controle da Universidade Corporativa da PETROBRAS (Cursos de Controle de Processos e Turbom\u00e1quinas). Principais realiza\u00e7\u00f5es: desenvolvimento e implanta\u00e7\u00e3o de uma nova estrat\u00e9gia para o controle de turbocompressores centr\u00edfugos\/axiais nas unidades da Petrobras (mais de 10 projetos). Desenvolvimento e implanta\u00e7\u00e3o de Sistemas de controle avan\u00e7ado para v\u00e1rias unidades, inclusive para a unidade de eteno II da Copene (Companhia petroqu\u00edmica do nordeste). Desenvolvimento e implanta\u00e7\u00e3o de sistemas inteligentes de controle e aux\u00edlio \u00e0 opera\u00e7\u00e3o em plataformas offshore de produ\u00e7\u00e3o (mais de 50 projetos implantados buscando estabiliza\u00e7\u00e3o da planta, das bombas submarinas &#8211; BCSS e dos po\u00e7os).. Recebeu o Pr\u00eamio de melhor trabalho (Best Paper Award) durante a International Conference &amp; Exhibition da International Society of Automation (ISA) em 1993. Ganhador do Pr\u00eamio Pl\u00ednio Cantanhede 2008 do Instituto Brasileiro de Petr\u00f3leo, G\u00e1s e Biocombust\u00edveis com o trabalho \u201cGanhos econ\u00f4micos devidos \u00e0 melhoria no controle de uma planta de processamento de g\u00e1s natural\u201d. Ganhador do Pr\u00eamio de melhores Pr\u00e1ticas (Best practice Award 2009-2012) da IGU \u2013 International Gas Union com o trabalho \u201cOptimisation of Natural Gas Plant \u2013 Gains in Profitability, Stability and Energy Efficiency\u201d. Ganhador do Pr\u00eamio Pl\u00ednio Cantanhede 2012 do Instituto Brasileiro de Petr\u00f3leo, G\u00e1s e Biocombust\u00edveis com o trabalho \u201cOs Benef\u00edcios e Desafios da Aplica\u00e7\u00e3o de T\u00e9cnicas de Controle Avan\u00e7ado e Otimiza\u00e7\u00e3o em Tempo Real em Unidades Mar\u00edtimas de Produ\u00e7\u00e3o\u201d. \u00c9 co-autor de tr\u00eas livros t\u00e9cnicos na \u00e1rea de automa\u00e7\u00e3o, controle e otimiza\u00e7\u00e3o de processos, e tem dado uma s\u00e9rie de palestras em eventos internacionais, como durante o International Symposium on Advanced Control of Chemical Processes &#8211; ADCHEM 2009 na Turquia, durante o 10th International Symposium on Process Systems Engineering \u2013 PSE 2009 no Brasil, durante o Process Modeling and Optimization for Energy and Sustainability Workshop &#8211; PASI 2011 (Pan American Advanced Studies Institute) no Brasil, e durante o 7th International Conference on Integrated Operations in the Petroleum Industry \u2013 IO Center 2011, na Noruega. Ele tamb\u00e9m \u00e9 membro da Sociedade Brasileira de Autom\u00e1tica (SBA), possui 4 patentes na \u00e1rea e participou de mais de 80 bancas de Mestrado e Doutorado no Brasil.<\/p>\n<\/div>\n<\/div>\n\n\n\n<div class=\"wp-block-columns is-layout-flex wp-container-core-columns-is-layout-4 wp-block-columns-is-layout-flex\">\n<div class=\"wp-block-column is-layout-flow wp-block-column-is-layout-flow\" style=\"flex-basis:33.33%\">\n<figure class=\"wp-block-image size-full\"><img loading=\"lazy\" decoding=\"async\" width=\"384\" height=\"270\" src=\"http:\/\/wisenergy.com.br\/wp-content\/uploads\/2021\/11\/Professor_JosePerez.jpg\" alt=\"\" class=\"wp-image-1101\" srcset=\"https:\/\/wisenergy.com.br\/wp-content\/uploads\/2021\/11\/Professor_JosePerez.jpg 384w, https:\/\/wisenergy.com.br\/wp-content\/uploads\/2021\/11\/Professor_JosePerez-300x211.jpg 300w\" sizes=\"(max-width: 384px) 100vw, 384px\" \/><figcaption>Dr. Jos\u00e9 Manuel Gonzalez Tubio Perez<\/figcaption><\/figure>\n<\/div>\n\n\n\n<div class=\"wp-block-column is-layout-flow wp-block-column-is-layout-flow\" style=\"flex-basis:66.66%\">\n<p><strong>Forma\u00e7\u00e3o Acad\u00eamica<\/strong><\/p>\n\n\n\n<p>Universidade Federal do Rio de Janeiro &#8211; 1985<br> \u2981 Engenheiro eletr\u00f4nica (B.Sc.).<br>Especialista em Controle em Otimiza\u00e7\u00e3o de Processos &#8211; 2004<br> \u2981 P\u00f3s-gradua\u00e7\u00e3o em engenharia de controle e otimiza\u00e7\u00e3o na USP<br>Universidade de S\u00e3o Paulo (USP) &#8211; 2006<br> \u2981 Mestrado em engenharia qu\u00edmica na \u00e1rea de controle e automa\u00e7\u00e3o de processos (M.Sc.).<br>Universidade Federal do Rio de Janeiro (UFRJ\/COPPE\/PEQ) 2012<br> \u2981 Doutorado em engenharia qu\u00edmica (D.Sc.)<\/p>\n\n\n\n<p><strong>Experi\u00eancia Profissional<\/strong><\/p>\n\n\n\n<p>PETROBRAS De 1986 at\u00e9 Mar\u00e7o\/2021<br>Consultor S\u00eanior na \u00e1rea de instrumenta\u00e7\u00e3o, controle, otimiza\u00e7\u00e3o. Atuou em projeto b\u00e1sico, comissionamento, partida assistida e assist\u00eancia t\u00e9cnica nas \u00e1reas de produ\u00e7\u00e3o, refino, transporte e petroqu\u00edmica da Petrobras. Participa\u00e7\u00e3o em mais de 30 projetos b\u00e1sicos de sistemas de automa\u00e7\u00e3o e controle de unidades de processamento para a ind\u00fastria de petr\u00f3leo e petroqu\u00edmica. Professor convidado dos cursos de instrumenta\u00e7\u00e3o industrial, instrumenta\u00e7\u00e3o de seguran\u00e7a conforme N-2595, IEC-61508 e IEC-61511, configura\u00e7\u00e3o de PLC e SDCD, PI (Plant Information), automa\u00e7\u00e3o de fornos e caldeiras industriais, seguran\u00e7a de turbom\u00e1quinas e controle de processo regulat\u00f3rio e preditivo multivari\u00e1vel da Universidade Corporativa da PETROBRAS.<br>Principais realiza\u00e7\u00f5es: pertenceu ao grupo de grandes m\u00e1quinas da Bacia de Campos onde atuava na partida e assist\u00eancia t\u00e9cnica das turbinas e compressores das plataformas, fez o projeto e implanta\u00e7\u00e3o de uma nova estrat\u00e9gia para o controle de antissurge do sistema de refrigera\u00e7\u00e3o e de carga da Petroqu\u00edmica Uni\u00e3o (PQU). Fez a configura\u00e7\u00e3o em diversos fornecedores de SDCD de malhas de controle, de telas do supervis\u00f3rio e, no sistema dedicado de intertravamento, a configura\u00e7\u00e3o de l\u00f3gicas para prote\u00e7\u00e3o de diversas unidades do sistema Petrobras. Configura\u00e7\u00e3o de sistemas automatizados de partida, tais como fornos e caldeiras industriais. Apoio ao projeto, desenvolvimento e implanta\u00e7\u00e3o do software BR-Tuning (Sintonia de malhas de controle PID), \u00c9 coautor de um livro t\u00e9cnico na \u00e1rea de automa\u00e7\u00e3o, controle e otimiza\u00e7\u00e3o de processos. Participou de mais de 10 bancas de Mestrado e Doutorado no Brasil.<\/p>\n<\/div>\n<\/div>\n","protected":false},"excerpt":{"rendered":"<p>\u00c1rea do Conhecimento: Intelig\u00eancia Artificial e Otimiza\u00e7\u00e3o Professor: Mario Campos e Jose Perez N\u00edvel: Introdut\u00f3rio para Operadores, T\u00e9cnicos, Engenheiros e Estudantes Requisito B\u00e1sico: N\u00e3o requerido Dura\u00e7\u00e3o: 7 horas Promo\u00e7\u00e3o de lan\u00e7amento: 6 x de R$ 79,97 OBJETIVO O curso descreve e discute&#8230;<\/p>\n","protected":false},"author":3,"featured_media":1090,"parent":0,"menu_order":0,"comment_status":"closed","ping_status":"closed","template":"","meta":{"om_disable_all_campaigns":false,"_monsterinsights_skip_tracking":false,"_monsterinsights_sitenote_active":false,"_monsterinsights_sitenote_note":"","_monsterinsights_sitenote_category":0,"footnotes":"","_links_to":"","_links_to_target":""},"aioseo_notices":[],"_links":{"self":[{"href":"https:\/\/wisenergy.com.br\/pt_br\/wp-json\/wp\/v2\/pages\/1034"}],"collection":[{"href":"https:\/\/wisenergy.com.br\/pt_br\/wp-json\/wp\/v2\/pages"}],"about":[{"href":"https:\/\/wisenergy.com.br\/pt_br\/wp-json\/wp\/v2\/types\/page"}],"author":[{"embeddable":true,"href":"https:\/\/wisenergy.com.br\/pt_br\/wp-json\/wp\/v2\/users\/3"}],"replies":[{"embeddable":true,"href":"https:\/\/wisenergy.com.br\/pt_br\/wp-json\/wp\/v2\/comments?post=1034"}],"version-history":[{"count":7,"href":"https:\/\/wisenergy.com.br\/pt_br\/wp-json\/wp\/v2\/pages\/1034\/revisions"}],"predecessor-version":[{"id":1815,"href":"https:\/\/wisenergy.com.br\/pt_br\/wp-json\/wp\/v2\/pages\/1034\/revisions\/1815"}],"wp:featuredmedia":[{"embeddable":true,"href":"https:\/\/wisenergy.com.br\/pt_br\/wp-json\/wp\/v2\/media\/1090"}],"wp:attachment":[{"href":"https:\/\/wisenergy.com.br\/pt_br\/wp-json\/wp\/v2\/media?parent=1034"}],"curies":[{"name":"wp","href":"https:\/\/api.w.org\/{rel}","templated":true}]}}