{"id":949,"date":"2021-11-04T22:15:00","date_gmt":"2021-11-05T01:15:00","guid":{"rendered":"http:\/\/wisenergy.com.br\/?page_id=949"},"modified":"2021-11-04T22:15:02","modified_gmt":"2021-11-05T01:15:02","slug":"marco-antonio-haikal-leite","status":"publish","type":"page","link":"https:\/\/wisenergy.com.br\/en\/marco-antonio-haikal-leite\/","title":{"rendered":"Marco Antonio Haikal Leite"},"content":{"rendered":"<p>Haikal Leite holds a degree in Mechanical Engineering from the Universidade Federal do Rio de Janeiro (UFRJ, 1980), a Masters in Mechanical Engineering (COPPE-UFRJ, 2008), a PhD in Mechanical Engineering (COPPE-UFRJ, with his research done at the Technical University of Delft, Holland, 2014), an MBA from Funda\u00e7\u00e3o Get\u00falio Vargas \u2013 RJ (1998). He worked at the Leopoldo Miguez de Mello Research and Development Center of Petrobras \u2013 CENPES from 1987 to 2017, where he was Manager of Electrics and Utilities and later researcher and Senior Consultant on Gas and Energy, Renewable Energies, Biofuels and Energy Efficiency, working mainly on cogeneration and distributed generation, thermoelectric generation and thermal cycles, wind energy, solar thermal and photovoltaic energy, biomass energy, combustion and gasification, simulation and computational fluid dynamics.<\/p>\n\n\n\n<p>He worked as a mechanical engineer at the Directorate of Naval Engineering of the Brazilian Navy from 1980 to 1987, in the design and construction of systems for warships and submarines, with a course in \u201cSubmarine Design\u201d at Ingenieurkontor L\u00fcbeck (IKL) in L\u00fcbeck, Germany, in 1985.<\/p>\n\n\n\n<p>He taught training courses for Equipment Engineers at PETROBRAS University from 2000 to 2016, He was a professor of Mechanical Engineering at the Santa \u00darsula University Association (2006); of the Lato Sensu Postgraduate Course at UERJ in Energy Engineering (2018, 2019 and 2020); of the Lato Sensu Postgraduate Courses at PUC-Rio in Photovoltaic Solar Engineering, Energy Generation and MBE Energy (2020 and 2021). He is the author of two patents.<\/p>\n\n\n\n<p>He is currently a Researcher at the Energy Institute of PUC-Rio in a research project on Photovoltaic Solar Energy.<\/p>","protected":false},"excerpt":{"rendered":"<p>Possui gradua\u00e7\u00e3o em Engenharia Mec\u00e2nica (UFRJ, 1980), mestrado em Engenharia Mec\u00e2nica (COPPE-UFRJ, 2008), doutorado em Engenharia Mec\u00e2nica (COPPE-UFRJ, em sandu\u00edche com a Universidade T\u00e9cnica de Delft, Holanda, 2014), MBA pela Funda\u00e7\u00e3o Get\u00falio Vargas \u2013 RJ (1998). Trabalhou no Centro de Pesquisas e&#8230;<\/p>","protected":false},"author":16,"featured_media":938,"parent":0,"menu_order":0,"comment_status":"closed","ping_status":"closed","template":"","meta":{"om_disable_all_campaigns":false,"_monsterinsights_skip_tracking":false,"_monsterinsights_sitenote_active":false,"_monsterinsights_sitenote_note":"","_monsterinsights_sitenote_category":0,"footnotes":"","_links_to":"","_links_to_target":""},"aioseo_notices":[],"_links":{"self":[{"href":"https:\/\/wisenergy.com.br\/en\/wp-json\/wp\/v2\/pages\/949"}],"collection":[{"href":"https:\/\/wisenergy.com.br\/en\/wp-json\/wp\/v2\/pages"}],"about":[{"href":"https:\/\/wisenergy.com.br\/en\/wp-json\/wp\/v2\/types\/page"}],"author":[{"embeddable":true,"href":"https:\/\/wisenergy.com.br\/en\/wp-json\/wp\/v2\/users\/16"}],"replies":[{"embeddable":true,"href":"https:\/\/wisenergy.com.br\/en\/wp-json\/wp\/v2\/comments?post=949"}],"version-history":[{"count":1,"href":"https:\/\/wisenergy.com.br\/en\/wp-json\/wp\/v2\/pages\/949\/revisions"}],"predecessor-version":[{"id":950,"href":"https:\/\/wisenergy.com.br\/en\/wp-json\/wp\/v2\/pages\/949\/revisions\/950"}],"wp:featuredmedia":[{"embeddable":true,"href":"https:\/\/wisenergy.com.br\/en\/wp-json\/wp\/v2\/media\/938"}],"wp:attachment":[{"href":"https:\/\/wisenergy.com.br\/en\/wp-json\/wp\/v2\/media?parent=949"}],"curies":[{"name":"wp","href":"https:\/\/api.w.org\/{rel}","templated":true}]}}