{"id":942,"date":"2021-11-04T21:51:55","date_gmt":"2021-11-05T00:51:55","guid":{"rendered":"http:\/\/wisenergy.com.br\/?page_id=942"},"modified":"2023-11-20T16:30:10","modified_gmt":"2023-11-20T19:30:10","slug":"aquecimento-global-e-mudancas-climaticas","status":"publish","type":"page","link":"https:\/\/wisenergy.com.br\/en\/aquecimento-global-e-mudancas-climaticas\/","title":{"rendered":"AQUECIMENTO GLOBAL E MUDAN\u00c7AS CLIM\u00c1TICAS"},"content":{"rendered":"<div class=\"wp-block-columns is-layout-flex wp-container-core-columns-is-layout-1 wp-block-columns-is-layout-flex\">\n<div class=\"wp-block-column is-layout-flow wp-block-column-is-layout-flow\" style=\"flex-basis:65%\">\n<p><strong>Knowledge Area: <\/strong>Environment<\/p>\n\n\n\n<p><strong>Instructor: <\/strong>Gustavo Torres Moure, M. Sc.<\/p>\n\n\n\n<p><strong>Level:<\/strong> Introductory<\/p>\n\n\n\n<p><strong>Basic Requirements: <\/strong>Not Required<\/p>\n<\/div>\n\n\n\n<div class=\"wp-block-column has-white-background-color has-text-color has-background is-layout-flow wp-block-column-is-layout-flow\" style=\"color:#0f5c93;flex-basis:35%\">\n<figure class=\"wp-block-table is-style-stripes\"><table><tbody><tr><td><strong>Duration <\/strong><\/td><td><strong>8 hours<\/strong><\/td><\/tr><tr><td><\/td><td><\/td><\/tr><tr><td><strong>Info <\/strong><\/td><td><strong>R$ 6 x 198,00<\/strong><\/td><\/tr><\/tbody><\/table><\/figure>\n\n\n\n<div class=\"wp-block-buttons is-horizontal is-content-justification-center is-layout-flex wp-container-core-buttons-is-layout-1 wp-block-buttons-is-layout-flex\">\n<div class=\"wp-block-button has-custom-width wp-block-button__width-75 is-style-fill\"><a class=\"wp-block-button__link has-background wp-element-button\" href=\"https:\/\/go.hotmart.com\/Y69022665F\" style=\"background-color:#f7941d\">Contact us<\/a><\/div>\n<\/div>\n<\/div>\n<\/div>\n\n\n\n<div style=\"height:40px\" aria-hidden=\"true\" class=\"wp-block-spacer\"><\/div>\n\n\n\n<p class=\"has-white-color has-text-color has-background\" style=\"background-color:#00b6b5\"><strong>OBJECTIVE<\/strong><\/p>\n\n\n\n<p>To transmit to the student knowledge about global warming and climate change, both in the technical aspect and in the business and institutional aspects. The course discusses the routes to carbon sequestration and the impact of changes on the future of humanity.<\/p>\n\n\n\n<div style=\"height:40px\" aria-hidden=\"true\" class=\"wp-block-spacer\"><\/div>\n\n\n\n<p class=\"has-white-color has-text-color has-background\" style=\"background-color:#00b6b5\"><strong>TARGET AUDIENCE<\/strong><\/p>\n\n\n\n<p>The course is intended for lawyers, business administrators, accountants, engineers, geologists and other professionals who wish to acquire knowledge about global warming and climate change.<\/p>\n\n\n\n<div style=\"height:40px\" aria-hidden=\"true\" class=\"wp-block-spacer\"><\/div>\n\n\n\n<p class=\"has-white-color has-text-color has-background\" style=\"background-color:#00b6b5\"><strong>COURSE CONTENT<\/strong><\/p>\n\n\n\n<div class=\"wp-block-columns is-layout-flex wp-container-core-columns-is-layout-2 wp-block-columns-is-layout-flex\">\n<div class=\"wp-block-column is-layout-flow wp-block-column-is-layout-flow\" style=\"flex-basis:66.66%\">\n<p>\u2981 Introduction to the science of climate change<br>\u2981 Sources of greenhouse gases<br>\u2981 Impacts of climate change<br>\u2981 History of global warming and the Paris Agreement<br>\u2981 Technological options for reducing greenhouse gas emissions<br>\u2981 CO2 capture<br>\u2981 Geological storage of CO2<br>\u2981 Other options for CO2 storage<br>\u2981 Use of CO2<br>\u2981 Costs and economic potential of CO2 sequestration<br>\u2981 Introduction to adaptation to climate change<\/p>\n<\/div>\n\n\n\n<div class=\"wp-block-column is-layout-flow wp-block-column-is-layout-flow\" style=\"flex-basis:33.33%\">\n<figure class=\"wp-block-image size-large\"><img loading=\"lazy\" decoding=\"async\" width=\"1024\" height=\"576\" src=\"https:\/\/wisenergy.com.br\/wp-content\/uploads\/2021\/11\/Mudancas-climaticas-1024x576.png\" alt=\"\" class=\"wp-image-1064\" srcset=\"https:\/\/wisenergy.com.br\/wp-content\/uploads\/2021\/11\/Mudancas-climaticas-1024x576.png 1024w, https:\/\/wisenergy.com.br\/wp-content\/uploads\/2021\/11\/Mudancas-climaticas-300x169.png 300w, https:\/\/wisenergy.com.br\/wp-content\/uploads\/2021\/11\/Mudancas-climaticas-768x432.png 768w, https:\/\/wisenergy.com.br\/wp-content\/uploads\/2021\/11\/Mudancas-climaticas-1536x864.png 1536w, https:\/\/wisenergy.com.br\/wp-content\/uploads\/2021\/11\/Mudancas-climaticas.png 1920w\" sizes=\"(max-width: 1024px) 100vw, 1024px\" \/><\/figure>\n<\/div>\n<\/div>\n\n\n\n<div style=\"height:40px\" aria-hidden=\"true\" class=\"wp-block-spacer\"><\/div>\n\n\n\n<p class=\"has-white-color has-text-color has-background\" style=\"background-color:#00b6b5\"><strong>CERTIFICATE OF COMPLETION<\/strong><\/p>\n\n\n\n<p>Certificate issued upon completion of the course.<\/p>\n\n\n\n<div style=\"height:40px\" aria-hidden=\"true\" class=\"wp-block-spacer\"><\/div>\n\n\n\n<p class=\"has-white-color has-text-color has-background\" style=\"background-color:#00b6b5\">INSTRUCTOR<\/p>\n\n\n\n<div class=\"wp-block-columns is-layout-flex wp-container-core-columns-is-layout-3 wp-block-columns-is-layout-flex\">\n<div class=\"wp-block-column is-layout-flow wp-block-column-is-layout-flow\" style=\"flex-basis:33.33%\">\n<figure class=\"wp-block-image size-full\"><img decoding=\"async\" src=\"http:\/\/wisenergy.com.br\/wp-content\/uploads\/2021\/11\/Professor_GustavoMoure.jpg\" alt=\"\" class=\"wp-image-944\"\/><figcaption class=\"wp-element-caption\">Gustavo Torres Moure, M. Sc.<\/figcaption><\/figure>\n<\/div>\n\n\n\n<div class=\"wp-block-column is-layout-flow wp-block-column-is-layout-flow\" style=\"flex-basis:66.66%\">\n<p>Gustavo Torres Moure is a chemical engineer with a master's degree in Heterogeneous Catalysis from Universidade de S\u00e3o Paulo (USP) and an MBA from Funda\u00e7\u00e3o Get\u00falio Vargas. In 1984, he was hired by Petrobras to work in the area of Catalysts at the Petrobras Research Center, where he held R&amp;D management positions. Since 2000, he has worked at Petrobras in the area of technologies for mitigating climate change, having been appointed Technical Consultant. After 35 years at this company, in September 2020 Gustavo left the company, but continues to work in the area of climate change, competitive intelligence and open innovation.<\/p>\n<\/div>\n<\/div>","protected":false},"excerpt":{"rendered":"<p>\u00c1rea do Conhecimento: Meio Ambiente Professor: Gustavo Torres Moure, M. Sc. N\u00edvel: Introdut\u00f3rio Requisito B\u00e1sico: N\u00e3o requerido Dura\u00e7\u00e3o: 8 horas Promo\u00e7\u00e3o de lan\u00e7amento: R$ 6 x 198,00 OBJETIVO Transmitir ao aluno conhecimentos sobre aquecimento global e mudan\u00e7as clim\u00e1ticas, tanto no aspecto t\u00e9cnico&#8230;<\/p>","protected":false},"author":16,"featured_media":1091,"parent":0,"menu_order":0,"comment_status":"closed","ping_status":"closed","template":"","meta":{"om_disable_all_campaigns":false,"_monsterinsights_skip_tracking":false,"_monsterinsights_sitenote_active":false,"_monsterinsights_sitenote_note":"","_monsterinsights_sitenote_category":0,"footnotes":"","_links_to":"","_links_to_target":""},"aioseo_notices":[],"_links":{"self":[{"href":"https:\/\/wisenergy.com.br\/en\/wp-json\/wp\/v2\/pages\/942"}],"collection":[{"href":"https:\/\/wisenergy.com.br\/en\/wp-json\/wp\/v2\/pages"}],"about":[{"href":"https:\/\/wisenergy.com.br\/en\/wp-json\/wp\/v2\/types\/page"}],"author":[{"embeddable":true,"href":"https:\/\/wisenergy.com.br\/en\/wp-json\/wp\/v2\/users\/16"}],"replies":[{"embeddable":true,"href":"https:\/\/wisenergy.com.br\/en\/wp-json\/wp\/v2\/comments?post=942"}],"version-history":[{"count":8,"href":"https:\/\/wisenergy.com.br\/en\/wp-json\/wp\/v2\/pages\/942\/revisions"}],"predecessor-version":[{"id":10158,"href":"https:\/\/wisenergy.com.br\/en\/wp-json\/wp\/v2\/pages\/942\/revisions\/10158"}],"wp:featuredmedia":[{"embeddable":true,"href":"https:\/\/wisenergy.com.br\/en\/wp-json\/wp\/v2\/media\/1091"}],"wp:attachment":[{"href":"https:\/\/wisenergy.com.br\/en\/wp-json\/wp\/v2\/media?parent=942"}],"curies":[{"name":"wp","href":"https:\/\/api.w.org\/{rel}","templated":true}]}}