{"id":937,"date":"2021-11-04T21:41:29","date_gmt":"2021-11-05T00:41:29","guid":{"rendered":"http:\/\/wisenergy.com.br\/?page_id=937"},"modified":"2022-12-14T19:17:35","modified_gmt":"2022-12-14T22:17:35","slug":"visao-sistemica-de-energias-renovaveis","status":"publish","type":"page","link":"https:\/\/wisenergy.com.br\/en\/visao-sistemica-de-energias-renovaveis\/","title":{"rendered":"VIS\u00c3O SIST\u00caMICA DE ENERGIAS RENOV\u00c1VEIS"},"content":{"rendered":"<div class=\"wp-block-columns is-layout-flex wp-container-core-columns-is-layout-1 wp-block-columns-is-layout-flex\">\n<div class=\"wp-block-column is-layout-flow wp-block-column-is-layout-flow\" style=\"flex-basis:65%\">\n<p><strong>Knowledge Area: <\/strong>Renewable energy<\/p>\n\n\n\n<p><strong>Instructor: <\/strong>Marco Antonio Haikal Leite, Ph.D.<\/p>\n\n\n\n<p><strong>Level:<\/strong> Introductory<\/p>\n\n\n\n<p><strong>Basic Requirements: <\/strong>Not Required<\/p>\n<\/div>\n\n\n\n<div class=\"wp-block-column has-white-background-color has-text-color has-background is-layout-flow wp-block-column-is-layout-flow\" style=\"color:#0f5c93;flex-basis:35%\">\n<figure class=\"wp-block-table is-style-stripes\"><table><tbody><tr><td><strong>Duration <\/strong><\/td><td><strong>12 hours<\/strong><\/td><\/tr><tr><td><strong> <\/strong><\/td><td><\/td><\/tr><tr><td><strong>Info <\/strong><\/td><td><strong>Course on demand<\/strong><\/td><\/tr><\/tbody><\/table><\/figure>\n\n\n\n<div class=\"wp-block-buttons is-horizontal is-content-justification-center is-layout-flex wp-container-core-buttons-is-layout-1 wp-block-buttons-is-layout-flex\">\n<div class=\"wp-block-button has-custom-width wp-block-button__width-75 is-style-fill\"><a class=\"wp-block-button__link has-luminous-vivid-orange-background-color has-background wp-element-button\">Soon<\/a><\/div>\n<\/div>\n<\/div>\n<\/div>\n\n\n\n<div style=\"height:40px\" aria-hidden=\"true\" class=\"wp-block-spacer\"><\/div>\n\n\n\n<p class=\"has-white-color has-text-color has-background\" style=\"background-color:#00b6b5\"><strong>OBJECTIVE<\/strong><\/p>\n\n\n\n<p>Provide the student with a comprehensive view of renewable energies with a focus on solar, wind and biomass energy. The main approach resides in the engineering characteristics and risks of the enterprise.<\/p>\n\n\n\n<div style=\"height:40px\" aria-hidden=\"true\" class=\"wp-block-spacer\"><\/div>\n\n\n\n<p class=\"has-white-color has-text-color has-background\" style=\"background-color:#00b6b5\"><strong>TARGET AUDIENCE<\/strong><\/p>\n\n\n\n<p>The course is intended for engineers, geologists, administrators, economists and other professionals who are working or wish to work in the energy industry.<\/p>\n\n\n\n<div style=\"height:40px\" aria-hidden=\"true\" class=\"wp-block-spacer\"><\/div>\n\n\n\n<p class=\"has-white-color has-text-color has-background\" style=\"background-color:#00b6b5\"><strong>COURSE CONTENT<\/strong><\/p>\n\n\n\n<div class=\"wp-block-columns is-layout-flex wp-container-core-columns-is-layout-2 wp-block-columns-is-layout-flex\">\n<div class=\"wp-block-column is-layout-flow wp-block-column-is-layout-flow\" style=\"flex-basis:66.66%\">\n<p>\u2981 Introduction<br>    \u2981 Renewable Energy in Brazil<br>    \u2981 Renewable Energy in the World<br>    \u2981 Future Perspectives<br>\u2981 Photovoltaic Generation Systems<br>    \u2981 Introduction<br>    \u2981 Solar Resource<br>    \u2981 Overview of Photovoltaic Solar Energy<br>    \u2981 Photovoltaic Systems<br>    \u2981 Photovoltaic Cells and Modules<br>    \u2981 Storage<br>    \u2981 Floating Systems<br>    \u2981 Risks of Projects in Photovoltaic Solar Energy<br>\u2981 Thermal Solar Generation Systems<br>    \u2981 Introduction<br>    \u2981 Thermal Solar Generation Systems<br>    \u2981 Parabolic Cylinder Systems<br>    \u2981 Fresnel Linear Systems<br>    \u2981 Central Tower Systems<br>    \u2981 Parabolic Disc Systems<br>    \u2981 Examples of Solar Thermal Plants<br>    \u2981 Risks of Projects in Photovoltaic Solar Energy<br>\u2981 Wind Generation Systems<br>    \u2981 Introduction<br>    \u2981 Wind Potential<br>    \u2981 Wind Energy Overview<br>    \u2981 Classification of Large Wind Turbines<br>    \u2981 Main Components of a Wind Turbine<br>    \u2981 Offshore Systems<br>    \u2981 Risks of Wind Energy Projects<\/p>\n\n\n\n<p>\u2981 Generation Systems from Biomass (3 hours)<br>    \u2981 Introduction<br>    \u2981 Types of Biomass<br>    \u2981 Thermal Cycle and Cogeneration<br>    \u2981 Main Technologies<br>    \u2981 Combustion of Solids in Grids<br>    \u2981 Fluidized Bed Combustion<br>    \u2981 Gasification<br>    \u2981 Examples of Plants<br>\u2981 Risks of Projects in Biomass Energy<\/p>\n<\/div>\n\n\n\n<div class=\"wp-block-column is-layout-flow wp-block-column-is-layout-flow\" style=\"flex-basis:33.33%\"><\/div>\n<\/div>\n\n\n\n<div style=\"height:40px\" aria-hidden=\"true\" class=\"wp-block-spacer\"><\/div>\n\n\n\n<p class=\"has-white-color has-text-color has-background\" style=\"background-color:#00b6b5\"><strong>CERTIFICATE OF COMPLETION<\/strong><\/p>\n\n\n\n<p>Certificate issued upon completion of the course.<\/p>\n\n\n\n<div style=\"height:40px\" aria-hidden=\"true\" class=\"wp-block-spacer\"><\/div>\n\n\n\n<p class=\"has-white-color has-text-color has-background\" style=\"background-color:#00b6b5\">INSTRUCTOR<\/p>\n\n\n\n<div class=\"wp-block-columns is-layout-flex wp-container-core-columns-is-layout-3 wp-block-columns-is-layout-flex\">\n<div class=\"wp-block-column is-layout-flow wp-block-column-is-layout-flow\" style=\"flex-basis:33.33%\">\n<figure class=\"wp-block-image size-full\"><img decoding=\"async\" src=\"http:\/\/wisenergy.com.br\/wp-content\/uploads\/2021\/11\/Professor_MarcoLeite.jpg\" alt=\"\" class=\"wp-image-938\"\/><figcaption class=\"wp-element-caption\">Marco Antonio Haikal Leite, Ph.D.<\/figcaption><\/figure>\n<\/div>\n\n\n\n<div class=\"wp-block-column is-layout-flow wp-block-column-is-layout-flow\" style=\"flex-basis:66.66%\">\n<p>Haikal Leite holds a degree in Mechanical Engineering from the Universidade Federal do Rio de Janeiro (UFRJ, 1980), a Masters in Mechanical Engineering (COPPE-UFRJ, 2008), a PhD in Mechanical Engineering (COPPE-UFRJ, with his research done at the Technical University of Delft, Holland, 2014), an MBA from Funda\u00e7\u00e3o Get\u00falio Vargas \u2013 RJ (1998). He worked at the Leopoldo Miguez de Mello Research and Development Center of Petrobras \u2013 CENPES from 1987 to 2017, where he was Manager of Electrics and Utilities and later researcher and Senior Consultant on Gas and Energy, Renewable Energies, Biofuels and Energy Efficiency, working mainly on cogeneration and distributed generation, thermoelectric generation and thermal cycles, wind energy, solar thermal and photovoltaic energy, biomass energy, combustion and gasification, simulation and computational fluid dynamics.<\/p>\n\n\n\n<p>He worked as a mechanical engineer at the Directorate of Naval Engineering of the Brazilian Navy from 1980 to 1987, in the design and construction of systems for warships and submarines, with a course in \u201cSubmarine Design\u201d at Ingenieurkontor L\u00fcbeck (IKL) in L\u00fcbeck, Germany, in 1985.<\/p>\n\n\n\n<p>He taught training courses for Equipment Engineers at PETROBRAS University from 2000 to 2016, He was a professor of Mechanical Engineering at the Santa \u00darsula University Association (2006); of the Lato Sensu Postgraduate Course at UERJ in Energy Engineering (2018, 2019 and 2020); of the Lato Sensu Postgraduate Courses at PUC-Rio in Photovoltaic Solar Engineering, Energy Generation and MBE Energy (2020 and 2021). He is the author of two patents.<\/p>\n\n\n\n<p>He is currently a Researcher at the Energy Institute of PUC-Rio in a research project on Photovoltaic Solar Energy.<\/p>\n<\/div>\n<\/div>","protected":false},"excerpt":{"rendered":"<p>\u00c1rea do Conhecimento: Energias Renov\u00e1veis Professor: Marco Antonio Haikal Leite, Ph.D. N\u00edvel: Introdut\u00f3rio Requisito B\u00e1sico: N\u00e3o requerido Dura\u00e7\u00e3o: 12 horas Promo\u00e7\u00e3o de lan\u00e7amento: R$ 780,00 OBJETIVO Proporcionar ao aluno uma vis\u00e3o abrangente sobre energias renov\u00e1veis com foco em energia solar, e\u00f3lica e&#8230;<\/p>","protected":false},"author":16,"featured_media":1092,"parent":0,"menu_order":0,"comment_status":"closed","ping_status":"closed","template":"","meta":{"om_disable_all_campaigns":false,"_monsterinsights_skip_tracking":false,"_monsterinsights_sitenote_active":false,"_monsterinsights_sitenote_note":"","_monsterinsights_sitenote_category":0,"footnotes":"","_links_to":"","_links_to_target":""},"aioseo_notices":[],"_links":{"self":[{"href":"https:\/\/wisenergy.com.br\/en\/wp-json\/wp\/v2\/pages\/937"}],"collection":[{"href":"https:\/\/wisenergy.com.br\/en\/wp-json\/wp\/v2\/pages"}],"about":[{"href":"https:\/\/wisenergy.com.br\/en\/wp-json\/wp\/v2\/types\/page"}],"author":[{"embeddable":true,"href":"https:\/\/wisenergy.com.br\/en\/wp-json\/wp\/v2\/users\/16"}],"replies":[{"embeddable":true,"href":"https:\/\/wisenergy.com.br\/en\/wp-json\/wp\/v2\/comments?post=937"}],"version-history":[{"count":5,"href":"https:\/\/wisenergy.com.br\/en\/wp-json\/wp\/v2\/pages\/937\/revisions"}],"predecessor-version":[{"id":10120,"href":"https:\/\/wisenergy.com.br\/en\/wp-json\/wp\/v2\/pages\/937\/revisions\/10120"}],"wp:featuredmedia":[{"embeddable":true,"href":"https:\/\/wisenergy.com.br\/en\/wp-json\/wp\/v2\/media\/1092"}],"wp:attachment":[{"href":"https:\/\/wisenergy.com.br\/en\/wp-json\/wp\/v2\/media?parent=937"}],"curies":[{"name":"wp","href":"https:\/\/api.w.org\/{rel}","templated":true}]}}