{"id":934,"date":"2021-11-04T21:20:56","date_gmt":"2021-11-05T00:20:56","guid":{"rendered":"http:\/\/wisenergy.com.br\/?page_id=934"},"modified":"2023-08-24T14:00:45","modified_gmt":"2023-08-24T17:00:45","slug":"garantia-de-escoamento","status":"publish","type":"page","link":"https:\/\/wisenergy.com.br\/en\/garantia-de-escoamento\/","title":{"rendered":"Flow Assurance"},"content":{"rendered":"<div class=\"wp-block-columns is-layout-flex wp-container-core-columns-is-layout-1 wp-block-columns-is-layout-flex\">\n<div class=\"wp-block-column is-layout-flow wp-block-column-is-layout-flow\" style=\"flex-basis:65%\">\n<p><strong>Knowledge Area: <\/strong>Petroleum Production Engineering<\/p>\n\n\n\n<p><strong>Instructor: <\/strong>Roberto Carlos Goncalves de Oliveira<\/p>\n\n\n\n<p><strong>Level:<\/strong> Introductory<\/p>\n\n\n\n<p><strong>Basic Requirements: <\/strong>Not Required<\/p>\n<\/div>\n\n\n\n<div class=\"wp-block-column has-white-background-color has-text-color has-background is-layout-flow wp-block-column-is-layout-flow\" style=\"color:#0f5c93;flex-basis:35%\">\n<figure class=\"wp-block-table is-style-stripes\"><table><tbody><tr><td><strong>Duration <\/strong><\/td><td class=\"has-text-align-center\" data-align=\"center\"><strong>6 hours<\/strong><\/td><\/tr><tr><td><\/td><td class=\"has-text-align-center\" data-align=\"center\"><\/td><\/tr><tr><td><strong>Info <\/strong><\/td><td class=\"has-text-align-center\" data-align=\"center\">Course on demand<br><strong>R$ 189,00<\/strong><\/td><\/tr><\/tbody><\/table><\/figure>\n\n\n\n<div class=\"wp-block-buttons is-horizontal is-content-justification-center is-layout-flex wp-container-core-buttons-is-layout-1 wp-block-buttons-is-layout-flex\">\n<div class=\"wp-block-button has-custom-width wp-block-button__width-75 is-style-fill\"><a class=\"wp-block-button__link has-luminous-vivid-orange-background-color has-background wp-element-button\" href=\"https:\/\/wisenergy.com.br\/en\/contato\/\" target=\"_blank\" rel=\"noreferrer noopener\">Contact Us<\/a><\/div>\n<\/div>\n<\/div>\n<\/div>\n\n\n\n<div style=\"height:40px\" aria-hidden=\"true\" class=\"wp-block-spacer\"><\/div>\n\n\n\n<p class=\"has-white-color has-text-color has-background\" style=\"background-color:#00b6b5\"><strong>OBJECTIVE<\/strong><\/p>\n\n\n\n<p>To transmit basic knowledge about the problems of flow assurance and deposit formation in facilities and equipment during the production and processing of oil and natural gas on land and at sea. This course will allow professionals responsible for monitoring and operating production systems a clear view of the associated risks and operational procedures capable of preventing or remedying the problems of deposit formation and guarantee of flow (viscous emulsions, hydrates, paraffins, asphaltenes, naphthenates and saline scale).<\/p>\n\n\n\n<div style=\"height:40px\" aria-hidden=\"true\" class=\"wp-block-spacer\"><\/div>\n\n\n\n<p class=\"has-white-color has-text-color has-background\" style=\"background-color:#00b6b5\"><strong>TARGET AUDIENCE<\/strong><\/p>\n\n\n\n<p>The course is intended for engineers, chemists, technicians in general, and professionals from any area who wish to acquire knowledge about the mechanisms of formation, combat and mitigation of deposit formation and obstruction of lines and equipment during the oil and gas production process. Natural.<\/p>\n\n\n\n<div style=\"height:40px\" aria-hidden=\"true\" class=\"wp-block-spacer\"><\/div>\n\n\n\n<p class=\"has-white-color has-text-color has-background\" style=\"background-color:#00b6b5\"><strong>COURSE CONTENT<\/strong><\/p>\n\n\n\n<div class=\"wp-block-columns is-layout-flex wp-container-core-columns-is-layout-2 wp-block-columns-is-layout-flex\">\n<div class=\"wp-block-column is-layout-flow wp-block-column-is-layout-flow\" style=\"flex-basis:66.66%\">\n<p>\u2981 <strong>General aspects<\/strong><br>    \u2981 Composition of produced fluids (brine, oil and natural gas)<br>\u2981 <strong>emulsions<\/strong><br>    \u2981 Theoretical foundations of emulsions and associated rheology<br>\u2981 <strong>hydrates<\/strong><br>    \u2981 Theoretical foundations on hydrate formation, kinetics and associated problems<br>    \u2981 Prevention strategy and methods<br>    \u2981 Hydrate plug dissociation methods<br>\u2981 <strong>paraffins<\/strong><br>    \u2981 Theoretical foundations of paraffin deposition<br>    \u2981 Methods of preventing paraffin deposition<br>    \u2981 Methods of removing paraffinic deposits<br>\u2981 <strong>asphaltenes<\/strong><br>    \u2981 Theoretical foundations of asphaltene precipitation<br>    \u2981 Methods of preventing and removing asphalt deposits<br>\u2981 <strong>naphthenates<\/strong><br>    \u2981 Theoretical foundations of naphthenic acids and naphthenate formation<br>    \u2981 Occurrences of deposition of naphthenates in oil production<br>    \u2981 Methods of preventing and mitigating the formation of naphthenates. Case study.<br>\u2981 <strong>saline incrustations<\/strong><br>    \u2981 Theoretical foundations of saline fouling in oil production<br>    \u2981 Causes, occurrences and operational problems<br>    \u2981 Fouling prevention methods<br>    \u2981 Squeeze or continuous dosing scale inhibitors<br>    \u2981 Sulfate Removal Unit (URS)<br>    \u2981 Alternative techniques (magnetism and ultrasound)<br>    \u2981 Chemical method of removing salt scale<\/p>\n<\/div>\n\n\n\n<div class=\"wp-block-column is-layout-flow wp-block-column-is-layout-flow\" style=\"flex-basis:33.33%\">\n<figure class=\"wp-block-image size-full\"><img loading=\"lazy\" decoding=\"async\" width=\"395\" height=\"265\" src=\"http:\/\/wisenergy.com.br\/wp-content\/uploads\/2021\/11\/GarantiaEscoamento.jpg\" alt=\"\" class=\"wp-image-1058\" srcset=\"https:\/\/wisenergy.com.br\/wp-content\/uploads\/2021\/11\/GarantiaEscoamento.jpg 395w, https:\/\/wisenergy.com.br\/wp-content\/uploads\/2021\/11\/GarantiaEscoamento-300x201.jpg 300w\" sizes=\"(max-width: 395px) 100vw, 395px\" \/><\/figure>\n<\/div>\n<\/div>\n\n\n\n<div style=\"height:40px\" aria-hidden=\"true\" class=\"wp-block-spacer\"><\/div>\n\n\n\n<p class=\"has-white-color has-text-color has-background\" style=\"background-color:#00b6b5\"><strong>CERTIFICATE OF COMPLETION<\/strong><\/p>\n\n\n\n<p>Certificate issued upon completion of the course.<\/p>\n\n\n\n<div style=\"height:40px\" aria-hidden=\"true\" class=\"wp-block-spacer\"><\/div>\n\n\n\n<p class=\"has-white-color has-text-color has-background\" style=\"background-color:#00b6b5\">INSTRUCTOR<\/p>\n\n\n\n<div class=\"wp-block-columns is-layout-flex wp-container-core-columns-is-layout-3 wp-block-columns-is-layout-flex\">\n<div class=\"wp-block-column is-layout-flow wp-block-column-is-layout-flow\" style=\"flex-basis:33.33%\">\n<figure class=\"wp-block-image size-full\"><img loading=\"lazy\" decoding=\"async\" width=\"480\" height=\"339\" src=\"http:\/\/wisenergy.com.br\/wp-content\/uploads\/2021\/11\/Professor_RobertoOliveira.jpg\" alt=\"\" class=\"wp-image-935\" srcset=\"https:\/\/wisenergy.com.br\/wp-content\/uploads\/2021\/11\/Professor_RobertoOliveira.jpg 480w, https:\/\/wisenergy.com.br\/wp-content\/uploads\/2021\/11\/Professor_RobertoOliveira-300x212.jpg 300w\" sizes=\"(max-width: 480px) 100vw, 480px\" \/><figcaption class=\"wp-element-caption\">Roberto Carlos Goncalves de Oliveira<\/figcaption><\/figure>\n<\/div>\n\n\n\n<div class=\"wp-block-column is-layout-flow wp-block-column-is-layout-flow\" style=\"flex-basis:66.66%\">\n<p>Roberto Carlos has 35 years of experience in the Oil, Gas &amp; Energy Industry, working at the Petrobras Research Center (CENPES), where he developed strong knowledge in the areas of flow assurance, separation and treatment of fluids (water, oil and natural gas) ).<\/p>\n\n\n\n<p><br>His academic background involves a degree in chemical engineering (UERJ, 1984), a master&#039;s degree (COPPE\/UFRJ, 1988) and a doctorate (COPPE\/UFRJ, 20030) in materials and metallurgical engineering, an MBA in R&amp;D management (UNICAMP, 2004), and several extension courses in Brazil and abroad, including advanced training in nanotechnology at the Particle Engineering Research Center (PERC) at the University of Florida (USA).<\/p>\n\n\n\n<p><br>He has presented around 40 papers at international conferences, including the Offshore Technology Conference (Houston), Rio Oil and Gas Expo and Conference (Brazil), Society of Petroleum Engineer Subsea Forum (Italy) and SPE International Conference (Canada).<\/p>\n<\/div>\n<\/div>","protected":false},"excerpt":{"rendered":"<p>\u00c1rea do Conhecimento: Engenharia de Produ\u00e7\u00e3o de Petr\u00f3leo Professor: Roberto Carlos Gon\u00e7alves de Oliveira N\u00edvel: Introdut\u00f3rio Requisito B\u00e1sico: N\u00e3o requerido Dura\u00e7\u00e3o: 6 horas Investimento: 6xR$ 189,00 OBJETIVO Transmitir conhecimentos b\u00e1sicos sobre os problemas de garantia de escoamento e de forma\u00e7\u00e3o de dep\u00f3sitos&#8230;<\/p>","protected":false},"author":16,"featured_media":1058,"parent":0,"menu_order":0,"comment_status":"closed","ping_status":"closed","template":"","meta":{"om_disable_all_campaigns":false,"_monsterinsights_skip_tracking":false,"_monsterinsights_sitenote_active":false,"_monsterinsights_sitenote_note":"","_monsterinsights_sitenote_category":0,"footnotes":"","_links_to":"","_links_to_target":""},"aioseo_notices":[],"_links":{"self":[{"href":"https:\/\/wisenergy.com.br\/en\/wp-json\/wp\/v2\/pages\/934"}],"collection":[{"href":"https:\/\/wisenergy.com.br\/en\/wp-json\/wp\/v2\/pages"}],"about":[{"href":"https:\/\/wisenergy.com.br\/en\/wp-json\/wp\/v2\/types\/page"}],"author":[{"embeddable":true,"href":"https:\/\/wisenergy.com.br\/en\/wp-json\/wp\/v2\/users\/16"}],"replies":[{"embeddable":true,"href":"https:\/\/wisenergy.com.br\/en\/wp-json\/wp\/v2\/comments?post=934"}],"version-history":[{"count":14,"href":"https:\/\/wisenergy.com.br\/en\/wp-json\/wp\/v2\/pages\/934\/revisions"}],"predecessor-version":[{"id":10142,"href":"https:\/\/wisenergy.com.br\/en\/wp-json\/wp\/v2\/pages\/934\/revisions\/10142"}],"wp:featuredmedia":[{"embeddable":true,"href":"https:\/\/wisenergy.com.br\/en\/wp-json\/wp\/v2\/media\/1058"}],"wp:attachment":[{"href":"https:\/\/wisenergy.com.br\/en\/wp-json\/wp\/v2\/media?parent=934"}],"curies":[{"name":"wp","href":"https:\/\/api.w.org\/{rel}","templated":true}]}}