{"id":927,"date":"2021-11-04T20:00:44","date_gmt":"2021-11-04T23:00:44","guid":{"rendered":"http:\/\/wisenergy.com.br\/?page_id=927"},"modified":"2023-08-24T13:51:32","modified_gmt":"2023-08-24T16:51:32","slug":"emissoes-atmosfericas-na-industria-do-petroleo","status":"publish","type":"page","link":"https:\/\/wisenergy.com.br\/en\/emissoes-atmosfericas-na-industria-do-petroleo\/","title":{"rendered":"EMISS\u00d5ES ATMOSF\u00c9RICAS NA IND\u00daSTRIA DO PETR\u00d3LEO"},"content":{"rendered":"<div class=\"wp-block-columns is-layout-flex wp-container-core-columns-is-layout-1 wp-block-columns-is-layout-flex\">\n<div class=\"wp-block-column is-layout-flow wp-block-column-is-layout-flow\" style=\"flex-basis:66.66%\">\n<p><strong>Knowledge Area: <\/strong>Atmospheric emissions<\/p>\n\n\n\n<p><strong>Instructor: <\/strong>Glenda Rangel Rodrigues, M.Sc<\/p>\n\n\n\n<p><strong>Level:<\/strong> Introductory<\/p>\n\n\n\n<p><strong>Basic Requirements: <\/strong>: It is recommended, but not mandatory, to have taken the course on Analysis of the Different Refining Schemes for a better understanding of emissions in the refining area<\/p>\n<\/div>\n\n\n\n<div class=\"wp-block-column is-layout-flow wp-block-column-is-layout-flow\" style=\"flex-basis:33.33%\">\n<figure class=\"wp-block-table is-style-stripes\"><table class=\"has-text-color\" style=\"color:#0071a1\"><tbody><tr><td><strong>Duration<\/strong><\/td><td><strong>5 hours<\/strong><\/td><\/tr><tr><td><\/td><td><\/td><\/tr><tr><td><strong>Info<\/strong><\/td><td>Special packages for companies<br><strong>... <\/strong>149,00<\/td><\/tr><\/tbody><\/table><\/figure>\n\n\n\n<div class=\"wp-block-buttons is-horizontal is-content-justification-center is-layout-flex wp-container-core-buttons-is-layout-1 wp-block-buttons-is-layout-flex\">\n<div class=\"wp-block-button has-custom-width wp-block-button__width-75 is-style-fill\"><a class=\"wp-block-button__link has-luminous-vivid-orange-background-color has-background wp-element-button\" href=\"https:\/\/go.hotmart.com\/C63145889L\" target=\"_blank\" rel=\"noreferrer noopener\">Contact us<\/a><\/div>\n<\/div>\n<\/div>\n<\/div>\n\n\n\n<p class=\"has-white-color has-text-color has-background\" id=\"block-40c2ef80-be13-4ca8-a388-a9e50795a570\" style=\"background-color:#00b6b5\"><strong>OBJECTIVE<\/strong><\/p>\n\n\n\n<p>To impart the students the basic knowledge about atmospheric pollution that will allow them to understand the main phenomena that affect both the air quality of the regions and the climate.<br>The course also discusses the impacts of oil refining as well as Exploration and Production platforms;  the main emitting sources, the applicable legislation, and transmits to the student the main forms of mitigation and control.<\/p>\n\n\n\n<div style=\"height:40px\" aria-hidden=\"true\" class=\"wp-block-spacer\"><\/div>\n\n\n\n<p class=\"has-white-color has-text-color has-background\" id=\"block-e8cbbafa-8651-4d3d-880a-93384d78772b\" style=\"background-color:#00b6b5\"><strong>TARGET AUDIENCE<\/strong><\/p>\n\n\n\n<p id=\"block-1238d455-8be2-4875-b3ba-02c653d8dcff\">The course is intended for engineers, administrators, journalists, lawyers, other professionals who wish to acquire knowledge to understand the phenomena related to air pollution, as well as the main sources of emissions in Petroleum Refining and the applicable management tools.<\/p>\n\n\n\n<div style=\"height:40px\" aria-hidden=\"true\" class=\"wp-block-spacer\"><\/div>\n\n\n\n<p class=\"has-white-color has-text-color has-background\" id=\"block-6db3c66c-dc20-48c3-9cc2-f0f784f302eb\" style=\"background-color:#00b6b5\"><strong>COURSE CONTENT<\/strong><\/p>\n\n\n\n<div class=\"wp-block-columns is-layout-flex wp-container-core-columns-is-layout-2 wp-block-columns-is-layout-flex\">\n<div class=\"wp-block-column is-layout-flow wp-block-column-is-layout-flow\" style=\"flex-basis:66.66%\">\n<p>\u2981 Contextualization<br>    \u2981 The atmosphere<br>    \u2981 Atmospheric Pollution<br>\u2981 Impacts of Atmospheric Pollution<br>    \u2981 Various Impacts<br>    \u2981 Greenhouse Effect<br>\u2981 Atmospheric Pollutants<br>    \u2981 Air Quality - Pollutants<br>    \u2981 Air Quality - Management<br>    \u2981 Greenhouse Gases<br>\u2981 Oil Industry<br>    \u2981 Exploration and Production<br>    \u2981 Terminals<br>    \u2981 Refining<br>\u2981 Management Tools<br>    \u2981 Monitoring<br>    \u2981 Inventories<br>    \u2981 Scatter Modeling<br>\u2981 Emission Control Measures<br>\u2981 Greenhouse Gas Management Challenges<\/p>\n<\/div>\n\n\n\n<div class=\"wp-block-column is-layout-flow wp-block-column-is-layout-flow\" style=\"flex-basis:33.33%\">\n<figure class=\"wp-block-image size-full\"><img loading=\"lazy\" decoding=\"async\" width=\"1024\" height=\"716\" src=\"https:\/\/wisenergy.com.br\/wp-content\/uploads\/2021\/11\/Emissoes_mini.jpg\" alt=\"\" class=\"wp-image-1093\" srcset=\"https:\/\/wisenergy.com.br\/wp-content\/uploads\/2021\/11\/Emissoes_mini.jpg 1024w, https:\/\/wisenergy.com.br\/wp-content\/uploads\/2021\/11\/Emissoes_mini-300x210.jpg 300w, https:\/\/wisenergy.com.br\/wp-content\/uploads\/2021\/11\/Emissoes_mini-768x537.jpg 768w\" sizes=\"(max-width: 1024px) 100vw, 1024px\" \/><\/figure>\n<\/div>\n<\/div>\n\n\n\n<div style=\"height:40px\" aria-hidden=\"true\" class=\"wp-block-spacer\"><\/div>\n\n\n\n<p class=\"has-white-color has-text-color has-background\" id=\"block-18db9568-9f76-408a-9009-7a7ab831a94c\" style=\"background-color:#00b6b5\"><strong>CERTIFICATE OF COMPLETION<\/strong><\/p>\n\n\n\n<p id=\"block-e1402e42-8867-416c-b701-012000b8a428\">Certificate issued upon completion of the course.<\/p>\n\n\n\n<div style=\"height:40px\" aria-hidden=\"true\" class=\"wp-block-spacer\"><\/div>\n\n\n\n<p class=\"has-white-color has-text-color has-background\" id=\"block-788a693b-78c4-43ce-a4be-0e9921da45a4\" style=\"background-color:#00b6b5\">INSTRUCTOR<\/p>\n\n\n\n<div class=\"wp-block-columns is-layout-flex wp-container-core-columns-is-layout-3 wp-block-columns-is-layout-flex\">\n<div class=\"wp-block-column is-layout-flow wp-block-column-is-layout-flow\" style=\"flex-basis:33.33%\">\n<figure class=\"wp-block-image size-full\" id=\"block-ebb2653c-1c8c-401e-804a-d915656d88e7\"><img decoding=\"async\" src=\"http:\/\/wisenergy.com.br\/wp-content\/uploads\/2021\/11\/Professora_GlendaRangel.jpg\" alt=\"\" class=\"wp-image-932\"\/><figcaption class=\"wp-element-caption\">Glenda Rangel Rodrigues, M.Sc.<\/figcaption><\/figure>\n<\/div>\n\n\n\n<div class=\"wp-block-column is-layout-flow wp-block-column-is-layout-flow\" style=\"flex-basis:66.66%\">\n<p>Professor Glenda Rangel Rodrigues is a chemical engineer, graduated from Universidade Federal do Rio de Janeiro (UFRJ,) with a specialization in oil processing from Petrobras, MBE executive postgraduate degree in environment from UFRJ-COPPE, master's degree in Environmental Management from Universidade Federal Fluminense (UFF). She joined Petrobras in 1987, working at the Duque de Caxias Refinery for 13 years, performing technical and managerial roles in the area of energy, utilities and effluent treatment.<\/p>\n\n\n\n<p>Starting in 2001, working in the Refining area at Petrobras, he developed work in the Energy and Emissions area, working on the implementation of atmospheric emissions management in the segment, reaching Master Consulting in 2013. He worked both with regulated pollutants, focused on air quality, as in decarbonization.<\/p>\n\n\n\n<p>She participated as a representative of the Refining area of Petrobras in the working groups for the elaboration of CONAMA Resolutions (Brazilian Regulation)  that established the emission limits for fixed sources and worked for 20 years in support of operations, projects, licensing and management plans.<\/p>\n\n\n\n<p>She is currently a specialist air quality and decarbonization consultant at Ramboll, an engineering and consulting company.<\/p>\n<\/div>\n<\/div>","protected":false},"excerpt":{"rendered":"<p>\u00c1rea do Conhecimento: Emiss\u00f5es Atmosf\u00e9ricas Professor: Glenda Rangel Rodrigues, M.Sc N\u00edvel: Introdut\u00f3rio Requisito B\u00e1sico: : \u00c9 recomend\u00e1vel, por\u00e9m n\u00e3o obrigat\u00f3rios ter feito o curso de An\u00e1lise dos Diferentes Esquemas de Refino para melhor entendimento das emiss\u00f5es na \u00e1rea de refino Dura\u00e7\u00e3o: 5&#8230;<\/p>","protected":false},"author":16,"featured_media":1093,"parent":0,"menu_order":0,"comment_status":"closed","ping_status":"closed","template":"","meta":{"om_disable_all_campaigns":false,"_monsterinsights_skip_tracking":false,"_monsterinsights_sitenote_active":false,"_monsterinsights_sitenote_note":"","_monsterinsights_sitenote_category":0,"footnotes":"","_links_to":"","_links_to_target":""},"aioseo_notices":[],"_links":{"self":[{"href":"https:\/\/wisenergy.com.br\/en\/wp-json\/wp\/v2\/pages\/927"}],"collection":[{"href":"https:\/\/wisenergy.com.br\/en\/wp-json\/wp\/v2\/pages"}],"about":[{"href":"https:\/\/wisenergy.com.br\/en\/wp-json\/wp\/v2\/types\/page"}],"author":[{"embeddable":true,"href":"https:\/\/wisenergy.com.br\/en\/wp-json\/wp\/v2\/users\/16"}],"replies":[{"embeddable":true,"href":"https:\/\/wisenergy.com.br\/en\/wp-json\/wp\/v2\/comments?post=927"}],"version-history":[{"count":9,"href":"https:\/\/wisenergy.com.br\/en\/wp-json\/wp\/v2\/pages\/927\/revisions"}],"predecessor-version":[{"id":10139,"href":"https:\/\/wisenergy.com.br\/en\/wp-json\/wp\/v2\/pages\/927\/revisions\/10139"}],"wp:featuredmedia":[{"embeddable":true,"href":"https:\/\/wisenergy.com.br\/en\/wp-json\/wp\/v2\/media\/1093"}],"wp:attachment":[{"href":"https:\/\/wisenergy.com.br\/en\/wp-json\/wp\/v2\/media?parent=927"}],"curies":[{"name":"wp","href":"https:\/\/api.w.org\/{rel}","templated":true}]}}