{"id":815,"date":"2021-10-24T15:23:57","date_gmt":"2021-10-24T18:23:57","guid":{"rendered":"http:\/\/wisenergy.com.br\/?page_id=815"},"modified":"2023-08-24T13:54:05","modified_gmt":"2023-08-24T16:54:05","slug":"fundamentos-de-energia-eolica","status":"publish","type":"page","link":"https:\/\/wisenergy.com.br\/en\/fundamentos-de-energia-eolica\/","title":{"rendered":"FUNDAMENTOS DE ENERGIA E\u00d3LICA"},"content":{"rendered":"<div class=\"wp-block-columns is-layout-flex wp-container-core-columns-is-layout-1 wp-block-columns-is-layout-flex\">\n<div class=\"wp-block-column is-layout-flow wp-block-column-is-layout-flow\" style=\"flex-basis:65%\">\n<p><strong>Knowledge Area: <\/strong>Renewable energy<\/p>\n\n\n\n<p><strong>Instructor: <\/strong> Ezequiel Costa Malateaux da Silva, M.Sc <\/p>\n\n\n\n<p><strong>Level:<\/strong> Introductory<\/p>\n\n\n\n<p><strong>Basic Requirements: <\/strong>Not Required<\/p>\n<\/div>\n\n\n\n<div class=\"wp-block-column has-white-background-color has-text-color has-background is-layout-flow wp-block-column-is-layout-flow\" style=\"color:#0f5c93;flex-basis:35%\">\n<figure class=\"wp-block-table is-style-stripes\"><table><tbody><tr><td><strong>Duration <\/strong><\/td><td><strong>3 hours<\/strong><\/td><\/tr><tr><td><\/td><td><\/td><\/tr><tr><td><strong>Info <\/strong><\/td><td><strong>6x de R$ 90,00<\/strong><\/td><\/tr><\/tbody><\/table><\/figure>\n\n\n\n<div class=\"wp-block-buttons is-layout-flex wp-block-buttons-is-layout-flex\">\n<div class=\"wp-block-button has-custom-width wp-block-button__width-75 is-style-fill\"><a class=\"wp-block-button__link has-luminous-vivid-orange-background-color has-background wp-element-button\" href=\"https:\/\/wisenergy.com.br\/en\/contato\/\" target=\"_blank\" rel=\"noreferrer noopener\">Contact us<\/a><\/div>\n<\/div>\n<\/div>\n<\/div>\n\n\n\n<p class=\"has-white-color has-text-color has-background\" style=\"background-color:#00b6b5\"><strong>OBJECTIVE<\/strong><\/p>\n\n\n\n<p>To transmit knowledge about: the evolution of wind generation in Brazil and in the world; the different factors that influence the wind; fundamentals of anemometric measurement; wind turbine models and components; procedures to estimate wind power generation and comparison between onshore and offshore wind generation.<\/p>\n\n\n\n<div style=\"height:40px\" aria-hidden=\"true\" class=\"wp-block-spacer\"><\/div>\n\n\n\n<p class=\"has-white-color has-text-color has-background\" style=\"background-color:#00b6b5\"><strong>TARGET AUDIENCE<\/strong><\/p>\n\n\n\n<p>The course is aimed at engineers and professionals who wish to enter the wind generation sector or deepen their knowledge of this form of energy generation.<\/p>\n\n\n\n<div style=\"height:40px\" aria-hidden=\"true\" class=\"wp-block-spacer\"><\/div>\n\n\n\n<p class=\"has-white-color has-text-color has-background\" style=\"background-color:#00b6b5\"><strong>COURSE CONTENT<\/strong><\/p>\n\n\n\n<div class=\"wp-block-columns is-layout-flex wp-container-core-columns-is-layout-2 wp-block-columns-is-layout-flex\">\n<div class=\"wp-block-column is-layout-flow wp-block-column-is-layout-flow\" style=\"flex-basis:66.66%\">\n<p>\u2981 History and evolution in the world;<\/p>\n\n\n\n<p>\u2981 Wind: wind potential, effects of terrain, stability and height;<\/p>\n\n\n\n<p>\u2981 Wind Energy in Brazil: past, present and future;<\/p>\n\n\n\n<p>\u2981 Wind variability and probability distribution;<\/p>\n\n\n\n<p>\u2981 Anemometric measurement: towers, LiDARs and requirements;<\/p>\n\n\n\n<p>\u2981 Wind turbine models;<\/p>\n\n\n\n<p>\u2981 Commercial wind turbines \u2013 Part I: elements, control and environmental impacts;<\/p>\n\n\n\n<p>\u2981 Commercial wind turbines \u2013 Part II: calculation of energy generation and power curve;<\/p>\n\n\n\n<p>\u2981 Offshore Wind Generation: evolution and differences in relation to onshore wind generation.<\/p>\n<\/div>\n\n\n\n<div class=\"wp-block-column is-layout-flow wp-block-column-is-layout-flow\" style=\"flex-basis:33.33%\">\n<figure class=\"wp-block-image size-full\"><img loading=\"lazy\" decoding=\"async\" width=\"1024\" height=\"716\" src=\"http:\/\/wisenergy.com.br\/wp-content\/uploads\/2021\/11\/eolica0.jpg\" alt=\"\" class=\"wp-image-922\" srcset=\"https:\/\/wisenergy.com.br\/wp-content\/uploads\/2021\/11\/eolica0.jpg 1024w, https:\/\/wisenergy.com.br\/wp-content\/uploads\/2021\/11\/eolica0-300x210.jpg 300w, https:\/\/wisenergy.com.br\/wp-content\/uploads\/2021\/11\/eolica0-768x537.jpg 768w\" sizes=\"(max-width: 1024px) 100vw, 1024px\" \/><\/figure>\n<\/div>\n<\/div>\n\n\n\n<div style=\"height:40px\" aria-hidden=\"true\" class=\"wp-block-spacer\"><\/div>\n\n\n\n<p class=\"has-white-color has-text-color has-background\" style=\"background-color:#00b6b5\"><strong>CERTIFICATE OF COMPLETION<\/strong><\/p>\n\n\n\n<p>Certificate issued upon completion of the course.<\/p>\n\n\n\n<div style=\"height:40px\" aria-hidden=\"true\" class=\"wp-block-spacer\"><\/div>\n\n\n\n<p class=\"has-white-color has-text-color has-background\" style=\"background-color:#00b6b5\">INSTRUCTOR<\/p>\n\n\n\n<div class=\"wp-block-columns is-layout-flex wp-container-core-columns-is-layout-3 wp-block-columns-is-layout-flex\">\n<div class=\"wp-block-column is-layout-flow wp-block-column-is-layout-flow\" style=\"flex-basis:33.33%\">\n<figure class=\"wp-block-image size-full\"><img loading=\"lazy\" decoding=\"async\" width=\"384\" height=\"270\" src=\"http:\/\/wisenergy.com.br\/wp-content\/uploads\/2021\/10\/Professor_EzequieldaSilva.jpg\" alt=\"\" class=\"wp-image-808\" srcset=\"https:\/\/wisenergy.com.br\/wp-content\/uploads\/2021\/10\/Professor_EzequieldaSilva.jpg 384w, https:\/\/wisenergy.com.br\/wp-content\/uploads\/2021\/10\/Professor_EzequieldaSilva-300x211.jpg 300w\" sizes=\"(max-width: 384px) 100vw, 384px\" \/><figcaption class=\"wp-element-caption\">Ezequiel Costa Malateaux da Silva, M.Sc<\/figcaption><\/figure>\n<\/div>\n\n\n\n<div class=\"wp-block-column is-layout-flow wp-block-column-is-layout-flow\" style=\"flex-basis:66.66%\">\n<p>Ezequiel Costa Malateaux da Silva is a Mechanical Engineer, graduated from<br>State University of Campinas (2012), with a double degree from the \u00c9cole Centrale de Lille (France). He holds a Master&#039;s degree in Mechanical Engineering in the area of Thermal and Fluids from the State University of Campinas (2013) and is a doctoral candidate in Mechanical Engineering from the Federal University of Rio de Janeiro. He has been working since 2014 with research and development projects in the area of electricity generation at PETROBRAS, focusing on wind generation, having also participated in R&amp;D projects on the topic of offshore wind generation.<\/p>\n<\/div>\n<\/div>","protected":false},"excerpt":{"rendered":"<p>\u00c1rea do Conhecimento: Energias Renov\u00e1veis Professor: Ezequiel Costa Malateaux da Silva, M.Sc N\u00edvel: Introdut\u00f3rio Requisito B\u00e1sico: N\u00e3o requerido Dura\u00e7\u00e3o: 3 horas Investimento: 6x de R$ 90,00 OBJETIVO Transmitir conhecimentos sobre: a evolu\u00e7\u00e3o da gera\u00e7\u00e3o e\u00f3lica no Brasil e no mundo; os diversos&#8230;<\/p>","protected":false},"author":16,"featured_media":922,"parent":0,"menu_order":0,"comment_status":"closed","ping_status":"closed","template":"","meta":{"om_disable_all_campaigns":false,"_monsterinsights_skip_tracking":false,"_monsterinsights_sitenote_active":false,"_monsterinsights_sitenote_note":"","_monsterinsights_sitenote_category":0,"footnotes":"","_links_to":"","_links_to_target":""},"aioseo_notices":[],"_links":{"self":[{"href":"https:\/\/wisenergy.com.br\/en\/wp-json\/wp\/v2\/pages\/815"}],"collection":[{"href":"https:\/\/wisenergy.com.br\/en\/wp-json\/wp\/v2\/pages"}],"about":[{"href":"https:\/\/wisenergy.com.br\/en\/wp-json\/wp\/v2\/types\/page"}],"author":[{"embeddable":true,"href":"https:\/\/wisenergy.com.br\/en\/wp-json\/wp\/v2\/users\/16"}],"replies":[{"embeddable":true,"href":"https:\/\/wisenergy.com.br\/en\/wp-json\/wp\/v2\/comments?post=815"}],"version-history":[{"count":11,"href":"https:\/\/wisenergy.com.br\/en\/wp-json\/wp\/v2\/pages\/815\/revisions"}],"predecessor-version":[{"id":10140,"href":"https:\/\/wisenergy.com.br\/en\/wp-json\/wp\/v2\/pages\/815\/revisions\/10140"}],"wp:featuredmedia":[{"embeddable":true,"href":"https:\/\/wisenergy.com.br\/en\/wp-json\/wp\/v2\/media\/922"}],"wp:attachment":[{"href":"https:\/\/wisenergy.com.br\/en\/wp-json\/wp\/v2\/media?parent=815"}],"curies":[{"name":"wp","href":"https:\/\/api.w.org\/{rel}","templated":true}]}}