{"id":558,"date":"2021-09-06T14:52:55","date_gmt":"2021-09-06T17:52:55","guid":{"rendered":"http:\/\/wisenergy.com.br\/?page_id=558"},"modified":"2023-08-30T17:55:50","modified_gmt":"2023-08-30T20:55:50","slug":"propriedades-de-rochas-reservatorio-de-petroleo","status":"publish","type":"page","link":"https:\/\/wisenergy.com.br\/en\/propriedades-de-rochas-reservatorio-de-petroleo\/","title":{"rendered":"Reservoir Rock Properties"},"content":{"rendered":"<div class=\"wp-block-columns is-layout-flex wp-container-core-columns-is-layout-1 wp-block-columns-is-layout-flex\">\n<div class=\"wp-block-column is-layout-flow wp-block-column-is-layout-flow\" style=\"flex-basis:65%\">\n<p><strong>Knowledge Area: <\/strong>Reservoir Engineering<\/p>\n\n\n\n<p><strong>Instructor: <\/strong>Farid Shecaira Ph.D<\/p>\n\n\n\n<p><strong>Level:<\/strong> Introductory<\/p>\n\n\n\n<p><strong>Basic Requirements: <\/strong>Not Required<\/p>\n<\/div>\n\n\n\n<div class=\"wp-block-column has-white-background-color has-text-color has-background is-layout-flow wp-block-column-is-layout-flow\" style=\"color:#0f5c93;flex-basis:35%\">\n<figure class=\"wp-block-table is-style-stripes\"><table><tbody><tr><td><strong>Duration <\/strong><\/td><td>6<strong> Hours<\/strong><\/td><\/tr><tr><td><\/td><td><\/td><\/tr><tr><td><strong>Info <\/strong><\/td><td>Special packages for companies<br><strong>R$ 198,00<\/strong><\/td><\/tr><\/tbody><\/table><\/figure>\n\n\n\n<div class=\"wp-block-buttons is-horizontal is-content-justification-center is-layout-flex wp-container-core-buttons-is-layout-1 wp-block-buttons-is-layout-flex\">\n<div class=\"wp-block-button has-custom-width wp-block-button__width-75 is-style-fill\"><a class=\"wp-block-button__link has-background wp-element-button\" href=\"https:\/\/wisenergy.com.br\/en\/contato\/\" style=\"background-color:#f7941d\">Contact us<\/a><\/div>\n<\/div>\n<\/div>\n<\/div>\n\n\n\n<p class=\"has-white-color has-text-color has-background\" style=\"background-color:#00b6b5\"><strong>OBJECTIVE<\/strong><\/p>\n\n\n\n<p>To transmit to the student the concepts related to the main properties of reservoir rocks (also called petrophysical properties). With the acquired conceptual basis, the student will be able to carry out or participate in reservoir studies, using the concepts correctly, reducing the typical uncertainties of these studies carried out during the exploration, production development and production phases of oil fields.<\/p>\n\n\n\n<div style=\"height:40px\" aria-hidden=\"true\" class=\"wp-block-spacer\"><\/div>\n\n\n\n<p class=\"has-white-color has-text-color has-background\" style=\"background-color:#00b6b5\"><strong>TARGET AUDIENCE<\/strong><\/p>\n\n\n\n<p>The course is aimed at engineers, geologists and also professionals in the technical areas who wish to acquire knowledge about petrophysical properties and use it in studies of oil reservoirs.<\/p>\n\n\n\n<div style=\"height:40px\" aria-hidden=\"true\" class=\"wp-block-spacer\"><\/div>\n\n\n\n<p class=\"has-white-color has-text-color has-background\" style=\"background-color:#00b6b5\"><strong>COURSE CONTENT<\/strong><\/p>\n\n\n\n<div class=\"wp-block-columns is-layout-flex wp-container-core-columns-is-layout-2 wp-block-columns-is-layout-flex\">\n<div class=\"wp-block-column is-layout-flow wp-block-column-is-layout-flow\" style=\"flex-basis:66.66%\">\n<p>\u2981 What are oil reservoirs<br>\u2981 Saturation<br>\u2981 Porosity<br>\u2981 Absolute Permeability<br>\u2981 Capillary Pressure<br>\u2981 Wetability<br>\u2981 Relative Permeability<br>\u2981 Porous Volume Compressibility<br>\u2981 Electrical properties of rocks<\/p>\n<\/div>\n\n\n\n<div class=\"wp-block-column is-layout-flow wp-block-column-is-layout-flow\" style=\"flex-basis:33.33%\">\n<figure class=\"wp-block-image size-full\"><img loading=\"lazy\" decoding=\"async\" width=\"851\" height=\"690\" src=\"http:\/\/wisenergy.com.br\/wp-content\/uploads\/2021\/09\/Propriedades_de_Rochas_Reservatorio_de_Petroleo.jpg\" alt=\"\" class=\"wp-image-559\" srcset=\"https:\/\/wisenergy.com.br\/wp-content\/uploads\/2021\/09\/Propriedades_de_Rochas_Reservatorio_de_Petroleo.jpg 851w, https:\/\/wisenergy.com.br\/wp-content\/uploads\/2021\/09\/Propriedades_de_Rochas_Reservatorio_de_Petroleo-300x243.jpg 300w, https:\/\/wisenergy.com.br\/wp-content\/uploads\/2021\/09\/Propriedades_de_Rochas_Reservatorio_de_Petroleo-768x623.jpg 768w\" sizes=\"(max-width: 851px) 100vw, 851px\" \/><\/figure>\n<\/div>\n<\/div>\n\n\n\n<div style=\"height:40px\" aria-hidden=\"true\" class=\"wp-block-spacer\"><\/div>\n\n\n\n<p class=\"has-white-color has-text-color has-background\" style=\"background-color:#00b6b5\"><strong>CERTIFICATE OF COMPLETION<\/strong><\/p>\n\n\n\n<p>Certificate issued upon completion of the course.<\/p>\n\n\n\n<div style=\"height:40px\" aria-hidden=\"true\" class=\"wp-block-spacer\"><\/div>\n\n\n\n<p class=\"has-white-color has-text-color has-background\" style=\"background-color:#00b6b5\">INSTRUCTOR<\/p>\n\n\n\n<div class=\"wp-block-columns is-layout-flex wp-container-core-columns-is-layout-3 wp-block-columns-is-layout-flex\">\n<div class=\"wp-block-column is-layout-flow wp-block-column-is-layout-flow\" style=\"flex-basis:33.33%\">\n<figure class=\"wp-block-image size-full is-resized\"><img loading=\"lazy\" decoding=\"async\" src=\"http:\/\/wisenergy.com.br\/wp-content\/uploads\/2021\/07\/Fundador-Farid-Shecaira.jpg\" alt=\"\" class=\"wp-image-111\" width=\"268\" height=\"356\"\/><figcaption class=\"wp-element-caption\">Farid Shecaira, Ph.D.<\/figcaption><\/figure>\n<\/div>\n\n\n\n<div class=\"wp-block-column is-layout-flow wp-block-column-is-layout-flow\" style=\"flex-basis:66.66%\">\n<p>Farid Shecaira is a Petroleum Engineer. He worked at Petrobras from 1980 to 2021. He holds a degree in Civil Engineering from USP (1979), an extension course in Petroleum Engineering from Petrobras (1981), a Master&#039;s in Petroleum Engineering from the Federal University of Ouro Preto (1988) and a PhD in Engineering in Petroleum from the University of Texas at Austin (1998). He is currently studying Business Intelligence \u2013 BI \u2013 Data Science at PUC in Rio de Janeiro.<\/p>\n\n\n\n<p>At Petrobras, he held the following positions: Researcher at the Petrobras Research Center (CENPES), Head of the Division of Geology and Reservoir Engineering at CENPES; Technical consultant; Coordinator of the Advanced Oil Recovery Program; Production Development Manager at Petrobras America; Production, Reserves and Reservoirs Manager of the Petrobras International Area, Manager of the Iara and Atapu Pre-Salt mega-projects and General Manager of Research and Development in Exploration and Production at Petrobras R&amp;D Center - CENPES.<\/p>\n\n\n\n<p>He was a postgraduate professor in Petroleum Engineering at PUC-Rio (2000-2014). At the Society of Petroleum Engineers, he was President of the SPE Section Brazil (2012-2014) and director of this institution for several terms. His main contribution at SPE was to coordinate the elaboration and publication of the \u201cCurriculum Proposal for Bachelor's Degree Courses in Petroleum Engineering\u201d.<\/p>\n<\/div>\n<\/div>","protected":false},"excerpt":{"rendered":"<p>\u00c1rea do Conhecimento: Engenharia de Reservat\u00f3rios Professor: Farid Shecaira Ph.D N\u00edvel: Introdut\u00f3rio Requisito B\u00e1sico: N\u00e3o requerido Dura\u00e7\u00e3o: 6 horas Investimento: 6 x deR$ 198,00 OBJETIVO Transmitir ao aluno os conceitos relativos \u00e0s principais propriedades de rochas-reservat\u00f3rio (tamb\u00e9m chamadas propriedades petrof\u00edsicas). Com a&#8230;<\/p>","protected":false},"author":16,"featured_media":559,"parent":0,"menu_order":0,"comment_status":"closed","ping_status":"closed","template":"","meta":{"om_disable_all_campaigns":false,"_monsterinsights_skip_tracking":false,"_monsterinsights_sitenote_active":false,"_monsterinsights_sitenote_note":"","_monsterinsights_sitenote_category":0,"footnotes":"","_links_to":"","_links_to_target":""},"aioseo_notices":[],"_links":{"self":[{"href":"https:\/\/wisenergy.com.br\/en\/wp-json\/wp\/v2\/pages\/558"}],"collection":[{"href":"https:\/\/wisenergy.com.br\/en\/wp-json\/wp\/v2\/pages"}],"about":[{"href":"https:\/\/wisenergy.com.br\/en\/wp-json\/wp\/v2\/types\/page"}],"author":[{"embeddable":true,"href":"https:\/\/wisenergy.com.br\/en\/wp-json\/wp\/v2\/users\/16"}],"replies":[{"embeddable":true,"href":"https:\/\/wisenergy.com.br\/en\/wp-json\/wp\/v2\/comments?post=558"}],"version-history":[{"count":16,"href":"https:\/\/wisenergy.com.br\/en\/wp-json\/wp\/v2\/pages\/558\/revisions"}],"predecessor-version":[{"id":10147,"href":"https:\/\/wisenergy.com.br\/en\/wp-json\/wp\/v2\/pages\/558\/revisions\/10147"}],"wp:featuredmedia":[{"embeddable":true,"href":"https:\/\/wisenergy.com.br\/en\/wp-json\/wp\/v2\/media\/559"}],"wp:attachment":[{"href":"https:\/\/wisenergy.com.br\/en\/wp-json\/wp\/v2\/media?parent=558"}],"curies":[{"name":"wp","href":"https:\/\/api.w.org\/{rel}","templated":true}]}}