{"id":366,"date":"2021-08-08T15:59:48","date_gmt":"2021-08-08T18:59:48","guid":{"rendered":"http:\/\/wisenergy.com.br\/?page_id=366"},"modified":"2021-09-13T11:00:25","modified_gmt":"2021-09-13T14:00:25","slug":"certificado","status":"publish","type":"page","link":"https:\/\/wisenergy.com.br\/en\/certificado\/","title":{"rendered":"Certificate"},"content":{"rendered":"<h2 class=\"wp-block-heading\" id=\"qual-e-o-tempo-de-duracao-dos-programas-nanodegree\">What is the duration of the WisEnergy courses?<\/h2>\n\n\n\n<p>The length and time commitment to require our courses will vary depending on the requirements of each specific program. Some will require longer periods of time than others, but you must complete each program on time to graduate and receive course certification. In addition, programs may require more time, depending on the complexity of the topic and your qualification level. See \u201cProgram Details\u201d for information on duration and estimated weekly dedication (in hours).<\/p>\n\n\n\n<h2 class=\"wp-block-heading\" id=\"vou-obter-um-certificado-ao-cumprir-os-requisitos-de-um-programa-nanodegree\">Will I get a certificate by meeting the course requirements?<\/h2>\n\n\n\n<p>Yup. Upon successful completion of a course, provided you have followed all of our policies and submitted identity verification documentation through our platform, you will receive a certificate of completion for the applicable program. Keep in mind that some courses are offered in multiple modules and that you must complete all of them in order to be eligible to receive a certificate of completion for these programs.<\/p>\n\n\n\n<h2 class=\"wp-block-heading\" id=\"h_01F5NBJTNMRT8PN7CK72Q2AXYG\"><strong>Is WisEnergy an accredited institution? Will I receive anything after I complete a course?<\/strong><\/h2>\n\n\n\n<p>Although WisEnergy is not an accredited institution, we offer skills-based courses taught by real experts in their fields, and all courses\u00a0<em>paid<\/em>\u00a0and approved present a\u00a0<em>certificate of completion<\/em>\u00a0to document your achievement.<\/p>","protected":false},"excerpt":{"rendered":"<p>Qual \u00e9 o tempo de dura\u00e7\u00e3o dos cursos WisEnergy? A dura\u00e7\u00e3o e dedica\u00e7\u00e3o de tempo para exigir nossos cursos variam de acordo com os requisitos de cada programa espec\u00edfico.\u00a0Alguns exigir\u00e3o per\u00edodos de tempo mais longos do que outros, mas voc\u00ea deve concluir&#8230;<\/p>","protected":false},"author":16,"featured_media":0,"parent":0,"menu_order":0,"comment_status":"closed","ping_status":"closed","template":"","meta":{"om_disable_all_campaigns":false,"_monsterinsights_skip_tracking":false,"_monsterinsights_sitenote_active":false,"_monsterinsights_sitenote_note":"","_monsterinsights_sitenote_category":0,"footnotes":"","_links_to":"","_links_to_target":""},"aioseo_notices":[],"_links":{"self":[{"href":"https:\/\/wisenergy.com.br\/en\/wp-json\/wp\/v2\/pages\/366"}],"collection":[{"href":"https:\/\/wisenergy.com.br\/en\/wp-json\/wp\/v2\/pages"}],"about":[{"href":"https:\/\/wisenergy.com.br\/en\/wp-json\/wp\/v2\/types\/page"}],"author":[{"embeddable":true,"href":"https:\/\/wisenergy.com.br\/en\/wp-json\/wp\/v2\/users\/16"}],"replies":[{"embeddable":true,"href":"https:\/\/wisenergy.com.br\/en\/wp-json\/wp\/v2\/comments?post=366"}],"version-history":[{"count":6,"href":"https:\/\/wisenergy.com.br\/en\/wp-json\/wp\/v2\/pages\/366\/revisions"}],"predecessor-version":[{"id":611,"href":"https:\/\/wisenergy.com.br\/en\/wp-json\/wp\/v2\/pages\/366\/revisions\/611"}],"wp:attachment":[{"href":"https:\/\/wisenergy.com.br\/en\/wp-json\/wp\/v2\/media?parent=366"}],"curies":[{"name":"wp","href":"https:\/\/api.w.org\/{rel}","templated":true}]}}