{"id":363,"date":"2021-08-08T15:57:32","date_gmt":"2021-08-08T18:57:32","guid":{"rendered":"http:\/\/wisenergy.com.br\/?page_id=363"},"modified":"2021-10-15T10:09:30","modified_gmt":"2021-10-15T13:09:30","slug":"qualificacao-profissional","status":"publish","type":"page","link":"https:\/\/wisenergy.com.br\/en\/qualificacao-profissional\/","title":{"rendered":"The best and more experienced instructors in Brazil"},"content":{"rendered":"<p>Whatever the learning environment, the teacher&#039;s role is very important. Many people may think that in distance learning there is no teacher (or tutor) or even that there is no need to have one, but this is far from reality. In distance learning, of course, there is no face-to-face interaction, but even so, the distance learning teacher is a very important figure in classes, as well as in traditional education.<\/p>\n\n\n\n<p>In this case, our teachers are the ones who will set up your courses, plan all the content that will be taught, make the lesson plan and, effectively, record the video lessons. In addition, our teachers can plan extra materials and activities, come up with evaluative exercises and think of several other ways to help students learn. So, we can say that, in a way, our teachers fulfill practically the same functions as a face-to-face teacher, albeit in a slightly different way.<\/p>\n\n\n\n<p>Our distance teachers are similar to being a face-to-face teacher, after all, they both have the same goals: to contribute positively to student learning. However, between the two modalities, the ways to achieve these objectives will be slightly different.<\/p>\n\n\n\n<p><a href=\"\/en\/site\/#edu-team-section\" data-type=\"URL\" data-id=\"\/site\/#edu-team-section\">Meet the teachers<\/a><\/p>","protected":false},"excerpt":{"rendered":"<p>Qualquer que seja o ambiente de aprendizado, o papel do professor \u00e9 muito importante. Muita gente pode achar que no ensino a dist\u00e2ncia n\u00e3o h\u00e1 um professor (ou tutor) ou at\u00e9 mesmo que n\u00e3o existe a necessidade de ter, mas isso est\u00e1&#8230;<\/p>","protected":false},"author":16,"featured_media":0,"parent":0,"menu_order":0,"comment_status":"closed","ping_status":"closed","template":"","meta":{"om_disable_all_campaigns":false,"_monsterinsights_skip_tracking":false,"_monsterinsights_sitenote_active":false,"_monsterinsights_sitenote_note":"","_monsterinsights_sitenote_category":0,"footnotes":"","_links_to":"","_links_to_target":""},"aioseo_notices":[],"_links":{"self":[{"href":"https:\/\/wisenergy.com.br\/en\/wp-json\/wp\/v2\/pages\/363"}],"collection":[{"href":"https:\/\/wisenergy.com.br\/en\/wp-json\/wp\/v2\/pages"}],"about":[{"href":"https:\/\/wisenergy.com.br\/en\/wp-json\/wp\/v2\/types\/page"}],"author":[{"embeddable":true,"href":"https:\/\/wisenergy.com.br\/en\/wp-json\/wp\/v2\/users\/16"}],"replies":[{"embeddable":true,"href":"https:\/\/wisenergy.com.br\/en\/wp-json\/wp\/v2\/comments?post=363"}],"version-history":[{"count":6,"href":"https:\/\/wisenergy.com.br\/en\/wp-json\/wp\/v2\/pages\/363\/revisions"}],"predecessor-version":[{"id":683,"href":"https:\/\/wisenergy.com.br\/en\/wp-json\/wp\/v2\/pages\/363\/revisions\/683"}],"wp:attachment":[{"href":"https:\/\/wisenergy.com.br\/en\/wp-json\/wp\/v2\/media?parent=363"}],"curies":[{"name":"wp","href":"https:\/\/api.w.org\/{rel}","templated":true}]}}