{"id":355,"date":"2021-08-08T00:13:45","date_gmt":"2021-08-08T03:13:45","guid":{"rendered":"http:\/\/wisenergy.com.br\/?page_id=355"},"modified":"2022-03-28T16:34:50","modified_gmt":"2022-03-28T19:34:50","slug":"quimica-do-petroleo-classificacao-e-avaliacao-de-petroleos","status":"publish","type":"page","link":"https:\/\/wisenergy.com.br\/en\/quimica-do-petroleo-classificacao-e-avaliacao-de-petroleos\/","title":{"rendered":"Petroleum Chemistry - Petroleum Classification and Evaluation"},"content":{"rendered":"<div class=\"wp-block-columns is-layout-flex wp-container-core-columns-is-layout-1 wp-block-columns-is-layout-flex\">\n<div class=\"wp-block-column is-layout-flow wp-block-column-is-layout-flow\" style=\"flex-basis:65%\">\n<p><strong>Knowledge Area: <\/strong>Petroleum Chemistry<\/p>\n\n\n\n<p><strong>Instructor: <\/strong>Sonia Maria Cabral de Menezes, Ph.D. <\/p>\n\n\n\n<p><strong>Level:<\/strong> Introductory<\/p>\n\n\n\n<p><strong>Basic Requirements: <\/strong>Not required. It is recommended to be preceded by the course Petroleum Chemistry - Origin and Composition of Petroleum<\/p>\n<\/div>\n\n\n\n<div class=\"wp-block-column has-white-background-color has-text-color has-background is-layout-flow wp-block-column-is-layout-flow\" style=\"color:#0f5c93;flex-basis:35%\">\n<figure class=\"wp-block-table is-style-stripes\"><table><tbody><tr><td><strong>Duration <\/strong><\/td><td class=\"has-text-align-center\" data-align=\"center\"><strong>4 hours<\/strong><\/td><\/tr><tr><td><\/td><td class=\"has-text-align-center\" data-align=\"center\"><\/td><\/tr><tr><td><strong>Info <\/strong><\/td><td class=\"has-text-align-center\" data-align=\"center\"> Course on demand <br><strong>Special packgages for companies<\/strong><\/td><\/tr><\/tbody><\/table><\/figure>\n\n\n\n<div class=\"wp-block-buttons is-horizontal is-content-justification-center is-layout-flex wp-container-core-buttons-is-layout-1 wp-block-buttons-is-layout-flex\">\n<div class=\"wp-block-button has-custom-width wp-block-button__width-75 is-style-fill\"><a class=\"wp-block-button__link has-background\" style=\"background-color:#f7941d\">Soon<\/a><\/div>\n<\/div>\n<\/div>\n<\/div>\n\n\n\n<p class=\"has-white-color has-text-color has-background\" style=\"background-color:#00b6b5\"><strong>OBJECTIVE<\/strong><\/p>\n\n\n\n<p>To impart basic knowledge about petroleum chemistry, with emphasis on the formation of petroleum and its chemical composition, as well as its chemical, physical and physicochemical properties.<\/p>\n\n\n\n<div style=\"height:40px\" aria-hidden=\"true\" class=\"wp-block-spacer\"><\/div>\n\n\n\n<p class=\"has-white-color has-text-color has-background\" style=\"background-color:#00b6b5\"><strong>TARGET AUDIENCE<\/strong><\/p>\n\n\n\n<p>The course is intended for chemists, engineers or professionals from any field who wish to acquire knowledge about petroleum chemistry and its relationship to commercial applications.<\/p>\n\n\n\n<div style=\"height:40px\" aria-hidden=\"true\" class=\"wp-block-spacer\"><\/div>\n\n\n\n<p class=\"has-white-color has-text-color has-background\" style=\"background-color:#00b6b5\"><strong>COURSE CONTENT<\/strong><\/p>\n\n\n\n<div class=\"wp-block-columns is-layout-flex wp-container-core-columns-is-layout-2 wp-block-columns-is-layout-flex\">\n<div class=\"wp-block-column is-layout-flow wp-block-column-is-layout-flow\" style=\"flex-basis:66.66%\">\n<p>\u2981 Distillation curves<br>\u2981 liquid-vapor balance<br>\u2981 characteristic properties:<br>    \u2981 \u00baAPI<br>    \u2981 K for Watson<br>    \u2981 viscosity<br>    \u2981 pour point<br>    \u2981 average molecular weight<br>    \u2981 S and N content<br>    \u2981 presence of water and salt<br>    \u2981 total acidity number<br>    \u2981 carbon residue<br>    \u2981 determination of the different classes of compounds<br>\u2981 Oil Stability<br>\u2981 Commercial value of different oils<\/p>\n<\/div>\n\n\n\n<div class=\"wp-block-column is-layout-flow wp-block-column-is-layout-flow\" style=\"flex-basis:33.33%\">\n<figure class=\"wp-block-image size-large\"><img loading=\"lazy\" decoding=\"async\" width=\"1024\" height=\"682\" src=\"http:\/\/wisenergy.com.br\/wp-content\/uploads\/2021\/09\/Louis-Reed-on-Unsplash-1024x682.jpg\" alt=\"\" class=\"wp-image-592\" srcset=\"https:\/\/wisenergy.com.br\/wp-content\/uploads\/2021\/09\/Louis-Reed-on-Unsplash-1024x682.jpg 1024w, https:\/\/wisenergy.com.br\/wp-content\/uploads\/2021\/09\/Louis-Reed-on-Unsplash-300x200.jpg 300w, https:\/\/wisenergy.com.br\/wp-content\/uploads\/2021\/09\/Louis-Reed-on-Unsplash-768x512.jpg 768w, https:\/\/wisenergy.com.br\/wp-content\/uploads\/2021\/09\/Louis-Reed-on-Unsplash.jpg 1280w\" sizes=\"(max-width: 1024px) 100vw, 1024px\" \/><\/figure>\n<\/div>\n<\/div>\n\n\n\n<div style=\"height:40px\" aria-hidden=\"true\" class=\"wp-block-spacer\"><\/div>\n\n\n\n<p class=\"has-white-color has-text-color has-background\" style=\"background-color:#00b6b5\"><strong>CERTIFICATE OF COMPLETION<\/strong><\/p>\n\n\n\n<p>Certificate issued upon completion of the course.<\/p>\n\n\n\n<div style=\"height:40px\" aria-hidden=\"true\" class=\"wp-block-spacer\"><\/div>\n\n\n\n<p class=\"has-white-color has-text-color has-background\" style=\"background-color:#00b6b5\"><strong>INSTRUCTOR<\/strong><\/p>\n\n\n\n<div class=\"wp-block-columns is-layout-flex wp-container-core-columns-is-layout-3 wp-block-columns-is-layout-flex\">\n<div class=\"wp-block-column is-layout-flow wp-block-column-is-layout-flow\" style=\"flex-basis:33.33%\">\n<figure class=\"wp-block-image size-full\"><img decoding=\"async\" src=\"http:\/\/wisenergy.com.br\/wp-content\/uploads\/2021\/08\/Professor_SoniaMariaCabraldeMenezes.jpg\" alt=\"\" class=\"wp-image-254\"\/><figcaption>Sonia Maria Cabral de Menezes, Ph.D. <\/figcaption><\/figure>\n<\/div>\n\n\n\n<div class=\"wp-block-column is-layout-flow wp-block-column-is-layout-flow\" style=\"flex-basis:66.66%\">\n<p>Sonia Maria Cabral de Menezes was for almost 46 years Senior Consultant in Analytical Chemistry with a specialty in Nuclear Magnetic Resonance applied to the Oil and Gas Industry of the Chemical Management of the Research and Development Center (CENPES) of PETROBRAS (1975 to February 2021) . As Chemistry is a matrix discipline, he worked on hundreds of research projects, of which he coordinated 17, always working on solutions in Chemistry for the Oil Industry, from Exploration to the qualification of products and bioproducts through Drilling, Production, Transport , Refining, Materials etc.<\/p>\n\n\n\n<p>Sonia graduated in Chemical Engineering from the School of Chemistry at Universidade Federal do Rio de Janeiro (UFRJ) in 1974 and obtained her Master's and Doctorate in Organic Chemistry from the Institute of Chemistry at UFRJ in 1978 and 2003 respectively. He specialized in Nuclear Magnetic Resonance (NMR) at the City of London Polythecnic, London, UK, from 1978 to 1979<\/p>\n\n\n\n<p>He was one of the twelve founding members of the Nuclear Magnetic Resonance Users Association (AUREMN) in 1988, after having installed the first new generation NMR equipment in the country in 1987 at CENPES. At \n AUREMN he was President for twelve years and is active in the Association to this day.<\/p>\n\n\n\n<p>He was the Brazilian representative on the Commission: \u201cMolecular Structure and Spectroscopy\u201d of the International Union of Pure and Applied Chemistry (IUPAC) from 1991-2006.<\/p>\n<\/div>\n<\/div>","protected":false},"excerpt":{"rendered":"<p>\u00c1rea do Conhecimento: Qu\u00edmica de Petr\u00f3leo Professor: Sonia Maria Cabral de Menezes , Ph.D N\u00edvel: Introdut\u00f3rio Requisito B\u00e1sico: N\u00e3o requerido. Recomenda-se ser precedido pelo curso Qu\u00edmica do Petr\u00f3leo \u2013 Origem e Composi\u00e7\u00e3o do Petr\u00f3leo Dura\u00e7\u00e3o: 4 horas Promo\u00e7\u00e3o de lan\u00e7amento: 6x R$&#8230;<\/p>","protected":false},"author":16,"featured_media":591,"parent":0,"menu_order":0,"comment_status":"closed","ping_status":"closed","template":"","meta":{"om_disable_all_campaigns":false,"_monsterinsights_skip_tracking":false,"_monsterinsights_sitenote_active":false,"_monsterinsights_sitenote_note":"","_monsterinsights_sitenote_category":0,"footnotes":"","_links_to":"","_links_to_target":""},"aioseo_notices":[],"_links":{"self":[{"href":"https:\/\/wisenergy.com.br\/en\/wp-json\/wp\/v2\/pages\/355"}],"collection":[{"href":"https:\/\/wisenergy.com.br\/en\/wp-json\/wp\/v2\/pages"}],"about":[{"href":"https:\/\/wisenergy.com.br\/en\/wp-json\/wp\/v2\/types\/page"}],"author":[{"embeddable":true,"href":"https:\/\/wisenergy.com.br\/en\/wp-json\/wp\/v2\/users\/16"}],"replies":[{"embeddable":true,"href":"https:\/\/wisenergy.com.br\/en\/wp-json\/wp\/v2\/comments?post=355"}],"version-history":[{"count":13,"href":"https:\/\/wisenergy.com.br\/en\/wp-json\/wp\/v2\/pages\/355\/revisions"}],"predecessor-version":[{"id":1712,"href":"https:\/\/wisenergy.com.br\/en\/wp-json\/wp\/v2\/pages\/355\/revisions\/1712"}],"wp:featuredmedia":[{"embeddable":true,"href":"https:\/\/wisenergy.com.br\/en\/wp-json\/wp\/v2\/media\/591"}],"wp:attachment":[{"href":"https:\/\/wisenergy.com.br\/en\/wp-json\/wp\/v2\/media?parent=355"}],"curies":[{"name":"wp","href":"https:\/\/api.w.org\/{rel}","templated":true}]}}