{"id":353,"date":"2021-08-08T00:09:38","date_gmt":"2021-08-08T03:09:38","guid":{"rendered":"http:\/\/wisenergy.com.br\/?page_id=353"},"modified":"2022-07-07T13:51:32","modified_gmt":"2022-07-07T16:51:32","slug":"quimica-do-petroleo-origem-e-composicao-do-petroleo-e-gas-naturalarea-do-conhecimento-aplicacoes-da-quimica-na-industria-de-oleo-e-gas","status":"publish","type":"page","link":"https:\/\/wisenergy.com.br\/en\/quimica-do-petroleo-origem-e-composicao-do-petroleo-e-gas-naturalarea-do-conhecimento-aplicacoes-da-quimica-na-industria-de-oleo-e-gas\/","title":{"rendered":"Petroleum Chemistry Origin and Composition of Oil and Natural Gas"},"content":{"rendered":"<div class=\"wp-block-columns is-layout-flex wp-container-core-columns-is-layout-1 wp-block-columns-is-layout-flex\">\n<div class=\"wp-block-column is-layout-flow wp-block-column-is-layout-flow\" style=\"flex-basis:65%\">\n<p><strong>Knowledge Area: <\/strong>Petroleum Chemistry<\/p>\n\n\n\n<p><strong>Instructor: <\/strong>Sonia Maria Cabral de Menezes, Ph.D.<\/p>\n\n\n\n<p><strong>Level:<\/strong> Introductory<\/p>\n\n\n\n<p><strong>Basic Requirements: <\/strong>Not Required<\/p>\n<\/div>\n\n\n\n<div class=\"wp-block-column has-white-background-color has-text-color has-background is-layout-flow wp-block-column-is-layout-flow\" style=\"color:#0f5c93;flex-basis:35%\">\n<figure class=\"wp-block-table is-style-stripes\"><table><tbody><tr><td><strong>Duration <\/strong><\/td><td><strong>3 hours<\/strong><\/td><\/tr><tr><td><\/td><td><\/td><\/tr><tr><td><strong>Info <\/strong><\/td><td>Course on Demad <br><strong>Special packages for companies<\/strong><\/td><\/tr><\/tbody><\/table><\/figure>\n\n\n\n<div class=\"wp-block-buttons is-horizontal is-content-justification-center is-layout-flex wp-container-core-buttons-is-layout-1 wp-block-buttons-is-layout-flex\">\n<div class=\"wp-block-button has-custom-width wp-block-button__width-75 is-style-fill\"><a class=\"wp-block-button__link has-background\" href=\"https:\/\/wisenergy.com.br\/en\/contato\/\" style=\"background-color:#f7941d\">Contact us<\/a><\/div>\n<\/div>\n<\/div>\n<\/div>\n\n\n\n<p class=\"has-white-color has-text-color has-background\" style=\"background-color:#00b6b5\"><strong>OBJECTIVE<\/strong><\/p>\n\n\n\n<p>To impart basic knowledge about petroleum chemistry, with emphasis on the formation of petroleum and its chemical composition, as well as its chemical, physical and physicochemical properties.<\/p>\n\n\n\n<div style=\"height:40px\" aria-hidden=\"true\" class=\"wp-block-spacer\"><\/div>\n\n\n\n<p class=\"has-white-color has-text-color has-background\" style=\"background-color:#00b6b5\"><strong>TARGET AUDIENCE<\/strong><\/p>\n\n\n\n<p>The course is intended for chemists, engineers or professionals from any field who wish to acquire knowledge about petroleum chemistry.<\/p>\n\n\n\n<div style=\"height:40px\" aria-hidden=\"true\" class=\"wp-block-spacer\"><\/div>\n\n\n\n<p class=\"has-white-color has-text-color has-background\" style=\"background-color:#00b6b5\"><strong>COURSE CONTENT<\/strong><\/p>\n\n\n\n<div class=\"wp-block-columns is-layout-flex wp-container-core-columns-is-layout-2 wp-block-columns-is-layout-flex\">\n<div class=\"wp-block-column is-layout-flow wp-block-column-is-layout-flow\" style=\"flex-basis:66.66%\">\n<p>\u2981 Concepts Review<br>\u2981 Origin of Oil<br>\u2981 Precursor Organic Matter<br>\u2981 Kerogens<br>\u2981 Oil Accumulation<br>\u2981 Possible Chemical Changes in the Reservoir<br>\u2981 Origin versus Properties<br>\u2981 Composition of Oil<br>\u2981 Classification and Correlation between Composition and Properties of Oils<\/p>\n<\/div>\n\n\n\n<div class=\"wp-block-column is-layout-flow wp-block-column-is-layout-flow\" style=\"flex-basis:33.33%\">\n<figure class=\"wp-block-image size-large\"><img loading=\"lazy\" decoding=\"async\" width=\"701\" height=\"1024\" src=\"http:\/\/wisenergy.com.br\/wp-content\/uploads\/2021\/09\/Fulvio-Ciccolo-on-Unsplash-701x1024.jpg\" alt=\"\" class=\"wp-image-590\" srcset=\"https:\/\/wisenergy.com.br\/wp-content\/uploads\/2021\/09\/Fulvio-Ciccolo-on-Unsplash-701x1024.jpg 701w, https:\/\/wisenergy.com.br\/wp-content\/uploads\/2021\/09\/Fulvio-Ciccolo-on-Unsplash-205x300.jpg 205w, https:\/\/wisenergy.com.br\/wp-content\/uploads\/2021\/09\/Fulvio-Ciccolo-on-Unsplash-768x1122.jpg 768w, https:\/\/wisenergy.com.br\/wp-content\/uploads\/2021\/09\/Fulvio-Ciccolo-on-Unsplash.jpg 876w\" sizes=\"(max-width: 701px) 100vw, 701px\" \/><\/figure>\n<\/div>\n<\/div>\n\n\n\n<div style=\"height:40px\" aria-hidden=\"true\" class=\"wp-block-spacer\"><\/div>\n\n\n\n<p class=\"has-white-color has-text-color has-background\" style=\"background-color:#00b6b5\"><strong>CERTIFICATE OF COMPLETION<\/strong><\/p>\n\n\n\n<p>Certificate issued upon completion of the course.<\/p>\n\n\n\n<div style=\"height:40px\" aria-hidden=\"true\" class=\"wp-block-spacer\"><\/div>\n\n\n\n<p class=\"has-white-color has-text-color has-background\" style=\"background-color:#00b6b5\"><strong>INSTRUCTOR<\/strong><\/p>\n\n\n\n<div class=\"wp-block-columns is-layout-flex wp-container-core-columns-is-layout-3 wp-block-columns-is-layout-flex\">\n<div class=\"wp-block-column is-layout-flow wp-block-column-is-layout-flow\" style=\"flex-basis:33.33%\">\n<figure class=\"wp-block-image size-full\"><img decoding=\"async\" src=\"http:\/\/wisenergy.com.br\/wp-content\/uploads\/2021\/08\/Professor_SoniaMariaCabraldeMenezes.jpg\" alt=\"\" class=\"wp-image-254\"\/><figcaption> Sonia Maria Cabral de Menezes, Ph.D.<\/figcaption><\/figure>\n<\/div>\n\n\n\n<div class=\"wp-block-column is-layout-flow wp-block-column-is-layout-flow\" style=\"flex-basis:66.66%\">\n<p>Sonia Maria Cabral de Menezes was for almost 46 years Senior Consultant in Analytical Chemistry with a specialty in Nuclear Magnetic Resonance applied to the Oil and Gas Industry of the Chemical Management of the Research and Development Center (CENPES) of PETROBRAS (1975 to February 2021) . As Chemistry is a matrix discipline, he worked on hundreds of research projects, of which he coordinated 17, always working on solutions in Chemistry for the Oil Industry, from Exploration to the qualification of products and bioproducts through Drilling, Production, Transport , Refining, Materials etc.<\/p>\n\n\n\n<p>Sonia graduated in Chemical Engineering from the School of Chemistry at Universidade Federal do Rio de Janeiro (UFRJ) in 1974 and obtained her Master's and Doctorate in Organic Chemistry from the Institute of Chemistry at UFRJ in 1978 and 2003 respectively. He specialized in Nuclear Magnetic Resonance (NMR) at the City of London Polythecnic, London, UK, from 1978 to 1979<\/p>\n\n\n\n<p>He was one of the twelve founding members of the Nuclear Magnetic Resonance Users Association (AUREMN) in 1988, after having installed the first new generation NMR equipment in the country in 1987 at CENPES. At \n AUREMN he was President for twelve years and is active in the Association to this day.<\/p>\n\n\n\n<p>He was the Brazilian representative on the Commission: \u201cMolecular Structure and Spectroscopy\u201d of the International Union of Pure and Applied Chemistry (IUPAC) from 1991-2006.<\/p>\n<\/div>\n<\/div>","protected":false},"excerpt":{"rendered":"<p>\u00c1rea do Conhecimento: Qu\u00edmica do Petr\u00f3leo Professor: Sonia Maria Cabral de Menezes, Ph.D N\u00edvel: Introdut\u00f3rio Requisito B\u00e1sico: N\u00e3o requerido Dura\u00e7\u00e3o: 3 horas Investimento: 3 x de R$ 60,00 OBJETIVO Transmitir conhecimentos b\u00e1sicos sobre a qu\u00edmica do petr\u00f3leo, com \u00eanfase na forma\u00e7\u00e3o do&#8230;<\/p>","protected":false},"author":16,"featured_media":593,"parent":0,"menu_order":0,"comment_status":"closed","ping_status":"closed","template":"","meta":{"om_disable_all_campaigns":false,"_monsterinsights_skip_tracking":false,"_monsterinsights_sitenote_active":false,"_monsterinsights_sitenote_note":"","_monsterinsights_sitenote_category":0,"footnotes":"","_links_to":"","_links_to_target":""},"aioseo_notices":[],"_links":{"self":[{"href":"https:\/\/wisenergy.com.br\/en\/wp-json\/wp\/v2\/pages\/353"}],"collection":[{"href":"https:\/\/wisenergy.com.br\/en\/wp-json\/wp\/v2\/pages"}],"about":[{"href":"https:\/\/wisenergy.com.br\/en\/wp-json\/wp\/v2\/types\/page"}],"author":[{"embeddable":true,"href":"https:\/\/wisenergy.com.br\/en\/wp-json\/wp\/v2\/users\/16"}],"replies":[{"embeddable":true,"href":"https:\/\/wisenergy.com.br\/en\/wp-json\/wp\/v2\/comments?post=353"}],"version-history":[{"count":16,"href":"https:\/\/wisenergy.com.br\/en\/wp-json\/wp\/v2\/pages\/353\/revisions"}],"predecessor-version":[{"id":1884,"href":"https:\/\/wisenergy.com.br\/en\/wp-json\/wp\/v2\/pages\/353\/revisions\/1884"}],"wp:featuredmedia":[{"embeddable":true,"href":"https:\/\/wisenergy.com.br\/en\/wp-json\/wp\/v2\/media\/593"}],"wp:attachment":[{"href":"https:\/\/wisenergy.com.br\/en\/wp-json\/wp\/v2\/media?parent=353"}],"curies":[{"name":"wp","href":"https:\/\/api.w.org\/{rel}","templated":true}]}}