{"id":350,"date":"2021-08-08T00:02:56","date_gmt":"2021-08-08T03:02:56","guid":{"rendered":"http:\/\/wisenergy.com.br\/?page_id=350"},"modified":"2023-08-24T13:07:09","modified_gmt":"2023-08-24T16:07:09","slug":"campos-maduros-e-marginais-terrestres-no-brasil-oportunidades-de-negocios-e-extensao-de-vida-util-como-alternativa-ao-descomissionamento","status":"publish","type":"page","link":"https:\/\/wisenergy.com.br\/en\/campos-maduros-e-marginais-terrestres-no-brasil-oportunidades-de-negocios-e-extensao-de-vida-util-como-alternativa-ao-descomissionamento\/","title":{"rendered":"CAMPOS MADUROS E MARGINAIS TERRESTRES NO BRASIL"},"content":{"rendered":"<p class=\"has-white-color has-text-color has-background has-medium-font-size\" style=\"background-color:#00b6b5\"><strong>OPORTUNIDADES DE NEG\u00d3CIOS E EXTENS\u00c3O DE VIDA \u00daTIL COMO ALTERNATIVA AO DESCOMISSIONAMENTO<\/strong><\/p>\n\n\n\n<div class=\"wp-block-columns is-layout-flex wp-container-core-columns-is-layout-1 wp-block-columns-is-layout-flex\">\n<div class=\"wp-block-column is-layout-flow wp-block-column-is-layout-flow\" style=\"flex-basis:65%\">\n<p><strong>Knowledge Area: <\/strong>Oil Exploration and Production<\/p>\n\n\n\n<p><strong>Instructor: <\/strong>Lideniro Alegre Ph.D.<\/p>\n\n\n\n<p><strong>Level:<\/strong> Introductory<\/p>\n\n\n\n<p><strong>Basic Requirements: <\/strong>Not Required<\/p>\n<\/div>\n\n\n\n<div class=\"wp-block-column has-white-background-color has-text-color has-background is-layout-flow wp-block-column-is-layout-flow\" style=\"color:#0f5c93;flex-basis:35%\">\n<figure class=\"wp-block-table is-style-stripes has-medium-font-size\"><table><tbody><tr><td><strong>Duration  <\/strong><\/td><td class=\"has-text-align-center\" data-align=\"center\">5 hours<\/td><\/tr><tr><td><\/td><td class=\"has-text-align-center\" data-align=\"center\"><\/td><\/tr><tr><td><strong>Info <\/strong><\/td><td class=\"has-text-align-center\" data-align=\"center\">   Special packages for companies <br><strong>... <\/strong>149<\/td><\/tr><\/tbody><\/table><\/figure>\n\n\n\n<div class=\"wp-block-buttons is-horizontal is-content-justification-center is-layout-flex wp-container-core-buttons-is-layout-1 wp-block-buttons-is-layout-flex\">\n<div class=\"wp-block-button has-custom-width wp-block-button__width-75 is-style-fill\"><a class=\"wp-block-button__link has-background wp-element-button\" href=\"https:\/\/wisenergy.com.br\/en\/contato\/\" style=\"background-color:#f7941d\" target=\"_blank\" rel=\"noreferrer noopener\">Contact us<\/a><\/div>\n<\/div>\n<\/div>\n<\/div>\n\n\n\n<p class=\"has-white-color has-text-color has-background\" style=\"background-color:#00b6b5\"><strong>OBJECTIVE<\/strong><\/p>\n\n\n\n<p>Foster the student&#039;s critical and creative thinking, highlighting their professional role as a decision maker, in addition to developing knowledge that contributes to the ability to assess the importance of mature and marginal onshore fields in Brazil and the extension of their useful life, including as an alternative to premature decommissioning of facilities.<br>The characteristics of these fields, the necessary revitalization processes and the premises for the economic evaluation of projects as an alternative to decommissioning will be addressed.<\/p>\n\n\n\n<div style=\"height:40px\" aria-hidden=\"true\" class=\"wp-block-spacer\"><\/div>\n\n\n\n<p class=\"has-white-color has-text-color has-background\" style=\"background-color:#00b6b5\"><strong>TARGET AUDIENCE<\/strong><\/p>\n\n\n\n<p>The course is aimed at professionals from any area who wish to acquire knowledge about the importance of mature and marginal onshore fields in Brazil as business opportunities and extension of their useful life.<\/p>\n\n\n\n<div style=\"height:40px\" aria-hidden=\"true\" class=\"wp-block-spacer\"><\/div>\n\n\n\n<p class=\"has-white-color has-text-color has-background\" style=\"background-color:#00b6b5\"><strong>COURSE CONTENT<\/strong><\/p>\n\n\n\n<div class=\"wp-block-columns is-layout-flex wp-container-core-columns-is-layout-2 wp-block-columns-is-layout-flex\">\n<div class=\"wp-block-column is-layout-flow wp-block-column-is-layout-flow\" style=\"flex-basis:66.66%\">\n<p>\u2981 Life Stages of an E&amp;P Enterprise<br>\u2981 Basics of reservoir geology and engineering, resources and reserves, well drilling, production and oil recovery methods<br>\u2981 Distinction of mature fields versus marginal fields<br>\u2981 Main features of mature and marginal fields<br>\u2981 Macro challenges of mature terrestrial fields<br>\u2981 Opportunities in mature fields (mainly those acquired from Petrobras)<br>\u2981 Role of the ANP and specific regulation for mature and marginal fields<br>\u2981 Forecasting and definition of production curves by categories of reserves<br>\u2981 Definition of \u201cBase curve\u201d and \u201cincremental curve\u201d of production<br>\u2981 Examples of revitalization of mature oil fields<br>\u2981 Basic concepts of economic analysis<br>\u2981 Notions of Technical and Economic Feasibility Study (EVTE) of a mature onshore oil field<br>\u2981 Analysis of economic indicators and study of sensitivities as a function of oil price and investment parameters<br>\u2981 Statistics on mature fields in Brazil<br>\u2981 Aspects of decommissioning and abandonment of wells<\/p>\n<\/div>\n\n\n\n<div class=\"wp-block-column is-layout-flow wp-block-column-is-layout-flow\" style=\"flex-basis:33.33%\">\n<figure class=\"wp-block-image size-large\"><img loading=\"lazy\" decoding=\"async\" width=\"1024\" height=\"576\" src=\"http:\/\/wisenergy.com.br\/wp-content\/uploads\/2021\/07\/pump-jack-848300-1024x576.jpg\" alt=\"\" class=\"wp-image-96\" srcset=\"https:\/\/wisenergy.com.br\/wp-content\/uploads\/2021\/07\/pump-jack-848300-1024x576.jpg 1024w, https:\/\/wisenergy.com.br\/wp-content\/uploads\/2021\/07\/pump-jack-848300-300x169.jpg 300w, https:\/\/wisenergy.com.br\/wp-content\/uploads\/2021\/07\/pump-jack-848300-768x432.jpg 768w, https:\/\/wisenergy.com.br\/wp-content\/uploads\/2021\/07\/pump-jack-848300-1536x864.jpg 1536w, https:\/\/wisenergy.com.br\/wp-content\/uploads\/2021\/07\/pump-jack-848300-2048x1152.jpg 2048w\" sizes=\"(max-width: 1024px) 100vw, 1024px\" \/><\/figure>\n<\/div>\n<\/div>\n\n\n\n<div style=\"height:40px\" aria-hidden=\"true\" class=\"wp-block-spacer\"><\/div>\n\n\n\n<p class=\"has-white-color has-text-color has-background\" style=\"background-color:#00b6b5\"><strong>CERTIFICATE OF COMPLETION<\/strong><\/p>\n\n\n\n<p>Certificate issued upon completion of the course.<\/p>\n\n\n\n<div style=\"height:40px\" aria-hidden=\"true\" class=\"wp-block-spacer\"><\/div>\n\n\n\n<p class=\"has-white-color has-text-color has-background\" style=\"background-color:#00b6b5\">INSTRUCTOR<\/p>\n\n\n\n<div class=\"wp-block-columns is-layout-flex wp-container-core-columns-is-layout-3 wp-block-columns-is-layout-flex\">\n<div class=\"wp-block-column is-layout-flow wp-block-column-is-layout-flow\" style=\"flex-basis:33.33%\">\n<figure class=\"wp-block-image size-full\"><img loading=\"lazy\" decoding=\"async\" width=\"384\" height=\"270\" src=\"http:\/\/wisenergy.com.br\/wp-content\/uploads\/2021\/08\/Professor_LideniroAlegre-1.jpg\" alt=\"\" class=\"wp-image-250\" srcset=\"https:\/\/wisenergy.com.br\/wp-content\/uploads\/2021\/08\/Professor_LideniroAlegre-1.jpg 384w, https:\/\/wisenergy.com.br\/wp-content\/uploads\/2021\/08\/Professor_LideniroAlegre-1-300x211.jpg 300w\" sizes=\"(max-width: 384px) 100vw, 384px\" \/><figcaption class=\"wp-element-caption\"> Lideniro Alegre Ph.D. <\/figcaption><\/figure>\n<\/div>\n\n\n\n<div class=\"wp-block-column is-layout-flow wp-block-column-is-layout-flow\" style=\"flex-basis:66.66%\">\n<p>Lideniro Alegre is a Civil Engineer, Petroleum Engineer, Master and Doctor in Petroleum from the&nbsp;<em>University of Southern California, Los Angeles-USA<\/em>. Retired from Petrobras with 36 years of experience in oil activities.<\/p>\n\n\n\n<p>Alegre provided consultancy to PetroRio and to several companies interested in the Petrobras divestment process. He worked at IBP, REATE and ANP with contributions in the activities of mature and marginal fields in Brazil. Taught courses at IBP, ANP,&nbsp;<em>in-companies<\/em>&nbsp;and at Unicamp-Campinas.<\/p>\n\n\n\n<p>He is currently director of OPLA Consultoria e Assessoria em Oil and Gas. OPLA provides consultancy and assistance in the sector&nbsp;<em>upstream<\/em>&nbsp;from the oil industry, performs technical-economic analysis of E&amp;P assets for evaluation and\/or acquisition processes,&nbsp;<em>farm-in<\/em>&nbsp;and&nbsp;<em>farm-out<\/em>. It also offers training&nbsp;<em>in-company<\/em>&nbsp;in the concepts of the oil industry. In addition to OPLA, he serves as COO of FOX-RUBICON Capital Partners.<\/p>\n<\/div>\n<\/div>","protected":false},"excerpt":{"rendered":"<p>OPORTUNIDADES DE NEG\u00d3CIOS E EXTENS\u00c3O DE VIDA \u00daTIL COMO ALTERNATIVA AO DESCOMISSIONAMENTO \u00c1rea do Conhecimento: Explora\u00e7\u00e3o e Produ\u00e7\u00e3o de Petr\u00f3leo Professor: Lideniro Alegre Ph.D N\u00edvel: Introdut\u00f3rio Requisito B\u00e1sico: N\u00e3o requerido Dura\u00e7\u00e3o: 5 horas Investimento: 6 x de R$ 149 OBJETIVO Fomentar o&#8230;<\/p>","protected":false},"author":16,"featured_media":96,"parent":0,"menu_order":0,"comment_status":"closed","ping_status":"closed","template":"","meta":{"om_disable_all_campaigns":false,"_monsterinsights_skip_tracking":false,"_monsterinsights_sitenote_active":false,"_monsterinsights_sitenote_note":"","_monsterinsights_sitenote_category":0,"footnotes":"","_links_to":"","_links_to_target":""},"aioseo_notices":[],"_links":{"self":[{"href":"https:\/\/wisenergy.com.br\/en\/wp-json\/wp\/v2\/pages\/350"}],"collection":[{"href":"https:\/\/wisenergy.com.br\/en\/wp-json\/wp\/v2\/pages"}],"about":[{"href":"https:\/\/wisenergy.com.br\/en\/wp-json\/wp\/v2\/types\/page"}],"author":[{"embeddable":true,"href":"https:\/\/wisenergy.com.br\/en\/wp-json\/wp\/v2\/users\/16"}],"replies":[{"embeddable":true,"href":"https:\/\/wisenergy.com.br\/en\/wp-json\/wp\/v2\/comments?post=350"}],"version-history":[{"count":25,"href":"https:\/\/wisenergy.com.br\/en\/wp-json\/wp\/v2\/pages\/350\/revisions"}],"predecessor-version":[{"id":10138,"href":"https:\/\/wisenergy.com.br\/en\/wp-json\/wp\/v2\/pages\/350\/revisions\/10138"}],"wp:featuredmedia":[{"embeddable":true,"href":"https:\/\/wisenergy.com.br\/en\/wp-json\/wp\/v2\/media\/96"}],"wp:attachment":[{"href":"https:\/\/wisenergy.com.br\/en\/wp-json\/wp\/v2\/media?parent=350"}],"curies":[{"name":"wp","href":"https:\/\/api.w.org\/{rel}","templated":true}]}}