{"id":348,"date":"2021-08-07T23:53:29","date_gmt":"2021-08-08T02:53:29","guid":{"rendered":"http:\/\/wisenergy.com.br\/?page_id=348"},"modified":"2023-08-30T17:56:42","modified_gmt":"2023-08-30T20:56:42","slug":"analise-dos-diferentes-esquemas-de-refino","status":"publish","type":"page","link":"https:\/\/wisenergy.com.br\/en\/analise-dos-diferentes-esquemas-de-refino\/","title":{"rendered":"AN\u00c1LISE DOS DIFERENTES ESQUEMAS DE REFINO"},"content":{"rendered":"<div class=\"wp-block-columns is-layout-flex wp-container-core-columns-is-layout-1 wp-block-columns-is-layout-flex\">\n<div class=\"wp-block-column is-layout-flow wp-block-column-is-layout-flow\" style=\"flex-basis:65%\">\n<p><strong>Knowledge Area: <\/strong>Refining and Petrochemicals<\/p>\n\n\n\n<p><strong>Instructor: <\/strong>Juarez Barbosa Periss\u00e9, M.Sc<\/p>\n\n\n\n<p><strong>Level:<\/strong> Introductory<\/p>\n\n\n\n<p><strong>Basic Requirements: <\/strong>Not Required<\/p>\n<\/div>\n\n\n\n<div class=\"wp-block-column has-white-background-color has-text-color has-background is-layout-flow wp-block-column-is-layout-flow\" style=\"color:#0f5c93;flex-basis:35%\">\n<figure class=\"wp-block-table is-style-stripes\"><table><tbody><tr><td><strong>Duration <\/strong><\/td><td><strong>7 hours<\/strong><\/td><\/tr><tr><td><\/td><td><\/td><\/tr><tr><td>Investment<strong>: <\/strong><\/td><td>Special packages for companies<br><strong>... <\/strong>198<\/td><\/tr><\/tbody><\/table><\/figure>\n\n\n\n<div class=\"wp-block-buttons is-horizontal is-content-justification-center is-layout-flex wp-container-core-buttons-is-layout-1 wp-block-buttons-is-layout-flex\">\n<div class=\"wp-block-button has-custom-width wp-block-button__width-75 is-style-fill\"><a class=\"wp-block-button__link has-background wp-element-button\" href=\"https:\/\/wisenergy.com.br\/en\/contato\/\" style=\"background-color:#f7941d\" target=\"_blank\" rel=\"noreferrer noopener\">Contact Us<\/a><\/div>\n<\/div>\n<\/div>\n<\/div>\n\n\n\n<div style=\"height:40px\" aria-hidden=\"true\" class=\"wp-block-spacer\"><\/div>\n\n\n\n<p class=\"has-white-color has-text-color has-background\" style=\"background-color:#00b6b5\"><strong>OBJECTIVE<\/strong><\/p>\n\n\n\n<p>To transmit to the student knowledge about the different refining schemes, as well as their suitability according to the different types of oil. This course will provide the student with an overview of the key points in the allocation of oil to a refinery, as well as the different possibilities of serving the derivatives market.<\/p>\n\n\n\n<div style=\"height:40px\" aria-hidden=\"true\" class=\"wp-block-spacer\"><\/div>\n\n\n\n<p class=\"has-white-color has-text-color has-background\" style=\"background-color:#00b6b5\"><strong>TARGET AUDIENCE<\/strong><\/p>\n\n\n\n<p>The course is intended for engineers, administrators, accountants, other professionals who wish to acquire knowledge about the choice of oils for a refinery, analysis of different refining schemes and asset valuation.<\/p>\n\n\n\n<div style=\"height:40px\" aria-hidden=\"true\" class=\"wp-block-spacer\"><\/div>\n\n\n\n<p class=\"has-white-color has-text-color has-background\" style=\"background-color:#00b6b5\"><strong>COURSE CONTENT<\/strong><\/p>\n\n\n\n<div class=\"wp-block-columns is-layout-flex wp-container-core-columns-is-layout-2 wp-block-columns-is-layout-flex\">\n<div class=\"wp-block-column is-layout-flow wp-block-column-is-layout-flow\" style=\"flex-basis:66.66%\">\n<p>\u2981 Oil<br>\u2981 The refiner&#039;s view of oil quality<br>\u2981 Overview of a Refinery<br>\u2981 Separation Processes<br>\u2981 Conversion Processes<br>\u2981 Treatment Units<br>\u2981 Auxiliary Units<br>\u2981 Choice of conversion processes according to market demands<br>\u2981 Derivatives Specifications<br>\u2981 Specifications Evolution<br>\u2981 Adaptation of refining schemes according to new specifications<br>\u2981 Adequacy of refining schemes according to oil characteristics<br>\u2981 Evaluation of different refining schemes adopted<br>\u2981 Small refineries<\/p>\n<\/div>\n\n\n\n<div class=\"wp-block-column is-layout-flow wp-block-column-is-layout-flow\" style=\"flex-basis:33.33%\">\n<figure class=\"wp-block-image size-full\"><img loading=\"lazy\" decoding=\"async\" width=\"314\" height=\"239\" src=\"http:\/\/wisenergy.com.br\/wp-content\/uploads\/2021\/08\/AnalysisRefining-e1637450692538.jpg\" alt=\"\" class=\"wp-image-390\" srcset=\"https:\/\/wisenergy.com.br\/wp-content\/uploads\/2021\/08\/AnalysisRefining-e1637450692538.jpg 314w, https:\/\/wisenergy.com.br\/wp-content\/uploads\/2021\/08\/AnalysisRefining-e1637450692538-300x228.jpg 300w\" sizes=\"(max-width: 314px) 100vw, 314px\" \/><\/figure>\n<\/div>\n<\/div>\n\n\n\n<div style=\"height:40px\" aria-hidden=\"true\" class=\"wp-block-spacer\"><\/div>\n\n\n\n<p class=\"has-white-color has-text-color has-background\" style=\"background-color:#00b6b5\"><strong>CERTIFICATE OF COMPLETION<\/strong><\/p>\n\n\n\n<p>Certificate issued upon completion of the course.<\/p>\n\n\n\n<div style=\"height:40px\" aria-hidden=\"true\" class=\"wp-block-spacer\"><\/div>\n\n\n\n<p class=\"has-white-color has-text-color has-background\" style=\"background-color:#00b6b5\">INSTRUCTOR<\/p>\n\n\n\n<div class=\"wp-block-columns is-layout-flex wp-container-core-columns-is-layout-3 wp-block-columns-is-layout-flex\">\n<div class=\"wp-block-column is-layout-flow wp-block-column-is-layout-flow\" style=\"flex-basis:33.33%\">\n<figure class=\"wp-block-image size-full\"><img loading=\"lazy\" decoding=\"async\" width=\"384\" height=\"270\" src=\"http:\/\/wisenergy.com.br\/wp-content\/uploads\/2021\/08\/Professor_JuarezBarbosaPeriss\u00e9.jpg\" alt=\"\" class=\"wp-image-245\" srcset=\"https:\/\/wisenergy.com.br\/wp-content\/uploads\/2021\/08\/Professor_JuarezBarbosaPeriss\u00e9.jpg 384w, https:\/\/wisenergy.com.br\/wp-content\/uploads\/2021\/08\/Professor_JuarezBarbosaPeriss\u00e9-300x211.jpg 300w\" sizes=\"(max-width: 384px) 100vw, 384px\" \/><figcaption class=\"wp-element-caption\">Juarez Barbosa Perisse M.Sc<\/figcaption><\/figure>\n<\/div>\n\n\n\n<div class=\"wp-block-column is-layout-flow wp-block-column-is-layout-flow\" style=\"flex-basis:66.66%\">\n<p>Juarez Barbosa Periss\u00e9 is a chemical engineer, graduated from the Universidade Federal do Rio de Janeiro (UFRJ), with a master's degree in Chemical Engineering from the Universidade Estadual do Rio de Janeiro (UERJ) and a MBA in Business Management from the Instituto Brasileiro de Mercado de Capitais (IBMEC). He joined Petrobras in 1985, working at the Duque de Caxias Refinery for 16 years, performing technical and managerial functions.<\/p>\n\n\n\n<p>As of 2002, he performed the role of Senior Consultant in the Planning area of the Refining Park, being responsible for the construction and approval of the Gasoline Quality Portfolio, comprising 11 cracked naphtha hydrodesulfurization units, 6 coke naphtha hydrotreating units, and 4 of Catalytic Reform, as well as in the construction and approval of the Diesel Oil Quality Portfolio, comprising 10 hydrotreatment units with different severities according to the refining scheme.<\/p>\n\n\n\n<p>He also worked on the preparation of the Refining Master Plans for the Brazilian Refining Park's Operating Units, comprising new conversion units, increased distillation capacity, in addition to treatment units.<\/p>\n\n\n\n<p>Currently, he is working as a consultan on the Downstream area.<\/p>\n<\/div>\n<\/div>","protected":false},"excerpt":{"rendered":"<p>\u00c1rea do Conhecimento: Refino e Petroqu\u00edmica Professor: Juarez Barbosa Periss\u00e9, M.Sc N\u00edvel: Introdut\u00f3rio Requisito B\u00e1sico: N\u00e3o requerido Dura\u00e7\u00e3o: 7 horas Investimento: 6 x deR$ 198 OBJETIVO Transmitir ao aluno conhecimentos sobre os diferentes esquemas de refino, assim como sua adequa\u00e7\u00e3o de acordo&#8230;<\/p>","protected":false},"author":16,"featured_media":390,"parent":0,"menu_order":0,"comment_status":"closed","ping_status":"closed","template":"","meta":{"om_disable_all_campaigns":false,"_monsterinsights_skip_tracking":false,"_monsterinsights_sitenote_active":false,"_monsterinsights_sitenote_note":"","_monsterinsights_sitenote_category":0,"footnotes":"","_links_to":"","_links_to_target":""},"aioseo_notices":[],"_links":{"self":[{"href":"https:\/\/wisenergy.com.br\/en\/wp-json\/wp\/v2\/pages\/348"}],"collection":[{"href":"https:\/\/wisenergy.com.br\/en\/wp-json\/wp\/v2\/pages"}],"about":[{"href":"https:\/\/wisenergy.com.br\/en\/wp-json\/wp\/v2\/types\/page"}],"author":[{"embeddable":true,"href":"https:\/\/wisenergy.com.br\/en\/wp-json\/wp\/v2\/users\/16"}],"replies":[{"embeddable":true,"href":"https:\/\/wisenergy.com.br\/en\/wp-json\/wp\/v2\/comments?post=348"}],"version-history":[{"count":29,"href":"https:\/\/wisenergy.com.br\/en\/wp-json\/wp\/v2\/pages\/348\/revisions"}],"predecessor-version":[{"id":10136,"href":"https:\/\/wisenergy.com.br\/en\/wp-json\/wp\/v2\/pages\/348\/revisions\/10136"}],"wp:featuredmedia":[{"embeddable":true,"href":"https:\/\/wisenergy.com.br\/en\/wp-json\/wp\/v2\/media\/390"}],"wp:attachment":[{"href":"https:\/\/wisenergy.com.br\/en\/wp-json\/wp\/v2\/media?parent=348"}],"curies":[{"name":"wp","href":"https:\/\/api.w.org\/{rel}","templated":true}]}}