{"id":346,"date":"2021-08-07T23:49:00","date_gmt":"2021-08-08T02:49:00","guid":{"rendered":"http:\/\/wisenergy.com.br\/?page_id=346"},"modified":"2023-08-30T17:52:09","modified_gmt":"2023-08-30T20:52:09","slug":"gestao-de-riscos-em-projetos-na-area-de-oleo-e-gas","status":"publish","type":"page","link":"https:\/\/wisenergy.com.br\/en\/gestao-de-riscos-em-projetos-na-area-de-oleo-e-gas\/","title":{"rendered":"Risk Managemnet in the Oil and Gas Industry"},"content":{"rendered":"<div class=\"wp-block-columns gestaoProj is-layout-flex wp-container-core-columns-is-layout-1 wp-block-columns-is-layout-flex\">\n<div class=\"wp-block-column classeTeste is-layout-flow wp-block-column-is-layout-flow\" style=\"flex-basis:65%\">\n<p><strong>Knowledge Area: <\/strong>Project Management in the Energy Area<\/p>\n\n\n\n<p><strong>Instructor: <\/strong>M\u00e1rcio Herv\u00e9, M.Sc. <\/p>\n\n\n\n<p><strong>Level:<\/strong> Introductory<\/p>\n\n\n\n<p><strong>Basic Requirements: <\/strong>Not Required<\/p>\n<\/div>\n\n\n\n<div class=\"wp-block-column has-white-background-color has-text-color has-background is-layout-flow wp-block-column-is-layout-flow\" style=\"color:#0f5c93;flex-basis:35%\">\n<figure class=\"wp-block-table is-style-stripes\"><table><tbody><tr><td><strong>Duration <\/strong><\/td><td class=\"has-text-align-center\" data-align=\"center\"><strong>4 hours<\/strong><\/td><\/tr><tr><td><\/td><td class=\"has-text-align-center\" data-align=\"center\"><\/td><\/tr><tr><td><strong>Info <\/strong><\/td><td class=\"has-text-align-center\" data-align=\"center\">Special packages for companies<br><strong>R$ 146,00<\/strong><\/td><\/tr><\/tbody><\/table><\/figure>\n\n\n\n<div class=\"wp-block-buttons is-horizontal is-content-justification-center is-layout-flex wp-container-core-buttons-is-layout-1 wp-block-buttons-is-layout-flex\">\n<div class=\"wp-block-button has-custom-width wp-block-button__width-75 is-style-fill\"><a class=\"wp-block-button__link has-background wp-element-button\" href=\"https:\/\/wisenergy.com.br\/en\/contato\/\" style=\"background-color:#f7941d\" target=\"_blank\" rel=\"noreferrer noopener\">Contact Us<\/a><\/div>\n<\/div>\n<\/div>\n<\/div>\n\n\n\n<p class=\"has-white-color has-text-color has-background\" style=\"background-color:#00b6b5\"><strong>OBJECTIVE<\/strong><\/p>\n\n\n\n<p>This course will provide the student with an overview of what are the most important points in the management of complex projects such as projects in the oil and gas area. Special emphasis will be placed on risk management and stakeholder management, specifically sensitive areas in this type of project, which normally involve economic, political and environmental concerns.<\/p>\n\n\n\n<div style=\"height:40px\" aria-hidden=\"true\" class=\"wp-block-spacer\"><\/div>\n\n\n\n<p class=\"has-white-color has-text-color has-background\" style=\"background-color:#00b6b5\"><strong>TARGET AUDIENCE<\/strong><\/p>\n\n\n\n<p>The course is intended for all professionals who work or intend to work on large engineering projects in the Oil and Gas area, whether in the technical or managerial area. Specifically recommended for managers and decision makers in this area.<\/p>\n\n\n\n<div style=\"height:40px\" aria-hidden=\"true\" class=\"wp-block-spacer\"><\/div>\n\n\n\n<p class=\"has-white-color has-text-color has-background\" style=\"background-color:#00b6b5\"><strong>COURSE CONTENT<\/strong><\/p>\n\n\n\n<ol type=\"1\">\n<li>General concepts about projects<\/li>\n\n\n\n<li>General concepts about risks in projects<\/li>\n\n\n\n<li>Megaprojects and specifics in the oil area<\/li>\n\n\n\n<li>Concepts about managing complex projects<\/li>\n\n\n\n<li>Change management: scope, schedule and budget<\/li>\n\n\n\n<li>Risks: environmental, economic, technical and political<\/li>\n\n\n\n<li>Stakeholder management: leadership, communication, negotiation and conflict management<\/li>\n\n\n\n<li>conclusions<\/li>\n<\/ol>\n\n\n\n<p class=\"has-white-color has-text-color has-background\" style=\"background-color:#00b6b5\"><strong>CERTIFICATE OF COMPLETION<\/strong><\/p>\n\n\n\n<p>Certificate issued upon completion of the course.<\/p>\n\n\n\n<div style=\"height:40px\" aria-hidden=\"true\" class=\"wp-block-spacer\"><\/div>\n\n\n\n<p class=\"has-white-color has-text-color has-background\" style=\"background-color:#00b6b5\">INSTRUCTOR<\/p>\n\n\n\n<div class=\"wp-block-columns is-layout-flex wp-container-core-columns-is-layout-2 wp-block-columns-is-layout-flex\">\n<div class=\"wp-block-column is-layout-flow wp-block-column-is-layout-flow\" style=\"flex-basis:33.33%\">\n<figure class=\"wp-block-image size-full\"><img decoding=\"async\" src=\"http:\/\/wisenergy.com.br\/wp-content\/uploads\/2021\/08\/Professor_M\u00e1rcioHerv\u00e9-1.jpg\" alt=\"\" class=\"wp-image-241\"\/><figcaption class=\"wp-element-caption\"> M\u00e1rcio Herv\u00e9, M.Sc.<\/figcaption><\/figure>\n<\/div>\n\n\n\n<div class=\"wp-block-column is-layout-flow wp-block-column-is-layout-flow\" style=\"flex-basis:66.66%\">\n<p>M\u00e1rcio is an Electrical Engineer from Universidade Federal do Rio Grande do Sul (UFRGS \u2013 1975) and Master in Environmental Management Universidade Federal do Rio de Janeiro (UFRJ \u2013 2020).<\/p>\n\n\n\n<p>He worked at Petrobras from 1976 to 2014, the last 20 years as coordinator of Basic Engineering projects.<\/p>\n\n\n\n<p>Since 2003, he has been an instructor in MBA courses in the area of project management at several institutions, such as; UFRJ, Funda\u00e7\u00e3o Get\u00falio Vargas (FGV), Universidade Veiga de Ameida (UVA), in addition to giving workshops to companies such as Engevix and Dinsmore-Compass, among others. He was one of eight Nominees for the \u201cBest Professor in the Project Management Area\u201d by PMI-Rio, in 2019.<\/p>\n\n\n\n<p>As a speaker, he presented papers at several seminars, being a keynote speaker at the National Meeting of Project Management at FIRJAN (RJ) in 2007. He also periodically publishes articles on his Linkedin page. Projects\u201d (Editora Brasport \u2013 2017), and co-author of several others, including the title \u201cHow to become a Project Management Professional\u201d, the famous \u201cbrown book\u201d, launched in 2003 by Qualitymark and considered a kind of \u201cground zero\u201d in the literature on project management in Brazil. In this team, he was alongside names such as Paul Dinsmore and Ricardo Vargas, world references in the area.<\/p>\n<\/div>\n<\/div>","protected":false},"excerpt":{"rendered":"<p>\u00c1rea do Conhecimento: Gest\u00e3o de Projetos na \u00c1rea de Energia Professor: M\u00e1rcio Herv\u00e9, M.Sc N\u00edvel: Introdut\u00f3rio Requisito B\u00e1sico: N\u00e3o requerido Dura\u00e7\u00e3o: 4 horas Investimento: 6 x deR$ 146,00 OBJETIVO Este curso proporcionar\u00e1 ao aluno uma vis\u00e3o geral de quais s\u00e3o os pontos&#8230;<\/p>","protected":false},"author":16,"featured_media":391,"parent":0,"menu_order":0,"comment_status":"closed","ping_status":"closed","template":"","meta":{"om_disable_all_campaigns":false,"_monsterinsights_skip_tracking":false,"_monsterinsights_sitenote_active":false,"_monsterinsights_sitenote_note":"","_monsterinsights_sitenote_category":0,"footnotes":"","_links_to":"","_links_to_target":""},"aioseo_notices":[],"_links":{"self":[{"href":"https:\/\/wisenergy.com.br\/en\/wp-json\/wp\/v2\/pages\/346"}],"collection":[{"href":"https:\/\/wisenergy.com.br\/en\/wp-json\/wp\/v2\/pages"}],"about":[{"href":"https:\/\/wisenergy.com.br\/en\/wp-json\/wp\/v2\/types\/page"}],"author":[{"embeddable":true,"href":"https:\/\/wisenergy.com.br\/en\/wp-json\/wp\/v2\/users\/16"}],"replies":[{"embeddable":true,"href":"https:\/\/wisenergy.com.br\/en\/wp-json\/wp\/v2\/comments?post=346"}],"version-history":[{"count":20,"href":"https:\/\/wisenergy.com.br\/en\/wp-json\/wp\/v2\/pages\/346\/revisions"}],"predecessor-version":[{"id":10146,"href":"https:\/\/wisenergy.com.br\/en\/wp-json\/wp\/v2\/pages\/346\/revisions\/10146"}],"wp:featuredmedia":[{"embeddable":true,"href":"https:\/\/wisenergy.com.br\/en\/wp-json\/wp\/v2\/media\/391"}],"wp:attachment":[{"href":"https:\/\/wisenergy.com.br\/en\/wp-json\/wp\/v2\/media?parent=346"}],"curies":[{"name":"wp","href":"https:\/\/api.w.org\/{rel}","templated":true}]}}