{"id":339,"date":"2021-08-06T17:20:33","date_gmt":"2021-08-06T20:20:33","guid":{"rendered":"http:\/\/wisenergy.com.br\/?page_id=339"},"modified":"2022-07-14T09:42:53","modified_gmt":"2022-07-14T12:42:53","slug":"selecao-de-materiais-para-a-industria-de-energia-no-brasil","status":"publish","type":"page","link":"https:\/\/wisenergy.com.br\/en\/selecao-de-materiais-para-a-industria-de-energia-no-brasil\/","title":{"rendered":"Materials for the Energy Industry in Brazil"},"content":{"rendered":"<div class=\"wp-block-columns is-layout-flex wp-container-core-columns-is-layout-1 wp-block-columns-is-layout-flex\">\n<div class=\"wp-block-column is-layout-flow wp-block-column-is-layout-flow\" style=\"flex-basis:65%\">\n<p><strong>Knowledge Area: <\/strong>Materials Science<\/p>\n\n\n\n<p><strong>Instructor: <\/strong>Byron Souza Filho, M.Sc<\/p>\n\n\n\n<p><strong>Level: <\/strong>Introductory<\/p>\n\n\n\n<p><strong>Basic Requirements: <\/strong>Not Required<\/p>\n\n\n\n<p><\/p>\n<\/div>\n\n\n\n<div class=\"wp-block-column has-white-background-color has-text-color has-background is-layout-flow wp-block-column-is-layout-flow\" style=\"color:#0f5c93;flex-basis:35%\">\n<figure class=\"wp-block-table LegendaValor is-style-stripes\"><table><tbody><tr><td>Duration <\/td><td>8 hours<\/td><\/tr><tr><td> <\/td><td><\/td><\/tr><tr><td>Info<\/td><td>Special packages for companies Course on demand<\/td><\/tr><\/tbody><\/table><\/figure>\n\n\n\n<div class=\"wp-block-buttons is-horizontal is-content-justification-center is-layout-flex wp-container-core-buttons-is-layout-1 wp-block-buttons-is-layout-flex\">\n<div class=\"wp-block-button has-custom-width wp-block-button__width-75 is-style-fill\"><a class=\"wp-block-button__link has-background\" href=\"https:\/\/wisenergy.com.br\/en\/contato\/\" style=\"background-color:#f7941d\" target=\"_blank\" rel=\"noreferrer noopener\">Contact Us<\/a><\/div>\n<\/div>\n<\/div>\n<\/div>\n\n\n\n<p class=\"has-white-color has-text-color has-background\" style=\"background-color:#00b6b5\"><strong>OBJECTIVE<\/strong><\/p>\n\n\n\n<p>Convey basic knowledge about the materials used in the various segments of the energy industry, their nature, physical and chemical properties, manufacturing processes, technical specifications, conditions of use and degradation processes.<\/p>\n\n\n\n<p><\/p>\n\n\n\n<p><\/p>\n\n\n\n<div style=\"height:40px\" aria-hidden=\"true\" class=\"wp-block-spacer\"><\/div>\n\n\n\n<p class=\"has-white-color has-text-color has-background\" style=\"background-color:#00b6b5\"><strong>TARGET AUDIENCE<\/strong><\/p>\n\n\n\n<p>The course is aimed at engineers or professionals from any field who wish to acquire knowledge about the use and importance of materials used in the energy industry.<\/p>\n\n\n\n<div style=\"height:40px\" aria-hidden=\"true\" class=\"wp-block-spacer\"><\/div>\n\n\n\n<p class=\"has-white-color has-text-color has-background\" style=\"background-color:#00b6b5\"><strong>COURSE CONTENT<\/strong><\/p>\n\n\n\n<div class=\"wp-block-columns is-layout-flex wp-container-core-columns-is-layout-2 wp-block-columns-is-layout-flex\">\n<div class=\"wp-block-column is-layout-flow wp-block-column-is-layout-flow\" style=\"flex-basis:66.66%\">\n<p>\u2981 Overview of the Energy Sector in Brazil and in the World, focus on Materials<br>\u2981 Materials Engineering Concept<br>\u2981 Important Factors in Material Selection<br>\u2981 Material Properties<br>\u2981 Atomic Clusters<br>\u2981 Manufacturing Processes<br>\u2981 Union of Materials<br>\u2981 Mechanical Tests and Quality Control<br>\u2981 Technical Specifications for Use of Materials<br>\u2981 State of the Art in the Application of Materials in the Energy Industry in the World<br>\u2981 Deterioration Mechanisms<br>\u2981 Material Integrity Monitoring: In-Service Inspection<br>\u2981 Material Recycling<br>\u2981 Success Stories in Material Selection<br>\u2981 Case Studies: Lessons Learned<\/p>\n<\/div>\n\n\n\n<div class=\"wp-block-column is-layout-flow wp-block-column-is-layout-flow\" style=\"flex-basis:33.33%\">\n<figure class=\"wp-block-image size-large is-style-default\"><img loading=\"lazy\" decoding=\"async\" width=\"1024\" height=\"768\" src=\"http:\/\/wisenergy.com.br\/wp-content\/uploads\/2021\/09\/tabelaPer-1024x768.jpg\" alt=\"\" class=\"wp-image-573\" srcset=\"https:\/\/wisenergy.com.br\/wp-content\/uploads\/2021\/09\/tabelaPer-1024x768.jpg 1024w, https:\/\/wisenergy.com.br\/wp-content\/uploads\/2021\/09\/tabelaPer-300x225.jpg 300w, https:\/\/wisenergy.com.br\/wp-content\/uploads\/2021\/09\/tabelaPer-768x576.jpg 768w, https:\/\/wisenergy.com.br\/wp-content\/uploads\/2021\/09\/tabelaPer.jpg 1280w\" sizes=\"(max-width: 1024px) 100vw, 1024px\" \/><\/figure>\n<\/div>\n<\/div>\n\n\n\n<div style=\"height:40px\" aria-hidden=\"true\" class=\"wp-block-spacer\"><\/div>\n\n\n\n<p class=\"has-white-color has-text-color has-background\" style=\"background-color:#00b6b5\"><strong>CERTIFICATE OF COMPLETION<\/strong><\/p>\n\n\n\n<p>Certificate issued upon completion of the course.<\/p>\n\n\n\n<div style=\"height:40px\" aria-hidden=\"true\" class=\"wp-block-spacer\"><\/div>\n\n\n\n<p class=\"has-white-color has-text-color has-background\" style=\"background-color:#00b6b5\"><strong>INSTRUCTOR<\/strong><\/p>\n\n\n\n<div class=\"wp-block-columns is-layout-flex wp-container-core-columns-is-layout-3 wp-block-columns-is-layout-flex\">\n<div class=\"wp-block-column is-layout-flow wp-block-column-is-layout-flow\" style=\"flex-basis:33.33%\">\n<figure class=\"wp-block-image size-full\"><img loading=\"lazy\" decoding=\"async\" width=\"384\" height=\"270\" src=\"http:\/\/wisenergy.com.br\/wp-content\/uploads\/2021\/08\/Professor-ByronSouzaFilho-1.jpg\" alt=\"\" class=\"wp-image-234\" srcset=\"https:\/\/wisenergy.com.br\/wp-content\/uploads\/2021\/08\/Professor-ByronSouzaFilho-1.jpg 384w, https:\/\/wisenergy.com.br\/wp-content\/uploads\/2021\/08\/Professor-ByronSouzaFilho-1-300x211.jpg 300w\" sizes=\"(max-width: 384px) 100vw, 384px\" \/><figcaption> Byron Souza Filho, M.Sc<\/figcaption><\/figure>\n<\/div>\n\n\n\n<div class=\"wp-block-column is-layout-flow wp-block-column-is-layout-flow\" style=\"flex-basis:66.66%\">\n<p>Byron Souza Filho is a Metallurgical Engineer from the Universidade Federal do Rio de Janeiro (UFRJ -1986); Specialist in O&amp;G Equipment Engineering by Petrobras in 1988; Master of Science from Coppe\/UFRJ in 2001, in the area of Materials Engineering; Specialist in Natural Gas Technologies, by Universidade Federal do Rio Grande do Norte (UFRN-UNP); Specialist in Biogas and Biomethane Technologies, by Centro Internacional de Energias Renov\u00e1veis - Biog\u00e1s (CIBiogas-2020).<\/p>\n\n\n\n<p>He worked for 33 years at Petrobras, having worked as a Maintenance and Inspection Engineer of equipment and structures at an Oil and Gas Unit; Senior Consultant in Pipeline Maintenance and Inspection; Manager of Construction and Assembly Technologies; Equipment Inspection Technologies Manager.<\/p>\n\n\n\n<p>Also at Petrobras, he worked as an internal instructor in the disciplines of Material Selection, Welding, Maintenance and Inspection of Equipment, and as a visiting professor, in several teaching institutes, including: UFF, PUC-Rio, IBP, Senai-RJ CTSold and FAETEC, in the same subjects.<\/p>\n\n\n\n<p>Since his retirement from Petrobras, in Jan\/2020, he has worked as an independent consultant in the implementation of technologies in the Oil and Gas production chain, and in economic feasibility studies for the implementation of alternative energy generation systems, with a focus on Biogas.<\/p>\n\n\n\n<p>Since Jul\/2021, he has been a visiting professor at Universidade cat\u00f3lica de Petr\u00f3polis (UCP\/IPETEC), in the Equipment Inspection discipline.<\/p>\n<\/div>\n<\/div>\n\n\n\n<p><\/p>","protected":false},"excerpt":{"rendered":"<p>\u00c1rea do Conhecimento: Ci\u00eancias dos Materiais Professor: Byron Souza Filho, M.Sc N\u00edvel: Introdut\u00f3rio Requisito B\u00e1sico: N\u00e3o requerido Dura\u00e7\u00e3o: 8 horas Investimento: 6 x 89,90 OBJETIVO Transmitir os conhecimentos b\u00e1sicos sobre os materiais utilizados nos diversos segmentos da ind\u00fastria de energia, sua natureza,&#8230;<\/p>","protected":false},"author":16,"featured_media":573,"parent":0,"menu_order":0,"comment_status":"closed","ping_status":"closed","template":"","meta":{"om_disable_all_campaigns":false,"_monsterinsights_skip_tracking":false,"_monsterinsights_sitenote_active":false,"_monsterinsights_sitenote_note":"","_monsterinsights_sitenote_category":0,"footnotes":"","_links_to":"","_links_to_target":""},"aioseo_notices":[],"_links":{"self":[{"href":"https:\/\/wisenergy.com.br\/en\/wp-json\/wp\/v2\/pages\/339"}],"collection":[{"href":"https:\/\/wisenergy.com.br\/en\/wp-json\/wp\/v2\/pages"}],"about":[{"href":"https:\/\/wisenergy.com.br\/en\/wp-json\/wp\/v2\/types\/page"}],"author":[{"embeddable":true,"href":"https:\/\/wisenergy.com.br\/en\/wp-json\/wp\/v2\/users\/16"}],"replies":[{"embeddable":true,"href":"https:\/\/wisenergy.com.br\/en\/wp-json\/wp\/v2\/comments?post=339"}],"version-history":[{"count":48,"href":"https:\/\/wisenergy.com.br\/en\/wp-json\/wp\/v2\/pages\/339\/revisions"}],"predecessor-version":[{"id":1918,"href":"https:\/\/wisenergy.com.br\/en\/wp-json\/wp\/v2\/pages\/339\/revisions\/1918"}],"wp:featuredmedia":[{"embeddable":true,"href":"https:\/\/wisenergy.com.br\/en\/wp-json\/wp\/v2\/media\/573"}],"wp:attachment":[{"href":"https:\/\/wisenergy.com.br\/en\/wp-json\/wp\/v2\/media?parent=339"}],"curies":[{"name":"wp","href":"https:\/\/api.w.org\/{rel}","templated":true}]}}