{"id":335,"date":"2021-08-06T16:44:00","date_gmt":"2021-08-06T19:44:00","guid":{"rendered":"http:\/\/wisenergy.com.br\/?page_id=335"},"modified":"2023-08-30T17:44:55","modified_gmt":"2023-08-30T20:44:55","slug":"direito-do-petroleo-a-regulacao-das-atividades-de-ep-no-brasil","status":"publish","type":"page","link":"https:\/\/wisenergy.com.br\/en\/direito-do-petroleo-a-regulacao-das-atividades-de-ep-no-brasil\/","title":{"rendered":"Partnership Management and Regulation in Exploration and Production"},"content":{"rendered":"<div class=\"wp-block-columns is-layout-flex wp-container-core-columns-is-layout-2 wp-block-columns-is-layout-flex\">\n<div class=\"wp-block-column is-layout-flow wp-block-column-is-layout-flow\" style=\"flex-basis:65%\">\n<p><strong>Knowledge Area: <\/strong>Business in the Energy Area<\/p>\n\n\n\n<p><strong>Instructor: <\/strong>Jos\u00e9 Alberto Bucheb, D.Sc. <\/p>\n\n\n\n<p><strong>Level:<\/strong> Introductory \/ Intermediate<\/p>\n\n\n\n<p><strong>Basic Requirements: <\/strong>Not Required<\/p>\n<\/div>\n\n\n\n<div class=\"wp-block-column has-white-background-color has-text-color has-background is-layout-flow wp-block-column-is-layout-flow\" style=\"color:#0f5c93;flex-basis:35%\">\n<div class=\"wp-block-columns is-layout-flex wp-container-core-columns-is-layout-1 wp-block-columns-is-layout-flex\">\n<div class=\"wp-block-column is-layout-flow wp-block-column-is-layout-flow\" style=\"flex-basis:100%\">\n<figure class=\"wp-block-table is-style-stripes\"><table class=\"has-fixed-layout\"><tbody><tr><td><strong>Duration       <\/strong><\/td><td><strong>6 hours<\/strong><\/td><\/tr><tr><td><strong> <\/strong><\/td><td><\/td><\/tr><tr><td><strong>Info <\/strong><\/td><td><strong>6 x de R$ 188,00<\/strong><\/td><\/tr><\/tbody><\/table><\/figure>\n<\/div>\n<\/div>\n\n\n\n<div class=\"wp-block-buttons is-horizontal is-content-justification-center is-layout-flex wp-container-core-buttons-is-layout-1 wp-block-buttons-is-layout-flex\">\n<div class=\"wp-block-button has-custom-width wp-block-button__width-75 is-style-fill\"><a class=\"wp-block-button__link has-background wp-element-button\" href=\"https:\/\/wisenergy.com.br\/en\/contato\/\" style=\"background-color:#f7941d\" target=\"_blank\" rel=\"noreferrer noopener\">Contact us<\/a><\/div>\n<\/div>\n<\/div>\n<\/div>\n\n\n\n<div style=\"height:40px\" aria-hidden=\"true\" class=\"wp-block-spacer\"><\/div>\n\n\n\n<p class=\"has-white-color has-text-color has-background\" style=\"background-color:#00b6b5\"><strong>OBJECTIVE<\/strong><\/p>\n\n\n\n<p>Provide the student with knowledge about the regulation of Oil and Gas Exploration and Production activities in Brazil (E&amp;P), with an emphasis on legal frameworks, the establishment of partnerships, the mechanisms for resolving commercial and\/or business disputes, in the Unitization processes and in the other contracts of current use in the industry.<\/p>\n\n\n\n<div style=\"height:40px\" aria-hidden=\"true\" class=\"wp-block-spacer\"><\/div>\n\n\n\n<p class=\"has-white-color has-text-color has-background\" style=\"background-color:#00b6b5\"><strong>TARGET AUDIENCE<\/strong><\/p>\n\n\n\n<p>The course is aimed at lawyers, business administrators, accountants, engineers, geologists and other professionals who wish to acquire knowledge about the legal environment of business in the oil industry in Brazil, with a focus on the E&amp;P segment.<\/p>\n\n\n\n<div style=\"height:40px\" aria-hidden=\"true\" class=\"wp-block-spacer\"><\/div>\n\n\n\n<p class=\"has-white-color has-text-color has-background\" style=\"background-color:#00b6b5\"><strong>COURSE CONTENT<\/strong><\/p>\n\n\n\n<div class=\"wp-block-columns is-layout-flex wp-container-core-columns-is-layout-3 wp-block-columns-is-layout-flex\">\n<div class=\"wp-block-column is-layout-flow wp-block-column-is-layout-flow\" style=\"flex-basis:66.66%\">\n<ul>\n<li>Overview of E&amp;P Activity<\/li>\n\n\n\n<li>The Legal Regimes Applicable to E&amp;P Activities<\/li>\n\n\n\n<li>The Regulatory Framework in force in Brazil: Concession. Production Sharing and Onerous Assignment<\/li>\n\n\n\n<li>Partnerships (Joint Ventures) in E&amp;P activities<\/li>\n\n\n\n<li>Private Contracts: Joint Bidding Agreement, Farmout Agreement, Consortium Agreement<\/li>\n\n\n\n<li>Main provisions of the Joint Operating Agreement and Accounting Procedure<\/li>\n\n\n\n<li>Dispute Settlement Mechanisms<\/li>\n\n\n\n<li>unitization<\/li>\n<\/ul>\n<\/div>\n\n\n\n<div class=\"wp-block-column is-layout-flow wp-block-column-is-layout-flow\" style=\"flex-basis:33.33%\">\n<figure class=\"wp-block-image size-full\"><img loading=\"lazy\" decoding=\"async\" width=\"360\" height=\"240\" src=\"http:\/\/wisenergy.com.br\/wp-content\/uploads\/2021\/08\/ep.jpg\" alt=\"\" class=\"wp-image-337\" srcset=\"https:\/\/wisenergy.com.br\/wp-content\/uploads\/2021\/08\/ep.jpg 360w, https:\/\/wisenergy.com.br\/wp-content\/uploads\/2021\/08\/ep-300x200.jpg 300w\" sizes=\"(max-width: 360px) 100vw, 360px\" \/><\/figure>\n<\/div>\n<\/div>\n\n\n\n<div style=\"height:40px\" aria-hidden=\"true\" class=\"wp-block-spacer\"><\/div>\n\n\n\n<p class=\"has-white-color has-text-color has-background\" style=\"background-color:#00b6b5\"><strong>CERTIFICATE OF COMPLETION<\/strong><\/p>\n\n\n\n<p>Certificate issued upon completion of the course.<\/p>\n\n\n\n<div style=\"height:40px\" aria-hidden=\"true\" class=\"wp-block-spacer\"><\/div>\n\n\n\n<p class=\"has-white-color has-text-color has-background\" style=\"background-color:#00b6b5\">INSTRUCTOR<\/p>\n\n\n\n<div class=\"wp-block-columns is-layout-flex wp-container-core-columns-is-layout-4 wp-block-columns-is-layout-flex\">\n<div class=\"wp-block-column is-layout-flow wp-block-column-is-layout-flow\" style=\"flex-basis:33.33%\">\n<figure class=\"wp-block-image size-full\"><img loading=\"lazy\" decoding=\"async\" width=\"384\" height=\"270\" src=\"http:\/\/wisenergy.com.br\/wp-content\/uploads\/2021\/08\/Professor_Jose_Alberto_Bucheb-1.jpg\" alt=\"\" class=\"wp-image-229\" srcset=\"https:\/\/wisenergy.com.br\/wp-content\/uploads\/2021\/08\/Professor_Jose_Alberto_Bucheb-1.jpg 384w, https:\/\/wisenergy.com.br\/wp-content\/uploads\/2021\/08\/Professor_Jose_Alberto_Bucheb-1-300x211.jpg 300w\" sizes=\"(max-width: 384px) 100vw, 384px\" \/><figcaption class=\"wp-element-caption\">Jos\u00e9 Alberto Bucheb, D.Sc.<\/figcaption><\/figure>\n<\/div>\n\n\n\n<div class=\"wp-block-column is-layout-flow wp-block-column-is-layout-flow\" style=\"flex-basis:66.66%\">\n<p>Jos\u00e9 Alberto Bucheb is a geologist, lawyer and bachelor in administration. He graduated in Geology at the University of S\u00e3o Paulo \u2013 USP, in Law at the State University of Rio de Janeiro \u2013 UERJ and in Business Administration at the Federal Rural University of Rio de Janeiro \u2013 UFRRJ. &nbsp;<br>&nbsp;<br>He obtained the titles of Master in Geophysics from the Federal University of Par\u00e1 \u2013 UFPA, Master in International Law from UERJ and Doctor of Science from UERJ. &nbsp;<br>&nbsp;<br>He is the author of the books: \u201cInternational Arbitration in the Oil Industry\u201d, \u201cPetroleum Law \u2013 the Regulation of Oil and Natural Gas Exploration and Production Activities in Brazil\u201d and of technical articles in the areas of Law and Geology focused on the E&amp;P segment. &nbsp;<br>&nbsp;<br>At Petrobras, he worked in the Exploration and New Business areas and held the roles of Pre-Salt Partnership Manager and General Manager of Petrobras University, among others.&nbsp;<br>&nbsp;<br>He was a professor at Petrobras and at the following institutions: Universidade Santa \u00darsula, Universidade C\u00e2ndido Mendes, COPPE-UFRJ, FGV, FUNCEFET and IBP (Brazilian Institute of Oil and Gas). &nbsp;<br>&nbsp;<br>He is currently a partner at Geolagos Geologia e Engenharia Ambiental and at J. Bucheb Sociedade Ind. of Law.&nbsp;<\/p>\n<\/div>\n<\/div>","protected":false},"excerpt":{"rendered":"<p>\u00c1rea do Conhecimento: Neg\u00f3cios na \u00c1rea de Energia Professor: Jos\u00e9 Alberto Bucheb, D. Sc. N\u00edvel: Introdut\u00f3rio\/Intermedi\u00e1rio Requisito B\u00e1sico: N\u00e3o requerido Dura\u00e7\u00e3o: 6 horas Investimento: 6 x de R$ 188,00 OBJETIVO Transmitir ao aluno conhecimentos sobre a regula\u00e7\u00e3o das atividades de Explora\u00e7\u00e3o e&#8230;<\/p>","protected":false},"author":16,"featured_media":337,"parent":0,"menu_order":0,"comment_status":"closed","ping_status":"closed","template":"","meta":{"om_disable_all_campaigns":false,"_monsterinsights_skip_tracking":false,"_monsterinsights_sitenote_active":false,"_monsterinsights_sitenote_note":"","_monsterinsights_sitenote_category":0,"footnotes":"","_links_to":"","_links_to_target":""},"aioseo_notices":[],"_links":{"self":[{"href":"https:\/\/wisenergy.com.br\/en\/wp-json\/wp\/v2\/pages\/335"}],"collection":[{"href":"https:\/\/wisenergy.com.br\/en\/wp-json\/wp\/v2\/pages"}],"about":[{"href":"https:\/\/wisenergy.com.br\/en\/wp-json\/wp\/v2\/types\/page"}],"author":[{"embeddable":true,"href":"https:\/\/wisenergy.com.br\/en\/wp-json\/wp\/v2\/users\/16"}],"replies":[{"embeddable":true,"href":"https:\/\/wisenergy.com.br\/en\/wp-json\/wp\/v2\/comments?post=335"}],"version-history":[{"count":18,"href":"https:\/\/wisenergy.com.br\/en\/wp-json\/wp\/v2\/pages\/335\/revisions"}],"predecessor-version":[{"id":10145,"href":"https:\/\/wisenergy.com.br\/en\/wp-json\/wp\/v2\/pages\/335\/revisions\/10145"}],"wp:featuredmedia":[{"embeddable":true,"href":"https:\/\/wisenergy.com.br\/en\/wp-json\/wp\/v2\/media\/337"}],"wp:attachment":[{"href":"https:\/\/wisenergy.com.br\/en\/wp-json\/wp\/v2\/media?parent=335"}],"curies":[{"name":"wp","href":"https:\/\/api.w.org\/{rel}","templated":true}]}}