{"id":332,"date":"2021-08-06T15:47:20","date_gmt":"2021-08-06T18:47:20","guid":{"rendered":"http:\/\/wisenergy.com.br\/?page_id=332"},"modified":"2021-11-12T12:49:47","modified_gmt":"2021-11-12T15:49:47","slug":"previsao-de-producao-de-reservatorios","status":"publish","type":"page","link":"https:\/\/wisenergy.com.br\/en\/previsao-de-producao-de-reservatorios\/","title":{"rendered":"Production Forecast"},"content":{"rendered":"<div class=\"wp-block-columns is-layout-flex wp-container-core-columns-is-layout-1 wp-block-columns-is-layout-flex\">\n<div class=\"wp-block-column is-layout-flow wp-block-column-is-layout-flow\" style=\"flex-basis:65%\">\n<p><strong>Knowledge Area: <\/strong>Reservoir Engineering<\/p>\n\n\n\n<p><strong>Instructor: <\/strong>Manoel Leopoldino Rocha de Farias, Dr.<\/p>\n\n\n\n<p><strong>Level:<\/strong> Introductory \/ Intermediate<\/p>\n\n\n\n<p><strong>Basic Requirements: <\/strong>Not Required<\/p>\n<\/div>\n\n\n\n<div class=\"wp-block-column has-white-background-color has-text-color has-background is-layout-flow wp-block-column-is-layout-flow\" style=\"color:#0f5c93;flex-basis:35%\">\n<figure class=\"wp-block-table is-style-stripes\"><table><tbody><tr><td><strong>Duration <\/strong><\/td><td><strong>4 hours<\/strong><\/td><\/tr><tr><td><strong>... <\/strong><\/td><td>... <s>780,00<\/s><\/td><\/tr><tr><td><strong>Info <\/strong><\/td><td><strong>Course on demand<\/strong><\/td><\/tr><\/tbody><\/table><\/figure>\n\n\n\n<div class=\"wp-block-buttons is-content-justification-center is-layout-flex wp-block-buttons-is-layout-flex\">\n<div class=\"wp-block-button has-custom-width wp-block-button__width-75 is-style-fill\"><a class=\"wp-block-button__link has-background\" style=\"background-color:#f7941d\">Soon<\/a><\/div>\n<\/div>\n<\/div>\n<\/div>\n\n\n\n<p class=\"has-white-color has-text-color has-background\" style=\"background-color:#00b6b5\"><strong>OBJECTIVE<\/strong><\/p>\n\n\n\n<p>To transmit knowledge about the production forecasting process, essential in the production development phases of the field and during the production itself. The course provides an excellent overview of the reservoir engineer&#039;s work process.<\/p>\n\n\n\n<div style=\"height:40px\" aria-hidden=\"true\" class=\"wp-block-spacer\"><\/div>\n\n\n\n<p class=\"has-white-color has-text-color has-background\" style=\"background-color:#00b6b5\"><strong>TARGET AUDIENCE<\/strong><\/p>\n\n\n\n<p>The course is intended for engineers, geologists, chemists or professionals from any field who wish to acquire knowledge about reservoir engineering.<\/p>\n\n\n\n<div style=\"height:40px\" aria-hidden=\"true\" class=\"wp-block-spacer\"><\/div>\n\n\n\n<p class=\"has-white-color has-text-color has-background\" style=\"background-color:#00b6b5\"><strong>COURSE CONTENT<\/strong><\/p>\n\n\n\n<div class=\"wp-block-columns is-layout-flex wp-container-core-columns-is-layout-2 wp-block-columns-is-layout-flex\">\n<div class=\"wp-block-column is-layout-flow wp-block-column-is-layout-flow\" style=\"flex-basis:66.66%\">\n<ul><li>Phases of an E&amp;P project<\/li><li>Role of the Geophysicist<\/li><li>Role of the Geologist<\/li><li>Role of the Reservoir Engineer<\/li><li>Production forecast by analogy<\/li><li>Decline production forecast<\/li><li>Material Balance Equation<\/li><li>Use of Numerical Simulation in Production Forecasting<\/li><li>Incorporation of rock, fluid, test and production history data into the assembly and calibration of a simulation model<\/li><li>Simulation pre- and post-processing software \u2013 commercial and freeware platforms<\/li><li>Role of Reservoir Engineering in the reservation cycle<\/li><\/ul>\n<\/div>\n\n\n\n<div class=\"wp-block-column is-layout-flow wp-block-column-is-layout-flow\" style=\"flex-basis:33.33%\">\n<figure class=\"wp-block-image size-full\"><img loading=\"lazy\" decoding=\"async\" width=\"994\" height=\"674\" src=\"http:\/\/wisenergy.com.br\/wp-content\/uploads\/2021\/09\/revisaoReservatorio2.jpg\" alt=\"\" class=\"wp-image-645\" srcset=\"https:\/\/wisenergy.com.br\/wp-content\/uploads\/2021\/09\/revisaoReservatorio2.jpg 994w, https:\/\/wisenergy.com.br\/wp-content\/uploads\/2021\/09\/revisaoReservatorio2-300x203.jpg 300w, https:\/\/wisenergy.com.br\/wp-content\/uploads\/2021\/09\/revisaoReservatorio2-768x521.jpg 768w\" sizes=\"(max-width: 994px) 100vw, 994px\" \/><\/figure>\n<\/div>\n<\/div>\n\n\n\n<div style=\"height:40px\" aria-hidden=\"true\" class=\"wp-block-spacer\"><\/div>\n\n\n\n<p class=\"has-white-color has-text-color has-background\" style=\"background-color:#00b6b5\"><strong>CERTIFICATE OF COMPLETION<\/strong><\/p>\n\n\n\n<p>Certificate issued upon completion of the course.<\/p>\n\n\n\n<div style=\"height:40px\" aria-hidden=\"true\" class=\"wp-block-spacer\"><\/div>\n\n\n\n<p class=\"has-white-color has-text-color has-background\" style=\"background-color:#00b6b5\">INSTRUCTOR<\/p>\n\n\n\n<div class=\"wp-block-columns is-layout-flex wp-container-core-columns-is-layout-3 wp-block-columns-is-layout-flex\">\n<div class=\"wp-block-column is-layout-flow wp-block-column-is-layout-flow\" style=\"flex-basis:33.33%\">\n<figure class=\"wp-block-image size-full\"><img loading=\"lazy\" decoding=\"async\" width=\"384\" height=\"270\" src=\"http:\/\/wisenergy.com.br\/wp-content\/uploads\/2021\/08\/Professor_Manoel_Leopoldino_RochadeFarias-1.jpg\" alt=\"\" class=\"wp-image-224\" srcset=\"https:\/\/wisenergy.com.br\/wp-content\/uploads\/2021\/08\/Professor_Manoel_Leopoldino_RochadeFarias-1.jpg 384w, https:\/\/wisenergy.com.br\/wp-content\/uploads\/2021\/08\/Professor_Manoel_Leopoldino_RochadeFarias-1-300x211.jpg 300w\" sizes=\"(max-width: 384px) 100vw, 384px\" \/><figcaption> Manoel Leopoldino Rocha de Farias, Dr.<\/figcaption><\/figure>\n<\/div>\n\n\n\n<div class=\"wp-block-column is-layout-flow wp-block-column-is-layout-flow\" style=\"flex-basis:66.66%\">\n<p>Manoel Leopoldino is a Civil Engineer graduated from Uversidade Federal de Juiz de Fora (UFJF-1989). He studied Economics Engineering at Faculdade Machado Sobrinho and at Funda\u00e7\u00e3o Get\u00falio Vargas( FGV-1991). He holds a Master's degree in Civil Engineering, in the area of Structures, from Universidade Federal Fluminense (UFF -1995); He studied Petroleum Engineering at Petrobras University (2003) and holds a PhD in Mechanical Engineering \u2013 Oil and Energy from Pontifical Catholic University of Rio de Janeiro (PUC-Rio-2013), including a one-year technical internship at the Department of Chemical and Biomolecular Engineering at Rice University, in Houston ( 2010-11).<\/p>\n\n\n\n<p>He worked as a Reservoir Engineer, focusing on offshore deepwater fields, for 17 years at Petrobras, Shell, Pr\u00e9Sal Petr\u00f3leo (PPSA) and PetroRio. He is currently at Eneva dedicated to the redevelopment of mature onshore fields. He has outstanding performance in the areas of management and simulation of reservoirs and reserves; in technological cooperation projects with companies and universities and in the coordination of multidisciplinary work groups.<\/p>\n\n\n\n<p>He is also a professor of Reservoir Engineering and Reservoir Simulation at Universidade Veiga de Almeida, since 2014.<\/p>\n<\/div>\n<\/div>","protected":false},"excerpt":{"rendered":"<p>\u00c1rea do Conhecimento: Engenharia de Reservat\u00f3rios Professor: Manoel Leopoldino Rocha de Farias, Dr. N\u00edvel: Introdut\u00f3rio\/Intermedi\u00e1rio Requisito B\u00e1sico: N\u00e3o requerido Dura\u00e7\u00e3o: 4 horas Valor do Investimento: R$ 780,00 Promo\u00e7\u00e3o de lan\u00e7amento: R$ 580,00 OBJETIVO Transmitir conhecimentos sobre o processo de previs\u00e3o de produ\u00e7\u00e3o,&#8230;<\/p>","protected":false},"author":16,"featured_media":645,"parent":0,"menu_order":0,"comment_status":"closed","ping_status":"closed","template":"","meta":{"om_disable_all_campaigns":false,"_monsterinsights_skip_tracking":false,"_monsterinsights_sitenote_active":false,"_monsterinsights_sitenote_note":"","_monsterinsights_sitenote_category":0,"footnotes":"","_links_to":"","_links_to_target":""},"aioseo_notices":[],"_links":{"self":[{"href":"https:\/\/wisenergy.com.br\/en\/wp-json\/wp\/v2\/pages\/332"}],"collection":[{"href":"https:\/\/wisenergy.com.br\/en\/wp-json\/wp\/v2\/pages"}],"about":[{"href":"https:\/\/wisenergy.com.br\/en\/wp-json\/wp\/v2\/types\/page"}],"author":[{"embeddable":true,"href":"https:\/\/wisenergy.com.br\/en\/wp-json\/wp\/v2\/users\/16"}],"replies":[{"embeddable":true,"href":"https:\/\/wisenergy.com.br\/en\/wp-json\/wp\/v2\/comments?post=332"}],"version-history":[{"count":11,"href":"https:\/\/wisenergy.com.br\/en\/wp-json\/wp\/v2\/pages\/332\/revisions"}],"predecessor-version":[{"id":1089,"href":"https:\/\/wisenergy.com.br\/en\/wp-json\/wp\/v2\/pages\/332\/revisions\/1089"}],"wp:featuredmedia":[{"embeddable":true,"href":"https:\/\/wisenergy.com.br\/en\/wp-json\/wp\/v2\/media\/645"}],"wp:attachment":[{"href":"https:\/\/wisenergy.com.br\/en\/wp-json\/wp\/v2\/media?parent=332"}],"curies":[{"name":"wp","href":"https:\/\/api.w.org\/{rel}","templated":true}]}}