{"id":253,"date":"2021-08-04T22:14:25","date_gmt":"2021-08-05T01:14:25","guid":{"rendered":"http:\/\/wisenergy.com.br\/?page_id=253"},"modified":"2021-10-07T22:21:32","modified_gmt":"2021-10-08T01:21:32","slug":"sonia-maria-cabral-de-menezes","status":"publish","type":"page","link":"https:\/\/wisenergy.com.br\/en\/sonia-maria-cabral-de-menezes\/","title":{"rendered":"Sonia Maria C. de Menezes"},"content":{"rendered":"<p>Sonia Maria Cabral de Menezes was for almost 46 years Senior Consultant in Analytical Chemistry with a specialty in Nuclear Magnetic Resonance applied to the Oil and Gas Industry of the Chemical Management of the Research and Development Center (CENPES) of PETROBRAS (1975 to February 2021) . As Chemistry is a matrix discipline, he worked on hundreds of research projects, of which he coordinated 17, always working on solutions in Chemistry for the Oil Industry, from Exploration to the qualification of products and bioproducts through Drilling, Production, Transport , Refining, Materials etc.<\/p>\n\n\n\n<p>Sonia graduated in Chemical Engineering from the School of Chemistry at Universidade Federal do Rio de Janeiro (UFRJ) in 1974 and obtained her Master's and Doctorate in Organic Chemistry from the Institute of Chemistry at UFRJ in 1978 and 2003 respectively. He specialized in Nuclear Magnetic Resonance (NMR) at the City of London Polythecnic, London, UK, from 1978 to 1979<\/p>\n\n\n\n<p>He was one of the twelve founding members of the Nuclear Magnetic Resonance Users Association (AUREMN) in 1988, after having installed the first new generation NMR equipment in the country in 1987 at CENPES. At \n AUREMN he was President for twelve years and is active in the Association to this day.<\/p>\n\n\n\n<p>He was the Brazilian representative on the Commission: \u201cMolecular Structure and Spectroscopy\u201d of the International Union of Pure and Applied Chemistry (IUPAC) from 1991-2006.<\/p>","protected":false},"excerpt":{"rendered":"<p>Sonia Maria Cabral de Menezes foi durante quase 46 anos Consultora S\u00eanior em Qu\u00edmica Anal\u00edtica com especialidade em Resson\u00e2ncia Magn\u00e9tica Nuclear aplicada \u00e0 Industria de \u00d3leo e G\u00e1s da Ger\u00eancia de Qu\u00edmica do Centro de Pesquisas e Desenvolvimento (CENPES) da PETROBRAS (1975&#8230;<\/p>","protected":false},"author":16,"featured_media":254,"parent":0,"menu_order":0,"comment_status":"closed","ping_status":"closed","template":"","meta":{"om_disable_all_campaigns":false,"_monsterinsights_skip_tracking":false,"_monsterinsights_sitenote_active":false,"_monsterinsights_sitenote_note":"","_monsterinsights_sitenote_category":0,"footnotes":"","_links_to":"","_links_to_target":""},"aioseo_notices":[],"_links":{"self":[{"href":"https:\/\/wisenergy.com.br\/en\/wp-json\/wp\/v2\/pages\/253"}],"collection":[{"href":"https:\/\/wisenergy.com.br\/en\/wp-json\/wp\/v2\/pages"}],"about":[{"href":"https:\/\/wisenergy.com.br\/en\/wp-json\/wp\/v2\/types\/page"}],"author":[{"embeddable":true,"href":"https:\/\/wisenergy.com.br\/en\/wp-json\/wp\/v2\/users\/16"}],"replies":[{"embeddable":true,"href":"https:\/\/wisenergy.com.br\/en\/wp-json\/wp\/v2\/comments?post=253"}],"version-history":[{"count":3,"href":"https:\/\/wisenergy.com.br\/en\/wp-json\/wp\/v2\/pages\/253\/revisions"}],"predecessor-version":[{"id":649,"href":"https:\/\/wisenergy.com.br\/en\/wp-json\/wp\/v2\/pages\/253\/revisions\/649"}],"wp:featuredmedia":[{"embeddable":true,"href":"https:\/\/wisenergy.com.br\/en\/wp-json\/wp\/v2\/media\/254"}],"wp:attachment":[{"href":"https:\/\/wisenergy.com.br\/en\/wp-json\/wp\/v2\/media?parent=253"}],"curies":[{"name":"wp","href":"https:\/\/api.w.org\/{rel}","templated":true}]}}