{"id":244,"date":"2021-08-04T22:05:24","date_gmt":"2021-08-05T01:05:24","guid":{"rendered":"http:\/\/wisenergy.com.br\/?page_id=244"},"modified":"2021-08-05T10:09:26","modified_gmt":"2021-08-05T13:09:26","slug":"juarez-barbosa-perisse","status":"publish","type":"page","link":"https:\/\/wisenergy.com.br\/en\/juarez-barbosa-perisse\/","title":{"rendered":"Juarez Barbosa Perisse"},"content":{"rendered":"<p><strong>Juarez Barbosa Periss\u00e9 is a chemical engineer, graduated from the Universidade Federal do Rio de Janeiro (UFRJ), with a master's degree in Chemical Engineering from the Universidade Estadual do Rio de Janeiro (UERJ) and a MBA in Business Management from the Instituto Brasileiro de Mercado de Capitais (IBMEC). He joined Petrobras in 1985, working at the Duque de Caxias Refinery for 16 years, performing technical and managerial functions.<\/strong><\/p>\n\n\n\n<p><strong>As of 2002, he performed the role of Senior Consultant in the Planning area of the Refining Park, being responsible for the construction and approval of the Gasoline Quality Portfolio, comprising 11 cracked naphtha hydrodesulfurization units, 6 coke naphtha hydrotreating units, and 4 of Catalytic Reform, as well as in the construction and approval of the Diesel Oil Quality Portfolio, comprising 10 hydrotreatment units with different severities according to the refining scheme.<\/strong><\/p>\n\n\n\n<p><strong>He also worked on the preparation of the Refining Master Plans for the Brazilian Refining Park's Operating Units, comprising new conversion units, increased distillation capacity, in addition to treatment units.<\/strong><\/p>\n\n\n\n<p><strong>Currently, he is working as a consultan on the Downstream area.<\/strong><\/p>","protected":false},"excerpt":{"rendered":"<p>Juarez Barbosa Periss\u00e9 \u00e9 engenheiro qu\u00edmico, formado na UFRJ, com mestrado em Engenharia Qu\u00edmica pela UERJ e MBA em Gest\u00e3o Empresarial pelo IBMEC. Ingressou na Petrobras em 1985, trabalhando na Refinaria Duque de Caxias por 16 anos, desempenhando fun\u00e7\u00f5es t\u00e9cnicas e gerenciais&#8230;.<\/p>","protected":false},"author":16,"featured_media":245,"parent":0,"menu_order":0,"comment_status":"closed","ping_status":"closed","template":"","meta":{"om_disable_all_campaigns":false,"_monsterinsights_skip_tracking":false,"_monsterinsights_sitenote_active":false,"_monsterinsights_sitenote_note":"","_monsterinsights_sitenote_category":0,"footnotes":"","_links_to":"","_links_to_target":""},"aioseo_notices":[],"_links":{"self":[{"href":"https:\/\/wisenergy.com.br\/en\/wp-json\/wp\/v2\/pages\/244"}],"collection":[{"href":"https:\/\/wisenergy.com.br\/en\/wp-json\/wp\/v2\/pages"}],"about":[{"href":"https:\/\/wisenergy.com.br\/en\/wp-json\/wp\/v2\/types\/page"}],"author":[{"embeddable":true,"href":"https:\/\/wisenergy.com.br\/en\/wp-json\/wp\/v2\/users\/16"}],"replies":[{"embeddable":true,"href":"https:\/\/wisenergy.com.br\/en\/wp-json\/wp\/v2\/comments?post=244"}],"version-history":[{"count":2,"href":"https:\/\/wisenergy.com.br\/en\/wp-json\/wp\/v2\/pages\/244\/revisions"}],"predecessor-version":[{"id":283,"href":"https:\/\/wisenergy.com.br\/en\/wp-json\/wp\/v2\/pages\/244\/revisions\/283"}],"wp:featuredmedia":[{"embeddable":true,"href":"https:\/\/wisenergy.com.br\/en\/wp-json\/wp\/v2\/media\/245"}],"wp:attachment":[{"href":"https:\/\/wisenergy.com.br\/en\/wp-json\/wp\/v2\/media?parent=244"}],"curies":[{"name":"wp","href":"https:\/\/api.w.org\/{rel}","templated":true}]}}