{"id":240,"date":"2021-08-04T22:00:33","date_gmt":"2021-08-05T01:00:33","guid":{"rendered":"http:\/\/wisenergy.com.br\/?page_id=240"},"modified":"2021-08-05T10:05:09","modified_gmt":"2021-08-05T13:05:09","slug":"marcio-herve","status":"publish","type":"page","link":"https:\/\/wisenergy.com.br\/en\/marcio-herve\/","title":{"rendered":"M\u00e1rcio Herv\u00e9"},"content":{"rendered":"<p><strong>M\u00e1rcio is an Electrical Engineer from Universidade Federal do Rio Grande do Sul (UFRGS \u2013 1975) and Master in Environmental Management Universidade Federal do Rio de Janeiro (UFRJ \u2013 2020).<\/strong><\/p>\n\n\n\n<p><strong>He worked at Petrobras from 1976 to 2014, the last 20 years as coordinator of Basic Engineering projects.<\/strong><\/p>\n\n\n\n<p><strong>Since 2003, he has been an instructor in MBA courses in the area of project management at several institutions, such as; UFRJ, Funda\u00e7\u00e3o Get\u00falio Vargas (FGV), Universidade Veiga de Ameida (UVA), in addition to giving workshops to companies such as Engevix and Dinsmore-Compass, among others. He was one of eight Nominees for the \u201cBest Professor in the Project Management Area\u201d by PMI-Rio, in 2019.<\/strong><\/p>\n\n\n\n<p><strong>As a speaker, he presented papers at several seminars, being a keynote speaker at the National Meeting of Project Management at FIRJAN (RJ) in 2007. He also periodically publishes articles on his Linkedin page.<\/strong><strong>Author of the book \u201cSurfando a Terceira Onda em Gest\u00e3o de Projetos\u201d (Editora Brasport \u2013 2017), and co-author of several others, including the title \u201cHow to become a Professional in Project Management\u201d, the famous \u201cbook brown\u201d, launched in 2003 by Qualitymark and considered a kind of \u201cground zero\u201d in the literature on project management in Brazil. In this team, he was alongside names such as Paul Dinsmore and Ricardo Vargas, world references in the area.<\/strong><\/p>","protected":false},"excerpt":{"rendered":"<p>M\u00e1rcio \u00e9 Engenheiro eletricista (UFRGS \u2013 1975) e Mestre em Gest\u00e3o Ambiental (UFRJ \u2013 2020). Trabalhou na Petrobras de 1976 at\u00e9 2014, sendo os \u00faltimos 20 anos na fun\u00e7\u00e3o de coordenador de projetos de Engenharia B\u00e1sica. Desde 2003 exerce a fun\u00e7\u00e3o de&#8230;<\/p>","protected":false},"author":16,"featured_media":241,"parent":0,"menu_order":0,"comment_status":"closed","ping_status":"closed","template":"","meta":{"om_disable_all_campaigns":false,"_monsterinsights_skip_tracking":false,"_monsterinsights_sitenote_active":false,"_monsterinsights_sitenote_note":"","_monsterinsights_sitenote_category":0,"footnotes":"","_links_to":"","_links_to_target":""},"aioseo_notices":[],"_links":{"self":[{"href":"https:\/\/wisenergy.com.br\/en\/wp-json\/wp\/v2\/pages\/240"}],"collection":[{"href":"https:\/\/wisenergy.com.br\/en\/wp-json\/wp\/v2\/pages"}],"about":[{"href":"https:\/\/wisenergy.com.br\/en\/wp-json\/wp\/v2\/types\/page"}],"author":[{"embeddable":true,"href":"https:\/\/wisenergy.com.br\/en\/wp-json\/wp\/v2\/users\/16"}],"replies":[{"embeddable":true,"href":"https:\/\/wisenergy.com.br\/en\/wp-json\/wp\/v2\/comments?post=240"}],"version-history":[{"count":2,"href":"https:\/\/wisenergy.com.br\/en\/wp-json\/wp\/v2\/pages\/240\/revisions"}],"predecessor-version":[{"id":281,"href":"https:\/\/wisenergy.com.br\/en\/wp-json\/wp\/v2\/pages\/240\/revisions\/281"}],"wp:featuredmedia":[{"embeddable":true,"href":"https:\/\/wisenergy.com.br\/en\/wp-json\/wp\/v2\/media\/241"}],"wp:attachment":[{"href":"https:\/\/wisenergy.com.br\/en\/wp-json\/wp\/v2\/media?parent=240"}],"curies":[{"name":"wp","href":"https:\/\/api.w.org\/{rel}","templated":true}]}}